{"id":95,"date":"2025-01-08T13:58:56","date_gmt":"2025-01-08T12:58:56","guid":{"rendered":"https:\/\/tiflonova.hr\/wp\/?page_id=95"},"modified":"2025-01-08T13:58:56","modified_gmt":"2025-01-08T12:58:56","slug":"politika-kolacica-cookies","status":"publish","type":"page","link":"https:\/\/tiflonova.hr\/wp\/?page_id=95","title":{"rendered":"Politika kola\u010di\u0107a (cookies)"},"content":{"rendered":"<h1>Po\u0161tujemo va\u0161u privatnost<\/h1>\n<p>Na\u0161a web stranica koristi kola\u010di\u0107e koji su potrebni za pravilno funkcioniranje stranice. Druge kategorije kola\u010di\u0107a mogu se koristiti za personalizaciju va\u0161eg iskustva, isporuku personaliziranih komercijalnih ponuda ili izvo\u0111enje analitike za optimizaciju na\u0161e ponude. Va\u0161 pristanak mo\u017eete povu\u0107i u bilo kojem trenutku.<\/p>\n<h1>\u0160to su kola\u010di\u0107i?<\/h1>\n<p>Kola\u010di\u0107 je mala tekstna datoteka koja se pohranjuje na ra\u010dunalo ili mobilni ure\u0111aj pri posjetu odre\u0111enom web mjestu.<\/p>\n<p>Pomo\u0107u kola\u010di\u0107a web mjesto pamti va\u0161e radnje i postavke tijekom odre\u0111enog razdoblja. Svaki put kada korisnik otvori neku stranicu, web poslu\u017eitelj mo\u017ee pro\u010ditati vrijednosti koje je ranije spremio u kola\u010di\u0107ima.<\/p>\n<p>Postoje razne vrste kola\u010di\u0107a, a obi\u010dno se razvrstavaju po trajanju, domeni kojoj pripadaju i namjeni:<\/p>\n<ul>\n<li>Privremeni (sesijski) kola\u010di\u0107i bri\u0161u se nakon \u0161to korisnik zatvori svoj preglednik. Trajni kola\u010di\u0107i ostaju spremljeni na korisnikovom ure\u0111aju na odre\u0111eno vrijeme.<\/li>\n<li>Kola\u010di\u0107i po\u010detne stranice postavljeni su od strane poslu\u017eitelja domene koja je posje\u0107ena. Kola\u010di\u0107i tre\u0107e strane postavljeni su s domene razli\u010dite od one koju je korisnik posjetio.<\/li>\n<li>Prema namjeni kola\u010di\u0107i mogu biti nu\u017eni ako potpoma\u017eu osnovne tehni\u010dke zna\u010dajke web mjesta, funkcionalni za pobolj\u0161anje korisni\u010dkog iskustva, analiti\u010dki za analizu uporabe stranica i marketin\u0161ki za pra\u0107enje interesa pojedinog korisnika.<\/li>\n<\/ul>\n<h1>Kojim se kola\u010di\u0107ima koristimo i u koje svrhe?<\/h1>\n<p>Na na\u0161em web mjestu upotrebljavamo nu\u017ene kola\u010di\u0107e kako bismo omogu\u0107ili pojedine tehni\u010dke zna\u010dajke i tako Vam osigurali pozitivno korisni\u010dko iskustvo. Koristimo se i analiti\u010dkim kola\u010di\u0107ima koji nam omogu\u0107uju web analitiku, tj. analizu uporabe na\u0161ih stranica, koju izvodimo kako bismo pobolj\u0161ali kvalitetu i sadr\u017eaj ponu\u0111enih usluga.<\/p>\n<p>Ne koristimo se kola\u010di\u0107ima niti sli\u010dnim tehnologijama za pra\u0107enje Va\u0161ih interesa i slanje marketin\u0161kih materijala.<\/p>\n<h3>Popis kola\u010di\u0107a:<\/h3>\n<p><strong>&#8211; Webshop kola\u010di\u0107i (trajni kola\u010di\u0107i na\u0161e trgovine)<\/strong><\/p>\n<p>Ovi kola\u010di\u0107i omogu\u0107uju osnovne tehni\u010dke zna\u010dajke na\u0161ih stranica koje Vam osiguravaju pozitivno korisni\u010dko iskustvo.<\/p>\n<p>Radi se o zna\u010dajkama kao \u0161to su navigacija, popis nedavno pregledanih proizvoda, pam\u0107enje proizvoda dodanih u ko\u0161aricu, odabrane poslovnice i sli\u010dno. Ovisno o tome koje zna\u010dajke koristite, spremaju se na vrijeme od jednog dana do dvije godine.<\/p>\n<p><strong>&#8211; Google Analytics kola\u010di\u0107i (trajni kola\u010di\u0107i)<\/strong><\/p>\n<p>Kako bismo pobolj\u0161ali kvalitetu i sadr\u017eaj na\u0161ih stranica, koristimo Google Analytics software u oblaku za analizu posje\u0107enosti i uporabe na\u0161eg web mjesta.<\/p>\n<p>Iz podataka dobivenih pomo\u0107u analiti\u010dkih kola\u010di\u0107a kreiramo statisti\u010dke izvje\u0161taje o izvorima prometa (npr. kori\u0161tene tra\u017eilice, verzije preglednika, vrste ure\u0111aja, razlu\u010divosti zaslona isl.) te o posje\u0107enosti pojedinih stranica i interesu za proizvode (npr. ukupan broj pregleda stranice, prosje\u010dno vrijeme pregledavanja, broj dodavanja u ko\u0161aricu, broj kupnji isl.)<\/p>\n<p>Kola\u010di\u0107i su trajni (od jednog dana do dvije godine) i postavljeni s na\u0161e domene, prikupljaju podatke u anonimiziranom obliku i ne slu\u017ee za identifikaciju pojedinog korisnika, a Google ih ne koristi i ne povezuje s podacima o aktivnostima korisnika na drugim web mjestima.<\/p>\n<p><strong>&#8211; Statcounter: Web Analytics kola\u010di\u0107i (trajni kola\u010di\u0107i)<\/strong><\/p>\n<p>Iz podataka dobivenih pomo\u0107u analiti\u010dkih kola\u010di\u0107a kreiramo statisti\u010dke izvje\u0161taje o izvorima prometa (npr. kori\u0161tene tra\u017eilice, verzije preglednika, vrste ure\u0111aja, razlu\u010divosti zaslona isl.) te o posje\u0107enosti pojedinih stranica i interesu za proizvode (npr. ukupan broj pregleda stranice, prosje\u010dno vrijeme pregledavanja, broj dodavanja u ko\u0161aricu, broj kupnji isl.)<\/p>\n<p>Kola\u010di\u0107i su trajni (od jednog dana do dvije godine) i postavljeni s na\u0161e domene, prikupljaju podatke u anonimiziranom obliku i ne slu\u017ee za identifikaciju pojedinog korisnika, a Statcounter ih ne koristi i ne povezuje s podacima o aktivnostima korisnika na drugim web mjestima.<\/p>\n<h1>Kako mo\u017eete upravljati kola\u010di\u0107ima?<\/h1>\n<p>U Va\u0161im internet preglednicima mo\u017eete brisati kola\u010di\u0107e i upravljati op\u0107im postavkama spremanja kola\u010di\u0107a. Ovdje su poveznice na upute popularnih preglednika <a href=\"https:\/\/support.mozilla.org\/hr\/kb\/Kola%C4%8Di%C4%87i\">Firefox,<\/a> <a href=\"https:\/\/support.google.com\/chrome\/answer\/95647?hl=hr\">Chrome,<\/a> <a href=\"https:\/\/support.apple.com\/hr-hr\/HT201265\">Safari.<\/a><\/p>\n<p>Ako \u017eelite upravljati kola\u010di\u0107ima s na\u0161eg web mjesta, mo\u017eete isklju\u010diti analiti\u010dke kola\u010di\u0107e, a ako ne \u017eelite prihvatiti kola\u010di\u0107e tre\u0107ih strana koji se postavljaju na nekoliko na\u0161ih stranica, mo\u017eete koristiti alternativne mogu\u0107nosti.<\/p>\n<h1>Brisanje i upravljanje u postavkama preglednika<\/h1>\n<p>Ve\u0107ina web preglednika omogu\u0107ava potpunu zabranu kola\u010di\u0107a ili zabranu kola\u010di\u0107a tre\u0107ih strana. Ako u va\u0161em pregledniku zabranite sve kola\u010di\u0107e, mnoge stranice koje posjetite na internetu ne\u0107e adekvatno funkcionirati pa tako ni na\u0161e. Zabranom kola\u010di\u0107a tre\u0107ih strana pove\u0107avate za\u0161titu od pra\u0107enja na internetu, pritom je mogu\u0107e ograni\u010davanje dostupnosti i kvalitete vanjskih sadr\u017eaja, no na na\u0161em web mjestu ne\u0107e biti razlike.<\/p>\n<h1>Vanjske poveznice<\/h1>\n<p>Kori\u0161tenjem vanjskih poveznica na na\u0161im internet stranicama, npr. dru\u0161tvene mre\u017ee ili YouTube, bit \u0107ete preusmjereni na vanjske domene koje mogu koristiti kola\u010di\u0107e, na \u0161to nemamo utjecaja. Podatke prikupljene uz pomo\u0107 kola\u010di\u0107a i sli\u010dnih tehnologija na tim domenama ne dobivamo od njihovih vlasnika ili upravitelja.<\/p>\n<p>Za vi\u0161e informacija o kori\u0161tenim kola\u010di\u0107ima i mogu\u0107nostima upravljanja, molimo provjerite izjave i pravila o kola\u010di\u0107ima na posje\u0107enim domenama.<\/p>\n","protected":false},"excerpt":{"rendered":"<p>Po\u0161tujemo va\u0161u privatnost Na\u0161a web stranica koristi kola\u010di\u0107e koji su potrebni za pravilno funkcioniranje stranice. Druge kategorije kola\u010di\u0107a mogu se koristiti za personalizaciju va\u0161eg iskustva, isporuku personaliziranih komercijalnih ponuda ili izvo\u0111enje analitike za optimizaciju na\u0161e ponude. Va\u0161 pristanak mo\u017eete povu\u0107i &hellip; <a href=\"https:\/\/tiflonova.hr\/wp\/?page_id=95\">Nastavi \u010ditati <span class=\"meta-nav\">&rarr;<\/span><\/a><\/p>\n","protected":false},"author":1,"featured_media":0,"parent":60,"menu_order":0,"comment_status":"closed","ping_status":"closed","template":"","meta":{"footnotes":""},"class_list":["post-95","page","type-page","status-publish","hentry"],"_links":{"self":[{"href":"https:\/\/tiflonova.hr\/wp\/index.php?rest_route=\/wp\/v2\/pages\/95","targetHints":{"allow":["GET"]}}],"collection":[{"href":"https:\/\/tiflonova.hr\/wp\/index.php?rest_route=\/wp\/v2\/pages"}],"about":[{"href":"https:\/\/tiflonova.hr\/wp\/index.php?rest_route=\/wp\/v2\/types\/page"}],"author":[{"embeddable":true,"href":"https:\/\/tiflonova.hr\/wp\/index.php?rest_route=\/wp\/v2\/users\/1"}],"replies":[{"embeddable":true,"href":"https:\/\/tiflonova.hr\/wp\/index.php?rest_route=%2Fwp%2Fv2%2Fcomments&post=95"}],"version-history":[{"count":1,"href":"https:\/\/tiflonova.hr\/wp\/index.php?rest_route=\/wp\/v2\/pages\/95\/revisions"}],"predecessor-version":[{"id":96,"href":"https:\/\/tiflonova.hr\/wp\/index.php?rest_route=\/wp\/v2\/pages\/95\/revisions\/96"}],"up":[{"embeddable":true,"href":"https:\/\/tiflonova.hr\/wp\/index.php?rest_route=\/wp\/v2\/pages\/60"}],"wp:attachment":[{"href":"https:\/\/tiflonova.hr\/wp\/index.php?rest_route=%2Fwp%2Fv2%2Fmedia&parent=95"}],"curies":[{"name":"wp","href":"https:\/\/api.w.org\/{rel}","templated":true}]}}