{"id":873,"date":"2025-05-29T13:01:43","date_gmt":"2025-05-29T11:01:43","guid":{"rendered":"https:\/\/tiflonova.hr\/wp\/?page_id=873"},"modified":"2025-05-29T13:43:26","modified_gmt":"2025-05-29T11:43:26","slug":"freedom-scientific-fusion-programsko-povecalo-i-citac-zaslona","status":"publish","type":"page","link":"https:\/\/tiflonova.hr\/wp\/?page_id=873","title":{"rendered":"Freedom Scientific Fusion Professional programsko pove\u0107alo i \u010dita\u010d zaslona"},"content":{"rendered":"<h3>Narud\u017eba<\/h3>\n<p><strong>Freedom Scientific Fusion Professional SMA &#8211; trajna licenca<\/strong><\/p>\n<ul>\n<li>Cijena: 3.082,00 EUR *<\/li>\n<li>\u0160ifra za narud\u017ebu: 29111<\/li>\n<li><a href=\"https:\/\/tiflonova.hr\/wp\/?page_id=177#content\">Naru\u010dite sada&#8230;.<\/a><\/li>\n<\/ul>\n<p><strong>Freedom Scientific Fusion Professional, licenca pretplate na jednu godinu za jedno ra\u010dunalo<\/strong><\/p>\n<ul>\n<li>Cijena: 1.139,56 EUR *<\/li>\n<li>\u0160ifra za narud\u017ebu: 29112<\/li>\n<li><a href=\"https:\/\/tiflonova.hr\/wp\/?page_id=177#content\">Naru\u010dite sada&#8230;.<\/a><\/li>\n<\/ul>\n<p><strong>Freedom Scientific Fusion Professional, licenca pretplate na dvije godine za jedno ra\u010dunalo<\/strong><\/p>\n<ul>\n<li>Cijena: 1.086,22 EUR *<\/li>\n<li>\u0160ifra za narud\u017ebu: 29113<\/li>\n<li><a href=\"https:\/\/tiflonova.hr\/wp\/?page_id=177#content\">Naru\u010dite sada&#8230;.<\/a><\/li>\n<\/ul>\n<p><em>* Cijena je informativna, promjenjiva i ne predstavlja obvezuju\u0107u ponudu. Raspolo\u017eivost i cijenu potvr\u0111ujemo po primitku i obradi narud\u017ebe.<\/em><\/p>\n<p>Napomena: \u0160to su trajna licenca, Fusion Pro  SMA i pretplata, pro\u010ditajte u <a href=\"#lic\">Op\u0107e napomene o licenci<\/a><\/p>\n<hr \/>\n<p><img loading=\"lazy\" decoding=\"async\" class=\"alignnone size-medium wp-image-887\" src=\"https:\/\/tiflonova.hr\/wp\/wp-content\/uploads\/2025\/04\/Fusion-Software-300x300.jpg\" alt=\"Logotip Fusion Software\" width=\"300\" height=\"300\" srcset=\"https:\/\/tiflonova.hr\/wp\/wp-content\/uploads\/2025\/04\/Fusion-Software-300x300.jpg 300w, https:\/\/tiflonova.hr\/wp\/wp-content\/uploads\/2025\/04\/Fusion-Software-150x150.jpg 150w, https:\/\/tiflonova.hr\/wp\/wp-content\/uploads\/2025\/04\/Fusion-Software.jpg 480w\" sizes=\"auto, (max-width: 300px) 100vw, 300px\" \/><\/p>\n<p><strong>Fusion Professional<\/strong><br \/>\n<strong>Dizajniran za radna mjesta. Postizanje potpune samostalnosti.<\/strong><\/p>\n<p>Freedom Scientific Fusion Professional kombinira dva sna\u017ena alata pristupa\u010dnosti, \u010dita\u010d zaslona JAWS i programsko pove\u0107alo ZoomText, u jedno svestrano rje\u0161enje. Specijalno je dizajniran za slabovidne osobe ili slabovidne osobe s progresivnim gubitkom vida kojima je potrebna pristupa\u010dnost u dinami\u010dnom, profesionalnom okru\u017eenju.<\/p>\n<p>Uz robusnu podr\u0161ku za Citrix, udaljene radne povr\u0161ine (Remote Desktop) i virtualne strojeve, Fusion Professional specijalno je dizajniran za velike tvrtke te idealan za mala i srednja poduze\u0107a, obrte, nevladine i vladine agencije i obrazovne ustanove. Koriste\u0107i Fusion Professional korisnicima je osigurana pristupa\u010dnost pa se mogu kretati digitalnim sadr\u017eajima, pristupiti dokumentima, pouzdano se pridru\u017eiti video pozivima i ostati produktivni &#8211; bez obzira na ostatak vida.<\/p>\n<p>Klju\u010dne prednosti:<\/p>\n<ul>\n<li>Sve-u-jednom \u010dita\u010d zaslona plus programsko pove\u0107alo<\/li>\n<li>Podr\u0161ka za udaljeni pristup (Citrix, RDP, VDI)<\/li>\n<li>Kompatibilnost s IT infrastrukturom poduze\u0107a<\/li>\n<li>Uklju\u010dene sna\u017ene AI zna\u010dajke<\/li>\n<li>Pove\u0107ava produktivnost preko uredskih aplikacija, preglednika i jo\u0161 mnogo toga<\/li>\n<li>SMA (Ugovor o odr\u017eavanju softvera): uklju\u010den u trajnu licencu, a pru\u017ea neograni\u010denu podr\u0161ku, nova izdanja zna\u010dajki i sljede\u0107e dvije nove verzije Fusion Professional<\/li>\n<\/ul>\n<p>Fusion Professional osigurava svestranu pristupa\u010dnost &#8211; osna\u017euje pojedince, a poduze\u0107a, ustanove, agencije poti\u010de u stvaranju dostupnih i univerzalnih digitalnih radnih mjesta.<\/p>\n<p>Fusion Professional va\u017enije zna\u010dajke:<\/p>\n<ul>\n<li>Sna\u017ean OCR alat za nepristupa\u010dan sadr\u017eaj<br \/>\nUpotrijebite ugra\u0111eni OCR za raspoznavanje i \u010ditanje teksta iz nepristupa\u010dnih PDF dokumenata, skeniranih dokumenata ili slika &#8211; otklju\u010dajte sadr\u017eaj koji bi Vam ina\u010de bio izvan dohvata.<\/li>\n<li>Fleksibilno uve\u0107anje po cijelom zaslonu plus \u010ditanje naglas<br \/>\nKombinirajte sna\u017eno uve\u0107anje programskog pove\u0107ala ZoomText (do 60x) s \u010dita\u010dem zaslona JAWS za dobivanje cjelovitog rje\u0161enja pristupa\u010dnosti &#8211; univerzalno, prilagodljivo rje\u0161enje u bilo kojoj fazi ostatka vida.<\/li>\n<li>Kompatibilnost s velikim brojem braji\u010dnih zaslona<br \/>\nFusion Professional podr\u017eava \u0161irok raspon braji\u010dnih zaslona i korisniku osigurava mogu\u0107nost rada s modelom braji\u010dnog elektroni\u010dkog ure\u0111aja za \u010ditanje koji najbolje odgovara njegovim potrebama.<\/li>\n<li>Razumijevanje sadr\u017eaja slike pomo\u0107u transkripcije generirane umjetnom inteligencijom<br \/>\nPicture Smart AI pru\u017ea detaljnu transkripciju slike, omogu\u0107avaju\u0107i korisniku interpretaciju grafikona, slike proizvoda i dijagrame bez tu\u0111e pomo\u0107i.<\/li>\n<li>Obuka na zahtjev (FSCompanion)<br \/>\nPribavite smjernice i rje\u0161enje u stvarnom vremenu za Fusion, za aplikacije paketa Microsoft Office i ostalih aplikacija &#8211; samostalno prona\u0111ite rje\u0161enje bez oslanjanja na IT stru\u010dnjake i njihovu podr\u0161ku.<\/li>\n<li>Pristupa\u010dnost matematike (MathCAT)<br \/>\nPristupa\u010dnost i interakcija s matemati\u010dkim sadr\u017eajem sada je mogu\u0107a kori\u0161tenjem Nemeth i UEB standarda Brailleovog pisma &#8211; idealno za produktivan rad.<\/li>\n<li>Podijeljeni prikaz teksta na braji\u010dnom zaslonu<br \/>\nUsporedite dva braji\u010dna izlaza teksta jedan pored drugog za br\u017ee \u010ditanje i ure\u0111ivanje.<\/li>\n<li>Face in View za video razgovore<br \/>\nDobijte povratne informacije u stvarnom vremenu koji je dio Va\u0161eg lica u fokusu kamere kako biste se mogli profesionalno predstaviti na internetskim sastancima &#8211; vi\u0161e Vam nije potrebna pomo\u0107 osobe koja vidi.<\/li>\n<li>Pregledavanje teksta u\u017eivo za \u010ditanje uz visoki kontrast<br \/>\nPobolj\u0161ajte \u010ditljivost s ultra-jasnim, visoko-kontrastnim tekstom kojemu je sa\u010duvan izvorni izgled &#8211; smanjuju\u0107i naprezanje o\u010diju u dugim razdobljima gledanja u zaslon.<\/li>\n<li>Optimizirano za ARM ure\u0111aje<br \/>\nU\u017eivajte u glatkim performansama na ARM zasnovanim prijenosnim ra\u010dunalima i tabletima &#8211; savr\u0161eni ure\u0111aji za rad od ku\u0107e ili u pokretu.<\/li>\n<li>Puna podr\u0161ka za Microsoft Office i Google Workspace<br \/>\nNavigirajte i komunicirajte s klju\u010dnim digitalnim alatima za produktivnost kao \u0161to su Word, Excel, Gmail, Docs i Sheets &#8211; sada ih koristite bez prepreka.<\/li>\n<li>xFont za Office 365<br \/>\nDo\u017eivite osvje\u017eenje, \u010ditanje teksta bez zamora o\u010diju u aplikacijama Word, Excel i Outlook na bilo kojoj razini zumiranja.<\/li>\n<\/ul>\n<p>Pojedinosti o Fusion Professional:<\/p>\n<ul>\n<li>Namijenjeno: Upotreba u komercijalnim, profesionalnim, nevladinim i vladinim djelatnostima<\/li>\n<li>Licenca: Uklju\u010dena podr\u0161ka za mre\u017eno okru\u017eenje i IT implementaciju poduze\u0107a<\/li>\n<li>Na\u010din licence: Trajna licenca, pretplata, vi\u0161estruka licenca, Enterprise licenca<\/li>\n<li>Upotreba: Idealno za zaposlenike, profesionalce, nevladine, vladine i obrazovne ustanove kojima je potreban pouzdan i pristupa\u010dan alat za rad u digitalnom radnom okru\u017eenju<\/li>\n<li>Podr\u0161ka za poslovno okru\u017eenje: Potpuna podr\u0161ka za poslovna okru\u017eenja kao \u0161to su Citrix, udaljena radna povr\u0161ina ili virtualni strojevi<\/li>\n<li>Obuka i podr\u0161ka: Dostupni besplatni webinari i bogata dokumentacija<\/li>\n<li>Trajna licenca: Fusion Professional ostaje trajno aktiviran<\/li>\n<li>SMA (Ugovor o odr\u017eavanju softvera): uklju\u010deno u kupnju trajne licence &#8211; pru\u017ea neograni\u010denu tehni\u010dku podr\u0161ku, pristup novim zna\u010dajkama i sljede\u0107e dvije verzije Fusion Professional, osiguravaju\u0107i dugoro\u010dnu kompatibilnost i najbolje performanse<\/li>\n<li>Pretplata: licenca pretplate na jednu, dvije ili tri godine<\/li>\n<\/ul>\n<p><strong>Video prezentacija (Youtube, vanjska poveznica)<\/strong><br \/>\n<iframe loading=\"lazy\" title=\"YouTube video player\" src=\"https:\/\/www.youtube.com\/embed\/kek_tX1tDBA?si=u_fRhQhaVxlTsUzR\" width=\"560\" height=\"315\" frameborder=\"0\" allowfullscreen=\"allowfullscreen\"><\/iframe><\/p>\n<hr \/>\n<h1>Zna\u010dajke<\/h1>\n<p><strong>Fleksibilno uve\u0107anje<\/strong><br \/>\nPuni raspon razina uve\u0107anja do 60x u sustavu Windows 11.<\/p>\n<p><strong>xUve\u0107anje fonta<\/strong><br \/>\nxFont tehnologija prikazuje tekst visoke razlu\u010divosti koji je lako \u010ditljiv na svim razinama pove\u0107anja. Postavke za glatko, podebljano i sa\u017eeto omogu\u0107avaju fino pode\u0161avanje debljine i razmaka teksta za dodatnu \u010ditljivost. Kod drugih pove\u0107ala zaslona, jasno\u0107a teksta smanjena je u uve\u0107anom prikazu. Kao rezultat toga, mnoge fontove (tekstualne znakove) te\u0161ko je \u010ditati, uklju\u010duju\u0107i male fontove, serifne i kurzivne fontove te ukrasne fontove. S revolucionarnom ZoomText &#8216;xFont&#8217; tehnologijom, vidjet \u0107ete nevjerojatno jasan tekst na svim razinama pove\u0107anja. Sve vrste i veli\u010dine teksta prikazuju se s visokom razlu\u010divo\u0161\u0107u u svim aplikacijama. Nakon \u0161to isprobate xFont, nijedno drugo pove\u0107alo zaslona vi\u0161e ne\u0107e biti dovoljno dobro.<\/p>\n<p><strong>Automatsko \u010ditanje dokumenata<\/strong><br \/>\nFusion Pro\/ZoomTextov AppReader automatski \u010dita dokumente, web stranice i e-po\u0161tu unutar mati\u010dne aplikacije. ZoomTextov DocReader \u010dita dokumente u posebnom okru\u017eenju gdje se tekst preoblikuje radi lak\u0161eg pregledavanja. ZoomText nudi niz alata za brzo i jednostavno \u010ditanje dokumenata, web stranica i e-po\u0161te. Svaki od ovih alata ima jedinstvena svojstva koja se automatski prilago\u0111avaju odre\u0111enim zadacima \u010ditanja.<\/p>\n<p><strong>Zna\u010dajka AppReader<\/strong><br \/>\nAppReader \u010dita dokumente, web stranice i e-po\u0161tu unutar mati\u010dne aplikacije. Kada u\u0111ete i iza\u0111ete iz AppReadera, prikaz dokumenta ne mijenja se, \u0161to omogu\u0107ava brz i besprijekoran prijelaz izme\u0111u moda ure\u0111ivanja i \u010ditanja dokumenta. AppReader mo\u017ee automatski pro\u010ditati cijeli dokument ili mo\u017eete ru\u010dno \u010ditati rije\u010d po rije\u010d, redak, re\u010denicu ili odlomak. Dok se \u010dita, svaka se izgovorena rije\u010d ozna\u010dava. Postavke AppReadera omogu\u0107avaju prilagodbu izgleda ozna\u010davanja rije\u010di, uklju\u010duju\u0107i oblik ozna\u010davanja, veli\u010dinu, boju i razinu prozirnosti.<\/p>\n<p><strong>Zna\u010dajke ZoomText pove\u0107ala<\/strong><br \/>\nFusion Professional sadr\u017ei sve zna\u010dajke programskog pove\u0107ala ZoomText.<\/p>\n<p><strong>Zna\u010dajke JAWS \u010dita\u010da zaslona<\/strong><br \/>\nFusion Professional sadr\u017ei sve zna\u010dajke \u010dita\u010da zaslona JAWS for Windows.<\/p>\n<hr\/>\n<h1 id=\"lic\">Op\u0107e napomene o licenci<\/h1>\n<p><strong>Pretplata<\/strong> &#8211; licenca pretplate na jednu, dvije ili tri godine aktivira puno funkcionalnost Freedom Scientific Fusion Professional za period trajanja pretplate.<\/p>\n<p><strong>Trajna licenca<\/strong> &#8211; aktualna verzija Freedom Scientific Fusion Professional trajno je aktiviran sve dok se mo\u017ee pokrenuti i koristiti na ra\u010dunalu.<\/p>\n<p><strong>SMA (Software Maintenance Agreement\/Ugovor o odr\u017eavanju softvera)<\/strong> &#8211; kupnjom SMA ostvaruje se pravo na nadogradnje i sva a\u017euriranja unutar glavne verzije Fusion Professional ili za sljede\u0107u verziju od najnovije.<\/p>\n<p>Kupnjom <strong>nove trajne licence<\/strong> ostvaruje se pravo na SMA+2 (npr. kupi li se nova trajna licenca za Freedom Scientific Fusion Professional V.2025, onda se ostvaruje pravo na sva a\u017euriranja i nadogradnje za Freedom Scientific Fusion Professional V.2025, V.2026 i V.2027).<\/p>\n<p>Kupnjom samo <strong>Fusion Professional SMA<\/strong> ostvaruje se pravo na nadogradnju i sva a\u017euriranja Freedom Scientific Fusion Professional za teku\u0107u godinu ili sljede\u0107u.<\/p>\n<p><strong>Fusion Professional nadogradnja<\/strong> podrazumijeva nadogradnju Freedom Scientific Fusion Professional licencirane verzije na najnoviju verziju. Samo najnovija licencirana verzija omogu\u0107ava kupnju SMA.<\/p>\n<h1>Dodatne opcije<\/h1>\n<p>Za Freedom Scientific Fusion Professional trajnu licencu, pretplatu, nadogradnu, SMA, vi\u0161estruku licencu ili enterprise licencu, <a href=\"https:\/\/tiflonova.hr\/wp\/?page_id=59#content\">kontaktirajte nas.<\/a><\/p>\n<p>Podr\u0161ku i odr\u017eavanje osigurava Tiflonova d.o.o.<\/p>\n<p>Proizvo\u0111a\u010d: Freedom Scientific<br \/>\nZemlja podrijetla: SAD<\/p>\n<hr \/>\n<h3>Navigacija<\/h3>\n<ul>\n<li><a href=\"https:\/\/tiflonova.hr\/wp\/?page_id=380\">Povratak na <strong>Programska oprema<\/strong><\/a><\/li>\n<\/ul>\n","protected":false},"excerpt":{"rendered":"<p>Narud\u017eba Freedom Scientific Fusion Professional SMA &#8211; trajna licenca Cijena: 3.082,00 EUR * \u0160ifra za narud\u017ebu: 29111 Naru\u010dite sada&#8230;. Freedom Scientific Fusion Professional, licenca pretplate na jednu godinu za jedno ra\u010dunalo Cijena: 1.139,56 EUR * \u0160ifra za narud\u017ebu: 29112 Naru\u010dite &hellip; <a href=\"https:\/\/tiflonova.hr\/wp\/?page_id=873\">Nastavi \u010ditati <span class=\"meta-nav\">&rarr;<\/span><\/a><\/p>\n","protected":false},"author":1,"featured_media":0,"parent":380,"menu_order":0,"comment_status":"closed","ping_status":"closed","template":"","meta":{"footnotes":""},"class_list":["post-873","page","type-page","status-publish","hentry"],"_links":{"self":[{"href":"https:\/\/tiflonova.hr\/wp\/index.php?rest_route=\/wp\/v2\/pages\/873","targetHints":{"allow":["GET"]}}],"collection":[{"href":"https:\/\/tiflonova.hr\/wp\/index.php?rest_route=\/wp\/v2\/pages"}],"about":[{"href":"https:\/\/tiflonova.hr\/wp\/index.php?rest_route=\/wp\/v2\/types\/page"}],"author":[{"embeddable":true,"href":"https:\/\/tiflonova.hr\/wp\/index.php?rest_route=\/wp\/v2\/users\/1"}],"replies":[{"embeddable":true,"href":"https:\/\/tiflonova.hr\/wp\/index.php?rest_route=%2Fwp%2Fv2%2Fcomments&post=873"}],"version-history":[{"count":7,"href":"https:\/\/tiflonova.hr\/wp\/index.php?rest_route=\/wp\/v2\/pages\/873\/revisions"}],"predecessor-version":[{"id":999,"href":"https:\/\/tiflonova.hr\/wp\/index.php?rest_route=\/wp\/v2\/pages\/873\/revisions\/999"}],"up":[{"embeddable":true,"href":"https:\/\/tiflonova.hr\/wp\/index.php?rest_route=\/wp\/v2\/pages\/380"}],"wp:attachment":[{"href":"https:\/\/tiflonova.hr\/wp\/index.php?rest_route=%2Fwp%2Fv2%2Fmedia&parent=873"}],"curies":[{"name":"wp","href":"https:\/\/api.w.org\/{rel}","templated":true}]}}