{"id":819,"date":"2025-04-24T23:43:58","date_gmt":"2025-04-24T21:43:58","guid":{"rendered":"https:\/\/tiflonova.hr\/wp\/?page_id=819"},"modified":"2025-04-25T09:53:57","modified_gmt":"2025-04-25T07:53:57","slug":"onyx-ocr-24-prijenosno-elektronicko-povecalo","status":"publish","type":"page","link":"https:\/\/tiflonova.hr\/wp\/?page_id=819","title":{"rendered":"ONYX\u00ae OCR 24 prijenosno elektroni\u010dko pove\u0107alo"},"content":{"rendered":"<h3>Narud\u017eba<\/h3>\n<ul>\n<li>Cijena: 4.520,95 EUR *<\/li>\n<li>\u0160ifra za narud\u017ebu: 31040<\/li>\n<li><a href=\"https:\/\/tiflonova.hr\/wp\/?page_id=177#content\">Naru\u010dite sada&#8230;.<\/a><\/li>\n<\/ul>\n<p><em>* Cijena je informativna, promjenjiva i ne predstavlja obvezuju\u0107u ponudu. Raspolo\u017eivost i cijenu potvr\u0111ujemo po primitku i obradi narud\u017ebe.<\/em><\/p>\n<hr \/>\n<p><img loading=\"lazy\" decoding=\"async\" class=\"alignnone size-medium wp-image-858\" src=\"https:\/\/tiflonova.hr\/wp\/wp-content\/uploads\/2025\/04\/ONYX-OCR-300x300.webp\" alt=\"ONYX OCR\" width=\"300\" height=\"300\" srcset=\"https:\/\/tiflonova.hr\/wp\/wp-content\/uploads\/2025\/04\/ONYX-OCR-300x300.webp 300w, https:\/\/tiflonova.hr\/wp\/wp-content\/uploads\/2025\/04\/ONYX-OCR-150x150.webp 150w, https:\/\/tiflonova.hr\/wp\/wp-content\/uploads\/2025\/04\/ONYX-OCR.webp 713w\" sizes=\"auto, (max-width: 300px) 100vw, 300px\" \/><\/p>\n<p>Prijenosno elektroni\u010dko pove\u0107alo ONYX OCR pove\u0107ava i \u010dita naglas svaku ispisanu stranicu. Ugodan, prirodni glas (hrvatski jezik), veliko pove\u0107anje i visoki kontrast \u010ditanje \u010dine mnogo lak\u0161im. Promijenite fokus s vlastitog \u010ditanja uve\u0107anih tekstova na \u010ditanje naglas ONYX OCR-u kada \u010ditanje postane previ\u0161e naporno za o\u010di. Postavite stranicu knjige ispod fiksne OCR kamere s lijeve strane i aktivirajte govornu funkciju. U svakom trenutku mo\u017eete prekinuti govor i ponovno se vratiti na vlastito \u010ditanje.<\/p>\n<p>Rje\u0161enje \u010detiri u jednom integrira dvije zasebne kamere: jednu za pretvaranje izlaza teksta u govor i jednu za pove\u0107avanje ispisane stranice i promatranje okolnog prostora. Imate svu slobodu i fleksibilnost jer mo\u017eete gledati ono \u0161to \u017eelite, bilo da je to na drugoj strani sobe ili za va\u0161im stolom!<\/p>\n<p>ONYX OCR je elektroni\u010dko pove\u0107alo za korisnike koji \u017eele kombinirati pove\u0107anje i govor. Samostalni dizajn integrira dvije kamere i 24-in\u010dni zaslon osjetljiv na dodir. Omogu\u0107ava prikaz teksta s cijele stranice na zaslon i pove\u0107anje sadr\u017eaja do 131 puta.<\/p>\n<p>ONYX OCR kombinira prednosti nekoliko elektroni\u010dkih pove\u0107ala u jednom dizajnu. S ovim rje\u0161enjem \u010detiri u jednom mo\u017eete pove\u0107ati tekst knjige na svom radnom stolu, pisati, crtati, baviti se hobijima, gledati fotografije iz daljine, gledati sebe, pa \u010dak i slu\u0161ati knjige dok se \u010ditaju naglas! Lako je prebaciti se izme\u0111u \u010ditanja uve\u0107anog teksta i slu\u0161anja. Dovoljno je postaviti ispisanu stranicu ispod fiksne OCR kamere na lijevoj strani pove\u0107ala, dodirnuti zaslon osjetljiv na dodir i u\u017eivati u slu\u0161anju teksta bez naprezanja o\u010diju.<\/p>\n<p><strong>Video prezentacija (Youtube, vanjska poveznica)<\/strong><br \/>\n<iframe loading=\"lazy\" title=\"YouTube video player\" src=\"https:\/\/www.youtube.com\/embed\/7QrLXY09LSE?si=pxSTGSNBg4_tyPKM\" width=\"560\" height=\"315\" frameborder=\"0\" allowfullscreen=\"allowfullscreen\"><\/iframe><\/p>\n<h1>Tehni\u010dki podatci<\/h1>\n<ul>\n<li>Dimenzije (D x \u0160 x V): 66 x 33 x 51 cm<\/li>\n<li>Radna visina ispod kamere: 41,6 cm<\/li>\n<li>Te\u017eina: 11,7 kg<\/li>\n<\/ul>\n<h1>Zna\u010dajke ONYX\u00ae OCR prijenosnog elektroni\u010dkog pove\u0107ala<\/h1>\n<p><strong>4-u-1 kamera<\/strong><br \/>\nPomi\u010dna kamera za gledanje na blizinu, daljinu i samogledanje, plus pretvaranje teksta u govor<\/p>\n<p><strong>Pretvorba teksta u govor<\/strong><br \/>\nPretvara otisnuti tekst u govor<\/p>\n<p><strong>Veliki dokumenti<\/strong><br \/>\nIdealno za du\u017ee \u010ditanje i gledanje<\/p>\n<p><strong>Op\u0107enito<\/strong><br \/>\nJamstvo: 24 mjeseci<br \/>\nProizvo\u0111a\u010d: Freedom Scientific<br \/>\nZemlja podrijetla: SAD<\/p>\n<hr \/>\n<h3>Navigacija<\/h3>\n<ul>\n<li><a href=\"https:\/\/tiflonova.hr\/wp\/?page_id=813\">Povratak na <strong>Prijenosna elektroni\u010dka pove\u0107ala<\/strong><\/a><\/li>\n<\/ul>\n","protected":false},"excerpt":{"rendered":"<p>Narud\u017eba Cijena: 4.520,95 EUR * \u0160ifra za narud\u017ebu: 31040 Naru\u010dite sada&#8230;. * Cijena je informativna, promjenjiva i ne predstavlja obvezuju\u0107u ponudu. Raspolo\u017eivost i cijenu potvr\u0111ujemo po primitku i obradi narud\u017ebe. Prijenosno elektroni\u010dko pove\u0107alo ONYX OCR pove\u0107ava i \u010dita naglas svaku &hellip; <a href=\"https:\/\/tiflonova.hr\/wp\/?page_id=819\">Nastavi \u010ditati <span class=\"meta-nav\">&rarr;<\/span><\/a><\/p>\n","protected":false},"author":1,"featured_media":0,"parent":813,"menu_order":0,"comment_status":"closed","ping_status":"closed","template":"","meta":{"footnotes":""},"class_list":["post-819","page","type-page","status-publish","hentry"],"_links":{"self":[{"href":"https:\/\/tiflonova.hr\/wp\/index.php?rest_route=\/wp\/v2\/pages\/819","targetHints":{"allow":["GET"]}}],"collection":[{"href":"https:\/\/tiflonova.hr\/wp\/index.php?rest_route=\/wp\/v2\/pages"}],"about":[{"href":"https:\/\/tiflonova.hr\/wp\/index.php?rest_route=\/wp\/v2\/types\/page"}],"author":[{"embeddable":true,"href":"https:\/\/tiflonova.hr\/wp\/index.php?rest_route=\/wp\/v2\/users\/1"}],"replies":[{"embeddable":true,"href":"https:\/\/tiflonova.hr\/wp\/index.php?rest_route=%2Fwp%2Fv2%2Fcomments&post=819"}],"version-history":[{"count":2,"href":"https:\/\/tiflonova.hr\/wp\/index.php?rest_route=\/wp\/v2\/pages\/819\/revisions"}],"predecessor-version":[{"id":868,"href":"https:\/\/tiflonova.hr\/wp\/index.php?rest_route=\/wp\/v2\/pages\/819\/revisions\/868"}],"up":[{"embeddable":true,"href":"https:\/\/tiflonova.hr\/wp\/index.php?rest_route=\/wp\/v2\/pages\/813"}],"wp:attachment":[{"href":"https:\/\/tiflonova.hr\/wp\/index.php?rest_route=%2Fwp%2Fv2%2Fmedia&parent=819"}],"curies":[{"name":"wp","href":"https:\/\/api.w.org\/{rel}","templated":true}]}}