{"id":815,"date":"2025-04-24T23:40:04","date_gmt":"2025-04-24T21:40:04","guid":{"rendered":"https:\/\/tiflonova.hr\/wp\/?page_id=815"},"modified":"2025-04-25T09:52:23","modified_gmt":"2025-04-25T07:52:23","slug":"onyx-deskset-hd-22-prijenosno-elektronicko-povecalo","status":"publish","type":"page","link":"https:\/\/tiflonova.hr\/wp\/?page_id=815","title":{"rendered":"ONYX Deskset HD 22 prijenosno elektroni\u010dko pove\u0107alo"},"content":{"rendered":"<h3>Narud\u017eba<\/h3>\n<ul>\n<li>Cijena: 3.090,95 EUR *<\/li>\n<li>\u0160ifra za narud\u017ebu: 31042<\/li>\n<li><a href=\"https:\/\/tiflonova.hr\/wp\/?page_id=177#content\">Naru\u010dite sada&#8230;.<\/a><\/li>\n<\/ul>\n<p><em>* Cijena je informativna, promjenjiva i ne predstavlja obvezuju\u0107u ponudu. Raspolo\u017eivost i cijenu potvr\u0111ujemo po primitku i obradi narud\u017ebe.<\/em><\/p>\n<hr \/>\n<p><img loading=\"lazy\" decoding=\"async\" class=\"alignnone size-medium wp-image-857\" src=\"https:\/\/tiflonova.hr\/wp\/wp-content\/uploads\/2025\/04\/ONYX-Deskset-HD-300x300.webp\" alt=\"ONYX Deskset HD\" width=\"300\" height=\"300\" srcset=\"https:\/\/tiflonova.hr\/wp\/wp-content\/uploads\/2025\/04\/ONYX-Deskset-HD-300x300.webp 300w, https:\/\/tiflonova.hr\/wp\/wp-content\/uploads\/2025\/04\/ONYX-Deskset-HD-150x150.webp 150w, https:\/\/tiflonova.hr\/wp\/wp-content\/uploads\/2025\/04\/ONYX-Deskset-HD.webp 713w\" sizes=\"auto, (max-width: 300px) 100vw, 300px\" \/><\/p>\n<p>Prijenosno elektroni\u010dko pove\u0107alo ONYX Deskset HD s integriranom kamerom i 22-in\u010dnim monitorom omogu\u0107ava \u010ditanje svih materijala, bilo da su oni na drugoj strani sobe ili ispred Vas na stolu.<\/p>\n<p>Fleksibilna kamera 3-u-1 pru\u017ea vi\u0161e vrsta modova pogleda: \u010ditanje dokumenata, gledanje na daljinu i samogledanje sa svestranim upravlja\u010dkim tipkama, prebacivaju\u0107i se iz jednog moda gledanja u drugi prirodno i brzo kao \u0161to biste to u\u010dinili sami da imate zdrav vid.<\/p>\n<ul>\n<li>Pove\u0107alo samostalno i lagano za preno\u0161enje<\/li>\n<li>Pove\u0107anje do 131x, ovisno o veli\u010dini monitora<\/li>\n<li>LCD monitor visoke kvalitete<\/li>\n<li>Modovi pogleda: udaljeno, dokument i pogled na sebe<\/li>\n<li>Postavke kamere spremljene za svaki prikaz posebno<\/li>\n<li>Rotacija kamere u sva tri smjera<\/li>\n<li>33 modova prikaza boja visokog kontrasta (6 zadanih plus 27 konfigurabilnih)<\/li>\n<li>Prava puna boja plus puna boja visokog kontrasta<\/li>\n<li>Zamrzavanje okvira<\/li>\n<li>Podesivi redovi za \u010ditanje, maske i nijanse<\/li>\n<li>Zna\u010dajka prona\u0111i<\/li>\n<li>Zaklju\u010davanje fokusa<\/li>\n<li>Jedinstveni RF daljinski upravlja\u010d d\u017eepne veli\u010dine<\/li>\n<li>Opcionalno dodatna torba za no\u0161enje s kota\u010di\u0107ima<\/li>\n<\/ul>\n<p><strong>Video prezentacija (Youtube, vanjska poveznica)<\/strong><br \/>\n<iframe loading=\"lazy\" title=\"YouTube video player\" src=\"https:\/\/www.youtube.com\/embed\/j2eqyM3mndQ?si=Pprhpfv8aZZDyaiG\" width=\"560\" height=\"315\" frameborder=\"0\" allowfullscreen=\"allowfullscreen\"><\/iframe><\/p>\n<h1>Sadr\u017eaj pakiranja<\/h1>\n<ul>\n<li>ONYX Deskset HD prijenosno elektroni\u010dko pove\u0107alo<\/li>\n<li>22-in\u010dni LCD monitor<\/li>\n<li>Za\u0161titna torba<\/li>\n<li>Strujni adapter s kabelom<\/li>\n<li>USB kabel za povezivanje s ra\u010dunalom<\/li>\n<\/ul>\n<h1>Tehni\u010dki podatci<\/h1>\n<ul>\n<li>Dimenzije (D x \u0160 x V): 53,3 x 22,9 x 50,8 cm<\/li>\n<li>Te\u017eina: 8,62 kg<\/li>\n<\/ul>\n<h1>Zna\u010dajke ONYX Deskset HD elektroni\u010dkog pove\u0107ala<\/h1>\n<p><strong>3-u-1 kamera<\/strong><br \/>\nPokretna kamera za gledanje na blizinu, daljinu i samogledanje<\/p>\n<p><strong>Prijenosno<\/strong><br \/>\nLako se prenosi s jednog mjesta na drugo<\/p>\n<p><strong>Kompatibilno s ra\u010dunalom<\/strong><br \/>\nPove\u017eite pove\u0107alo s ra\u010dunalom za napredne zna\u010dajke<\/p>\n<p><strong>Op\u0107enito<\/strong><br \/>\nJamstvo: 24 mjeseci<br \/>\nProizvo\u0111a\u010d: Freedom Scientific<br \/>\nZemlja podrijetla: SAD<\/p>\n<hr \/>\n<h3>Navigacija<\/h3>\n<ul>\n<li><a href=\"https:\/\/tiflonova.hr\/wp\/?page_id=813\">Povratak na <strong>Prijenosna elektroni\u010dka pove\u0107ala<\/strong><\/a><\/li>\n<\/ul>\n","protected":false},"excerpt":{"rendered":"<p>Narud\u017eba Cijena: 3.090,95 EUR * \u0160ifra za narud\u017ebu: 31042 Naru\u010dite sada&#8230;. * Cijena je informativna, promjenjiva i ne predstavlja obvezuju\u0107u ponudu. Raspolo\u017eivost i cijenu potvr\u0111ujemo po primitku i obradi narud\u017ebe. Prijenosno elektroni\u010dko pove\u0107alo ONYX Deskset HD s integriranom kamerom i &hellip; <a href=\"https:\/\/tiflonova.hr\/wp\/?page_id=815\">Nastavi \u010ditati <span class=\"meta-nav\">&rarr;<\/span><\/a><\/p>\n","protected":false},"author":1,"featured_media":0,"parent":813,"menu_order":0,"comment_status":"closed","ping_status":"closed","template":"","meta":{"footnotes":""},"class_list":["post-815","page","type-page","status-publish","hentry"],"_links":{"self":[{"href":"https:\/\/tiflonova.hr\/wp\/index.php?rest_route=\/wp\/v2\/pages\/815","targetHints":{"allow":["GET"]}}],"collection":[{"href":"https:\/\/tiflonova.hr\/wp\/index.php?rest_route=\/wp\/v2\/pages"}],"about":[{"href":"https:\/\/tiflonova.hr\/wp\/index.php?rest_route=\/wp\/v2\/types\/page"}],"author":[{"embeddable":true,"href":"https:\/\/tiflonova.hr\/wp\/index.php?rest_route=\/wp\/v2\/users\/1"}],"replies":[{"embeddable":true,"href":"https:\/\/tiflonova.hr\/wp\/index.php?rest_route=%2Fwp%2Fv2%2Fcomments&post=815"}],"version-history":[{"count":2,"href":"https:\/\/tiflonova.hr\/wp\/index.php?rest_route=\/wp\/v2\/pages\/815\/revisions"}],"predecessor-version":[{"id":866,"href":"https:\/\/tiflonova.hr\/wp\/index.php?rest_route=\/wp\/v2\/pages\/815\/revisions\/866"}],"up":[{"embeddable":true,"href":"https:\/\/tiflonova.hr\/wp\/index.php?rest_route=\/wp\/v2\/pages\/813"}],"wp:attachment":[{"href":"https:\/\/tiflonova.hr\/wp\/index.php?rest_route=%2Fwp%2Fv2%2Fmedia&parent=815"}],"curies":[{"name":"wp","href":"https:\/\/api.w.org\/{rel}","templated":true}]}}