{"id":813,"date":"2025-04-24T23:36:36","date_gmt":"2025-04-24T21:36:36","guid":{"rendered":"https:\/\/tiflonova.hr\/wp\/?page_id=813"},"modified":"2025-04-25T09:51:57","modified_gmt":"2025-04-25T07:51:57","slug":"prijenosna-elektronicka-povecala-za-slabovidne","status":"publish","type":"page","link":"https:\/\/tiflonova.hr\/wp\/?page_id=813","title":{"rendered":"Prijenosna elektroni\u010dka pove\u0107ala za slabovidne"},"content":{"rendered":"<h1><a href=\"https:\/\/tiflonova.hr\/wp\/?page_id=815#content\">Freedom Scientific ONYX Deskset HD 22<\/a><\/h1>\n<p><img loading=\"lazy\" decoding=\"async\" class=\"alignnone size-medium wp-image-857\" src=\"https:\/\/tiflonova.hr\/wp\/wp-content\/uploads\/2025\/04\/ONYX-Deskset-HD-300x300.webp\" alt=\"ONYX Deskset HD\" width=\"300\" height=\"300\" srcset=\"https:\/\/tiflonova.hr\/wp\/wp-content\/uploads\/2025\/04\/ONYX-Deskset-HD-300x300.webp 300w, https:\/\/tiflonova.hr\/wp\/wp-content\/uploads\/2025\/04\/ONYX-Deskset-HD-150x150.webp 150w, https:\/\/tiflonova.hr\/wp\/wp-content\/uploads\/2025\/04\/ONYX-Deskset-HD.webp 713w\" sizes=\"auto, (max-width: 300px) 100vw, 300px\" \/><\/p>\n<p>3-u-1 kamera<br \/>\n22-in\u010dni LCD monitor s torbom za no\u0161enje<br \/>\nJako veliko pove\u0107anje, mogu\u0107nost pode\u0161avanja<br \/>\nKompatibilno s ra\u010dunalom<br \/>\nTri moda: gledanje udaljenih predmeta, gledanje predmeta na stolu i gledanje samoga sebe<br \/>\n<a href=\"https:\/\/tiflonova.hr\/wp\/?page_id=815#content\">Op\u0161irnije&#8230;<\/a><\/p>\n<p>Cijena: 3.090,95 EUR *<br \/>\n\u0160ifra za narud\u017ebu: 31042<br \/>\n<a href=\"https:\/\/tiflonova.hr\/wp\/?page_id=177#content\">Naru\u010dite sada&#8230;.<\/a><\/p>\n<hr \/>\n<h1><a href=\"https:\/\/tiflonova.hr\/wp\/?page_id=817#content\">Freedom Scientific ONYX Deskset HD 24<\/a><\/h1>\n<p><img loading=\"lazy\" decoding=\"async\" class=\"alignnone size-medium wp-image-857\" src=\"https:\/\/tiflonova.hr\/wp\/wp-content\/uploads\/2025\/04\/ONYX-Deskset-HD-300x300.webp\" alt=\"ONYX Deskset HD\" width=\"300\" height=\"300\" srcset=\"https:\/\/tiflonova.hr\/wp\/wp-content\/uploads\/2025\/04\/ONYX-Deskset-HD-300x300.webp 300w, https:\/\/tiflonova.hr\/wp\/wp-content\/uploads\/2025\/04\/ONYX-Deskset-HD-150x150.webp 150w, https:\/\/tiflonova.hr\/wp\/wp-content\/uploads\/2025\/04\/ONYX-Deskset-HD.webp 713w\" sizes=\"auto, (max-width: 300px) 100vw, 300px\" \/><\/p>\n<p>3-u-1 kamera<br \/>\n24-in\u010dni LCD monitor s torbom za no\u0161enje<br \/>\nJako veliko pove\u0107anje do 130x, mogu\u0107nost pode\u0161avanja<br \/>\nKompatibilno s ra\u010dunalom<br \/>\nTri moda: gledanje udaljenih predmeta, gledanje predmeta na stolu i gledanje samoga sebe<br \/>\n<a href=\"https:\/\/tiflonova.hr\/wp\/?page_id=817#content\">Op\u0161irnije&#8230;<\/a><\/p>\n<p>Cijena: 3.330,95 EUR *<br \/>\n\u0160ifra za narud\u017ebu: 31044<br \/>\n<a href=\"https:\/\/tiflonova.hr\/wp\/?page_id=177#content\">Naru\u010dite sada&#8230;.<\/a><\/p>\n<hr \/>\n<h1><a href=\"https:\/\/tiflonova.hr\/wp\/?page_id=819#content\">Freedom Scientific ONYX\u00ae OCR 24<\/a><\/h1>\n<p><img loading=\"lazy\" decoding=\"async\" class=\"alignnone size-medium wp-image-858\" src=\"https:\/\/tiflonova.hr\/wp\/wp-content\/uploads\/2025\/04\/ONYX-OCR-300x300.webp\" alt=\"ONYX OCR\" width=\"300\" height=\"300\" srcset=\"https:\/\/tiflonova.hr\/wp\/wp-content\/uploads\/2025\/04\/ONYX-OCR-300x300.webp 300w, https:\/\/tiflonova.hr\/wp\/wp-content\/uploads\/2025\/04\/ONYX-OCR-150x150.webp 150w, https:\/\/tiflonova.hr\/wp\/wp-content\/uploads\/2025\/04\/ONYX-OCR.webp 713w\" sizes=\"auto, (max-width: 300px) 100vw, 300px\" \/><\/p>\n<p>4-u-1 kamera<br \/>\n24-in\u010dni LCD zaslon<br \/>\nSna\u017eno pove\u0107anje do 131 puta<br \/>\nUgodni, prirodni glas (hrvatski jezik) \u010dita naglas<br \/>\nIzbjegnite zamaranje o\u010diju<br \/>\n<a href=\"https:\/\/tiflonova.hr\/wp\/?page_id=819#content\">Op\u0161irnije&#8230;<\/a><\/p>\n<p>Cijena: 4.520,95 EUR *<br \/>\n\u0160ifra za narud\u017ebu: 31040<br \/>\n<a href=\"https:\/\/tiflonova.hr\/wp\/?page_id=177#content\">Naru\u010dite sada&#8230;.<\/a><\/p>\n<hr \/>\n<p><em>* Cijena je informativna, promjenjiva i ne predstavlja obvezuju\u0107u ponudu. Raspolo\u017eivost i cijenu potvr\u0111ujemo po primitku i obradi narud\u017ebe.<\/em><\/p>\n<hr \/>\n<h3>Navigacija<\/h3>\n<ul>\n<li><a href=\"https:\/\/tiflonova.hr\/wp\/?page_id=764\">Povratak na <strong>Pove\u0107ala za slabovidne<\/strong><\/a><\/li>\n<\/ul>\n","protected":false},"excerpt":{"rendered":"<p>Freedom Scientific ONYX Deskset HD 22 3-u-1 kamera 22-in\u010dni LCD monitor s torbom za no\u0161enje Jako veliko pove\u0107anje, mogu\u0107nost pode\u0161avanja Kompatibilno s ra\u010dunalom Tri moda: gledanje udaljenih predmeta, gledanje predmeta na stolu i gledanje samoga sebe Op\u0161irnije&#8230; Cijena: 3.090,95 EUR &hellip; <a href=\"https:\/\/tiflonova.hr\/wp\/?page_id=813\">Nastavi \u010ditati <span class=\"meta-nav\">&rarr;<\/span><\/a><\/p>\n","protected":false},"author":1,"featured_media":0,"parent":764,"menu_order":0,"comment_status":"closed","ping_status":"closed","template":"","meta":{"footnotes":""},"class_list":["post-813","page","type-page","status-publish","hentry"],"_links":{"self":[{"href":"https:\/\/tiflonova.hr\/wp\/index.php?rest_route=\/wp\/v2\/pages\/813","targetHints":{"allow":["GET"]}}],"collection":[{"href":"https:\/\/tiflonova.hr\/wp\/index.php?rest_route=\/wp\/v2\/pages"}],"about":[{"href":"https:\/\/tiflonova.hr\/wp\/index.php?rest_route=\/wp\/v2\/types\/page"}],"author":[{"embeddable":true,"href":"https:\/\/tiflonova.hr\/wp\/index.php?rest_route=\/wp\/v2\/users\/1"}],"replies":[{"embeddable":true,"href":"https:\/\/tiflonova.hr\/wp\/index.php?rest_route=%2Fwp%2Fv2%2Fcomments&post=813"}],"version-history":[{"count":3,"href":"https:\/\/tiflonova.hr\/wp\/index.php?rest_route=\/wp\/v2\/pages\/813\/revisions"}],"predecessor-version":[{"id":865,"href":"https:\/\/tiflonova.hr\/wp\/index.php?rest_route=\/wp\/v2\/pages\/813\/revisions\/865"}],"up":[{"embeddable":true,"href":"https:\/\/tiflonova.hr\/wp\/index.php?rest_route=\/wp\/v2\/pages\/764"}],"wp:attachment":[{"href":"https:\/\/tiflonova.hr\/wp\/index.php?rest_route=%2Fwp%2Fv2%2Fmedia&parent=813"}],"curies":[{"name":"wp","href":"https:\/\/api.w.org\/{rel}","templated":true}]}}