{"id":807,"date":"2025-12-10T13:15:47","date_gmt":"2025-12-10T12:15:47","guid":{"rendered":"https:\/\/tiflonova.hr\/wp\/?page_id=807"},"modified":"2025-12-10T13:18:10","modified_gmt":"2025-12-10T12:18:10","slug":"topaz-xl-hd-22-stolno-elektronicko-povecalo","status":"publish","type":"page","link":"https:\/\/tiflonova.hr\/wp\/?page_id=807","title":{"rendered":"TOPAZ\u00ae XL HD 22-in\u010da stolno elektroni\u010dko pove\u0107alo"},"content":{"rendered":"<h3>Narud\u017eba<\/h3>\n<ul>\n<li>Cijena: 3.745,95 EUR *<\/li>\n<li>\u0160ifra za narud\u017ebu: 31022<\/li>\n<li><a href=\"https:\/\/tiflonova.hr\/wp\/?page_id=177#content\">Naru\u010dite sada&#8230;.<\/a><\/li>\n<\/ul>\n<p><em>* Cijena je informativna, promjenjiva i ne predstavlja obvezuju\u0107u ponudu. Raspolo\u017eivost i cijenu potvr\u0111ujemo po primitku i obradi narud\u017ebe.<\/em><\/p>\n<hr \/>\n<p><img loading=\"lazy\" decoding=\"async\" class=\"alignnone size-medium wp-image-860\" src=\"https:\/\/tiflonova.hr\/wp\/wp-content\/uploads\/2025\/04\/TOPAZ-XL-HD-300x300.webp\" alt=\"TOPAZ XL HD\" width=\"300\" height=\"300\" srcset=\"https:\/\/tiflonova.hr\/wp\/wp-content\/uploads\/2025\/04\/TOPAZ-XL-HD-300x300.webp 300w, https:\/\/tiflonova.hr\/wp\/wp-content\/uploads\/2025\/04\/TOPAZ-XL-HD-150x150.webp 150w, https:\/\/tiflonova.hr\/wp\/wp-content\/uploads\/2025\/04\/TOPAZ-XL-HD.webp 640w\" sizes=\"auto, (max-width: 300px) 100vw, 300px\" \/><\/p>\n<p>TOPAZ XL HD 22-in\u010da svestrano je stolno elektroni\u010dko pove\u0107alo s kristalno jasnim i o\u0161trim prikazom visoke razlu\u010divosti plus kompatibilnost s ra\u010dunalom.<\/p>\n<p>Stolno pove\u0107alo TOPAZ XL HD koristi kameru visoke razlu\u010divosti za snimanje kristalno jasne slike s visokom o\u0161trinom i lako \u010ditljivim tekstom \u010dak i pri najmanjem pove\u0107anju. Manje pove\u0107anje omogu\u0107ava prikazivanje velike koli\u010dine informacija na zaslonu, osobito kod monitora \u0161irokog zaslona.<\/p>\n<ul>\n<li>Jasna, \u017eivopisna slika s manje od 2x &#8211; prikaz preko cijele stranice<\/li>\n<li>1080p rezolucija<\/li>\n<li>Kompatibilnost s ra\u010dunalom<\/li>\n<li>Ergonomski dizajn s kontrolama jednostavnima za rukovanje<\/li>\n<li>Usmjerena LED rasvjeta za u\u010dinkovito osvjetljavanje radne povr\u0161ine bez odsjaja<\/li>\n<li>29,95 cm2 radnog prostora ispod kamere<\/li>\n<li>Izuzetno veliki stol za \u010ditanje novina, velikih knjiga i rukopisa<\/li>\n<li>Zamrzavanje okvira, podesive maske i linije, zna\u010dajka zaklju\u010davanja fokusa i tra\u017eenja<\/li>\n<li>Zraka lokacije polo\u017eaja<\/li>\n<li>30 prilagodljivih modova boja teksta visokog kontrasta<\/li>\n<\/ul>\n<p><strong>Video prezentacija (Youtube, vanjska poveznica)<\/strong><br \/>\n<iframe loading=\"lazy\" title=\"YouTube video player\" src=\"https:\/\/www.youtube.com\/embed\/_v7eYyzr8Mk?si=cf_6wNiRuHioy_SM\" width=\"560\" height=\"315\" frameborder=\"0\" allowfullscreen=\"allowfullscreen\"><\/iframe><\/p>\n<h1>Tehni\u010dki podatci<\/h1>\n<ul>\n<li>Dimenzije D x \u0160 x V):\n<ul>\n<li>63,5 x 43,7 x 43,9 cm<\/li>\n<li>XY stol: 437 x 40,6 x 4,7 cm<\/li>\n<li>Radna udaljenost izme\u0111u XY stola i kamere: 21 cm<\/li>\n<\/ul>\n<\/li>\n<li>Te\u017eina: 19,1 kg<\/li>\n<\/ul>\n<h1>Zna\u010dajke stolnog pove\u0107ala TOPAZ XL HD<\/h1>\n<p><strong>Pove\u0107anje<\/strong><br \/>\nPove\u0107ava tekst i predmete<\/p>\n<p><strong>Pisanje i crtanje rukom<\/strong><br \/>\nDovoljno prostora ispod kamere za detaljan rad<\/p>\n<p><strong>Kompatibilno s ra\u010dunalom<\/strong><br \/>\nPove\u017eite pove\u0107alo s ra\u010dunalom za napredne zna\u010dajke<\/p>\n<p><strong>Op\u0107enito<\/strong><br \/>\nJamstvo: 24 mjeseci<br \/>\nProizvo\u0111a\u010d: Freedom Scientific<br \/>\nZemlja podrijetla: SAD<\/p>\n<hr \/>\n<h3>Navigacija<\/h3>\n<ul>\n<li><a href=\"https:\/\/tiflonova.hr\/wp\/?page_id=805\">Povratak na <strong>Stolna elektroni\u010dka pove\u0107ala<\/strong><\/a><\/li>\n<\/ul>\n","protected":false},"excerpt":{"rendered":"<p>Narud\u017eba Cijena: 3.745,95 EUR * \u0160ifra za narud\u017ebu: 31022 Naru\u010dite sada&#8230;. * Cijena je informativna, promjenjiva i ne predstavlja obvezuju\u0107u ponudu. Raspolo\u017eivost i cijenu potvr\u0111ujemo po primitku i obradi narud\u017ebe. TOPAZ XL HD 22-in\u010da svestrano je stolno elektroni\u010dko pove\u0107alo s &hellip; <a href=\"https:\/\/tiflonova.hr\/wp\/?page_id=807\">Nastavi \u010ditati <span class=\"meta-nav\">&rarr;<\/span><\/a><\/p>\n","protected":false},"author":1,"featured_media":0,"parent":805,"menu_order":0,"comment_status":"closed","ping_status":"closed","template":"","meta":{"footnotes":""},"class_list":["post-807","page","type-page","status-publish","hentry"],"_links":{"self":[{"href":"https:\/\/tiflonova.hr\/wp\/index.php?rest_route=\/wp\/v2\/pages\/807","targetHints":{"allow":["GET"]}}],"collection":[{"href":"https:\/\/tiflonova.hr\/wp\/index.php?rest_route=\/wp\/v2\/pages"}],"about":[{"href":"https:\/\/tiflonova.hr\/wp\/index.php?rest_route=\/wp\/v2\/types\/page"}],"author":[{"embeddable":true,"href":"https:\/\/tiflonova.hr\/wp\/index.php?rest_route=\/wp\/v2\/users\/1"}],"replies":[{"embeddable":true,"href":"https:\/\/tiflonova.hr\/wp\/index.php?rest_route=%2Fwp%2Fv2%2Fcomments&post=807"}],"version-history":[{"count":3,"href":"https:\/\/tiflonova.hr\/wp\/index.php?rest_route=\/wp\/v2\/pages\/807\/revisions"}],"predecessor-version":[{"id":1182,"href":"https:\/\/tiflonova.hr\/wp\/index.php?rest_route=\/wp\/v2\/pages\/807\/revisions\/1182"}],"up":[{"embeddable":true,"href":"https:\/\/tiflonova.hr\/wp\/index.php?rest_route=\/wp\/v2\/pages\/805"}],"wp:attachment":[{"href":"https:\/\/tiflonova.hr\/wp\/index.php?rest_route=%2Fwp%2Fv2%2Fmedia&parent=807"}],"curies":[{"name":"wp","href":"https:\/\/api.w.org\/{rel}","templated":true}]}}