{"id":790,"date":"2025-04-23T08:01:43","date_gmt":"2025-04-23T06:01:43","guid":{"rendered":"https:\/\/tiflonova.hr\/wp\/?page_id=790"},"modified":"2025-04-25T09:39:45","modified_gmt":"2025-04-25T07:39:45","slug":"ruby-10-hd-rucno-elektronicko-povecalo","status":"publish","type":"page","link":"https:\/\/tiflonova.hr\/wp\/?page_id=790","title":{"rendered":"RUBY 10 HD ru\u010dno elektroni\u010dko pove\u0107alo"},"content":{"rendered":"<h3>Narud\u017eba<\/h3>\n<ul>\n<li>Cijena: 1.640,95 EUR *<\/li>\n<li>\u0160ifra za narud\u017ebu: 31005<\/li>\n<li><a href=\"https:\/\/tiflonova.hr\/wp\/?page_id=177#content\">Naru\u010dite sada&#8230;.<\/a><\/li>\n<\/ul>\n<p><em>* Cijena je informativna, promjenjiva i ne predstavlja obvezuju\u0107u ponudu. Raspolo\u017eivost i cijenu potvr\u0111ujemo po primitku i obradi narud\u017ebe.<\/em><\/p>\n<hr \/>\n<p><img loading=\"lazy\" decoding=\"async\" class=\"alignnone size-medium wp-image-834\" src=\"https:\/\/tiflonova.hr\/wp\/wp-content\/uploads\/2025\/04\/RUBY-10-300x300.jpg\" alt=\"RUBY 10\" width=\"300\" height=\"300\" srcset=\"https:\/\/tiflonova.hr\/wp\/wp-content\/uploads\/2025\/04\/RUBY-10-300x300.jpg 300w, https:\/\/tiflonova.hr\/wp\/wp-content\/uploads\/2025\/04\/RUBY-10-150x150.jpg 150w, https:\/\/tiflonova.hr\/wp\/wp-content\/uploads\/2025\/04\/RUBY-10-768x768.jpg 768w, https:\/\/tiflonova.hr\/wp\/wp-content\/uploads\/2025\/04\/RUBY-10.jpg 800w\" sizes=\"auto, (max-width: 300px) 100vw, 300px\" \/> <img loading=\"lazy\" decoding=\"async\" class=\"alignnone size-medium wp-image-833\" src=\"https:\/\/tiflonova.hr\/wp\/wp-content\/uploads\/2025\/04\/RUBY-10-u-polozaju-za-citanje-300x300.webp\" alt=\"RUBY 10 u polo\u017eaju za \u010ditanje\" width=\"300\" height=\"300\" srcset=\"https:\/\/tiflonova.hr\/wp\/wp-content\/uploads\/2025\/04\/RUBY-10-u-polozaju-za-citanje-300x300.webp 300w, https:\/\/tiflonova.hr\/wp\/wp-content\/uploads\/2025\/04\/RUBY-10-u-polozaju-za-citanje-150x150.webp 150w, https:\/\/tiflonova.hr\/wp\/wp-content\/uploads\/2025\/04\/RUBY-10-u-polozaju-za-citanje.webp 713w\" sizes=\"auto, (max-width: 300px) 100vw, 300px\" \/> <img loading=\"lazy\" decoding=\"async\" class=\"alignnone size-medium wp-image-832\" src=\"https:\/\/tiflonova.hr\/wp\/wp-content\/uploads\/2025\/04\/RUBY-10-straznja-strana-300x300.webp\" alt=\"RUBY 10 stra\u017enja strana\" width=\"300\" height=\"300\" srcset=\"https:\/\/tiflonova.hr\/wp\/wp-content\/uploads\/2025\/04\/RUBY-10-straznja-strana-300x300.webp 300w, https:\/\/tiflonova.hr\/wp\/wp-content\/uploads\/2025\/04\/RUBY-10-straznja-strana-150x150.webp 150w, https:\/\/tiflonova.hr\/wp\/wp-content\/uploads\/2025\/04\/RUBY-10-straznja-strana.webp 713w\" sizes=\"auto, (max-width: 300px) 100vw, 300px\" \/> <img loading=\"lazy\" decoding=\"async\" class=\"alignnone size-medium wp-image-831\" src=\"https:\/\/tiflonova.hr\/wp\/wp-content\/uploads\/2025\/04\/RUBY-10-povecava-tekst-300x300.webp\" alt=\"RUBY 10 pove\u0107ava tekst\" width=\"300\" height=\"300\" srcset=\"https:\/\/tiflonova.hr\/wp\/wp-content\/uploads\/2025\/04\/RUBY-10-povecava-tekst-300x300.webp 300w, https:\/\/tiflonova.hr\/wp\/wp-content\/uploads\/2025\/04\/RUBY-10-povecava-tekst-150x150.webp 150w, https:\/\/tiflonova.hr\/wp\/wp-content\/uploads\/2025\/04\/RUBY-10-povecava-tekst.webp 713w\" sizes=\"auto, (max-width: 300px) 100vw, 300px\" \/><\/p>\n<p>RUBY 10 HD prijenosno, ru\u010dno elektroni\u010dko pove\u0107alo ima 10-in\u010dni zaslon osjetljiv na dodir i tri namjenske kamere.<\/p>\n<p>RUBY 10 HD pove\u0107ava tekst na dopisima, \u010dasopisima, naljepnicama, ra\u010dunima za lak\u0161e \u010ditanje i pru\u017ea kristalno jasne slike i o\u0161tre boje na fotografijama.<\/p>\n<p>Rasklopljena ru\u010dka pove\u0107ala RUBY 10 HD omogu\u0107uje dr\u017eanje pove\u0107ala u jednoj ruci i istovremeno dr\u017eanje predmeta koji promatrate u drugoj ruci ili pisanje, potpisivanje. Kada je ru\u010dka rasklopljena, omogu\u0107eno je gledanje cijele stranice odjednom.<\/p>\n<p>Tre\u0107a Ruby kamera namijenjena je gledanju predmeta na maloj udaljenosti poput natpisnih plo\u010dica na vratima ili plakata na zidu.<\/p>\n<ul>\n<li>Pove\u0107anje od 2x do 24x<\/li>\n<li>Zaslon osjetljiv na dodir i taktilne tipke<\/li>\n<li>Prijenosno i lagano pove\u0107alo<\/li>\n<li>Pove\u0107ava male predmete i sitna slova<\/li>\n<li>Gledanje predmeta na maloj udaljenosti<\/li>\n<li>Pohranjivanje snimljenih slika i dokumenata<\/li>\n<li>Spajanje velikog vanjskog zaslona, upotrijebite Miracast ili USB<\/li>\n<\/ul>\n<p><strong>Video prezentacija (Youtube, vanjska poveznica)<\/strong><br \/>\n<iframe loading=\"lazy\" title=\"YouTube video player\" src=\"https:\/\/www.youtube.com\/embed\/6GhO5J1FP2Q?si=aEnYrJxaeojaxzpD\" width=\"560\" height=\"315\" frameborder=\"0\" allowfullscreen=\"allowfullscreen\"><\/iframe><\/p>\n<h1>Tehni\u010dki podatci<\/h1>\n<ul>\n<li>Dimenzije (D x \u0160 x V): 261 x 189 x 36 mm<\/li>\n<li>Te\u017eina: 915 g<\/li>\n<\/ul>\n<h1>Zna\u010dajke pove\u0107ala RUBY 10 HD<\/h1>\n<p><strong>Prijenosno<\/strong><br \/>\nLako se prenosi s jednog mjesta na drugo<\/p>\n<p><strong>Pove\u0107anje<\/strong><br \/>\nPove\u0107ava tekst i predmete<\/p>\n<p><strong>Kontrasne boje<\/strong><br \/>\nFunkcija Kontrasne boje smanjuje odsjaj, a tekst i predmete \u010dini vidljivijima i \u010ditljivijima<\/p>\n<p><strong>Op\u0107enito<\/strong><br \/>\nJamstvo: 12 mjeseci<br \/>\nProizvo\u0111a\u010d: Freedom Scientific<br \/>\nZemlja podrijetla: SAD<\/p>\n<hr \/>\n<h3>Navigacija<\/h3>\n<ul>\n<li><a href=\"https:\/\/tiflonova.hr\/wp\/?page_id=780\">Povratak na <strong>Ru\u010dna elektroni\u010dka pove\u0107ala<\/strong><\/a><\/li>\n<\/ul>\n","protected":false},"excerpt":{"rendered":"<p>Narud\u017eba Cijena: 1.640,95 EUR * \u0160ifra za narud\u017ebu: 31005 Naru\u010dite sada&#8230;. * Cijena je informativna, promjenjiva i ne predstavlja obvezuju\u0107u ponudu. Raspolo\u017eivost i cijenu potvr\u0111ujemo po primitku i obradi narud\u017ebe. RUBY 10 HD prijenosno, ru\u010dno elektroni\u010dko pove\u0107alo ima 10-in\u010dni zaslon &hellip; <a href=\"https:\/\/tiflonova.hr\/wp\/?page_id=790\">Nastavi \u010ditati <span class=\"meta-nav\">&rarr;<\/span><\/a><\/p>\n","protected":false},"author":1,"featured_media":0,"parent":780,"menu_order":0,"comment_status":"closed","ping_status":"closed","template":"","meta":{"footnotes":""},"class_list":["post-790","page","type-page","status-publish","hentry"],"_links":{"self":[{"href":"https:\/\/tiflonova.hr\/wp\/index.php?rest_route=\/wp\/v2\/pages\/790","targetHints":{"allow":["GET"]}}],"collection":[{"href":"https:\/\/tiflonova.hr\/wp\/index.php?rest_route=\/wp\/v2\/pages"}],"about":[{"href":"https:\/\/tiflonova.hr\/wp\/index.php?rest_route=\/wp\/v2\/types\/page"}],"author":[{"embeddable":true,"href":"https:\/\/tiflonova.hr\/wp\/index.php?rest_route=\/wp\/v2\/users\/1"}],"replies":[{"embeddable":true,"href":"https:\/\/tiflonova.hr\/wp\/index.php?rest_route=%2Fwp%2Fv2%2Fcomments&post=790"}],"version-history":[{"count":3,"href":"https:\/\/tiflonova.hr\/wp\/index.php?rest_route=\/wp\/v2\/pages\/790\/revisions"}],"predecessor-version":[{"id":854,"href":"https:\/\/tiflonova.hr\/wp\/index.php?rest_route=\/wp\/v2\/pages\/790\/revisions\/854"}],"up":[{"embeddable":true,"href":"https:\/\/tiflonova.hr\/wp\/index.php?rest_route=\/wp\/v2\/pages\/780"}],"wp:attachment":[{"href":"https:\/\/tiflonova.hr\/wp\/index.php?rest_route=%2Fwp%2Fv2%2Fmedia&parent=790"}],"curies":[{"name":"wp","href":"https:\/\/api.w.org\/{rel}","templated":true}]}}