{"id":788,"date":"2025-04-23T07:51:28","date_gmt":"2025-04-23T05:51:28","guid":{"rendered":"https:\/\/tiflonova.hr\/wp\/?page_id=788"},"modified":"2025-04-25T09:38:30","modified_gmt":"2025-04-25T07:38:30","slug":"ruby-7-hd-rucno-elektronicko-povecalo","status":"publish","type":"page","link":"https:\/\/tiflonova.hr\/wp\/?page_id=788","title":{"rendered":"RUBY 7 HD ru\u010dno elektroni\u010dko pove\u0107alo"},"content":{"rendered":"<h3>Narud\u017eba<\/h3>\n<ul>\n<li>Cijena: 1.318,95 EUR *<\/li>\n<li>\u0160ifra za narud\u017ebu: 31004<\/li>\n<li><a href=\"https:\/\/tiflonova.hr\/wp\/?page_id=177#content\">Naru\u010dite sada&#8230;.<\/a><\/li>\n<\/ul>\n<p><em>* Cijena je informativna, promjenjiva i ne predstavlja obvezuju\u0107u ponudu. Raspolo\u017eivost i cijenu potvr\u0111ujemo po primitku i obradi narud\u017ebe.<\/em><\/p>\n<hr \/>\n<p><img loading=\"lazy\" decoding=\"async\" class=\"alignnone size-medium wp-image-829\" src=\"https:\/\/tiflonova.hr\/wp\/wp-content\/uploads\/2025\/04\/RUBY-7-HD-300x300.jpg\" alt=\"RUBY 7 HD\" width=\"300\" height=\"300\" srcset=\"https:\/\/tiflonova.hr\/wp\/wp-content\/uploads\/2025\/04\/RUBY-7-HD-300x300.jpg 300w, https:\/\/tiflonova.hr\/wp\/wp-content\/uploads\/2025\/04\/RUBY-7-HD-150x150.jpg 150w, https:\/\/tiflonova.hr\/wp\/wp-content\/uploads\/2025\/04\/RUBY-7-HD.jpg 640w\" sizes=\"auto, (max-width: 300px) 100vw, 300px\" \/> <img loading=\"lazy\" decoding=\"async\" class=\"alignnone size-medium wp-image-828\" src=\"https:\/\/tiflonova.hr\/wp\/wp-content\/uploads\/2025\/04\/RUBY-7-HD-straznja-strana-300x300.webp\" alt=\"RUBY 7 HD stra\u017enja strana\" width=\"300\" height=\"300\" srcset=\"https:\/\/tiflonova.hr\/wp\/wp-content\/uploads\/2025\/04\/RUBY-7-HD-straznja-strana-300x300.webp 300w, https:\/\/tiflonova.hr\/wp\/wp-content\/uploads\/2025\/04\/RUBY-7-HD-straznja-strana-150x150.webp 150w, https:\/\/tiflonova.hr\/wp\/wp-content\/uploads\/2025\/04\/RUBY-7-HD-straznja-strana.webp 713w\" sizes=\"auto, (max-width: 300px) 100vw, 300px\" \/><\/p>\n<p>RUBY\u00ae 7 HD je lagano, ru\u010dno elektroni\u010dko pove\u0107alo koje mo\u017ee pove\u0107ati predmet od dva do 24 puta vi\u0161e od njegove stvarne veli\u010dine. Sadr\u017ei PivotCam\u2122 &#8211; kameru s automatskim fokusom od 5 megapiksela koja se lako rotira i ima \u0161irok raspon na\u010dina gledanja: \u010ditanje, hobi, udaljenost, samopogled i uo\u010davanje.<\/p>\n<p>Kamera pru\u017ea o\u0161tre slike HD kvalitete ugodne za gledanje slabovidnima. Slike se prikazuju na LCD zaslonu od 7 in\u010da u punoj boji.<\/p>\n<p>Pove\u0107alo ima veliku tipku za pomicanje kojom se jednostavno rukuje. Ova zna\u010dajka pomicanja omogu\u0107uje pove\u0107anje fotografije kako biste vidjeli vi\u0161e detalja, a zatim koristite tipku Panning za vodoravno ili okomito pomicanje po zaslonu kako biste vidjeli vi\u0161e slike.<\/p>\n<ul>\n<li>2x &#8211; 24x kontinuirano pove\u0107anje<\/li>\n<li>Veliki, 7-in\u010dni \u0161iroki LCD zaslon<\/li>\n<li>Ugra\u0111eni stalak za \u010ditanje<\/li>\n<li>Velike i jednostavne tipke<\/li>\n<li>20 boja visokog kontrasta<\/li>\n<li>Zamrzavanje okvira (dijela slike)<\/li>\n<li>Linija za \u010ditanje i maske<\/li>\n<li>HDMI priklju\u010dak pune veli\u010dine<\/li>\n<li>4 sata kontinuirane upotrebe<\/li>\n<li>Lagan dizajn, samo 500 g<\/li>\n<li>Pohrana do 105 slika<\/li>\n<li>PivotCam\u2122 rotiraju\u0107a kamera<\/li>\n<li>Tipka za pomicanje fotografija<\/li>\n<\/ul>\n<p><strong>Video prezentacija (Youtube, vanjska poveznica)<\/strong><br \/>\n<iframe loading=\"lazy\" title=\"YouTube video player\" src=\"https:\/\/www.youtube.com\/embed\/icTAT19FmZA?si=IaIiC9haU4sC3pa6\" width=\"560\" height=\"315\" frameborder=\"0\" allowfullscreen=\"allowfullscreen\"><\/iframe><\/p>\n<h1>Tehni\u010dki podatci<\/h1>\n<ul>\n<li>Dimenzije (D x \u0160 x V): 21,1 x 14,7 x 2,5 cm<\/li>\n<li>Te\u017eina: 510 g<\/li>\n<\/ul>\n<h1>Zna\u010dajke pove\u0107ala RUBY 7 HD<\/h1>\n<p><strong>Prijenosno<\/strong><br \/>\nLako se prenosi s jednog mjesta na drugo<\/p>\n<p><strong>Pove\u0107anje<\/strong><br \/>\nPove\u0107ava tekst i predmete<\/p>\n<p><strong>Mod samogledanja<\/strong><br \/>\nNa\u010din samogledanja za osobno dotjerivanje (ure\u0111enje frizure, obrva, maskare)<\/p>\n<p><strong>Op\u0107enito<\/strong><br \/>\nJamstvo: 12 mjeseci<br \/>\nProizvo\u0111a\u010d: Freedom Scientific<br \/>\nZemlja podrijetla: SAD<\/p>\n<hr \/>\n<h3>Navigacija<\/h3>\n<ul>\n<li><a href=\"https:\/\/tiflonova.hr\/wp\/?page_id=780\">Povratak na <strong>Ru\u010dna elektroni\u010dka pove\u0107ala<\/strong><\/a><\/li>\n<\/ul>\n","protected":false},"excerpt":{"rendered":"<p>Narud\u017eba Cijena: 1.318,95 EUR * \u0160ifra za narud\u017ebu: 31004 Naru\u010dite sada&#8230;. * Cijena je informativna, promjenjiva i ne predstavlja obvezuju\u0107u ponudu. Raspolo\u017eivost i cijenu potvr\u0111ujemo po primitku i obradi narud\u017ebe. RUBY\u00ae 7 HD je lagano, ru\u010dno elektroni\u010dko pove\u0107alo koje mo\u017ee &hellip; <a href=\"https:\/\/tiflonova.hr\/wp\/?page_id=788\">Nastavi \u010ditati <span class=\"meta-nav\">&rarr;<\/span><\/a><\/p>\n","protected":false},"author":1,"featured_media":0,"parent":780,"menu_order":0,"comment_status":"closed","ping_status":"closed","template":"","meta":{"footnotes":""},"class_list":["post-788","page","type-page","status-publish","hentry"],"_links":{"self":[{"href":"https:\/\/tiflonova.hr\/wp\/index.php?rest_route=\/wp\/v2\/pages\/788","targetHints":{"allow":["GET"]}}],"collection":[{"href":"https:\/\/tiflonova.hr\/wp\/index.php?rest_route=\/wp\/v2\/pages"}],"about":[{"href":"https:\/\/tiflonova.hr\/wp\/index.php?rest_route=\/wp\/v2\/types\/page"}],"author":[{"embeddable":true,"href":"https:\/\/tiflonova.hr\/wp\/index.php?rest_route=\/wp\/v2\/users\/1"}],"replies":[{"embeddable":true,"href":"https:\/\/tiflonova.hr\/wp\/index.php?rest_route=%2Fwp%2Fv2%2Fcomments&post=788"}],"version-history":[{"count":3,"href":"https:\/\/tiflonova.hr\/wp\/index.php?rest_route=\/wp\/v2\/pages\/788\/revisions"}],"predecessor-version":[{"id":853,"href":"https:\/\/tiflonova.hr\/wp\/index.php?rest_route=\/wp\/v2\/pages\/788\/revisions\/853"}],"up":[{"embeddable":true,"href":"https:\/\/tiflonova.hr\/wp\/index.php?rest_route=\/wp\/v2\/pages\/780"}],"wp:attachment":[{"href":"https:\/\/tiflonova.hr\/wp\/index.php?rest_route=%2Fwp%2Fv2%2Fmedia&parent=788"}],"curies":[{"name":"wp","href":"https:\/\/api.w.org\/{rel}","templated":true}]}}