{"id":786,"date":"2025-04-23T07:41:09","date_gmt":"2025-04-23T05:41:09","guid":{"rendered":"https:\/\/tiflonova.hr\/wp\/?page_id=786"},"modified":"2025-04-25T09:37:13","modified_gmt":"2025-04-25T07:37:13","slug":"ruby-xl-hd-rucno-elektronicko-povecalo","status":"publish","type":"page","link":"https:\/\/tiflonova.hr\/wp\/?page_id=786","title":{"rendered":"RUBY XL HD ru\u010dno elektroni\u010dko pove\u0107alo"},"content":{"rendered":"<h3>Narud\u017eba<\/h3>\n<ul>\n<li>Cijena: 987,95 EUR *<\/li>\n<li>\u0160ifra za narud\u017ebu: 31003<\/li>\n<li><a href=\"https:\/\/tiflonova.hr\/wp\/?page_id=177#content\">Naru\u010dite sada&#8230;.<\/a><\/li>\n<\/ul>\n<p><em>* Cijena je informativna, promjenjiva i ne predstavlja obvezuju\u0107u ponudu. Raspolo\u017eivost i cijenu potvr\u0111ujemo po primitku i obradi narud\u017ebe.<\/em><\/p>\n<hr \/>\n<p><img loading=\"lazy\" decoding=\"async\" class=\"alignnone size-medium wp-image-842\" src=\"https:\/\/tiflonova.hr\/wp\/wp-content\/uploads\/2025\/04\/RUBY-XL-HD-300x300.jpg\" alt=\"RUBY XL HD\" width=\"300\" height=\"300\" srcset=\"https:\/\/tiflonova.hr\/wp\/wp-content\/uploads\/2025\/04\/RUBY-XL-HD-300x300.jpg 300w, https:\/\/tiflonova.hr\/wp\/wp-content\/uploads\/2025\/04\/RUBY-XL-HD-150x150.jpg 150w, https:\/\/tiflonova.hr\/wp\/wp-content\/uploads\/2025\/04\/RUBY-XL-HD.jpg 480w\" sizes=\"auto, (max-width: 300px) 100vw, 300px\" \/> <img loading=\"lazy\" decoding=\"async\" class=\"alignnone size-medium wp-image-840\" src=\"https:\/\/tiflonova.hr\/wp\/wp-content\/uploads\/2025\/04\/RUBY-XL-HD-straznja-strana-300x300.webp\" alt=\"RUBY XL HD stra\u017enja strana\" width=\"300\" height=\"300\" srcset=\"https:\/\/tiflonova.hr\/wp\/wp-content\/uploads\/2025\/04\/RUBY-XL-HD-straznja-strana-300x300.webp 300w, https:\/\/tiflonova.hr\/wp\/wp-content\/uploads\/2025\/04\/RUBY-XL-HD-straznja-strana-150x150.webp 150w, https:\/\/tiflonova.hr\/wp\/wp-content\/uploads\/2025\/04\/RUBY-XL-HD-straznja-strana.webp 713w\" sizes=\"auto, (max-width: 300px) 100vw, 300px\" \/> <img loading=\"lazy\" decoding=\"async\" class=\"alignnone size-medium wp-image-839\" src=\"https:\/\/tiflonova.hr\/wp\/wp-content\/uploads\/2025\/04\/RUBY-XL-HD-s-rasklopljenom-ruckom-300x300.webp\" alt=\"RUBY XL HD s rasklopljenom ru\u010dkom\" width=\"300\" height=\"300\" srcset=\"https:\/\/tiflonova.hr\/wp\/wp-content\/uploads\/2025\/04\/RUBY-XL-HD-s-rasklopljenom-ruckom-300x300.webp 300w, https:\/\/tiflonova.hr\/wp\/wp-content\/uploads\/2025\/04\/RUBY-XL-HD-s-rasklopljenom-ruckom-150x150.webp 150w, https:\/\/tiflonova.hr\/wp\/wp-content\/uploads\/2025\/04\/RUBY-XL-HD-s-rasklopljenom-ruckom.webp 713w\" sizes=\"auto, (max-width: 300px) 100vw, 300px\" \/><\/p>\n<p>RUBY XL HD prijenosno, ru\u010dno elektroni\u010dko pove\u0107alo ima 5-megapikselnu kameru s autofokusom koja pru\u017ea o\u0161tre slike HD kvalitete ugodne za slabovidne o\u010di. Slike se prikazuju na LCD zaslonu od 5 in\u010da u punoj boji. Zaslon se naginje prema gore radi lak\u0161eg \u010ditanja teksta na stranici uz kontinuirano zumiranje od 2x do 14x. Sadr\u017ei prakti\u010dnu, preklopnu ru\u010dku za prikazivanje to\u010dke u fokusu.<\/p>\n<ul>\n<li>5-in\u010dni \u0161iroki LCD zaslon<\/li>\n<li>2x &#8211; 14x kontinuirano pove\u0107anje<\/li>\n<li>Ugra\u0111en stalak za \u010ditanje<\/li>\n<li>Jednostavna ru\u010dka na izvla\u010denje<\/li>\n<li>Brzo spremno po uklju\u010divanju bez zamu\u0107enja slike<\/li>\n<li>Lagani dizajn, samo 300 g<\/li>\n<li>3 sata kontinuirane upotrebe<\/li>\n<li>20 na\u010dina prikazivanja boja u visokom kontrastu<\/li>\n<li>Zamrzavanje okvira (dijela slike) s podesivim pove\u0107anjem<\/li>\n<li>Pohranjivanje do 80 slika i prijenos na ra\u010dunalo putem USB-a<\/li>\n<li>Linija za \u010ditanje i maske<\/li>\n<li>Univerzalno napajanje s vi\u0161e priklju\u010dka<\/li>\n<\/ul>\n<p><strong>Video prezentacija (Youtube, vanjska poveznica)<\/strong><br \/>\n<iframe loading=\"lazy\" title=\"YouTube video player\" src=\"https:\/\/www.youtube.com\/embed\/-fgL2akk300?si=TArPakSI4GJGN4No\" width=\"560\" height=\"315\" frameborder=\"0\" allowfullscreen=\"allowfullscreen\"><\/iframe><\/p>\n<h1>Tehni\u010dki podatci<\/h1>\n<ul>\n<li>Dimenzije (D x \u0160 x V): 13,8 x 8,8 x 2 cm<\/li>\n<li>Te\u017eina: 300 g<\/li>\n<\/ul>\n<h1>Zna\u010dajke pove\u0107ala RUBY XL HD<\/h1>\n<p><strong>Prijenosno<\/strong><br \/>\nLako se prenosi s jednog mjesta na drugo<\/p>\n<p><strong>Pove\u0107anje<\/strong><br \/>\nPove\u0107ava tekst i predmete<\/p>\n<p><strong>Kontrasne boje<\/strong><br \/>\nFunkcija Kontrasne boje smanjuje odsjaj, a tekst i predmete \u010dini vidljivijima i \u010ditljivijima<\/p>\n<p><strong>Op\u0107enito<\/strong><br \/>\nJamstvo: 12 mjeseci<br \/>\nProizvo\u0111a\u010d: Freedom Scientific<br \/>\nZemlja podrijetla: SAD<\/p>\n<hr \/>\n<h3>Navigacija<\/h3>\n<ul>\n<li><a href=\"https:\/\/tiflonova.hr\/wp\/?page_id=780\">Povratak na <strong>Ru\u010dna elektroni\u010dka pove\u0107ala<\/strong><\/a><\/li>\n<\/ul>\n","protected":false},"excerpt":{"rendered":"<p>Narud\u017eba Cijena: 987,95 EUR * \u0160ifra za narud\u017ebu: 31003 Naru\u010dite sada&#8230;. * Cijena je informativna, promjenjiva i ne predstavlja obvezuju\u0107u ponudu. Raspolo\u017eivost i cijenu potvr\u0111ujemo po primitku i obradi narud\u017ebe. RUBY XL HD prijenosno, ru\u010dno elektroni\u010dko pove\u0107alo ima 5-megapikselnu kameru &hellip; <a href=\"https:\/\/tiflonova.hr\/wp\/?page_id=786\">Nastavi \u010ditati <span class=\"meta-nav\">&rarr;<\/span><\/a><\/p>\n","protected":false},"author":1,"featured_media":0,"parent":780,"menu_order":0,"comment_status":"closed","ping_status":"closed","template":"","meta":{"footnotes":""},"class_list":["post-786","page","type-page","status-publish","hentry"],"_links":{"self":[{"href":"https:\/\/tiflonova.hr\/wp\/index.php?rest_route=\/wp\/v2\/pages\/786","targetHints":{"allow":["GET"]}}],"collection":[{"href":"https:\/\/tiflonova.hr\/wp\/index.php?rest_route=\/wp\/v2\/pages"}],"about":[{"href":"https:\/\/tiflonova.hr\/wp\/index.php?rest_route=\/wp\/v2\/types\/page"}],"author":[{"embeddable":true,"href":"https:\/\/tiflonova.hr\/wp\/index.php?rest_route=\/wp\/v2\/users\/1"}],"replies":[{"embeddable":true,"href":"https:\/\/tiflonova.hr\/wp\/index.php?rest_route=%2Fwp%2Fv2%2Fcomments&post=786"}],"version-history":[{"count":3,"href":"https:\/\/tiflonova.hr\/wp\/index.php?rest_route=\/wp\/v2\/pages\/786\/revisions"}],"predecessor-version":[{"id":852,"href":"https:\/\/tiflonova.hr\/wp\/index.php?rest_route=\/wp\/v2\/pages\/786\/revisions\/852"}],"up":[{"embeddable":true,"href":"https:\/\/tiflonova.hr\/wp\/index.php?rest_route=\/wp\/v2\/pages\/780"}],"wp:attachment":[{"href":"https:\/\/tiflonova.hr\/wp\/index.php?rest_route=%2Fwp%2Fv2%2Fmedia&parent=786"}],"curies":[{"name":"wp","href":"https:\/\/api.w.org\/{rel}","templated":true}]}}