{"id":784,"date":"2025-04-23T07:31:54","date_gmt":"2025-04-23T05:31:54","guid":{"rendered":"https:\/\/tiflonova.hr\/wp\/?page_id=784"},"modified":"2025-04-25T09:36:14","modified_gmt":"2025-04-25T07:36:14","slug":"ruby-hd-rucno-elektronicko-povecalo","status":"publish","type":"page","link":"https:\/\/tiflonova.hr\/wp\/?page_id=784","title":{"rendered":"RUBY HD ru\u010dno elektroni\u010dko pove\u0107alo"},"content":{"rendered":"<h3>Narud\u017eba<\/h3>\n<ul>\n<li>Cijena: 711,95 EUR *<\/li>\n<li>\u0160ifra za narud\u017ebu: 31002<\/li>\n<li><a href=\"https:\/\/tiflonova.hr\/wp\/?page_id=177#content\">Naru\u010dite sada&#8230;.<\/a><\/li>\n<\/ul>\n<p><em>* Cijena je informativna, promjenjiva i ne predstavlja obvezuju\u0107u ponudu. Raspolo\u017eivost i cijenu potvr\u0111ujemo po primitku i obradi narud\u017ebe.<\/em><\/p>\n<hr \/>\n<p><img loading=\"lazy\" decoding=\"async\" class=\"alignnone size-medium wp-image-837\" src=\"https:\/\/tiflonova.hr\/wp\/wp-content\/uploads\/2025\/04\/RUBY-HD-300x300.jpg\" alt=\"RUBY HD\" width=\"300\" height=\"300\" srcset=\"https:\/\/tiflonova.hr\/wp\/wp-content\/uploads\/2025\/04\/RUBY-HD-300x300.jpg 300w, https:\/\/tiflonova.hr\/wp\/wp-content\/uploads\/2025\/04\/RUBY-HD-150x150.jpg 150w, https:\/\/tiflonova.hr\/wp\/wp-content\/uploads\/2025\/04\/RUBY-HD.jpg 480w\" sizes=\"auto, (max-width: 300px) 100vw, 300px\" \/> <img loading=\"lazy\" decoding=\"async\" class=\"alignnone size-medium wp-image-836\" src=\"https:\/\/tiflonova.hr\/wp\/wp-content\/uploads\/2025\/04\/RUBY-HD-straznja-strana-300x300.webp\" alt=\"RUBY HD stra\u017enja strana\" width=\"300\" height=\"300\" srcset=\"https:\/\/tiflonova.hr\/wp\/wp-content\/uploads\/2025\/04\/RUBY-HD-straznja-strana-300x300.webp 300w, https:\/\/tiflonova.hr\/wp\/wp-content\/uploads\/2025\/04\/RUBY-HD-straznja-strana-150x150.webp 150w, https:\/\/tiflonova.hr\/wp\/wp-content\/uploads\/2025\/04\/RUBY-HD-straznja-strana.webp 713w\" sizes=\"auto, (max-width: 300px) 100vw, 300px\" \/> <img loading=\"lazy\" decoding=\"async\" class=\"alignnone size-medium wp-image-835\" src=\"https:\/\/tiflonova.hr\/wp\/wp-content\/uploads\/2025\/04\/RUBY-HD-s-rasklopljenom-ruckom-300x300.webp\" alt=\"RUBY HD s rasklopljenom ru\u010dkom\" width=\"300\" height=\"300\" srcset=\"https:\/\/tiflonova.hr\/wp\/wp-content\/uploads\/2025\/04\/RUBY-HD-s-rasklopljenom-ruckom-300x300.webp 300w, https:\/\/tiflonova.hr\/wp\/wp-content\/uploads\/2025\/04\/RUBY-HD-s-rasklopljenom-ruckom-150x150.webp 150w, https:\/\/tiflonova.hr\/wp\/wp-content\/uploads\/2025\/04\/RUBY-HD-s-rasklopljenom-ruckom.webp 713w\" sizes=\"auto, (max-width: 300px) 100vw, 300px\" \/><\/p>\n<p>RUBY HD ru\u010dno elektroni\u010dko pove\u0107alo spaja prenosivost s naprednim zna\u010dajkama i s kamerom visoke razlu\u010divosti za kristalno jasne slike. Savr\u0161eno za \u010ditanje jelovnika u restoranu, etiketa na proizvodima, upute za pripremanje hrane, naziva artikala u trgovini, gledanje fotografija i jo\u0161 mnogo toga.<\/p>\n<p>RUBY HD dr\u017eite kao pove\u0107alo pomo\u0107u preklopne ru\u010dke ili ga polo\u017eite na stranicu knjige za gledanje bez ruku.<\/p>\n<ul>\n<li>LCD \u0161iroki zaslon od 4,3 in\u010da<\/li>\n<li>2x &#8211; 13x kontinuirano pove\u0107anje<\/li>\n<li>Brzo \u010ditanje po uklju\u010divanju bez izobli\u010davanja slike<\/li>\n<li>Lagani dizajn, samo 227 g<\/li>\n<li>2 sata kontinuiranog kori\u0161tenja, koristi punjive ili jednokratne AAA baterije<\/li>\n<li>20 na\u010dina gledanja boja visokog kontrasta<\/li>\n<li>Ugra\u0111ena LED rasvjeta<\/li>\n<li>Zamrzavanje okvira (dijela slike) s podesivim pove\u0107anjem<\/li>\n<li>Na\u010din prikaza slajdova<\/li>\n<li>Pohrana do 80 slika i prijenos na ra\u010dunalo putem USB-a<\/li>\n<li>Univerzalno napajanje s vi\u0161e priklju\u010dka<\/li>\n<\/ul>\n<p><strong>Video prezentacija (Youtube, vanjska poveznica)<\/strong><br \/>\n<iframe loading=\"lazy\" title=\"YouTube video player\" src=\"https:\/\/www.youtube.com\/embed\/D4VYancDSjc?si=x8IS6SeWb63HEyqk\" width=\"560\" height=\"315\" frameborder=\"0\" allowfullscreen=\"allowfullscreen\"><\/iframe><\/p>\n<h1>Tehni\u010dki podatci<\/h1>\n<ul>\n<li>Dimenzije (D x \u0160 x V): 12,4 x 7,4 x 3,6 cm<\/li>\n<li>Te\u017eina: 227 g<\/li>\n<\/ul>\n<h1>Zna\u010dajke pove\u0107ala RUBY HD<\/h1>\n<p><strong>Prijenosno<\/strong><br \/>\nLako se prenosi s jednog mjesta na drugo<\/p>\n<p><strong>Pove\u0107anje<\/strong><br \/>\nPove\u0107ava tekst i predmete<\/p>\n<p><strong>Kontrasne boje<\/strong><br \/>\nFunkcija Kontrasne boje smanjuje odsjaj, a tekst i predmete \u010dini vidljivijima i \u010ditljivijima<\/p>\n<p><strong>Op\u0107enito<\/strong><br \/>\nJamstvo: 12 mjeseci<br \/>\nProizvo\u0111a\u010d: Freedom Scientific<br \/>\nZemlja podrijetla: SAD<\/p>\n<hr \/>\n<h3>Navigacija<\/h3>\n<ul>\n<li><a href=\"https:\/\/tiflonova.hr\/wp\/?page_id=780\">Povratak na <strong>Ru\u010dna elektroni\u010dka pove\u0107ala<\/strong><\/a><\/li>\n<\/ul>\n","protected":false},"excerpt":{"rendered":"<p>Narud\u017eba Cijena: 711,95 EUR * \u0160ifra za narud\u017ebu: 31002 Naru\u010dite sada&#8230;. * Cijena je informativna, promjenjiva i ne predstavlja obvezuju\u0107u ponudu. Raspolo\u017eivost i cijenu potvr\u0111ujemo po primitku i obradi narud\u017ebe. RUBY HD ru\u010dno elektroni\u010dko pove\u0107alo spaja prenosivost s naprednim zna\u010dajkama &hellip; <a href=\"https:\/\/tiflonova.hr\/wp\/?page_id=784\">Nastavi \u010ditati <span class=\"meta-nav\">&rarr;<\/span><\/a><\/p>\n","protected":false},"author":1,"featured_media":0,"parent":780,"menu_order":0,"comment_status":"closed","ping_status":"closed","template":"","meta":{"footnotes":""},"class_list":["post-784","page","type-page","status-publish","hentry"],"_links":{"self":[{"href":"https:\/\/tiflonova.hr\/wp\/index.php?rest_route=\/wp\/v2\/pages\/784","targetHints":{"allow":["GET"]}}],"collection":[{"href":"https:\/\/tiflonova.hr\/wp\/index.php?rest_route=\/wp\/v2\/pages"}],"about":[{"href":"https:\/\/tiflonova.hr\/wp\/index.php?rest_route=\/wp\/v2\/types\/page"}],"author":[{"embeddable":true,"href":"https:\/\/tiflonova.hr\/wp\/index.php?rest_route=\/wp\/v2\/users\/1"}],"replies":[{"embeddable":true,"href":"https:\/\/tiflonova.hr\/wp\/index.php?rest_route=%2Fwp%2Fv2%2Fcomments&post=784"}],"version-history":[{"count":3,"href":"https:\/\/tiflonova.hr\/wp\/index.php?rest_route=\/wp\/v2\/pages\/784\/revisions"}],"predecessor-version":[{"id":851,"href":"https:\/\/tiflonova.hr\/wp\/index.php?rest_route=\/wp\/v2\/pages\/784\/revisions\/851"}],"up":[{"embeddable":true,"href":"https:\/\/tiflonova.hr\/wp\/index.php?rest_route=\/wp\/v2\/pages\/780"}],"wp:attachment":[{"href":"https:\/\/tiflonova.hr\/wp\/index.php?rest_route=%2Fwp%2Fv2%2Fmedia&parent=784"}],"curies":[{"name":"wp","href":"https:\/\/api.w.org\/{rel}","templated":true}]}}