{"id":782,"date":"2025-04-23T07:21:30","date_gmt":"2025-04-23T05:21:30","guid":{"rendered":"https:\/\/tiflonova.hr\/wp\/?page_id=782"},"modified":"2025-04-25T09:35:17","modified_gmt":"2025-04-25T07:35:17","slug":"ruby-rucno-elektronicko-povecalo","status":"publish","type":"page","link":"https:\/\/tiflonova.hr\/wp\/?page_id=782","title":{"rendered":"RUBY ru\u010dno elektroni\u010dko pove\u0107alo"},"content":{"rendered":"<h3>Narud\u017eba<\/h3>\n<ul>\n<li>Cijena: 601,95 EUR *<\/li>\n<li>\u0160ifra za narud\u017ebu: 31001<\/li>\n<li><a href=\"https:\/\/tiflonova.hr\/wp\/?page_id=177#content\">Naru\u010dite sada&#8230;.<\/a><\/li>\n<\/ul>\n<p><em>* Cijena je informativna, promjenjiva i ne predstavlja obvezuju\u0107u ponudu. Raspolo\u017eivost i cijenu potvr\u0111ujemo po primitku i obradi narud\u017ebe.<\/em><\/p>\n<hr \/>\n<p><img loading=\"lazy\" decoding=\"async\" class=\"alignnone size-medium wp-image-843\" src=\"https:\/\/tiflonova.hr\/wp\/wp-content\/uploads\/2025\/04\/RUBY-300x300.jpg\" alt=\"RUBY\" width=\"300\" height=\"300\" srcset=\"https:\/\/tiflonova.hr\/wp\/wp-content\/uploads\/2025\/04\/RUBY-300x300.jpg 300w, https:\/\/tiflonova.hr\/wp\/wp-content\/uploads\/2025\/04\/RUBY-150x150.jpg 150w, https:\/\/tiflonova.hr\/wp\/wp-content\/uploads\/2025\/04\/RUBY.jpg 480w\" sizes=\"auto, (max-width: 300px) 100vw, 300px\" \/> <img loading=\"lazy\" decoding=\"async\" class=\"alignnone size-medium wp-image-826\" src=\"https:\/\/tiflonova.hr\/wp\/wp-content\/uploads\/2025\/04\/RUBY-straznja-strana-300x300.webp\" alt=\"RUBY stra\u017enja strana\" width=\"300\" height=\"300\" srcset=\"https:\/\/tiflonova.hr\/wp\/wp-content\/uploads\/2025\/04\/RUBY-straznja-strana-300x300.webp 300w, https:\/\/tiflonova.hr\/wp\/wp-content\/uploads\/2025\/04\/RUBY-straznja-strana-150x150.webp 150w, https:\/\/tiflonova.hr\/wp\/wp-content\/uploads\/2025\/04\/RUBY-straznja-strana.webp 713w\" sizes=\"auto, (max-width: 300px) 100vw, 300px\" \/> <img loading=\"lazy\" decoding=\"async\" class=\"alignnone size-medium wp-image-838\" src=\"https:\/\/tiflonova.hr\/wp\/wp-content\/uploads\/2025\/04\/RUBY-s-ruckom-300x300.webp\" alt=\"RUBY s ru\u010dkom\" width=\"300\" height=\"300\" srcset=\"https:\/\/tiflonova.hr\/wp\/wp-content\/uploads\/2025\/04\/RUBY-s-ruckom-300x300.webp 300w, https:\/\/tiflonova.hr\/wp\/wp-content\/uploads\/2025\/04\/RUBY-s-ruckom-150x150.webp 150w, https:\/\/tiflonova.hr\/wp\/wp-content\/uploads\/2025\/04\/RUBY-s-ruckom.webp 713w\" sizes=\"auto, (max-width: 300px) 100vw, 300px\" \/><\/p>\n<p>Najmanje ru\u010dno elektroni\u010dko pove\u0107alo tvrtke Freedom scientific s punjivom baterijom, sa sna\u017enim pove\u0107anjem i jarko osvijetljenim zaslonom od \u010detiri in\u010da.<\/p>\n<p>RUBY pove\u0107alo izvanredno je za \u010ditanje ra\u010duna, pisama, obavijesti i potvrda. Maleno i nenametljivo &#8211; lako stane u d\u017eep ili torbicu prilikom posjete trgovini, ljekarni, banci, knji\u017enici, knji\u017eari, restoranu ili bilo gdje drugdje.<\/p>\n<p>Rasklopite ru\u010dku da biste pove\u0107alo RUBY koristili kao \u0161to se koristi obi\u010dna lupa s ru\u010dkom ili ru\u010dku sklopite i polo\u017eite RUBY na stranicu knjige da biste \u010ditali red po red.<\/p>\n<ul>\n<li>Pove\u0107anje 2x do 14x s rasklopljenom ru\u010dkom<\/li>\n<li>Uve\u0107anje od 5x do 10x polo\u017eeno na stranicu papira<\/li>\n<li>Jednostavno za rukovanje. Uklju\u010duje se pritiskom na prvu tipku, pove\u0107ava ili smanjuje pritiskom na drugu. Predznanje nije potrebno.<\/li>\n<li>Koristi 4 AAA punjive baterije &#8211; 2 sata neprekidnog kori\u0161tenja; Vrijeme punjenja 2 sata (radi i s jednokratnim baterijama)<\/li>\n<li>Prilo\u017eena za\u0161titna torbica za no\u0161enje<\/li>\n<\/ul>\n<p><strong>Video prezentacija (Youtube, vanjska poveznica)<\/strong><br \/>\n<iframe loading=\"lazy\" title=\"YouTube video player\" src=\"https:\/\/www.youtube.com\/embed\/ghU37Tmk7Lc?si=ERDDdf6MX5kTzHaQ\" width=\"560\" height=\"315\" frameborder=\"0\" allowfullscreen=\"allowfullscreen\"><\/iframe><\/p>\n<h1>Tehni\u010dki podatci<\/h1>\n<ul>\n<li>Dimenzije (D x \u0160 x V): 12,5 x 7,5 x 3,4 cm<\/li>\n<li>Te\u017eina: 218 g<\/li>\n<\/ul>\n<h1>Zna\u010dajke pove\u0107ala Ruby<\/h1>\n<p><strong>Prijenosno<\/strong><br \/>\nStane u d\u017eep jakne, sakoa, u torbicu<\/p>\n<p><strong>Pove\u0107anje<\/strong><br \/>\nPove\u0107ava tekst i predmete<\/p>\n<p><strong>Prakti\u010dnost<\/strong><br \/>\nIdealno za trenutni pristup sitno napisanom tekstu i slikama<\/p>\n<p><strong>Op\u0107enito<\/strong><br \/>\nJamstvo: 12 mjeseci<br \/>\nProizvo\u0111a\u010d: Freedom Scientific<br \/>\nZemlja podrijetla: SAD<\/p>\n<hr \/>\n<h3>Navigacija<\/h3>\n<ul>\n<li><a href=\"https:\/\/tiflonova.hr\/wp\/?page_id=780\">Povratak na <strong>Ru\u010dna elektroni\u010dka pove\u0107ala<\/strong><\/a><\/li>\n<\/ul>\n","protected":false},"excerpt":{"rendered":"<p>Narud\u017eba Cijena: 601,95 EUR * \u0160ifra za narud\u017ebu: 31001 Naru\u010dite sada&#8230;. * Cijena je informativna, promjenjiva i ne predstavlja obvezuju\u0107u ponudu. Raspolo\u017eivost i cijenu potvr\u0111ujemo po primitku i obradi narud\u017ebe. Najmanje ru\u010dno elektroni\u010dko pove\u0107alo tvrtke Freedom scientific s punjivom baterijom, &hellip; <a href=\"https:\/\/tiflonova.hr\/wp\/?page_id=782\">Nastavi \u010ditati <span class=\"meta-nav\">&rarr;<\/span><\/a><\/p>\n","protected":false},"author":1,"featured_media":0,"parent":780,"menu_order":0,"comment_status":"closed","ping_status":"closed","template":"","meta":{"footnotes":""},"class_list":["post-782","page","type-page","status-publish","hentry"],"_links":{"self":[{"href":"https:\/\/tiflonova.hr\/wp\/index.php?rest_route=\/wp\/v2\/pages\/782","targetHints":{"allow":["GET"]}}],"collection":[{"href":"https:\/\/tiflonova.hr\/wp\/index.php?rest_route=\/wp\/v2\/pages"}],"about":[{"href":"https:\/\/tiflonova.hr\/wp\/index.php?rest_route=\/wp\/v2\/types\/page"}],"author":[{"embeddable":true,"href":"https:\/\/tiflonova.hr\/wp\/index.php?rest_route=\/wp\/v2\/users\/1"}],"replies":[{"embeddable":true,"href":"https:\/\/tiflonova.hr\/wp\/index.php?rest_route=%2Fwp%2Fv2%2Fcomments&post=782"}],"version-history":[{"count":3,"href":"https:\/\/tiflonova.hr\/wp\/index.php?rest_route=\/wp\/v2\/pages\/782\/revisions"}],"predecessor-version":[{"id":850,"href":"https:\/\/tiflonova.hr\/wp\/index.php?rest_route=\/wp\/v2\/pages\/782\/revisions\/850"}],"up":[{"embeddable":true,"href":"https:\/\/tiflonova.hr\/wp\/index.php?rest_route=\/wp\/v2\/pages\/780"}],"wp:attachment":[{"href":"https:\/\/tiflonova.hr\/wp\/index.php?rest_route=%2Fwp%2Fv2%2Fmedia&parent=782"}],"curies":[{"name":"wp","href":"https:\/\/api.w.org\/{rel}","templated":true}]}}