{"id":780,"date":"2025-04-24T15:57:30","date_gmt":"2025-04-24T13:57:30","guid":{"rendered":"https:\/\/tiflonova.hr\/wp\/?page_id=780"},"modified":"2025-04-25T09:34:11","modified_gmt":"2025-04-25T07:34:11","slug":"serija-ruby-rucna-elektronicka-povecala","status":"publish","type":"page","link":"https:\/\/tiflonova.hr\/wp\/?page_id=780","title":{"rendered":"Ru\u010dna elektroni\u010dka pove\u0107ala za slabovidne"},"content":{"rendered":"<h1><a href=\"https:\/\/tiflonova.hr\/wp\/?page_id=782#content\">Freedom Scientific RUBY\u00ae<\/a><\/h1>\n<p><img loading=\"lazy\" decoding=\"async\" class=\"alignnone size-medium wp-image-843\" src=\"https:\/\/tiflonova.hr\/wp\/wp-content\/uploads\/2025\/04\/RUBY-300x300.jpg\" alt=\"RUBY\" width=\"300\" height=\"300\" srcset=\"https:\/\/tiflonova.hr\/wp\/wp-content\/uploads\/2025\/04\/RUBY-300x300.jpg 300w, https:\/\/tiflonova.hr\/wp\/wp-content\/uploads\/2025\/04\/RUBY-150x150.jpg 150w, https:\/\/tiflonova.hr\/wp\/wp-content\/uploads\/2025\/04\/RUBY.jpg 480w\" sizes=\"auto, (max-width: 300px) 100vw, 300px\" \/><\/p>\n<p>Pove\u0107anje 2x do 14x s rasklopljenom ru\u010dkom<br \/>\nUve\u0107anje od 5x do 10x polo\u017eeno na stranicu papira<br \/>\nZaslon 4 in\u010da<br \/>\nMalih dimenzija &#8211; stane u d\u017eep jakne i torbicu<br \/>\n<a href=\"https:\/\/tiflonova.hr\/wp\/?page_id=782#content\">Op\u0161irnije&#8230;<\/a><\/p>\n<p>Cijena: 601,95 EUR *<br \/>\n\u0160ifra za narud\u017ebu: 31001<br \/>\n<a href=\"https:\/\/tiflonova.hr\/wp\/?page_id=177#content\">Naru\u010dite sada&#8230;.<\/a><\/p>\n<hr \/>\n<h1><a href=\"https:\/\/tiflonova.hr\/wp\/?page_id=784#content\">Freedom Scientific RUBY\u00ae HD<\/a><\/h1>\n<p><img loading=\"lazy\" decoding=\"async\" class=\"alignnone size-medium wp-image-837\" src=\"https:\/\/tiflonova.hr\/wp\/wp-content\/uploads\/2025\/04\/RUBY-HD-300x300.jpg\" alt=\"RUBY HD\" width=\"300\" height=\"300\" srcset=\"https:\/\/tiflonova.hr\/wp\/wp-content\/uploads\/2025\/04\/RUBY-HD-300x300.jpg 300w, https:\/\/tiflonova.hr\/wp\/wp-content\/uploads\/2025\/04\/RUBY-HD-150x150.jpg 150w, https:\/\/tiflonova.hr\/wp\/wp-content\/uploads\/2025\/04\/RUBY-HD.jpg 480w\" sizes=\"auto, (max-width: 300px) 100vw, 300px\" \/><\/p>\n<p>2x &#8211; 13x kontinuirano pove\u0107anje<br \/>\n\u0160iroki zaslon od 4.3 in\u010da<br \/>\nHD kvaliteta slike<br \/>\n<a href=\"https:\/\/tiflonova.hr\/wp\/?page_id=784#content\">Op\u0161irnije&#8230;<\/a><\/p>\n<p>Cijena: 711,95 EUR *<br \/>\n\u0160ifra za narud\u017ebu: 31002<br \/>\n<a href=\"https:\/\/tiflonova.hr\/wp\/?page_id=177#content\">Naru\u010dite sada&#8230;.<\/a><\/p>\n<hr \/>\n<h1>RUBY\u00ae\/RUBY\u00ae HD stalak za \u010ditanje<\/h1>\n<p>Stalak za \u010ditanje serije RUBY\u00ae\/RUBY\u00ae HD ru\u010dnih pove\u0107ala<\/p>\n<p>Cijena: 19,95 EUR *<br \/>\n\u0160ifra za narud\u017ebu: 31009<br \/>\n<a href=\"https:\/\/tiflonova.hr\/wp\/?page_id=177#content\">Naru\u010dite sada&#8230;.<\/a><\/p>\n<hr \/>\n<h1><a href=\"https:\/\/tiflonova.hr\/wp\/?page_id=786#content\">Freedom Scientific RUBY\u00ae XL HD<\/a><\/h1>\n<p><img loading=\"lazy\" decoding=\"async\" class=\"alignnone size-medium wp-image-842\" src=\"https:\/\/tiflonova.hr\/wp\/wp-content\/uploads\/2025\/04\/RUBY-XL-HD-300x300.jpg\" alt=\"RUBY XL HD\" width=\"300\" height=\"300\" srcset=\"https:\/\/tiflonova.hr\/wp\/wp-content\/uploads\/2025\/04\/RUBY-XL-HD-300x300.jpg 300w, https:\/\/tiflonova.hr\/wp\/wp-content\/uploads\/2025\/04\/RUBY-XL-HD-150x150.jpg 150w, https:\/\/tiflonova.hr\/wp\/wp-content\/uploads\/2025\/04\/RUBY-XL-HD.jpg 480w\" sizes=\"auto, (max-width: 300px) 100vw, 300px\" \/><\/p>\n<p>2x &#8211; 14x kontinuirano pove\u0107anje<br \/>\n\u0160iroki zaslon od 5 in\u010da<br \/>\nHD kvaliteta slike<br \/>\n20 na\u010dina prikazivanja boja u visokom kontrastu<br \/>\nZamrzavanje okvira, pohranjivanje, linija za \u010ditanje i maske<br \/>\n<a href=\"https:\/\/tiflonova.hr\/wp\/?page_id=786#content\">Op\u0161irnije&#8230;<\/a><\/p>\n<p>Cijena: 987,95 EUR *<br \/>\n\u0160ifra za narud\u017ebu: 31003<br \/>\n<a href=\"https:\/\/tiflonova.hr\/wp\/?page_id=177#content\">Naru\u010dite sada&#8230;.<\/a><\/p>\n<hr \/>\n<h1><a href=\"https:\/\/tiflonova.hr\/wp\/?page_id=788#content\">Freedom Scientific RUBY\u00ae 7 HD<\/a><\/h1>\n<p><img loading=\"lazy\" decoding=\"async\" class=\"alignnone size-medium wp-image-829\" src=\"https:\/\/tiflonova.hr\/wp\/wp-content\/uploads\/2025\/04\/RUBY-7-HD-300x300.jpg\" alt=\"RUBY 7 HD\" width=\"300\" height=\"300\" srcset=\"https:\/\/tiflonova.hr\/wp\/wp-content\/uploads\/2025\/04\/RUBY-7-HD-300x300.jpg 300w, https:\/\/tiflonova.hr\/wp\/wp-content\/uploads\/2025\/04\/RUBY-7-HD-150x150.jpg 150w, https:\/\/tiflonova.hr\/wp\/wp-content\/uploads\/2025\/04\/RUBY-7-HD.jpg 640w\" sizes=\"auto, (max-width: 300px) 100vw, 300px\" \/><\/p>\n<p>2x &#8211; 20x kontinuirano pove\u0107anje<br \/>\n\u0160iroki zaslon od 7 in\u010da<br \/>\nPivotCam\u2122 rotiraju\u0107a kamera<br \/>\nHD kvaliteta slike<br \/>\n20 na\u010dina prikazivanja boja u visokom kontrastu<br \/>\nZamrzavanje okvira, pohranjivanje, linija za \u010ditanje i maske<br \/>\n<a href=\"https:\/\/tiflonova.hr\/wp\/?page_id=788#content\">Op\u0161irnije&#8230;<\/a><\/p>\n<p>Cijena: 1.318,95 EUR *<br \/>\n\u0160ifra za narud\u017ebu: 31004<br \/>\n<a href=\"https:\/\/tiflonova.hr\/wp\/?page_id=177#content\">Naru\u010dite sada&#8230;.<\/a><\/p>\n<hr \/>\n<h1><a href=\"https:\/\/tiflonova.hr\/wp\/?page_id=790#content\">Freedom Scientific RUBY\u00ae 10 HD<\/a><\/h1>\n<p><img loading=\"lazy\" decoding=\"async\" class=\"alignnone size-medium wp-image-834\" src=\"https:\/\/tiflonova.hr\/wp\/wp-content\/uploads\/2025\/04\/RUBY-10-300x300.jpg\" alt=\"RUBY 10\" width=\"300\" height=\"300\" srcset=\"https:\/\/tiflonova.hr\/wp\/wp-content\/uploads\/2025\/04\/RUBY-10-300x300.jpg 300w, https:\/\/tiflonova.hr\/wp\/wp-content\/uploads\/2025\/04\/RUBY-10-150x150.jpg 150w, https:\/\/tiflonova.hr\/wp\/wp-content\/uploads\/2025\/04\/RUBY-10-768x768.jpg 768w, https:\/\/tiflonova.hr\/wp\/wp-content\/uploads\/2025\/04\/RUBY-10.jpg 800w\" sizes=\"auto, (max-width: 300px) 100vw, 300px\" \/><\/p>\n<p>2x &#8211; 24x kontinuirano pove\u0107anje<br \/>\n\u0160iroki zaslon od 10 in\u010da<br \/>\n3 kamere<br \/>\nHD kvaliteta slike<br \/>\nZamrzavanje okvira, pohranjivanje, linija za \u010ditanje i maske<br \/>\nSpajanje velikog vanjskog zaslona<br \/>\n<a href=\"https:\/\/tiflonova.hr\/wp\/?page_id=790#content\">Op\u0161irnije&#8230;<\/a><\/p>\n<p>Cijena: 1.640,95 EUR *<br \/>\n\u0160ifra za narud\u017ebu: 31005<br \/>\n<a href=\"https:\/\/tiflonova.hr\/wp\/?page_id=177#content\">Naru\u010dite sada&#8230;.<\/a><\/p>\n<hr \/>\n<h1><a href=\"https:\/\/tiflonova.hr\/wp\/?page_id=792#content\">Freedom Scientific RUBY\u00ae 10 HD s govorom<\/a><\/h1>\n<p><img loading=\"lazy\" decoding=\"async\" class=\"alignnone size-medium wp-image-830\" src=\"https:\/\/tiflonova.hr\/wp\/wp-content\/uploads\/2025\/04\/RUBY-10-cita-na-glas-300x300.webp\" alt=\"RUBY 10 \u010dita na glas\" width=\"300\" height=\"300\" srcset=\"https:\/\/tiflonova.hr\/wp\/wp-content\/uploads\/2025\/04\/RUBY-10-cita-na-glas-300x300.webp 300w, https:\/\/tiflonova.hr\/wp\/wp-content\/uploads\/2025\/04\/RUBY-10-cita-na-glas-150x150.webp 150w, https:\/\/tiflonova.hr\/wp\/wp-content\/uploads\/2025\/04\/RUBY-10-cita-na-glas.webp 713w\" sizes=\"auto, (max-width: 300px) 100vw, 300px\" \/><\/p>\n<p>2x &#8211; 24x kontinuirano pove\u0107anje<br \/>\n\u0160iroki zaslon od 10 in\u010da<br \/>\nUgodni, prirodni glas koji govori hrvatski<br \/>\n3 kamere<br \/>\nHD kvaliteta slike<br \/>\nZamrzavanje okvira, pohranjivanje, linija za \u010ditanje i maske<br \/>\nSpajanje velikog vanjskog zaslona<br \/>\n<a href=\"https:\/\/tiflonova.hr\/wp\/?page_id=792#content\">Op\u0161irnije&#8230;<\/a><\/p>\n<p>Cijena: 1.980,95 EUR *<br \/>\n\u0160ifra za narud\u017ebu: 31006<br \/>\n<a href=\"https:\/\/tiflonova.hr\/wp\/?page_id=177#content\">Naru\u010dite sada&#8230;.<\/a><\/p>\n<hr \/>\n<p><em>* Cijena je informativna, promjenjiva i ne predstavlja obvezuju\u0107u ponudu. Raspolo\u017eivost i cijenu potvr\u0111ujemo po primitku i obradi narud\u017ebe.<\/em><\/p>\n<hr \/>\n<h3>Navigacija<\/h3>\n<ul>\n<li><a href=\"https:\/\/tiflonova.hr\/wp\/?page_id=764\">Povratak na <strong>Pove\u0107ala za slabovidne<\/strong><\/a><\/li>\n<\/ul>\n","protected":false},"excerpt":{"rendered":"<p>Freedom Scientific RUBY\u00ae Pove\u0107anje 2x do 14x s rasklopljenom ru\u010dkom Uve\u0107anje od 5x do 10x polo\u017eeno na stranicu papira Zaslon 4 in\u010da Malih dimenzija &#8211; stane u d\u017eep jakne i torbicu Op\u0161irnije&#8230; Cijena: 601,95 EUR * \u0160ifra za narud\u017ebu: 31001 &hellip; <a href=\"https:\/\/tiflonova.hr\/wp\/?page_id=780\">Nastavi \u010ditati <span class=\"meta-nav\">&rarr;<\/span><\/a><\/p>\n","protected":false},"author":1,"featured_media":0,"parent":764,"menu_order":0,"comment_status":"closed","ping_status":"closed","template":"","meta":{"footnotes":""},"class_list":["post-780","page","type-page","status-publish","hentry"],"_links":{"self":[{"href":"https:\/\/tiflonova.hr\/wp\/index.php?rest_route=\/wp\/v2\/pages\/780","targetHints":{"allow":["GET"]}}],"collection":[{"href":"https:\/\/tiflonova.hr\/wp\/index.php?rest_route=\/wp\/v2\/pages"}],"about":[{"href":"https:\/\/tiflonova.hr\/wp\/index.php?rest_route=\/wp\/v2\/types\/page"}],"author":[{"embeddable":true,"href":"https:\/\/tiflonova.hr\/wp\/index.php?rest_route=\/wp\/v2\/users\/1"}],"replies":[{"embeddable":true,"href":"https:\/\/tiflonova.hr\/wp\/index.php?rest_route=%2Fwp%2Fv2%2Fcomments&post=780"}],"version-history":[{"count":8,"href":"https:\/\/tiflonova.hr\/wp\/index.php?rest_route=\/wp\/v2\/pages\/780\/revisions"}],"predecessor-version":[{"id":849,"href":"https:\/\/tiflonova.hr\/wp\/index.php?rest_route=\/wp\/v2\/pages\/780\/revisions\/849"}],"up":[{"embeddable":true,"href":"https:\/\/tiflonova.hr\/wp\/index.php?rest_route=\/wp\/v2\/pages\/764"}],"wp:attachment":[{"href":"https:\/\/tiflonova.hr\/wp\/index.php?rest_route=%2Fwp%2Fv2%2Fmedia&parent=780"}],"curies":[{"name":"wp","href":"https:\/\/api.w.org\/{rel}","templated":true}]}}