{"id":698,"date":"2026-01-29T10:11:30","date_gmt":"2026-01-29T09:11:30","guid":{"rendered":"https:\/\/tiflonova.hr\/wp\/?page_id=698"},"modified":"2026-01-29T10:41:54","modified_gmt":"2026-01-29T09:41:54","slug":"index-klamerica-za-brajicne-listove","status":"publish","type":"page","link":"https:\/\/tiflonova.hr\/wp\/?page_id=698","title":{"rendered":"Index klamerica za braji\u010dne listove"},"content":{"rendered":"<h3>Narud\u017eba<\/h3>\n<ul>\n<li>Cijena: 499,95 EUR *<\/li>\n<li>\u0160ifra za narud\u017ebu: 20508<\/li>\n<li><a href=\"https:\/\/tiflonova.hr\/wp\/?page_id=177#content\">Naru\u010dite sada&#8230;.<\/a><\/li>\n<\/ul>\n<p><em>* Cijena je informativna, promjenjiva i ne predstavlja obvezuju\u0107u ponudu. Raspolo\u017eivost i cijenu potvr\u0111ujemo po primitku i obradi narud\u017ebe.<\/em><\/p>\n<hr \/>\n<p><img loading=\"lazy\" decoding=\"async\" class=\"alignnone size-medium wp-image-752\" src=\"https:\/\/tiflonova.hr\/wp\/wp-content\/uploads\/2025\/04\/Index-klamerica-300x169.jpg\" alt=\"Index klamerica\" width=\"300\" height=\"169\" srcset=\"https:\/\/tiflonova.hr\/wp\/wp-content\/uploads\/2025\/04\/Index-klamerica-300x169.jpg 300w, https:\/\/tiflonova.hr\/wp\/wp-content\/uploads\/2025\/04\/Index-klamerica-1024x576.jpg 1024w, https:\/\/tiflonova.hr\/wp\/wp-content\/uploads\/2025\/04\/Index-klamerica-768x432.jpg 768w, https:\/\/tiflonova.hr\/wp\/wp-content\/uploads\/2025\/04\/Index-klamerica-1536x864.jpg 1536w, https:\/\/tiflonova.hr\/wp\/wp-content\/uploads\/2025\/04\/Index-klamerica-500x281.jpg 500w, https:\/\/tiflonova.hr\/wp\/wp-content\/uploads\/2025\/04\/Index-klamerica.jpg 1600w\" sizes=\"auto, (max-width: 300px) 100vw, 300px\" \/><\/p>\n<p>Index klamerica je velika klamerica koja mo\u017ee spojiti listove u debelu braji\u010dnu knjigu, mo\u017ee spojiti braji\u010dne listove u oblik magazina (format papira A3 ili 11&#215;17 in\u010da) i spojiti braji\u010dne listove u blok knjigu i ostale oblike.<\/p>\n<p>Uklju\u010duje:<\/p>\n<ul>\n<li>podr\u0161ka za 100x 8-23 mm super duga\u010dke spajalice.<\/li>\n<li>Maksimalna dubina umetanja papira 250 mm.<\/li>\n<li>1 pakiranje od 4000 spajalica 8 mm duga\u010dke (Rapesco 923\/8 mm)<\/li>\n<li>1 pakiranje od 4000 spajalica 14 mm duga\u010dke (Rapesco 923\/14 mm)<\/li>\n<li>Paralelno klamanje (za spajanje u naboru hrpe papira)<\/li>\n<li>Pokretni nakovanj za brzo promjenu izme\u0111u paralelnog i zaobilaznog spajanja<\/li>\n<li>Podesiva skala za spajanje omogu\u0107uje precizno postavljanje spajalice na braji\u010dni list.<\/li>\n<li>Me\u0111usobno spajanje velikog broja ispisanih braji\u010dnih listova bez zaglavljenih spajalica i uni\u0161tenih braji\u010dnih to\u010daka.<\/li>\n<li>Optimizirano za klamanje braji\u010dnih listova ispisanih na modelima pisa\u010da Everest-D V5 i BrailleBox V5.<\/li>\n<\/ul>\n<h1>Tehni\u010dki podatci<\/h1>\n<p><strong>Masa i dimenzije<\/strong><br \/>\nDimenzije (D x \u0160 x V): 26 x 31 x 53,5 cm<br \/>\nMasa: 5,3 kg<\/p>\n<p>Dimenzije za otpremu (D x \u0160 x V): 57 x 29 x 16 cm<br \/>\nMasa za otpremu: 7,6 kg<\/p>\n<p><strong>Op\u0107enito<\/strong><br \/>\nProizvo\u0111a\u010d: Index Braille ag<br \/>\nZemlja podrijetla: \u0160vedska<\/p>\n<hr \/>\n<h3>Navigacija<\/h3>\n<ul>\n<li><a href=\"https:\/\/tiflonova.hr\/wp\/?page_id=667\">Povratak na <strong>Braji\u010dni pisa\u010di i pribor<\/strong><\/a><\/li>\n<\/ul>\n","protected":false},"excerpt":{"rendered":"<p>Narud\u017eba Cijena: 499,95 EUR * \u0160ifra za narud\u017ebu: 20508 Naru\u010dite sada&#8230;. * Cijena je informativna, promjenjiva i ne predstavlja obvezuju\u0107u ponudu. Raspolo\u017eivost i cijenu potvr\u0111ujemo po primitku i obradi narud\u017ebe. Index klamerica je velika klamerica koja mo\u017ee spojiti listove u &hellip; <a href=\"https:\/\/tiflonova.hr\/wp\/?page_id=698\">Nastavi \u010ditati <span class=\"meta-nav\">&rarr;<\/span><\/a><\/p>\n","protected":false},"author":1,"featured_media":0,"parent":667,"menu_order":0,"comment_status":"closed","ping_status":"closed","template":"","meta":{"footnotes":""},"class_list":["post-698","page","type-page","status-publish","hentry"],"_links":{"self":[{"href":"https:\/\/tiflonova.hr\/wp\/index.php?rest_route=\/wp\/v2\/pages\/698","targetHints":{"allow":["GET"]}}],"collection":[{"href":"https:\/\/tiflonova.hr\/wp\/index.php?rest_route=\/wp\/v2\/pages"}],"about":[{"href":"https:\/\/tiflonova.hr\/wp\/index.php?rest_route=\/wp\/v2\/types\/page"}],"author":[{"embeddable":true,"href":"https:\/\/tiflonova.hr\/wp\/index.php?rest_route=\/wp\/v2\/users\/1"}],"replies":[{"embeddable":true,"href":"https:\/\/tiflonova.hr\/wp\/index.php?rest_route=%2Fwp%2Fv2%2Fcomments&post=698"}],"version-history":[{"count":4,"href":"https:\/\/tiflonova.hr\/wp\/index.php?rest_route=\/wp\/v2\/pages\/698\/revisions"}],"predecessor-version":[{"id":762,"href":"https:\/\/tiflonova.hr\/wp\/index.php?rest_route=\/wp\/v2\/pages\/698\/revisions\/762"}],"up":[{"embeddable":true,"href":"https:\/\/tiflonova.hr\/wp\/index.php?rest_route=\/wp\/v2\/pages\/667"}],"wp:attachment":[{"href":"https:\/\/tiflonova.hr\/wp\/index.php?rest_route=%2Fwp%2Fv2%2Fmedia&parent=698"}],"curies":[{"name":"wp","href":"https:\/\/api.w.org\/{rel}","templated":true}]}}