{"id":694,"date":"2026-01-29T10:01:39","date_gmt":"2026-01-29T09:01:39","guid":{"rendered":"https:\/\/tiflonova.hr\/wp\/?page_id=694"},"modified":"2026-01-29T10:34:23","modified_gmt":"2026-01-29T09:34:23","slug":"akusticni-ormaric-za-index-everest-d-v5-i-basic-d-v5","status":"publish","type":"page","link":"https:\/\/tiflonova.hr\/wp\/?page_id=694","title":{"rendered":"Akusti\u010dni ormari\u0107 za Index everest-D V5 i Basic-D V5 braji\u010dne pisa\u010de"},"content":{"rendered":"<h3>Narud\u017eba<\/h3>\n<ul>\n<li>Cijena: 1.434,95 EUR *<\/li>\n<li>\u0160ifra za narud\u017ebu: 20507<\/li>\n<li><a href=\"https:\/\/tiflonova.hr\/wp\/?page_id=177#content\">Naru\u010dite sada&#8230;.<\/a><\/li>\n<\/ul>\n<p><em>* Cijena je informativna, promjenjiva i ne predstavlja obvezuju\u0107u ponudu. Raspolo\u017eivost i cijenu potvr\u0111ujemo po primitku i obradi narud\u017ebe.<\/em><\/p>\n<hr \/>\n<p><img loading=\"lazy\" decoding=\"async\" class=\"alignnone size-medium wp-image-751\" src=\"https:\/\/tiflonova.hr\/wp\/wp-content\/uploads\/2025\/04\/Index-akusticni-ormaric-200x300.jpg\" alt=\"Index akusti\u010dni ormari\u0107\" width=\"200\" height=\"300\" srcset=\"https:\/\/tiflonova.hr\/wp\/wp-content\/uploads\/2025\/04\/Index-akusticni-ormaric-200x300.jpg 200w, https:\/\/tiflonova.hr\/wp\/wp-content\/uploads\/2025\/04\/Index-akusticni-ormaric-682x1024.jpg 682w, https:\/\/tiflonova.hr\/wp\/wp-content\/uploads\/2025\/04\/Index-akusticni-ormaric-768x1154.jpg 768w, https:\/\/tiflonova.hr\/wp\/wp-content\/uploads\/2025\/04\/Index-akusticni-ormaric.jpg 960w\" sizes=\"auto, (max-width: 200px) 100vw, 200px\" \/><\/p>\n<p>Akusti\u010dni ormari\u0107 smanjuje buku ispisa na razinu prihvatljivu za ku\u0107u, \u0161kolu ili ured s radnim okru\u017eenjem. Dizajniran je specijalno za modele pisa\u010da Index Everest-D V5 i Index Basic-D V5. Budu\u0107i da uklanja buku ispisivanja za otprilike 25 DB, izvrstan je dodatni pribor braji\u010dnim pisa\u010dima.<\/p>\n<p>Index akusti\u010dni ormari\u0107 za smanjivanje buke dolazi kao kombinirani ormari\u0107 za dva modela braji\u010dnih pisa\u010da. Prilikom monta\u017ee ormari\u0107a obratite pa\u017enju \u017eelite li ga koristiti kao ormari\u0107 za model pisa\u010da Everest-D V5 ili za model pisa\u010da Basic-D V5. Monta\u017ea je jednostavna, svega u nekoliko koraka. Upute dolaze u pakiranju s ormari\u0107em.<\/p>\n<h1>Tehni\u010dki podatci<\/h1>\n<p><strong>Dominantni materijali:<\/strong> Furnirana MDF plo\u010da (MDF = vlaknasta plo\u010da srednje gusto\u0107e), kaljeno staklo i aluminijski profili.<\/p>\n<p><strong>Masa i dimenzije<\/strong><br \/>\nDimenzije (D x \u0160 x V): 115,5 x 60 x 43,5 cm<br \/>\nMasa: 38,7 kg<\/p>\n<p>Dimenzije za otpremu (D x \u0160 x V):<\/p>\n<ul>\n<li>kutija 1: 116 x 46 x 13 cm<\/li>\n<li>kutija 2: 116 x 66 x 6 cm<\/li>\n<\/ul>\n<p>Masa za otpremu:<\/p>\n<ul>\n<li>kutija 1: 24,5 kg<\/li>\n<li>kutija 2: 22,4 kg<\/li>\n<\/ul>\n<p><strong>Op\u0107enito<\/strong><br \/>\nProizvo\u0111a\u010d: Index Braille ag<br \/>\nZemlja podrijetla: \u0160vedska<\/p>\n<hr \/>\n<h3>Navigacija<\/h3>\n<ul>\n<li><a href=\"https:\/\/tiflonova.hr\/wp\/?page_id=667\">Povratak na <strong>Braji\u010dni pisa\u010di i pribor<\/strong><\/a><\/li>\n<\/ul>\n","protected":false},"excerpt":{"rendered":"<p>Narud\u017eba Cijena: 1.434,95 EUR * \u0160ifra za narud\u017ebu: 20507 Naru\u010dite sada&#8230;. * Cijena je informativna, promjenjiva i ne predstavlja obvezuju\u0107u ponudu. Raspolo\u017eivost i cijenu potvr\u0111ujemo po primitku i obradi narud\u017ebe. Akusti\u010dni ormari\u0107 smanjuje buku ispisa na razinu prihvatljivu za ku\u0107u, &hellip; <a href=\"https:\/\/tiflonova.hr\/wp\/?page_id=694\">Nastavi \u010ditati <span class=\"meta-nav\">&rarr;<\/span><\/a><\/p>\n","protected":false},"author":1,"featured_media":0,"parent":667,"menu_order":0,"comment_status":"closed","ping_status":"closed","template":"","meta":{"footnotes":""},"class_list":["post-694","page","type-page","status-publish","hentry"],"_links":{"self":[{"href":"https:\/\/tiflonova.hr\/wp\/index.php?rest_route=\/wp\/v2\/pages\/694","targetHints":{"allow":["GET"]}}],"collection":[{"href":"https:\/\/tiflonova.hr\/wp\/index.php?rest_route=\/wp\/v2\/pages"}],"about":[{"href":"https:\/\/tiflonova.hr\/wp\/index.php?rest_route=\/wp\/v2\/types\/page"}],"author":[{"embeddable":true,"href":"https:\/\/tiflonova.hr\/wp\/index.php?rest_route=\/wp\/v2\/users\/1"}],"replies":[{"embeddable":true,"href":"https:\/\/tiflonova.hr\/wp\/index.php?rest_route=%2Fwp%2Fv2%2Fcomments&post=694"}],"version-history":[{"count":6,"href":"https:\/\/tiflonova.hr\/wp\/index.php?rest_route=\/wp\/v2\/pages\/694\/revisions"}],"predecessor-version":[{"id":1236,"href":"https:\/\/tiflonova.hr\/wp\/index.php?rest_route=\/wp\/v2\/pages\/694\/revisions\/1236"}],"up":[{"embeddable":true,"href":"https:\/\/tiflonova.hr\/wp\/index.php?rest_route=\/wp\/v2\/pages\/667"}],"wp:attachment":[{"href":"https:\/\/tiflonova.hr\/wp\/index.php?rest_route=%2Fwp%2Fv2%2Fmedia&parent=694"}],"curies":[{"name":"wp","href":"https:\/\/api.w.org\/{rel}","templated":true}]}}