{"id":691,"date":"2026-01-29T10:11:26","date_gmt":"2026-01-29T09:11:26","guid":{"rendered":"https:\/\/tiflonova.hr\/wp\/?page_id=691"},"modified":"2026-01-29T10:36:46","modified_gmt":"2026-01-29T09:36:46","slug":"akusticni-poklopac-za-index-basic-d-v5","status":"publish","type":"page","link":"https:\/\/tiflonova.hr\/wp\/?page_id=691","title":{"rendered":"Akusti\u010dni poklopac za Index Basic-D V5 braji\u010dni pisa\u010d"},"content":{"rendered":"<h3>Narud\u017eba<\/h3>\n<ul>\n<li>Cijena: 1.554,95 EUR *<\/li>\n<li>\u0160ifra za narud\u017ebu: 20506<\/li>\n<li><a href=\"https:\/\/tiflonova.hr\/wp\/?page_id=177#content\">Naru\u010dite sada&#8230;.<\/a><\/li>\n<\/ul>\n<p><em>* Cijena je informativna, promjenjiva i ne predstavlja obvezuju\u0107u ponudu. Raspolo\u017eivost i cijenu potvr\u0111ujemo po primitku i obradi narud\u017ebe.<\/em><\/p>\n<hr \/>\n<p><img loading=\"lazy\" decoding=\"async\" class=\"alignnone size-medium wp-image-730\" src=\"https:\/\/tiflonova.hr\/wp\/wp-content\/uploads\/2025\/04\/Akusticni-poklopac-za-Bassic-D-V5-300x169.jpg\" alt=\"Akusti\u010dni poklopac za Bassic-D V5\" width=\"300\" height=\"169\" srcset=\"https:\/\/tiflonova.hr\/wp\/wp-content\/uploads\/2025\/04\/Akusticni-poklopac-za-Bassic-D-V5-300x169.jpg 300w, https:\/\/tiflonova.hr\/wp\/wp-content\/uploads\/2025\/04\/Akusticni-poklopac-za-Bassic-D-V5-768x432.jpg 768w, https:\/\/tiflonova.hr\/wp\/wp-content\/uploads\/2025\/04\/Akusticni-poklopac-za-Bassic-D-V5-500x281.jpg 500w, https:\/\/tiflonova.hr\/wp\/wp-content\/uploads\/2025\/04\/Akusticni-poklopac-za-Bassic-D-V5.jpg 960w\" sizes=\"auto, (max-width: 300px) 100vw, 300px\" \/><\/p>\n<p>Akusti\u010dni poklopac za braji\u010dni pisa\u010d Index Basic-D V5 smanjuje razinu buke ispisa za otprilike 90 posto.<br \/>\nNovo: Akusti\u010dni poklopac sada sadr\u017ei ugra\u0111eni no\u017e za rezanje papira.<\/p>\n<h1>Zna\u010dajke<\/h1>\n<p>Akusti\u010dni poklopac smanjuje buku ispisa na razinu prihvatljivu za ku\u0107u, \u0161kolu ili ured s radnim okru\u017eenjem. Dizajniran je specijalno za modele pisa\u010da Index Basic-D V4 i Index Basic-D V5. Uz funkcionalni dizajn kojim uklanja buku ispisa otprilike 90 %, kombinira moderni i prakti\u010dni dizajn. U njega se mo\u017ee odlo\u017eiti i spremiti 100 listova papira.<\/p>\n<ul>\n<li>Smanjuje buku ispisa na samo 63 (dB)<\/li>\n<li>Uklju\u010den posebno dizajniran reza\u010d papira<\/li>\n<li>Isporu\u010den i odmah spreman za upotrebu<\/li>\n<li>Za ventilaciju koristi ventilator pisa\u010da<\/li>\n<li>Podr\u0161ka s najnovijom verzijom firmvera.<\/li>\n<\/ul>\n<h1>Tehni\u010dki podatci<\/h1>\n<p><strong>Dominantni materijali:<\/strong> Furnirana MDF plo\u010da (MDF = vlaknasta plo\u010da srednje gusto\u0107e), kaljeno staklo i aluminijski profili.<\/p>\n<p><strong>Masa i dimenzije<\/strong><br \/>\nDimenzije (D x \u0160 x V): 60 x 36 x 62 cm<br \/>\nMasa: 19,6 kg<\/p>\n<p>Dimenzije za otpremu (D x \u0160 x V): 71 x 50 x 79 cm<br \/>\nMasa za otpremu: 25 kg<\/p>\n<p><strong>Ostali podatci<\/strong><br \/>\nReza\u010d papira: temeljen na Razor blade<br \/>\nPapir: dr\u017ea\u010d za otpriike 100 listova papira<\/p>\n<p><strong>Op\u0107enito<\/strong><br \/>\nProizvo\u0111a\u010d: Index Braille ag<br \/>\nZemlja podrijetla: \u0160vedska<\/p>\n<hr \/>\n<h3>Navigacija<\/h3>\n<ul>\n<li><a href=\"https:\/\/tiflonova.hr\/wp\/?page_id=667\">Povratak na <strong>Braji\u010dni pisa\u010di i pribor<\/strong><\/a><\/li>\n<\/ul>\n","protected":false},"excerpt":{"rendered":"<p>Narud\u017eba Cijena: 1.554,95 EUR * \u0160ifra za narud\u017ebu: 20506 Naru\u010dite sada&#8230;. * Cijena je informativna, promjenjiva i ne predstavlja obvezuju\u0107u ponudu. Raspolo\u017eivost i cijenu potvr\u0111ujemo po primitku i obradi narud\u017ebe. Akusti\u010dni poklopac za braji\u010dni pisa\u010d Index Basic-D V5 smanjuje razinu &hellip; <a href=\"https:\/\/tiflonova.hr\/wp\/?page_id=691\">Nastavi \u010ditati <span class=\"meta-nav\">&rarr;<\/span><\/a><\/p>\n","protected":false},"author":1,"featured_media":0,"parent":667,"menu_order":0,"comment_status":"closed","ping_status":"closed","template":"","meta":{"footnotes":""},"class_list":["post-691","page","type-page","status-publish","hentry"],"_links":{"self":[{"href":"https:\/\/tiflonova.hr\/wp\/index.php?rest_route=\/wp\/v2\/pages\/691","targetHints":{"allow":["GET"]}}],"collection":[{"href":"https:\/\/tiflonova.hr\/wp\/index.php?rest_route=\/wp\/v2\/pages"}],"about":[{"href":"https:\/\/tiflonova.hr\/wp\/index.php?rest_route=\/wp\/v2\/types\/page"}],"author":[{"embeddable":true,"href":"https:\/\/tiflonova.hr\/wp\/index.php?rest_route=\/wp\/v2\/users\/1"}],"replies":[{"embeddable":true,"href":"https:\/\/tiflonova.hr\/wp\/index.php?rest_route=%2Fwp%2Fv2%2Fcomments&post=691"}],"version-history":[{"count":5,"href":"https:\/\/tiflonova.hr\/wp\/index.php?rest_route=\/wp\/v2\/pages\/691\/revisions"}],"predecessor-version":[{"id":1238,"href":"https:\/\/tiflonova.hr\/wp\/index.php?rest_route=\/wp\/v2\/pages\/691\/revisions\/1238"}],"up":[{"embeddable":true,"href":"https:\/\/tiflonova.hr\/wp\/index.php?rest_route=\/wp\/v2\/pages\/667"}],"wp:attachment":[{"href":"https:\/\/tiflonova.hr\/wp\/index.php?rest_route=%2Fwp%2Fv2%2Fmedia&parent=691"}],"curies":[{"name":"wp","href":"https:\/\/api.w.org\/{rel}","templated":true}]}}