{"id":688,"date":"2026-01-29T09:21:39","date_gmt":"2026-01-29T08:21:39","guid":{"rendered":"https:\/\/tiflonova.hr\/wp\/?page_id=688"},"modified":"2026-01-29T10:29:53","modified_gmt":"2026-01-29T09:29:53","slug":"index-fanfold-d-v5-brajicni-pisac","status":"publish","type":"page","link":"https:\/\/tiflonova.hr\/wp\/?page_id=688","title":{"rendered":"Index FanFold-D V5 braji\u010dni pisa\u010d"},"content":{"rendered":"<h3>Narud\u017eba<\/h3>\n<ul>\n<li>Cijena: 14.995,95 EUR *<\/li>\n<li>\u0160ifra za narud\u017ebu: 20504<\/li>\n<li><a href=\"https:\/\/tiflonova.hr\/wp\/?page_id=177#content\">Naru\u010dite sada&#8230;.<\/a><\/li>\n<\/ul>\n<p><em>* Cijena je informativna, promjenjiva i ne predstavlja obvezuju\u0107u ponudu. Raspolo\u017eivost i cijenu potvr\u0111ujemo po primitku i obradi narud\u017ebe.<\/em><\/p>\n<hr \/>\n<p><img loading=\"lazy\" decoding=\"async\" class=\"alignnone size-medium wp-image-746\" src=\"https:\/\/tiflonova.hr\/wp\/wp-content\/uploads\/2025\/04\/FanFold-D-V5-brajicni-pisac-240x300.jpg\" alt=\"FanFold-D V5 braji\u010dni pisa\u010d\" width=\"240\" height=\"300\" srcset=\"https:\/\/tiflonova.hr\/wp\/wp-content\/uploads\/2025\/04\/FanFold-D-V5-brajicni-pisac-240x300.jpg 240w, https:\/\/tiflonova.hr\/wp\/wp-content\/uploads\/2025\/04\/FanFold-D-V5-brajicni-pisac-820x1024.jpg 820w, https:\/\/tiflonova.hr\/wp\/wp-content\/uploads\/2025\/04\/FanFold-D-V5-brajicni-pisac-768x960.jpg 768w, https:\/\/tiflonova.hr\/wp\/wp-content\/uploads\/2025\/04\/FanFold-D-V5-brajicni-pisac.jpg 1014w\" sizes=\"auto, (max-width: 240px) 100vw, 240px\" \/><\/p>\n<p><img loading=\"lazy\" decoding=\"async\" class=\"alignnone size-medium wp-image-748\" src=\"https:\/\/tiflonova.hr\/wp\/wp-content\/uploads\/2025\/04\/FanFold-D-V5-otvorenog-dizajna-240x300.jpg\" alt=\"FanFold-D V5 otvorenog dizajna\" width=\"240\" height=\"300\" srcset=\"https:\/\/tiflonova.hr\/wp\/wp-content\/uploads\/2025\/04\/FanFold-D-V5-otvorenog-dizajna-240x300.jpg 240w, https:\/\/tiflonova.hr\/wp\/wp-content\/uploads\/2025\/04\/FanFold-D-V5-otvorenog-dizajna-820x1024.jpg 820w, https:\/\/tiflonova.hr\/wp\/wp-content\/uploads\/2025\/04\/FanFold-D-V5-otvorenog-dizajna-768x960.jpg 768w, https:\/\/tiflonova.hr\/wp\/wp-content\/uploads\/2025\/04\/FanFold-D-V5-otvorenog-dizajna.jpg 1014w\" sizes=\"auto, (max-width: 240px) 100vw, 240px\" \/><\/p>\n<p><img loading=\"lazy\" decoding=\"async\" class=\"alignnone size-medium wp-image-747\" src=\"https:\/\/tiflonova.hr\/wp\/wp-content\/uploads\/2025\/04\/FanFold-D-V5-modul-za-ispis-300x300.jpg\" alt=\"FanFold-D V5 modul za ispis\" width=\"300\" height=\"300\" srcset=\"https:\/\/tiflonova.hr\/wp\/wp-content\/uploads\/2025\/04\/FanFold-D-V5-modul-za-ispis-300x300.jpg 300w, https:\/\/tiflonova.hr\/wp\/wp-content\/uploads\/2025\/04\/FanFold-D-V5-modul-za-ispis-150x150.jpg 150w, https:\/\/tiflonova.hr\/wp\/wp-content\/uploads\/2025\/04\/FanFold-D-V5-modul-za-ispis-768x768.jpg 768w, https:\/\/tiflonova.hr\/wp\/wp-content\/uploads\/2025\/04\/FanFold-D-V5-modul-za-ispis.jpg 900w\" sizes=\"auto, (max-width: 300px) 100vw, 300px\" \/> <img loading=\"lazy\" decoding=\"async\" class=\"alignnone size-medium wp-image-749\" src=\"https:\/\/tiflonova.hr\/wp\/wp-content\/uploads\/2025\/04\/FanFold-D-V5-prikljucci-300x200.jpg\" alt=\"FanFold-D V5 priklju\u010dci\" width=\"300\" height=\"200\" srcset=\"https:\/\/tiflonova.hr\/wp\/wp-content\/uploads\/2025\/04\/FanFold-D-V5-prikljucci-300x200.jpg 300w, https:\/\/tiflonova.hr\/wp\/wp-content\/uploads\/2025\/04\/FanFold-D-V5-prikljucci-768x512.jpg 768w, https:\/\/tiflonova.hr\/wp\/wp-content\/uploads\/2025\/04\/FanFold-D-V5-prikljucci-450x300.jpg 450w, https:\/\/tiflonova.hr\/wp\/wp-content\/uploads\/2025\/04\/FanFold-D-V5-prikljucci.jpg 974w\" sizes=\"auto, (max-width: 300px) 100vw, 300px\" \/> <img loading=\"lazy\" decoding=\"async\" class=\"alignnone size-medium wp-image-750\" src=\"https:\/\/tiflonova.hr\/wp\/wp-content\/uploads\/2025\/04\/FanFold-D-V5-web-sucelje-298x300.png\" alt=\"FanFold-D V5 web su\u010delje\" width=\"298\" height=\"300\" srcset=\"https:\/\/tiflonova.hr\/wp\/wp-content\/uploads\/2025\/04\/FanFold-D-V5-web-sucelje-298x300.png 298w, https:\/\/tiflonova.hr\/wp\/wp-content\/uploads\/2025\/04\/FanFold-D-V5-web-sucelje-150x150.png 150w, https:\/\/tiflonova.hr\/wp\/wp-content\/uploads\/2025\/04\/FanFold-D-V5-web-sucelje.png 630w\" sizes=\"auto, (max-width: 298px) 100vw, 298px\" \/><\/p>\n<p>Index FanFold-D V5 je braji\u010dni pisa\u010d velike brzine ispisa s pogonom za kontinuirano uvla\u010denje papira.<\/p>\n<p>Tihi braji\u010dni pisa\u010d; modul za ispis i modul za uvla\u010denje papira nalaze se u zatvorenom ku\u0107i\u0161tu.<\/p>\n<p>Pisa\u010d velike brzine ispisa i za ispis velike koli\u010dine materijala na Brailleovo pismu.<\/p>\n<p>Povoljan i ekonomi\u010dan.<\/p>\n<p>Index FanFold-D V5 stvara postojan ispis i izdr\u017eljive braji\u010dne to\u010dke.<\/p>\n<p><strong>Video prezentacija: FanFold-D V5 &#8211; YouTube<\/strong><br \/>\n<iframe loading=\"lazy\" title=\"YouTube video player\" src=\"https:\/\/www.youtube.com\/embed\/xZFupOEu7hw?si=2fLTY2g_C7dz8lsr\" width=\"560\" height=\"315\" frameborder=\"0\" allowfullscreen=\"allowfullscreen\"><\/iframe><\/p>\n<h1>Sadr\u017eaj pakiranja<\/h1>\n<ul>\n<li>Index FanFold-D V5 braji\u010dni pisa\u010d<\/li>\n<li>Strujni adapter s kabelom<\/li>\n<li>USB kabel<\/li>\n<li>USB memorija s upravlja\u010dkim programom, aplikacijama i uputama<\/li>\n<\/ul>\n<hr \/>\n<h1>Va\u017enije zna\u010dajke<\/h1>\n<p><strong>Brzi i povoljan ispis<\/strong><br \/>\nVelika brzina ispisa s kvalitetnim solenoidima i brzi pogon za uvla\u010denje kontinuiranog papira uz vrlo povoljnu cijenu.<\/p>\n<p><strong>Kontinuirani (tractor) papir s vodilicom<\/strong><br \/>\nFanFold-D V5 koristi tradicionalni papir za braji\u010dne pisa\u010de &#8211; kontinuirani papir s vodilicom.<br \/>\nMehanizam za kontinuirani papir najstabilniji i najpouzdaniji je pogon. Omogu\u0107uje neprekidni ispis velikog broja stranica bez potrebe nadziranja. Radi godinama, pouzdano i ne zahtjeva posebno odr\u017eavanje &#8211; zahtjeva samo \u010di\u0161\u0107enje od pra\u0161ine.<\/p>\n<p><strong>Tihi rad<\/strong><br \/>\nFanFold-D V5 stvara nisku razinu buke i mo\u017ee se postaviti u ured s radnim okru\u017eenjem.<\/p>\n<p><strong>Vodoravni i okomiti ispis brajice<\/strong><br \/>\nBraji\u010dni tekst mo\u017ee biti ispisan vodoravno ili okomito uz pomo\u0107 braji\u010dnog pisa\u010da FanFold-D V5.<\/p>\n<p><strong>Manje je vi\u0161e<\/strong><br \/>\nBraji\u010dni pisa\u010d FanFold-D V5 dizajniran je s upravlja\u010dkom plo\u010dom i ladicama za papir na prednjoj strani na klasi\u010dnoj Index-ovoj platformi, tj. jednostavno i prakti\u010dno za rukovanje.<\/p>\n<p><strong>Jednostavno odr\u017eavanje<\/strong><br \/>\nOtvorena konstrukcija omogu\u0107uje pristup modulu za utiskivanje, elektroni\u010dkoj plo\u010di i napajanju.<\/p>\n<p><strong>Optimizirano odr\u017eavanje<\/strong><br \/>\nSvi mehani\u010dki sustavi zahtjevaju odr\u017eavanje. Kod Index pisa\u010da ono je svedeno na minimum:<\/p>\n<ul>\n<li>\u010di\u0161\u0107enje senzora papira od pra\u0161ine<\/li>\n<li>\u010di\u0161\u0107enje mehanizma za uvla\u010denje papira od pra\u0161ine i prljav\u0161tine<\/li>\n<li>\u010di\u0161\u0107enje solenoida od pra\u0161ine i komadi\u0107a papira<\/li>\n<li>a\u017euriranje firmwarea za pisa\u010d.<\/li>\n<\/ul>\n<p><strong>Pobolj\u0161anja u FanFold-D V5<\/strong><br \/>\nStrojni i programski moduli pisa\u010da FanFold-D V5 prate najnovije standarde ispisa na Braileovo pismo i tehnolo\u0161ka rje\u0161enja.<\/p>\n<p><strong>Taktilni crte\u017ei<\/strong><br \/>\nSvi pisa\u010di Index V5 mogu tiskati taktilne (reljefne) crte\u017ee i kombinirati ih s braji\u010dnim tekstom na istom listu papira. Taktilni crte\u017ei stvaraju se besplatnim i komercijalnim softverima.<\/p>\n<p><strong>Upravlja\u010dka plo\u010da<\/strong><br \/>\nUpravlja\u010dka plo\u010da je korisni\u010dko su\u010delje koje korisniku omogu\u0107uje postavljanje i kori\u0161tenje pisa\u010da. Tipke sadr\u017ee latini\u010dne i braji\u010dne oznake. Kroz postavke korisnika vodi vi\u0161ejezi\u010dni sintetizator govora.<\/p>\n<p><strong>Kvaliteta ispisane brajice<\/strong><br \/>\nNova generacija solenoida tiska kvalitetne i postojane braji\u010dne to\u010dke i nakon puno ispisanih stranica.<\/p>\n<p><strong>idB: Index-direct-Braille<\/strong><br \/>\nidB (Index-direct-Braille) otvara mogu\u0107nost za ispis standardnih dokumenata bez vanjskog braji\u010dnog prevoditelja i ure\u0111iva\u010da. Dokument \u0107e biti preveden i oblikovan prema mogu\u0107nostima aplikacije ugra\u0111ene u pisa\u010d i korisni\u010dkim postavkama.<\/p>\n<p><strong>Daljinska podr\u0161ka<\/strong><br \/>\nPutem daljinske podr\u0161ke stru\u010dni tim tvrtke Index Braille ili ovla\u0161teni distributer mo\u017ee pristupiti pisa\u010du u svrhu rje\u0161avanja tehni\u010dkih problema.<br \/>\nPisa\u010d spojen na internet, putem daljinske pomo\u0107i mo\u017ee a\u017eurirati firmware na najnoviju verziju.<\/p>\n<hr \/>\n<h1>Tehni\u010dki podatci<\/h1>\n<p><strong>Tisak &#8211; Brailleovo pismo<\/strong><br \/>\nBrzina ispisa: 300 karaktera u sekundi<\/p>\n<p>Jednostrani ispis<br \/>\nDvostrani ispis<br \/>\nPodesivi prored<\/p>\n<p>Braji\u010dni font: 2.5 mm<\/p>\n<p>Taktilna rezolucija: 50 dpi<\/p>\n<p>Metoda tiskanja: 3 glave za ispis s 13 solenoida u svakoj<\/p>\n<p><strong>Papir<\/strong><br \/>\nKontinuirani papir s vodilicom (tractor-fed)<\/p>\n<p>Te\u017eina papira: 150 &#8211; 180 g\/m2<\/p>\n<p>\u0160irina papira: A3 (297 x 420 mm), Tabloid (11 x 17 in\u010da)<br \/>\nDu\u017eina papira: 11 x 11.5 in\u010da, A4, 11 x 8,5 in\u010da, B4 (250 x 353 mm)<br \/>\nFiksna veli\u010dina papira<\/p>\n<p><strong>Komunikacija<\/strong><br \/>\nUSB<br \/>\nUSB memorijski \u0161tapi\u0107<br \/>\nWi-Fi mre\u017ea<br \/>\nBe\u017ei\u010dna veza<br \/>\nPodr\u0161ka za mobilne ure\u0111aje<\/p>\n<p>Upravlja\u010dki program za Windows<br \/>\nUpravlja\u010dki program za Mac<br \/>\nUpravlja\u010dki program za Linux<\/p>\n<p><strong>Usluge<\/strong><br \/>\nWeb su\u010delje<br \/>\nBesplatno a\u017euriranje firmwarea<br \/>\nPodr\u0161ka za idB<\/p>\n<p><strong>Napajanje<\/strong><br \/>\nNapon: 100 &#8211; 240 V AC<br \/>\nNapajanje maks.: 400 W<br \/>\nNapajanje u pripravnosti: 5 W<br \/>\nEko napajanje: 1,0 W<br \/>\nPrekida\u010d za napajanje<\/p>\n<p><strong>Dimenzije<\/strong><br \/>\nVisina: 56 cm<br \/>\n\u0160irina: 72 cm<br \/>\nDubina: 90 cm<br \/>\nVolumen: 362,88 dm3<br \/>\nMasa: 68,2 kg<\/p>\n<p><strong>Buka<\/strong><br \/>\nRazina buke: 70 dB(A)<\/p>\n<p><strong>Op\u0107enito<\/strong><br \/>\nJamstvo: 12 mjeseci<br \/>\nProizvo\u0111a\u010d: Index Braille ag<br \/>\nZemlja podrijetla: \u0160vedska<\/p>\n<p>Instalaciju, poduku, odr\u017eavanje i korisni\u010dku podr\u0161ku osigurava Tiflonova d.o.o.<\/p>\n<hr \/>\n<h3>Navigacija<\/h3>\n<ul>\n<li><a href=\"https:\/\/tiflonova.hr\/wp\/?page_id=667\">Povratak na <strong>Braji\u010dni pisa\u010di i pribor<\/strong><\/a><\/li>\n<\/ul>\n","protected":false},"excerpt":{"rendered":"<p>Narud\u017eba Cijena: 14.995,95 EUR * \u0160ifra za narud\u017ebu: 20504 Naru\u010dite sada&#8230;. * Cijena je informativna, promjenjiva i ne predstavlja obvezuju\u0107u ponudu. Raspolo\u017eivost i cijenu potvr\u0111ujemo po primitku i obradi narud\u017ebe. Index FanFold-D V5 je braji\u010dni pisa\u010d velike brzine ispisa s &hellip; <a href=\"https:\/\/tiflonova.hr\/wp\/?page_id=688\">Nastavi \u010ditati <span class=\"meta-nav\">&rarr;<\/span><\/a><\/p>\n","protected":false},"author":1,"featured_media":0,"parent":667,"menu_order":0,"comment_status":"closed","ping_status":"closed","template":"","meta":{"footnotes":""},"class_list":["post-688","page","type-page","status-publish","hentry"],"_links":{"self":[{"href":"https:\/\/tiflonova.hr\/wp\/index.php?rest_route=\/wp\/v2\/pages\/688","targetHints":{"allow":["GET"]}}],"collection":[{"href":"https:\/\/tiflonova.hr\/wp\/index.php?rest_route=\/wp\/v2\/pages"}],"about":[{"href":"https:\/\/tiflonova.hr\/wp\/index.php?rest_route=\/wp\/v2\/types\/page"}],"author":[{"embeddable":true,"href":"https:\/\/tiflonova.hr\/wp\/index.php?rest_route=\/wp\/v2\/users\/1"}],"replies":[{"embeddable":true,"href":"https:\/\/tiflonova.hr\/wp\/index.php?rest_route=%2Fwp%2Fv2%2Fcomments&post=688"}],"version-history":[{"count":5,"href":"https:\/\/tiflonova.hr\/wp\/index.php?rest_route=\/wp\/v2\/pages\/688\/revisions"}],"predecessor-version":[{"id":1234,"href":"https:\/\/tiflonova.hr\/wp\/index.php?rest_route=\/wp\/v2\/pages\/688\/revisions\/1234"}],"up":[{"embeddable":true,"href":"https:\/\/tiflonova.hr\/wp\/index.php?rest_route=\/wp\/v2\/pages\/667"}],"wp:attachment":[{"href":"https:\/\/tiflonova.hr\/wp\/index.php?rest_route=%2Fwp%2Fv2%2Fmedia&parent=688"}],"curies":[{"name":"wp","href":"https:\/\/api.w.org\/{rel}","templated":true}]}}