{"id":681,"date":"2026-01-29T09:11:18","date_gmt":"2026-01-29T08:11:18","guid":{"rendered":"https:\/\/tiflonova.hr\/wp\/?page_id=681"},"modified":"2026-01-29T10:26:51","modified_gmt":"2026-01-29T09:26:51","slug":"index-braillebox-v5-brajicni-pisac","status":"publish","type":"page","link":"https:\/\/tiflonova.hr\/wp\/?page_id=681","title":{"rendered":"Index BrailleBox V5 braji\u010dni pisa\u010d"},"content":{"rendered":"<h3>Narud\u017eba<\/h3>\n<ul>\n<li>Cijena: 14.995,95 EUR *<\/li>\n<li>\u0160ifra za narud\u017ebu: 20503<\/li>\n<li><a href=\"https:\/\/tiflonova.hr\/wp\/?page_id=177#content\">Naru\u010dite sada&#8230;.<\/a><\/li>\n<\/ul>\n<p><em>* Cijena je informativna, promjenjiva i ne predstavlja obvezuju\u0107u ponudu. Raspolo\u017eivost i cijenu potvr\u0111ujemo po primitku i obradi narud\u017ebe.<\/em><\/p>\n<hr \/>\n<p><img loading=\"lazy\" decoding=\"async\" class=\"alignnone size-medium wp-image-738\" src=\"https:\/\/tiflonova.hr\/wp\/wp-content\/uploads\/2025\/04\/Braille-Box-V5-stroj-za-ispis-velike-kolicine-300x200.jpg\" alt=\"Braille Box V5 stroj za ispis velike koli\u010dine\" width=\"300\" height=\"200\" srcset=\"https:\/\/tiflonova.hr\/wp\/wp-content\/uploads\/2025\/04\/Braille-Box-V5-stroj-za-ispis-velike-kolicine-300x200.jpg 300w, https:\/\/tiflonova.hr\/wp\/wp-content\/uploads\/2025\/04\/Braille-Box-V5-stroj-za-ispis-velike-kolicine-1024x683.jpg 1024w, https:\/\/tiflonova.hr\/wp\/wp-content\/uploads\/2025\/04\/Braille-Box-V5-stroj-za-ispis-velike-kolicine-768x512.jpg 768w, https:\/\/tiflonova.hr\/wp\/wp-content\/uploads\/2025\/04\/Braille-Box-V5-stroj-za-ispis-velike-kolicine-450x300.jpg 450w, https:\/\/tiflonova.hr\/wp\/wp-content\/uploads\/2025\/04\/Braille-Box-V5-stroj-za-ispis-velike-kolicine.jpg 1200w\" sizes=\"auto, (max-width: 300px) 100vw, 300px\" \/> <img loading=\"lazy\" decoding=\"async\" class=\"alignnone size-medium wp-image-736\" src=\"https:\/\/tiflonova.hr\/wp\/wp-content\/uploads\/2025\/04\/Braille-Box-V5-automatski-spremnik-za-papir-300x200.jpg\" alt=\"Braille Box V5 automatski spremnik za papir\" width=\"300\" height=\"200\" srcset=\"https:\/\/tiflonova.hr\/wp\/wp-content\/uploads\/2025\/04\/Braille-Box-V5-automatski-spremnik-za-papir-300x200.jpg 300w, https:\/\/tiflonova.hr\/wp\/wp-content\/uploads\/2025\/04\/Braille-Box-V5-automatski-spremnik-za-papir-1024x683.jpg 1024w, https:\/\/tiflonova.hr\/wp\/wp-content\/uploads\/2025\/04\/Braille-Box-V5-automatski-spremnik-za-papir-768x512.jpg 768w, https:\/\/tiflonova.hr\/wp\/wp-content\/uploads\/2025\/04\/Braille-Box-V5-automatski-spremnik-za-papir-450x300.jpg 450w, https:\/\/tiflonova.hr\/wp\/wp-content\/uploads\/2025\/04\/Braille-Box-V5-automatski-spremnik-za-papir.jpg 1200w\" sizes=\"auto, (max-width: 300px) 100vw, 300px\" \/> <img loading=\"lazy\" decoding=\"async\" class=\"alignnone size-medium wp-image-739\" src=\"https:\/\/tiflonova.hr\/wp\/wp-content\/uploads\/2025\/04\/Braille-Box-V5-upravljacka-ploca-300x200.jpg\" alt=\"Braille Box V5 upravlja\u010dka plo\u010da\" width=\"300\" height=\"200\" srcset=\"https:\/\/tiflonova.hr\/wp\/wp-content\/uploads\/2025\/04\/Braille-Box-V5-upravljacka-ploca-300x200.jpg 300w, https:\/\/tiflonova.hr\/wp\/wp-content\/uploads\/2025\/04\/Braille-Box-V5-upravljacka-ploca-1024x683.jpg 1024w, https:\/\/tiflonova.hr\/wp\/wp-content\/uploads\/2025\/04\/Braille-Box-V5-upravljacka-ploca-768x512.jpg 768w, https:\/\/tiflonova.hr\/wp\/wp-content\/uploads\/2025\/04\/Braille-Box-V5-upravljacka-ploca-450x300.jpg 450w, https:\/\/tiflonova.hr\/wp\/wp-content\/uploads\/2025\/04\/Braille-Box-V5-upravljacka-ploca.jpg 1200w\" sizes=\"auto, (max-width: 300px) 100vw, 300px\" \/> <img loading=\"lazy\" decoding=\"async\" class=\"alignnone size-medium wp-image-737\" src=\"https:\/\/tiflonova.hr\/wp\/wp-content\/uploads\/2025\/04\/Braille-Box-V5-prikljucci-300x200.jpg\" alt=\"Braille Box V5 priklju\u010dci\" width=\"300\" height=\"200\" srcset=\"https:\/\/tiflonova.hr\/wp\/wp-content\/uploads\/2025\/04\/Braille-Box-V5-prikljucci-300x200.jpg 300w, https:\/\/tiflonova.hr\/wp\/wp-content\/uploads\/2025\/04\/Braille-Box-V5-prikljucci-1024x683.jpg 1024w, https:\/\/tiflonova.hr\/wp\/wp-content\/uploads\/2025\/04\/Braille-Box-V5-prikljucci-768x512.jpg 768w, https:\/\/tiflonova.hr\/wp\/wp-content\/uploads\/2025\/04\/Braille-Box-V5-prikljucci-450x300.jpg 450w, https:\/\/tiflonova.hr\/wp\/wp-content\/uploads\/2025\/04\/Braille-Box-V5-prikljucci.jpg 1200w\" sizes=\"auto, (max-width: 300px) 100vw, 300px\" \/> <img loading=\"lazy\" decoding=\"async\" class=\"alignnone size-medium wp-image-740\" src=\"https:\/\/tiflonova.hr\/wp\/wp-content\/uploads\/2025\/04\/Braille-Box-V5-web-sucelje-287x300.png\" alt=\"Braille Box V5 web su\u010delje\" width=\"287\" height=\"300\" srcset=\"https:\/\/tiflonova.hr\/wp\/wp-content\/uploads\/2025\/04\/Braille-Box-V5-web-sucelje-287x300.png 287w, https:\/\/tiflonova.hr\/wp\/wp-content\/uploads\/2025\/04\/Braille-Box-V5-web-sucelje.png 610w\" sizes=\"auto, (max-width: 287px) 100vw, 287px\" \/><\/p>\n<p>Braji\u010dni pisa\u010d velike brzine ispisa s pogonom za rezani papir.<\/p>\n<p>Izdr\u017eljiv pisa\u010d za ispis velike koli\u010dine materijala na Brailleovo pismu.<\/p>\n<p>Istovremeni ispis s tri glave za trostruko pove\u0107anje brzine.<\/p>\n<p><strong>Video prezentacija: BrailleBox V5 &#8211; YouTube<\/strong><br \/>\n<iframe loading=\"lazy\" title=\"YouTube video player\" src=\"https:\/\/www.youtube.com\/embed\/cBHjd3rZivo?si=qGsh_AcGOGdn6hYt\" width=\"560\" height=\"315\" frameborder=\"0\" allowfullscreen=\"allowfullscreen\"><\/iframe><\/p>\n<h1>Sadr\u017eaj pakiranja<\/h1>\n<ul>\n<li>Index BrailleBox V5 braji\u010dni pisa\u010d<\/li>\n<li>Kabel za napajanje<\/li>\n<li>USB kabel<\/li>\n<li>USB memorija s upravlja\u010dkim programom, aplikacijama i uputama<\/li>\n<\/ul>\n<hr \/>\n<h1>Va\u017enije zna\u010dajke<\/h1>\n<p><strong>Velika brzina ispisa<\/strong><br \/>\nBrailleBox V5 je pisa\u010d za proizvodnju velike koli\u010dine materijala na Brailleovom pismu. Ispisuje s tri glave istovremeno pa je brzina ispisa pove\u0107ana za tri puta.<\/p>\n<p><strong>Rezani papir<\/strong><br \/>\nBrailleBox ispisuje na rezani papir. Kada je ispis zavr\u0161en, listovi se odmah mogu uvezati i \u010ditati. Rukovanje s rezanim papirom lak\u0161e je i br\u017ee od kontinuiranog papira s vodilicom.<\/p>\n<p><strong>Automatska ladica za papir<\/strong><br \/>\nBrailleBox V5 ima automatsku ladicu za papir koja se otvara i zatvara pritiskom na tipku. Ona \u0161titi od naj\u010de\u0161\u0107ih pogre\u0161aka u rukovanju s papirom.<\/p>\n<p><strong>Dizajn za uklanjanje buke<\/strong><br \/>\nBrailleBox V5, kao samostalna jedinica, dizajniran je s niskom razinom buke prihvatljivom za radno okru\u017eenje.<\/p>\n<p><strong>Daljinska podr\u0161ka<\/strong><br \/>\nPutem daljinske podr\u0161ke stru\u010dni tim tvrtke Index Braille ili ovla\u0161teni distributer mo\u017ee pristupiti pisa\u010du u svrhu rje\u0161avanja tehni\u010dkih problema.<br \/>\nPisa\u010d spojen na internet, putem daljinske pomo\u0107i mo\u017ee a\u017eurirati firmware na najnoviju verziju.<\/p>\n<p><strong>Optimizirano odr\u017eavanje<\/strong><br \/>\nSvi mehani\u010dki sustavi zahtjevaju odr\u017eavanje. Kod Index pisa\u010da ono je svedeno na minimum:<\/p>\n<ul>\n<li>\u010di\u0161\u0107enje senzora papira od pra\u0161ine<\/li>\n<li>\u010di\u0161\u0107enje valjaka za uvla\u010denje papira od pra\u0161ine i prljav\u0161tine<\/li>\n<li>\u010di\u0161\u0107enje solenoida od pra\u0161ine i komadi\u0107a papira<\/li>\n<li>a\u017euriranje firmwarea za pisa\u010d.<\/li>\n<\/ul>\n<p><strong>Upravlja\u010dka plo\u010da<\/strong><br \/>\nUpravlja\u010dka plo\u010da je korisni\u010dko su\u010delje koje korisniku omogu\u0107uje postavljanje i kori\u0161tenje pisa\u010da. Tipke sadr\u017ee latini\u010dne i braji\u010dne oznake. Kroz postavke korisnika vodi vi\u0161ejezi\u010dni sintetizator govora.<\/p>\n<p><strong>Kvaliteta ispisane brajice<\/strong><br \/>\nNova generacija solenoida tiska kvalitetne i postojane braji\u010dne to\u010dke i nakon puno ispisanih stranica.<\/p>\n<p><strong>idB: Index-direct-Braille<\/strong><br \/>\nidB (Index-direct-Braille) otvara mogu\u0107nost za ispis standardnih dokumenata bez vanjskog braji\u010dnog prevoditelja i ure\u0111iva\u010da. Dokument \u0107e biti preveden i oblikovan prema mogu\u0107nostima aplikacije ugra\u0111ene u pisa\u010d i korisni\u010dkim postavkama.<\/p>\n<hr \/>\n<h1>Tehni\u010dki podatci<\/h1>\n<p><strong>Tisak &#8211; Brailleovo pismo<\/strong><br \/>\nBrzina ispisa: 300 karaktera u sekundi<\/p>\n<p>Jednostrani ispis<br \/>\nDvostrani ispis<br \/>\nOkomiti ispis (knji\u017eni format)<br \/>\nPodesivi prored<\/p>\n<p>Braji\u010dni font: 2.5 mm<\/p>\n<p>Taktilna rezolucija: 50 dpi<\/p>\n<p>Metoda tiskanja: 3 glave za ispis s 13 solenoida u svakoj<\/p>\n<p><strong>Papir<\/strong><br \/>\nPapir rezan u listove<br \/>\nVeli\u010dina ladice za papir: 400 stranica<\/p>\n<p>Te\u017eina papira: 150 &#8211; 180 g\/m2<\/p>\n<p>\u0160irina papira: A3 (297 x 420 mm), Tabloid (11 x 17 in\u010da)<br \/>\nDu\u017eina papira: 11 x 11.5 in\u010da, A4, 11 x 8,5 in\u010da, B4 250 x 353 mm<br \/>\nFiksna veli\u010dina papira<\/p>\n<p><strong>Dimenzije<\/strong><br \/>\nVisina: 56 cm<br \/>\n\u0160irina: 72 cm<br \/>\nDubina: 90 cm<br \/>\nVolumen: 362,88 dm3<br \/>\nMasa: 68,2 kg<\/p>\n<p><strong>Buka<\/strong><br \/>\nRazina buke: 70 dB(A)<\/p>\n<p><strong>Komunikacija<\/strong><br \/>\nUSB<br \/>\nUSB memorijski \u0161tapi\u0107<br \/>\nWi-Fi mre\u017ea<br \/>\nBe\u017ei\u010dna veza<br \/>\nBluetooth<br \/>\nPodr\u0161ka za mobilne ure\u0111aje<\/p>\n<p>Upravlja\u010dki program za Windows<br \/>\nUpravlja\u010dki program za Mac<br \/>\nUpravlja\u010dki program za Linux<\/p>\n<p><strong>Usluge<\/strong><br \/>\nWeb su\u010delje<br \/>\nBesplatno a\u017euriranje firmwarea<br \/>\nPodr\u0161ka za idB<\/p>\n<p><strong>Napajanje<\/strong><br \/>\nNapon: 100 &#8211; 240 V AC<br \/>\nNapajanje maks.: 400 W<br \/>\nNapajanje u pripravnosti: 5 W<br \/>\nEko napajanje: 1,0 W<br \/>\nPrekida\u010d za napajanje<\/p>\n<p><strong>Op\u0107enito<\/strong><br \/>\nJamstvo: 12 mjeseci<br \/>\nProizvo\u0111a\u010d: Index Braille ag<br \/>\nZemlja podrijetla: \u0160vedska<\/p>\n<p>Instalaciju, poduku, odr\u017eavanje i korisni\u010dku podr\u0161ku osigurava Tiflonova d.o.o.<\/p>\n<hr \/>\n<h3>Navigacija<\/h3>\n<ul>\n<li><a href=\"https:\/\/tiflonova.hr\/wp\/?page_id=667\">Povratak na <strong>Braji\u010dni pisa\u010di i pribor<\/strong><\/a><\/li>\n<\/ul>\n","protected":false},"excerpt":{"rendered":"<p>Narud\u017eba Cijena: 14.995,95 EUR * \u0160ifra za narud\u017ebu: 20503 Naru\u010dite sada&#8230;. * Cijena je informativna, promjenjiva i ne predstavlja obvezuju\u0107u ponudu. Raspolo\u017eivost i cijenu potvr\u0111ujemo po primitku i obradi narud\u017ebe. Braji\u010dni pisa\u010d velike brzine ispisa s pogonom za rezani papir. &hellip; <a href=\"https:\/\/tiflonova.hr\/wp\/?page_id=681\">Nastavi \u010ditati <span class=\"meta-nav\">&rarr;<\/span><\/a><\/p>\n","protected":false},"author":1,"featured_media":0,"parent":667,"menu_order":0,"comment_status":"closed","ping_status":"closed","template":"","meta":{"footnotes":""},"class_list":["post-681","page","type-page","status-publish","hentry"],"_links":{"self":[{"href":"https:\/\/tiflonova.hr\/wp\/index.php?rest_route=\/wp\/v2\/pages\/681","targetHints":{"allow":["GET"]}}],"collection":[{"href":"https:\/\/tiflonova.hr\/wp\/index.php?rest_route=\/wp\/v2\/pages"}],"about":[{"href":"https:\/\/tiflonova.hr\/wp\/index.php?rest_route=\/wp\/v2\/types\/page"}],"author":[{"embeddable":true,"href":"https:\/\/tiflonova.hr\/wp\/index.php?rest_route=\/wp\/v2\/users\/1"}],"replies":[{"embeddable":true,"href":"https:\/\/tiflonova.hr\/wp\/index.php?rest_route=%2Fwp%2Fv2%2Fcomments&post=681"}],"version-history":[{"count":6,"href":"https:\/\/tiflonova.hr\/wp\/index.php?rest_route=\/wp\/v2\/pages\/681\/revisions"}],"predecessor-version":[{"id":1233,"href":"https:\/\/tiflonova.hr\/wp\/index.php?rest_route=\/wp\/v2\/pages\/681\/revisions\/1233"}],"up":[{"embeddable":true,"href":"https:\/\/tiflonova.hr\/wp\/index.php?rest_route=\/wp\/v2\/pages\/667"}],"wp:attachment":[{"href":"https:\/\/tiflonova.hr\/wp\/index.php?rest_route=%2Fwp%2Fv2%2Fmedia&parent=681"}],"curies":[{"name":"wp","href":"https:\/\/api.w.org\/{rel}","templated":true}]}}