{"id":676,"date":"2026-01-29T08:21:01","date_gmt":"2026-01-29T07:21:01","guid":{"rendered":"https:\/\/tiflonova.hr\/wp\/?page_id=676"},"modified":"2026-01-29T10:20:09","modified_gmt":"2026-01-29T09:20:09","slug":"index-basic-d-v5-brajicni-pisac","status":"publish","type":"page","link":"https:\/\/tiflonova.hr\/wp\/?page_id=676","title":{"rendered":"Index Basic-D V5 braji\u010dni pisa\u010d"},"content":{"rendered":"<h3>Narud\u017eba<\/h3>\n<ul>\n<li>Cijena: 3.394,95 EUR *<\/li>\n<li>\u0160ifra za narud\u017ebu: 20501<\/li>\n<li><a href=\"https:\/\/tiflonova.hr\/wp\/?page_id=177#content\">Naru\u010dite sada&#8230;.<\/a><\/li>\n<\/ul>\n<p><em>* Cijena je informativna, promjenjiva i ne predstavlja obvezuju\u0107u ponudu. Raspolo\u017eivost i cijenu potvr\u0111ujemo po primitku i obradi narud\u017ebe.<\/em><\/p>\n<hr \/>\n<p><img loading=\"lazy\" decoding=\"async\" class=\"alignnone size-medium wp-image-731\" src=\"https:\/\/tiflonova.hr\/wp\/wp-content\/uploads\/2025\/04\/Basic-D-V5-jednostavni-brajicni-pisac-300x300.jpg\" alt=\"Basic-D V5 jednostavni braji\u010dni pisa\u010d\" width=\"300\" height=\"300\" srcset=\"https:\/\/tiflonova.hr\/wp\/wp-content\/uploads\/2025\/04\/Basic-D-V5-jednostavni-brajicni-pisac-300x300.jpg 300w, https:\/\/tiflonova.hr\/wp\/wp-content\/uploads\/2025\/04\/Basic-D-V5-jednostavni-brajicni-pisac-150x150.jpg 150w, https:\/\/tiflonova.hr\/wp\/wp-content\/uploads\/2025\/04\/Basic-D-V5-jednostavni-brajicni-pisac-768x768.jpg 768w, https:\/\/tiflonova.hr\/wp\/wp-content\/uploads\/2025\/04\/Basic-D-V5-jednostavni-brajicni-pisac.jpg 1016w\" sizes=\"auto, (max-width: 300px) 100vw, 300px\" \/> <img loading=\"lazy\" decoding=\"async\" class=\"alignnone size-medium wp-image-733\" src=\"https:\/\/tiflonova.hr\/wp\/wp-content\/uploads\/2025\/04\/Basic-D-V5-prikljucci-300x300.jpg\" alt=\"Basic-D V5 priklju\u010dci\" width=\"300\" height=\"300\" srcset=\"https:\/\/tiflonova.hr\/wp\/wp-content\/uploads\/2025\/04\/Basic-D-V5-prikljucci-300x300.jpg 300w, https:\/\/tiflonova.hr\/wp\/wp-content\/uploads\/2025\/04\/Basic-D-V5-prikljucci-1024x1024.jpg 1024w, https:\/\/tiflonova.hr\/wp\/wp-content\/uploads\/2025\/04\/Basic-D-V5-prikljucci-150x150.jpg 150w, https:\/\/tiflonova.hr\/wp\/wp-content\/uploads\/2025\/04\/Basic-D-V5-prikljucci-768x768.jpg 768w, https:\/\/tiflonova.hr\/wp\/wp-content\/uploads\/2025\/04\/Basic-D-V5-prikljucci.jpg 1094w\" sizes=\"auto, (max-width: 300px) 100vw, 300px\" \/> <img loading=\"lazy\" decoding=\"async\" class=\"alignnone size-medium wp-image-734\" src=\"https:\/\/tiflonova.hr\/wp\/wp-content\/uploads\/2025\/04\/Basic-D-V5-upravljacka-ploca-300x200.jpg\" alt=\"Basic-D V5 upravlja\u010dka plo\u010da\" width=\"300\" height=\"200\" srcset=\"https:\/\/tiflonova.hr\/wp\/wp-content\/uploads\/2025\/04\/Basic-D-V5-upravljacka-ploca-300x200.jpg 300w, https:\/\/tiflonova.hr\/wp\/wp-content\/uploads\/2025\/04\/Basic-D-V5-upravljacka-ploca-768x512.jpg 768w, https:\/\/tiflonova.hr\/wp\/wp-content\/uploads\/2025\/04\/Basic-D-V5-upravljacka-ploca-450x300.jpg 450w, https:\/\/tiflonova.hr\/wp\/wp-content\/uploads\/2025\/04\/Basic-D-V5-upravljacka-ploca.jpg 1011w\" sizes=\"auto, (max-width: 300px) 100vw, 300px\" \/> <img loading=\"lazy\" decoding=\"async\" class=\"alignnone size-medium wp-image-732\" src=\"https:\/\/tiflonova.hr\/wp\/wp-content\/uploads\/2025\/04\/Basic-D-V5-pogon-s-kontinuiranim-uvlacenjem-papira-300x169.jpg\" alt=\"Basic-D V5 pogon s kontinuiranim\" width=\"300\" height=\"169\" srcset=\"https:\/\/tiflonova.hr\/wp\/wp-content\/uploads\/2025\/04\/Basic-D-V5-pogon-s-kontinuiranim-uvlacenjem-papira-300x169.jpg 300w, https:\/\/tiflonova.hr\/wp\/wp-content\/uploads\/2025\/04\/Basic-D-V5-pogon-s-kontinuiranim-uvlacenjem-papira-1024x576.jpg 1024w, https:\/\/tiflonova.hr\/wp\/wp-content\/uploads\/2025\/04\/Basic-D-V5-pogon-s-kontinuiranim-uvlacenjem-papira-768x432.jpg 768w, https:\/\/tiflonova.hr\/wp\/wp-content\/uploads\/2025\/04\/Basic-D-V5-pogon-s-kontinuiranim-uvlacenjem-papira-1536x864.jpg 1536w, https:\/\/tiflonova.hr\/wp\/wp-content\/uploads\/2025\/04\/Basic-D-V5-pogon-s-kontinuiranim-uvlacenjem-papira-500x281.jpg 500w, https:\/\/tiflonova.hr\/wp\/wp-content\/uploads\/2025\/04\/Basic-D-V5-pogon-s-kontinuiranim-uvlacenjem-papira.jpg 1600w\" sizes=\"auto, (max-width: 300px) 100vw, 300px\" \/> <img loading=\"lazy\" decoding=\"async\" class=\"alignnone size-medium wp-image-735\" src=\"https:\/\/tiflonova.hr\/wp\/wp-content\/uploads\/2025\/04\/Basic-D-V5-web-sucelje-298x300.png\" alt=\"Basic-D V5 web su\u010delje\" width=\"298\" height=\"300\" srcset=\"https:\/\/tiflonova.hr\/wp\/wp-content\/uploads\/2025\/04\/Basic-D-V5-web-sucelje-298x300.png 298w, https:\/\/tiflonova.hr\/wp\/wp-content\/uploads\/2025\/04\/Basic-D-V5-web-sucelje-150x150.png 150w, https:\/\/tiflonova.hr\/wp\/wp-content\/uploads\/2025\/04\/Basic-D-V5-web-sucelje.png 630w\" sizes=\"auto, (max-width: 298px) 100vw, 298px\" \/><\/p>\n<p>Vode\u0107i svjetski braji\u010dni pisa\u010d s pogonom za kontinuirano uvla\u010denje papira.<\/p>\n<p>Kompaktni i lagani braji\u010dni pisa\u010d po konkurentnoj cijeni.<\/p>\n<p>Vi\u0161e od 20 godina najprodavaniji pisa\u010d na svijetu.<\/p>\n<p>Jednostavan za rukovanje, jeftin za odr\u017eavanje.<\/p>\n<p>Index Basic-D V5 stvara postojan ispis i izdr\u017eljive braji\u010dne to\u010dke.<\/p>\n<p><strong>Video prezentacija: Basic-D V5 &#8211; YouTube<\/strong><br \/>\n<iframe loading=\"lazy\" title=\"YouTube video player\" src=\"https:\/\/www.youtube.com\/embed\/sQe-sKaJ4P0?si=2bTDQtpG-sYZkGYJ\" width=\"560\" height=\"315\" frameborder=\"0\" allowfullscreen=\"allowfullscreen\"><\/iframe><\/p>\n<h1>Sadr\u017eaj pakiranja<\/h1>\n<ul>\n<li>Index Basic-D V5 braji\u010dni pisa\u010d<\/li>\n<li>Strujni adapter s kabelom<\/li>\n<li>USB kabel<\/li>\n<li>USB memorija s upravlja\u010dkim programom, aplikacijama i uputama<\/li>\n<\/ul>\n<hr \/>\n<h1>Va\u017enije zna\u010dajke<\/h1>\n<p><strong>Daljinska podr\u0161ka<\/strong><br \/>\nPutem daljinske podr\u0161ke stru\u010dni tim tvrtke Index Braille ili ovla\u0161teni distributer mo\u017ee pristupiti pisa\u010du u svrhu rje\u0161avanja tehni\u010dkih problema.<br \/>\nPisa\u010d spojen na internet, putem daljinske pomo\u0107i mo\u017ee a\u017eurirati firmware na najnoviju verziju.<\/p>\n<p><strong>Pobolj\u0161anja u Basic-D V5<\/strong><br \/>\nStrojni i programski moduli pisa\u010da Basic-D V5 prate najnovije standarde ispisa na Braileovo pismo i tehnolo\u0161ka rje\u0161enja.<\/p>\n<p><strong>Optimizirano odr\u017eavanje<\/strong><br \/>\nSvi mehani\u010dki sustavi zahtjevaju odr\u017eavanje. Kod Index pisa\u010da ono je svedeno na minimum:<\/p>\n<ul>\n<li>\u010di\u0161\u0107enje senzora papira od pra\u0161ine<\/li>\n<li>\u010di\u0161\u0107enje mehanizma za uvla\u010denje papira od pra\u0161ine i prljav\u0161tine<\/li>\n<li>\u010di\u0161\u0107enje solenoida od pra\u0161ine i komadi\u0107a papira<\/li>\n<li>a\u017euriranje firmwarea za pisa\u010d.<\/li>\n<\/ul>\n<p><strong>Taktilni crte\u017ei<\/strong><br \/>\nSvi pisa\u010di Index V5 mogu tiskati taktilne (reljefne) crte\u017ee i kombinirati ih s braji\u010dnim tekstom na istom listu papira. Taktilni crte\u017ei stvaraju se besplatnim i komercijalnim softverima.<\/p>\n<p><strong>Upravlja\u010dka plo\u010da<\/strong><br \/>\nUpravlja\u010dka plo\u010da je korisni\u010dko su\u010delje koje korisniku omogu\u0107uje postavljanje i kori\u0161tenje pisa\u010da. Tipke sadr\u017ee latini\u010dne i braji\u010dne oznake. Kroz postavke korisnika vodi vi\u0161ejezi\u010dni sintetizator govora.<\/p>\n<p><strong>Kvaliteta ispisane brajice<\/strong><br \/>\nNova generacija solenoida tiska kvalitetne i postojane braji\u010dne to\u010dke i nakon puno ispisanih stranica.<\/p>\n<p><strong>idB: Index-direct-Braille<\/strong><br \/>\nidB (Index-direct-Braille) otvara mogu\u0107nost za ispis standardnih dokumenata bez vanjskog braji\u010dnog prevoditelja i ure\u0111iva\u010da. Dokument \u0107e biti preveden i oblikovan prema mogu\u0107nostima aplikacije ugra\u0111ene u pisa\u010d i korisni\u010dkim postavkama.<\/p>\n<hr \/>\n<h1>Tehni\u010dki podatci<\/h1>\n<p><strong>Tisak &#8211; Brailleovo pismo<\/strong><br \/>\nBrzina ispisa: 140 karaktera u sekundi<\/p>\n<p>Jednostrani ispis<br \/>\nDvostrani ispis<br \/>\nPodesivi prored<\/p>\n<p>Braji\u010dni font: 2.2, 2.5, 3.2 mm<\/p>\n<p>Taktilna rezolucija: 500 dpi<\/p>\n<p>Metoda tiskanja: 13 solenoida nasuprot \u010deli\u010dnog kalupa<\/p>\n<p><strong>Dodatne informacije<\/strong><br \/>\nTaktilna rezolucija je mogu\u0107nost postavljanja braji\u010dne to\u010dke na polo\u017eaj od 0,05 mm, a na stranici se nalazi plutaju\u0107a to\u010dka<br \/>\nBraji\u010dni ispis plutaju\u0107e stranice<\/p>\n<p><strong>Komunikacija<\/strong><br \/>\nUSB<br \/>\nUSB memorijski \u0161tapi\u0107<br \/>\nWi-Fi mre\u017ea<br \/>\nBe\u017ei\u010dna veza<br \/>\nPodr\u0161ka za mobilne ure\u0111aje<\/p>\n<p>Upravlja\u010dki program za Windows<br \/>\nUpravlja\u010dki program za Mac<br \/>\nUpravlja\u010dki program za Linux<\/p>\n<p><strong>Usluge<\/strong><br \/>\nWeb su\u010delje<br \/>\nBesplatno a\u017euriranje firmwarea<br \/>\nPodr\u0161ka za idB<\/p>\n<p><strong>Napajanje<\/strong><br \/>\nNapon: 100 &#8211; 240 V AC<br \/>\nNapajanje maks.: 140 W<br \/>\nNapajanje u pripravnosti: 5 W<br \/>\nEko napajanje: 0,05 W<br \/>\nPrekida\u010d za napajanje<\/p>\n<p><strong>Dimenzije<\/strong><br \/>\nVisina: 13 cm<br \/>\n\u0160irina: 52 cm<br \/>\nDubina: 26 cm<br \/>\nVolumen: 17,58 dm3<br \/>\nMasa: 7,6 kg<\/p>\n<p><strong>Buka<\/strong><br \/>\nRazina buke: 80 dB(A)<br \/>\nRazina buke s akusti\u010dnom za\u0161titom: 63 dB(A)<\/p>\n<p><strong>Papir<\/strong><br \/>\nKontinuirani papir s vodilicom (tractor-fed)<\/p>\n<p>Te\u017eina papira: 80 &#8211; 250 g\/m2<\/p>\n<p>\u0160irina papira: 89 &#8211; 325 mm<br \/>\nDu\u017eina papira: 25 &#8211; 431 mm<br \/>\nPrilagodljiva veli\u010dina papira<\/p>\n<p><strong>Op\u0107enito<\/strong><br \/>\nJamstvo: 12 mjeseci<br \/>\nProizvo\u0111a\u010d: Index Braille ag<br \/>\nZemlja podrijetla: \u0160vedska<\/p>\n<p>Instalaciju, poduku, odr\u017eavanje i korisni\u010dku podr\u0161ku osigurava Tiflonova d.o.o.<\/p>\n<hr \/>\n<h3>Navigacija<\/h3>\n<ul>\n<li><a href=\"https:\/\/tiflonova.hr\/wp\/?page_id=667\">Povratak na <strong>Braji\u010dni pisa\u010di i pribor<\/strong><\/a><\/li>\n<\/ul>\n","protected":false},"excerpt":{"rendered":"<p>Narud\u017eba Cijena: 3.394,95 EUR * \u0160ifra za narud\u017ebu: 20501 Naru\u010dite sada&#8230;. * Cijena je informativna, promjenjiva i ne predstavlja obvezuju\u0107u ponudu. Raspolo\u017eivost i cijenu potvr\u0111ujemo po primitku i obradi narud\u017ebe. Vode\u0107i svjetski braji\u010dni pisa\u010d s pogonom za kontinuirano uvla\u010denje papira. &hellip; <a href=\"https:\/\/tiflonova.hr\/wp\/?page_id=676\">Nastavi \u010ditati <span class=\"meta-nav\">&rarr;<\/span><\/a><\/p>\n","protected":false},"author":1,"featured_media":0,"parent":667,"menu_order":0,"comment_status":"closed","ping_status":"closed","template":"","meta":{"footnotes":""},"class_list":["post-676","page","type-page","status-publish","hentry"],"_links":{"self":[{"href":"https:\/\/tiflonova.hr\/wp\/index.php?rest_route=\/wp\/v2\/pages\/676","targetHints":{"allow":["GET"]}}],"collection":[{"href":"https:\/\/tiflonova.hr\/wp\/index.php?rest_route=\/wp\/v2\/pages"}],"about":[{"href":"https:\/\/tiflonova.hr\/wp\/index.php?rest_route=\/wp\/v2\/types\/page"}],"author":[{"embeddable":true,"href":"https:\/\/tiflonova.hr\/wp\/index.php?rest_route=\/wp\/v2\/users\/1"}],"replies":[{"embeddable":true,"href":"https:\/\/tiflonova.hr\/wp\/index.php?rest_route=%2Fwp%2Fv2%2Fcomments&post=676"}],"version-history":[{"count":6,"href":"https:\/\/tiflonova.hr\/wp\/index.php?rest_route=\/wp\/v2\/pages\/676\/revisions"}],"predecessor-version":[{"id":1230,"href":"https:\/\/tiflonova.hr\/wp\/index.php?rest_route=\/wp\/v2\/pages\/676\/revisions\/1230"}],"up":[{"embeddable":true,"href":"https:\/\/tiflonova.hr\/wp\/index.php?rest_route=\/wp\/v2\/pages\/667"}],"wp:attachment":[{"href":"https:\/\/tiflonova.hr\/wp\/index.php?rest_route=%2Fwp%2Fv2%2Fmedia&parent=676"}],"curies":[{"name":"wp","href":"https:\/\/api.w.org\/{rel}","templated":true}]}}