{"id":667,"date":"2026-01-29T08:01:26","date_gmt":"2026-01-29T07:01:26","guid":{"rendered":"https:\/\/tiflonova.hr\/wp\/?page_id=667"},"modified":"2026-01-29T10:08:02","modified_gmt":"2026-01-29T09:08:02","slug":"brajicni-pisaci-i-pribor","status":"publish","type":"page","link":"https:\/\/tiflonova.hr\/wp\/?page_id=667","title":{"rendered":"Braji\u010dni pisa\u010di i pribor"},"content":{"rendered":"<h1><a href=\"https:\/\/tiflonova.hr\/wp\/?page_id=676#content\">Index Basic-D V5<\/a><\/h1>\n<p><img loading=\"lazy\" decoding=\"async\" class=\"alignnone size-medium wp-image-731\" src=\"https:\/\/tiflonova.hr\/wp\/wp-content\/uploads\/2025\/04\/Basic-D-V5-jednostavni-brajicni-pisac-300x300.jpg\" alt=\"Basic-D V5 jednostavni braji\u010dni pisa\u010d\" width=\"300\" height=\"300\" srcset=\"https:\/\/tiflonova.hr\/wp\/wp-content\/uploads\/2025\/04\/Basic-D-V5-jednostavni-brajicni-pisac-300x300.jpg 300w, https:\/\/tiflonova.hr\/wp\/wp-content\/uploads\/2025\/04\/Basic-D-V5-jednostavni-brajicni-pisac-150x150.jpg 150w, https:\/\/tiflonova.hr\/wp\/wp-content\/uploads\/2025\/04\/Basic-D-V5-jednostavni-brajicni-pisac-768x768.jpg 768w, https:\/\/tiflonova.hr\/wp\/wp-content\/uploads\/2025\/04\/Basic-D-V5-jednostavni-brajicni-pisac.jpg 1016w\" sizes=\"auto, (max-width: 300px) 100vw, 300px\" \/><\/p>\n<p>Vode\u0107i svjetski braji\u010dni pisa\u010d s pogonom za kontinuirano uvla\u010denje papira.<br \/>\nKompaktni i lagani braji\u010dni pisa\u010d po konkurentnoj cijeni.<br \/>\nVi\u0161e od 20 godina najprodavaniji pisa\u010d na svijetu.<br \/>\nJednostavan za rukovanje, jeftin za odr\u017eavanje.<\/p>\n<p><strong>Zna\u010dajke:<\/strong><br \/>\nDvostrani braji\u010dni pisa\u010d<br \/>\nBrzina ispisa 140 karaktera u sekundi<br \/>\nIzbo\u010denost braji\u010dne to\u010dke 0,58 mm<br \/>\nUpravlja\u010dka plo\u010da ozna\u010dena latini\u010dnim i braji\u010dnim oznakama<br \/>\nPogon za kontinuirano uvla\u010denje papira (tractor)<br \/>\nAkusti\u010dni ormari\u0107 ili akusti\u010dni poklopac za smanjivanje buke (dodatni pribor)<br \/>\n<a href=\"https:\/\/tiflonova.hr\/wp\/?page_id=676#content\">Op\u0161irnije&#8230;<\/a><\/p>\n<p>Cijena: 3.394,95 EUR *<br \/>\n\u0160ifra za narud\u017ebu: 20501<br \/>\n<a href=\"https:\/\/tiflonova.hr\/wp\/?page_id=177#content\">Naru\u010dite sada&#8230;.<\/a><\/p>\n<hr \/>\n<h1><a href=\"https:\/\/tiflonova.hr\/wp\/?page_id=679#content\">Index Everest-D V5<\/a><\/h1>\n<p><img loading=\"lazy\" decoding=\"async\" class=\"alignnone size-medium wp-image-744\" src=\"https:\/\/tiflonova.hr\/wp\/wp-content\/uploads\/2025\/04\/Everest-D-V5-s-pogonom-za-rezani-papir-240x300.jpg\" alt=\"Everest-D V5 s pogonom za rezani papir\" width=\"240\" height=\"300\" srcset=\"https:\/\/tiflonova.hr\/wp\/wp-content\/uploads\/2025\/04\/Everest-D-V5-s-pogonom-za-rezani-papir-240x300.jpg 240w, https:\/\/tiflonova.hr\/wp\/wp-content\/uploads\/2025\/04\/Everest-D-V5-s-pogonom-za-rezani-papir-819x1024.jpg 819w, https:\/\/tiflonova.hr\/wp\/wp-content\/uploads\/2025\/04\/Everest-D-V5-s-pogonom-za-rezani-papir-768x960.jpg 768w, https:\/\/tiflonova.hr\/wp\/wp-content\/uploads\/2025\/04\/Everest-D-V5-s-pogonom-za-rezani-papir.jpg 941w\" sizes=\"auto, (max-width: 240px) 100vw, 240px\" \/><\/p>\n<p>Braji\u010dni pisa\u010d s pogonom za rezani papir.<br \/>\nNajpopularniji braji\u010dni pisa\u010d od 1992. godine.<br \/>\nStvara postojan ispis i izdr\u017eljive braji\u010dne to\u010dke.<\/p>\n<p><strong>Zna\u010dajke:<\/strong><br \/>\nDvostrani braji\u010dni ispis<br \/>\nBrzina ispisa 140 karaktera u sekundi<br \/>\nAutomatska ladica papira za 50 listova<br \/>\nAutomatski ispis knji\u017enog formata<br \/>\nIzbo\u010denost braji\u010dne to\u010dke 0,58 mm<br \/>\nUpravlja\u010dka plo\u010da ozna\u010dena latini\u010dnim i braji\u010dnim oznakama<br \/>\nAkusti\u010dni ormari\u0107 za smanjivanje buke (dodatni pribor)<br \/>\n<a href=\"https:\/\/tiflonova.hr\/wp\/?page_id=679#content\">Op\u0161irnije&#8230;<\/a><\/p>\n<p>Cijena: 4.294,95 EUR *<br \/>\n\u0160ifra za narud\u017ebu: 20502<br \/>\n<a href=\"https:\/\/tiflonova.hr\/wp\/?page_id=177#content\">Naru\u010dite sada&#8230;.<\/a><\/p>\n<hr \/>\n<h1><a href=\"https:\/\/tiflonova.hr\/wp\/?page_id=681#content\">Index BrailleBox V5<\/a><\/h1>\n<p><img loading=\"lazy\" decoding=\"async\" class=\"alignnone size-medium wp-image-738\" src=\"https:\/\/tiflonova.hr\/wp\/wp-content\/uploads\/2025\/04\/Braille-Box-V5-stroj-za-ispis-velike-kolicine-300x200.jpg\" alt=\"Braille Box V5 stroj za ispis velike koli\u010dine\" width=\"300\" height=\"200\" srcset=\"https:\/\/tiflonova.hr\/wp\/wp-content\/uploads\/2025\/04\/Braille-Box-V5-stroj-za-ispis-velike-kolicine-300x200.jpg 300w, https:\/\/tiflonova.hr\/wp\/wp-content\/uploads\/2025\/04\/Braille-Box-V5-stroj-za-ispis-velike-kolicine-1024x683.jpg 1024w, https:\/\/tiflonova.hr\/wp\/wp-content\/uploads\/2025\/04\/Braille-Box-V5-stroj-za-ispis-velike-kolicine-768x512.jpg 768w, https:\/\/tiflonova.hr\/wp\/wp-content\/uploads\/2025\/04\/Braille-Box-V5-stroj-za-ispis-velike-kolicine-450x300.jpg 450w, https:\/\/tiflonova.hr\/wp\/wp-content\/uploads\/2025\/04\/Braille-Box-V5-stroj-za-ispis-velike-kolicine.jpg 1200w\" sizes=\"auto, (max-width: 300px) 100vw, 300px\" \/><\/p>\n<p>Braji\u010dni pisa\u010d velike brzine ispisa s pogonom za rezani papir.<br \/>\nIzdr\u017eljiv pisa\u010d za ispis velike koli\u010dine materijala na Brailleovo pismu.<br \/>\nIstovremeni ispis s tri glave za trostruko pove\u0107anje brzine.<\/p>\n<p><strong>Zna\u010dajke:<\/strong><br \/>\nDvostrani braji\u010dni pisa\u010d<br \/>\nBrzina ispisa 300 karaktera u sekundi<br \/>\nAutomatska ladica za papir za 400 stranica<br \/>\nAutomatizirana braji\u010dna ladica<br \/>\nOptimiziran za ispis knji\u017enog formata na A3 papiru<br \/>\nIzbo\u010denost braji\u010dne to\u010dke 0,58 mm<br \/>\nAkusti\u010dno ku\u0107i\u0161te s niskom razinom buke<br \/>\n<a href=\"https:\/\/tiflonova.hr\/wp\/?page_id=681#content\">Op\u0161irnije&#8230;<\/a><\/p>\n<p>Cijena: 14.995,95 EUR *<br \/>\n\u0160ifra za narud\u017ebu: 20503<br \/>\n<a href=\"https:\/\/tiflonova.hr\/wp\/?page_id=177#content\">Naru\u010dite sada&#8230;.<\/a><\/p>\n<hr \/>\n<h1><a href=\"https:\/\/tiflonova.hr\/wp\/?page_id=688#content\">Index FanFold-D V5<\/a><\/h1>\n<p><img loading=\"lazy\" decoding=\"async\" class=\"alignnone size-medium wp-image-746\" src=\"https:\/\/tiflonova.hr\/wp\/wp-content\/uploads\/2025\/04\/FanFold-D-V5-brajicni-pisac-240x300.jpg\" alt=\"FanFold-D V5 braji\u010dni pisa\u010d\" width=\"240\" height=\"300\" srcset=\"https:\/\/tiflonova.hr\/wp\/wp-content\/uploads\/2025\/04\/FanFold-D-V5-brajicni-pisac-240x300.jpg 240w, https:\/\/tiflonova.hr\/wp\/wp-content\/uploads\/2025\/04\/FanFold-D-V5-brajicni-pisac-820x1024.jpg 820w, https:\/\/tiflonova.hr\/wp\/wp-content\/uploads\/2025\/04\/FanFold-D-V5-brajicni-pisac-768x960.jpg 768w, https:\/\/tiflonova.hr\/wp\/wp-content\/uploads\/2025\/04\/FanFold-D-V5-brajicni-pisac.jpg 1014w\" sizes=\"auto, (max-width: 240px) 100vw, 240px\" \/><\/p>\n<p>Braji\u010dni pisa\u010d velike brzine ispisa s pogonom za kontinuirano uvla\u010denje papira.<br \/>\nTihi braji\u010dni pisa\u010d; modul za ispis i modul za uvla\u010denje papira nalaze se u zatvorenom ku\u0107i\u0161tu.<br \/>\nPisa\u010d velike brzine ispisa i za ispis velike koli\u010dine materijala na Brailleovo pismu.<br \/>\nPovoljan i ekonomi\u010dan.<\/p>\n<p><strong>Zna\u010dajke:<\/strong><br \/>\nDvostrani braji\u010dni pisa\u010d<br \/>\nBrzina ispisa 330 karaktera u sekundi<br \/>\nNiska razina buke<br \/>\nSpremnik za 1000 braji\u010dnih papira<br \/>\nIzbo\u010denost braji\u010dne to\u010dke 0,58 mm<br \/>\nJednostavan pristup za odr\u017eavanje<br \/>\n<a href=\"https:\/\/tiflonova.hr\/wp\/?page_id=688#content\">Op\u0161irnije&#8230;<\/a><\/p>\n<p>Cijena: 14.995,95 EUR *<br \/>\n\u0160ifra za narud\u017ebu: 20504<br \/>\n<a href=\"https:\/\/tiflonova.hr\/wp\/?page_id=177#content\">Naru\u010dite sada&#8230;.<\/a><\/p>\n<hr \/>\n<h1>Dodatni pribor za braji\u010dne pisa\u010de<\/h1>\n<p><img loading=\"lazy\" decoding=\"async\" class=\"alignnone size-medium wp-image-751\" src=\"https:\/\/tiflonova.hr\/wp\/wp-content\/uploads\/2025\/04\/Index-akusticni-ormaric-200x300.jpg\" alt=\"Index akusti\u010dni ormari\u0107\" width=\"200\" height=\"300\" srcset=\"https:\/\/tiflonova.hr\/wp\/wp-content\/uploads\/2025\/04\/Index-akusticni-ormaric-200x300.jpg 200w, https:\/\/tiflonova.hr\/wp\/wp-content\/uploads\/2025\/04\/Index-akusticni-ormaric-682x1024.jpg 682w, https:\/\/tiflonova.hr\/wp\/wp-content\/uploads\/2025\/04\/Index-akusticni-ormaric-768x1154.jpg 768w, https:\/\/tiflonova.hr\/wp\/wp-content\/uploads\/2025\/04\/Index-akusticni-ormaric.jpg 960w\" sizes=\"auto, (max-width: 200px) 100vw, 200px\" \/><\/p>\n<p><img loading=\"lazy\" decoding=\"async\" class=\"alignnone size-medium wp-image-730\" src=\"https:\/\/tiflonova.hr\/wp\/wp-content\/uploads\/2025\/04\/Akusticni-poklopac-za-Bassic-D-V5-300x169.jpg\" alt=\"Akusti\u010dni poklopac za Bassic-D V5\" width=\"300\" height=\"169\" srcset=\"https:\/\/tiflonova.hr\/wp\/wp-content\/uploads\/2025\/04\/Akusticni-poklopac-za-Bassic-D-V5-300x169.jpg 300w, https:\/\/tiflonova.hr\/wp\/wp-content\/uploads\/2025\/04\/Akusticni-poklopac-za-Bassic-D-V5-768x432.jpg 768w, https:\/\/tiflonova.hr\/wp\/wp-content\/uploads\/2025\/04\/Akusticni-poklopac-za-Bassic-D-V5-500x281.jpg 500w, https:\/\/tiflonova.hr\/wp\/wp-content\/uploads\/2025\/04\/Akusticni-poklopac-za-Bassic-D-V5.jpg 960w\" sizes=\"auto, (max-width: 300px) 100vw, 300px\" \/><\/p>\n<p><img loading=\"lazy\" decoding=\"async\" class=\"alignnone size-medium wp-image-752\" src=\"https:\/\/tiflonova.hr\/wp\/wp-content\/uploads\/2025\/04\/Index-klamerica-300x169.jpg\" alt=\"Index klamerica\" width=\"300\" height=\"169\" srcset=\"https:\/\/tiflonova.hr\/wp\/wp-content\/uploads\/2025\/04\/Index-klamerica-300x169.jpg 300w, https:\/\/tiflonova.hr\/wp\/wp-content\/uploads\/2025\/04\/Index-klamerica-1024x576.jpg 1024w, https:\/\/tiflonova.hr\/wp\/wp-content\/uploads\/2025\/04\/Index-klamerica-768x432.jpg 768w, https:\/\/tiflonova.hr\/wp\/wp-content\/uploads\/2025\/04\/Index-klamerica-1536x864.jpg 1536w, https:\/\/tiflonova.hr\/wp\/wp-content\/uploads\/2025\/04\/Index-klamerica-500x281.jpg 500w, https:\/\/tiflonova.hr\/wp\/wp-content\/uploads\/2025\/04\/Index-klamerica.jpg 1600w\" sizes=\"auto, (max-width: 300px) 100vw, 300px\" \/><\/p>\n<ul>\n<li><a href=\"https:\/\/tiflonova.hr\/wp\/?page_id=694#content\">Everest-D V5 i Basic-D V5: akusti\u010dni ormari\u0107 za smanjivanje buke<\/a><\/li>\n<li><a href=\"https:\/\/tiflonova.hr\/wp\/?page_id=691#content\">Basic-D V5: akusti\u010dni poklopac za smanjivanje buke<\/a><\/li>\n<li><a href=\"https:\/\/tiflonova.hr\/wp\/?page_id=698#content\">Index klamerica za braji\u010dne listove<\/a><\/li>\n<li><a href=\"https:\/\/tiflonova.hr\/wp\/?page_id=382#content\">Duxbury Braille Translator &#8211; DBT (Windows i Mac)<\/a><\/li>\n<\/ul>\n<p>Cijena:<br \/>\n\u0160ifra za narud\u017ebu:<br \/>\n<a href=\"https:\/\/tiflonova.hr\/wp\/?page_id=177#content\">Naru\u010dite sada&#8230;.<\/a><\/p>\n<hr \/>\n<p><em>* Cijena je informativna, promjenjiva i ne predstavlja obvezuju\u0107u ponudu. Raspolo\u017eivost i cijenu potvr\u0111ujemo po primitku i obradi narud\u017ebe.<\/em><\/p>\n<p>Prodaju, instalaciju, poduku, odr\u017eavanje i korisni\u010dku podr\u0161ku osigurava Tiflonova d.o.o.<\/p>\n<hr \/>\n<p><strong>Ispis na brajici postao je lak\u0161i<\/strong><\/p>\n<p>Index Braille vode\u0107i je proizvo\u0111a\u010d braji\u010dnih pisa\u010da na svjetskom tr\u017ei\u0161tu. Podi\u017eu\u0107i tehni\u010dku razinu, Index Braille u\u010dinio je brajicu dostupnijom slijepim osobama diljem svijeta. Otkako je Index osnovan ranih 1980-ih, tvrtka neprestano radi na razvoju proizvoda s ciljem da ispis na brajici bude jednostavan.<\/p>\n<p>S vi\u0161e od 40 godina iskustva, \u0161vedska tvrtka Index Braille glavni je svjetski proizvo\u0111a\u010d braji\u010dnih pisa\u010da. Tvrtka ima moderne proizvodne kapacitete, brzu isporuku i stalno a\u017eurirane proizvode.<\/p>\n<p>Posjetite <a href=\"https:\/\/www.youtube.com\/user\/indexbraille\/playlists\">Index Braille &#8211; YouTube (vanjska poveznica)<\/a><\/p>\n<hr \/>\n<h3>Navigacija<\/h3>\n<ul>\n<li><a href=\"https:\/\/tiflonova.hr\/wp\/?page_id=280\">Povratak na po\u010detnu <strong>Web trgovina<\/strong><\/a><\/li>\n<\/ul>\n","protected":false},"excerpt":{"rendered":"<p>Index Basic-D V5 Vode\u0107i svjetski braji\u010dni pisa\u010d s pogonom za kontinuirano uvla\u010denje papira. Kompaktni i lagani braji\u010dni pisa\u010d po konkurentnoj cijeni. Vi\u0161e od 20 godina najprodavaniji pisa\u010d na svijetu. Jednostavan za rukovanje, jeftin za odr\u017eavanje. Zna\u010dajke: Dvostrani braji\u010dni pisa\u010d Brzina &hellip; <a href=\"https:\/\/tiflonova.hr\/wp\/?page_id=667\">Nastavi \u010ditati <span class=\"meta-nav\">&rarr;<\/span><\/a><\/p>\n","protected":false},"author":1,"featured_media":0,"parent":280,"menu_order":0,"comment_status":"closed","ping_status":"closed","template":"","meta":{"footnotes":""},"class_list":["post-667","page","type-page","status-publish","hentry"],"_links":{"self":[{"href":"https:\/\/tiflonova.hr\/wp\/index.php?rest_route=\/wp\/v2\/pages\/667","targetHints":{"allow":["GET"]}}],"collection":[{"href":"https:\/\/tiflonova.hr\/wp\/index.php?rest_route=\/wp\/v2\/pages"}],"about":[{"href":"https:\/\/tiflonova.hr\/wp\/index.php?rest_route=\/wp\/v2\/types\/page"}],"author":[{"embeddable":true,"href":"https:\/\/tiflonova.hr\/wp\/index.php?rest_route=\/wp\/v2\/users\/1"}],"replies":[{"embeddable":true,"href":"https:\/\/tiflonova.hr\/wp\/index.php?rest_route=%2Fwp%2Fv2%2Fcomments&post=667"}],"version-history":[{"count":18,"href":"https:\/\/tiflonova.hr\/wp\/index.php?rest_route=\/wp\/v2\/pages\/667\/revisions"}],"predecessor-version":[{"id":1229,"href":"https:\/\/tiflonova.hr\/wp\/index.php?rest_route=\/wp\/v2\/pages\/667\/revisions\/1229"}],"up":[{"embeddable":true,"href":"https:\/\/tiflonova.hr\/wp\/index.php?rest_route=\/wp\/v2\/pages\/280"}],"wp:attachment":[{"href":"https:\/\/tiflonova.hr\/wp\/index.php?rest_route=%2Fwp%2Fv2%2Fmedia&parent=667"}],"curies":[{"name":"wp","href":"https:\/\/api.w.org\/{rel}","templated":true}]}}