{"id":657,"date":"2025-05-28T10:01:49","date_gmt":"2025-05-28T08:01:49","guid":{"rendered":"https:\/\/tiflonova.hr\/wp\/?page_id=657"},"modified":"2025-05-28T11:22:03","modified_gmt":"2025-05-28T09:22:03","slug":"zoomtext-programsko-povecalo-za-slabovidne","status":"publish","type":"page","link":"https:\/\/tiflonova.hr\/wp\/?page_id=657","title":{"rendered":"Freedom Scientific ZoomText programsko pove\u0107alo za slabovidne"},"content":{"rendered":"<h3>Narud\u017eba<\/h3>\n<p><strong>Freedom Scientific ZoomText programsko pove\u0107alo SMA &#8211; trajna licenca<\/strong><\/p>\n<ul>\n<li>Cijena: 1.027,33 EUR *<\/li>\n<li>\u0160ifra za narud\u017ebu: 29121<\/li>\n<li><a href=\"https:\/\/tiflonova.hr\/wp\/?page_id=177#content\">Naru\u010dite sada&#8230;.<\/a><\/li>\n<\/ul>\n<p><strong>Freedom Scientific ZoomText programsko pove\u0107alo, licenca pretplate na jednu godinu za jedno ra\u010dunalo<\/strong><\/p>\n<ul>\n<li>Cijena: 380,44 EUR *<\/li>\n<li>\u0160ifra za narud\u017ebu: 29122<\/li>\n<li><a href=\"https:\/\/tiflonova.hr\/wp\/?page_id=177#content\">Naru\u010dite sada&#8230;.<\/a><\/li>\n<\/ul>\n<p><strong>Freedom Scientific ZoomText programsko pove\u0107alo, licenca pretplate na dvije godine za jedno ra\u010dunalo<\/strong><\/p>\n<ul>\n<li>Cijena: 362,67 EUR *<\/li>\n<li>\u0160ifra za narud\u017ebu: 29123<\/li>\n<li><a href=\"https:\/\/tiflonova.hr\/wp\/?page_id=177#content\">Naru\u010dite sada&#8230;.<\/a><\/li>\n<\/ul>\n<p><em>* Cijena je informativna, promjenjiva i ne predstavlja obvezuju\u0107u ponudu. Raspolo\u017eivost i cijenu potvr\u0111ujemo po primitku i obradi narud\u017ebe.<\/em><\/p>\n<p>Napomena: \u0160to su trajna licenca, ZoomText SMA i pretplata, pro\u010ditajte u <a href=\"#lic\">Op\u0107e napomene o licenci<\/a><\/p>\n<hr \/>\n<p><img loading=\"lazy\" decoding=\"async\" class=\"alignnone size-medium wp-image-726\" src=\"https:\/\/tiflonova.hr\/wp\/wp-content\/uploads\/2025\/04\/ZoomText-Software-300x300.jpg\" alt=\"Logotip ZoomText\" width=\"300\" height=\"300\" srcset=\"https:\/\/tiflonova.hr\/wp\/wp-content\/uploads\/2025\/04\/ZoomText-Software-300x300.jpg 300w, https:\/\/tiflonova.hr\/wp\/wp-content\/uploads\/2025\/04\/ZoomText-Software-150x150.jpg 150w, https:\/\/tiflonova.hr\/wp\/wp-content\/uploads\/2025\/04\/ZoomText-Software.jpg 480w\" sizes=\"auto, (max-width: 300px) 100vw, 300px\" \/><\/p>\n<p>ZoomText programsko pove\u0107alo je napredni program za pove\u0107anje sadr\u017eaja prikazanog na zaslonu ra\u010dunala, \u010dine\u0107i rad na ra\u010dunalu lak\u0161im za pregled<br \/>\ni kori\u0161tenje.<\/p>\n<h1>Zna\u010dajke ZoomText pove\u0107ala uklju\u010duju:<\/h1>\n<p><strong>Sna\u017eni Zoom prozora<\/strong><br \/>\n8 razli\u010ditih prozora za zumiranje omogu\u0107uju vam brzi odabir koji dio zaslona \u017eelite pove\u0107ati.<\/p>\n<p>Prozor za zumiranje prikazuje uve\u0107ani prikaz zaslona ra\u010dunala. Prozor za zumiranje mo\u017eete zamisliti kao pove\u0107alo koje se dr\u017ei ispred ekrana. Prozor za zumiranje prikazuje samo dio zaslona u bilo kojem trenutku, ali pomicanjem njegovog uve\u0107anog sadr\u017eaja mo\u017eete vidjeti bilo koje podru\u010dje zaslona.<\/p>\n<p>ZoomText nudi osam tipova prozora zumiranja: Puni, Preklapanje, Objektiv, Linija i \u010detiri usidrena polo\u017eaja. Svaki od ovih prozora nudi jedinstven na\u010din prikaz onoga \u0161to je na ekranu. U bilo kojem trenutku mo\u017eete promijeniti vrstu prozora zumiranja kako biste se prilagodili drugom zadatku ili okru\u017eenju aplikacije.<\/p>\n<p><strong>Pobolj\u0161ane boje zaslona<\/strong><br \/>\nInovativne kontrole boja pobolj\u0161avaju jasno\u0107u zaslona i smanjuju naprezanje o\u010diju. Specijalni efekti uklju\u010duju boje u boji, dvobojne na\u010dine i zamjenu te\u017ee uo\u010dljivih boja ili boja napornih va\u0161im o\u010dima.<\/p>\n<p><strong>Vidljivi pokaziva\u010di i kursori<\/strong><br \/>\nPobolj\u0161anja veli\u010dine i boje olak\u0161avaju uo\u010davanje pokaziva\u010da mi\u0161a. Posebni lokatori olak\u0161avaju pra\u0107enje pokaziva\u010da mi\u0161a i kursora teksta dok se pomi\u010du po zaslonu.<\/p>\n<p><strong>Pobolj\u0161anje fokusa<\/strong><br \/>\nOlak\u0161ava lociranje i pra\u0107enje fokusa kontrole kada se kre\u0107ete kroz izbornik aplikacija, dijalo\u0161ke okvire i druge kontrole aplikacija.<\/p>\n<p><strong>Glatka navigacija<\/strong><br \/>\nKretanje va\u0161im aplikacijama i pomicanje prikaza uvijek je glatko i udobno. Ograni\u010deno kretanje mi\u0161a omogu\u0107uje vam pregled redaka i stupaca i zadr\u017eava vas unutar aktivnog prozora.<\/p>\n<p><strong>Podr\u0161ka za dva monitora<\/strong><br \/>\nUpotrijebite dva monitora za pro\u0161irenje pove\u0107anog podru\u010dja gledanja ili koristite drugi monitor za dijeljenje uve\u0107anog ili neuve\u0107anog prikaza radne povr\u0161ine s drugom osobom ili grupom.<\/p>\n<p><strong>ZoomText kamera<\/strong><br \/>\nZna\u010dajka ZoomText kamere omogu\u0107uje vam kori\u0161tenje bilo koje web kamere visoke razlu\u010divosti (HD) za pregled i pove\u0107anje ispisanih predmeta i drugih objekata izravno na zaslonu va\u0161eg ra\u010dunala &#8211; uklju\u010duju\u0107i ra\u010dune, \u010dasopise, fotografije, naljepnice za lijekove, rukotvorine i jo\u0161 mnogo toga.<\/p>\n<p><strong>Pobolj\u0161ani Web Finder<\/strong><br \/>\nZoomText pobolj\u0161ani Web Finder omogu\u0107uje pretra\u017eivanje web stranica po klju\u010dnim rije\u010dima ili izrazima ili letimi\u010dno pregledavanje stranica kako biste prona\u0161li stavke koje vas zanimaju. Kada se prona\u0111e zanimljiva stavka, Web Finder mo\u017ee po\u010deti \u010ditati naglas po\u010dev\u0161i od tog polo\u017eaja (samo Pove\u0107alo\/\u010cita\u010d). Ako je stavka poveznica na drugu stranicu, mo\u017eete postaviti Web Finder da otvori poveznicu i nastavi pretra\u017eivanje na novoj stranici.<\/p>\n<p><strong>Desktop Finder<\/strong><br \/>\nDesktop Finder poma\u017ee vam prona\u0107i i pokrenuti programe i dokumente na radnoj povr\u0161ini, programskoj traci i traci za brzo pokretanje.<\/p>\n<p><strong>Postavke aplikacije<\/strong><br \/>\nSpremite personalizirane postavke za svaku aplikaciju koju koristite. Dok mijenjate aplikacije, ZoomText automatski u\u010ditava prilago\u0111ene postavke.<\/p>\n<p><strong>Potpuna podr\u0161ka za prijavu u sustav Windows (s korisni\u010dkim su\u010deljem za prijavu ZoomText)<\/strong><br \/>\nPodr\u0161ka za prijavu ZoomTexta pru\u017ea bitne zna\u010dajke pove\u0107anja i \u010ditanja zaslona prilikom prijave u sustav Windows.<\/p>\n<p><strong>Video prezentacija (Youtube, vanjska poveznica)<\/strong><br \/>\n<iframe loading=\"lazy\" title=\"YouTube video player\" src=\"https:\/\/www.youtube.com\/embed\/_EK_oCusNow?si=VTP4djokHWGkNsid\" width=\"560\" height=\"315\" frameborder=\"0\" allowfullscreen=\"allowfullscreen\"><\/iframe><\/p>\n<h1>Koju korist mo\u017eete imati od ZoomText programskog pove\u0107ala?<\/h1>\n<p>Revolucionarna tehnologija &#8216;xfont&#8217; prikazuje kristalno jasan tekst na svim razinama pove\u0107anja. Jednom kad ga isprobate, ni s jednim drugim programskim pove\u0107alom zaslona ne\u0107ete biti zadovoljni.<\/p>\n<p>Veliki izbor gotovih razina pove\u0107anja maks. do 60 puta uz zadr\u017eavanje kvalitete prikaza i o\u0161trine slike \u010dini ga posebnim. Svaku razinu pove\u0107anja mo\u017eete prilagoditi svojim potrebama, odnosno fino podesiti cjelovito i fragmentalno pove\u0107anje.<\/p>\n<p>Brzo prebacivanje izme\u0111u razli\u010ditih razina pove\u0107anja u\u010dinit \u0107e Va\u0161 rad na ra\u010dunalu ugodnim i produktivnim.<\/p>\n<h1>Sistemski zahtjevi<\/h1>\n<p>Microsoft Windows 10, Microsoft Windows 11 &#8211; sva izdanja<\/p>\n<hr\/>\n<h1 id=\"lic\">Op\u0107e napomene o licenci<\/h1>\n<p><strong>Pretplata<\/strong> &#8211; licenca pretplate na jednu, dvije ili tri godine za jedno ra\u010dunalo aktivira puno funkcionalnost Freedom Scientific ZoomText programskog pove\u0107ala za period trajanja pretplate.<\/p>\n<p><strong>Trajna licenca<\/strong> &#8211; aktualna verzija programskog pove\u0107ala ZoomText trajno je aktivirana sve dok se mo\u017ee pokrenuti i koristiti na ra\u010dunalu.<\/p>\n<p><strong>SMA (Software Maintenance Agreement\/Ugovor o odr\u017eavanju softvera)<\/strong> &#8211; kupnjom SMA ostvaruje se pravo na nadogradnje i sva a\u017euriranja unutar glavne verzije programskog pove\u0107ala ZoomText, odnosno za sljede\u0107u verziju od trenutno kori\u0161tene.<\/p>\n<p>Kupnjom <strong>nove trajne licence<\/strong> ostvaruje se pravo na SMA+2 (npr. kupi li se nova trajna licenca za ZoomText programsko pove\u0107alo V.2025, onda se ostvaruje pravo na sva a\u017euriranja i nadogradnje za ZoomText programsko pove\u0107alo V.2025, V.2026 i V.2027).<\/p>\n<p>Kupnjom samo <strong>ZoomText SMA<\/strong> ostvaruje se pravo na nadogradnju i sva a\u017euriranja programskog pove\u0107ala ZoomText za teku\u0107u godinu i\/ili sljede\u0107u.<\/p>\n<p><strong>ZoomText nadogradnja<\/strong> podrazumijeva nadogradnju programskog pove\u0107ala ZoomText s licencirane verzije na najnoviju verziju. Samo najnovija licencirana verzija omogu\u0107ava kupnju SMA.<\/p>\n<h1>Dodatne opcije<\/h1>\n<p>Za ZoomText programsko pove\u0107alo trajnu licencu, pretplatu, nadogradnu, SMA ili enterprise licencu, <a href=\"https:\/\/tiflonova.hr\/wp\/?page_id=59#content\">kontaktirajte nas.<\/a><\/p>\n<p>Podr\u0161ku i odr\u017eavanje osigurava Tiflonova d.o.o.<\/p>\n<p>Proizvo\u0111a\u010d: Freedom Scientific<br \/>\nZemlja podrijetla: SAD<\/p>\n<hr \/>\n<h3>Navigacija<\/h3>\n<ul>\n<li><a href=\"https:\/\/tiflonova.hr\/wp\/?page_id=380\">Povratak na <strong>Programska oprema<\/strong><\/a><\/li>\n<\/ul>\n","protected":false},"excerpt":{"rendered":"<p>Narud\u017eba Freedom Scientific ZoomText programsko pove\u0107alo SMA &#8211; trajna licenca Cijena: 1.027,33 EUR * \u0160ifra za narud\u017ebu: 29121 Naru\u010dite sada&#8230;. Freedom Scientific ZoomText programsko pove\u0107alo, licenca pretplate na jednu godinu za jedno ra\u010dunalo Cijena: 380,44 EUR * \u0160ifra za narud\u017ebu: &hellip; <a href=\"https:\/\/tiflonova.hr\/wp\/?page_id=657\">Nastavi \u010ditati <span class=\"meta-nav\">&rarr;<\/span><\/a><\/p>\n","protected":false},"author":1,"featured_media":0,"parent":380,"menu_order":0,"comment_status":"closed","ping_status":"closed","template":"","meta":{"footnotes":""},"class_list":["post-657","page","type-page","status-publish","hentry"],"_links":{"self":[{"href":"https:\/\/tiflonova.hr\/wp\/index.php?rest_route=\/wp\/v2\/pages\/657","targetHints":{"allow":["GET"]}}],"collection":[{"href":"https:\/\/tiflonova.hr\/wp\/index.php?rest_route=\/wp\/v2\/pages"}],"about":[{"href":"https:\/\/tiflonova.hr\/wp\/index.php?rest_route=\/wp\/v2\/types\/page"}],"author":[{"embeddable":true,"href":"https:\/\/tiflonova.hr\/wp\/index.php?rest_route=\/wp\/v2\/users\/1"}],"replies":[{"embeddable":true,"href":"https:\/\/tiflonova.hr\/wp\/index.php?rest_route=%2Fwp%2Fv2%2Fcomments&post=657"}],"version-history":[{"count":8,"href":"https:\/\/tiflonova.hr\/wp\/index.php?rest_route=\/wp\/v2\/pages\/657\/revisions"}],"predecessor-version":[{"id":994,"href":"https:\/\/tiflonova.hr\/wp\/index.php?rest_route=\/wp\/v2\/pages\/657\/revisions\/994"}],"up":[{"embeddable":true,"href":"https:\/\/tiflonova.hr\/wp\/index.php?rest_route=\/wp\/v2\/pages\/380"}],"wp:attachment":[{"href":"https:\/\/tiflonova.hr\/wp\/index.php?rest_route=%2Fwp%2Fv2%2Fmedia&parent=657"}],"curies":[{"name":"wp","href":"https:\/\/api.w.org\/{rel}","templated":true}]}}