{"id":60,"date":"2025-03-30T08:11:47","date_gmt":"2025-03-30T06:11:47","guid":{"rendered":"https:\/\/tiflonova.hr\/wp\/home\/"},"modified":"2025-03-30T10:51:20","modified_gmt":"2025-03-30T08:51:20","slug":"home","status":"publish","type":"page","link":"https:\/\/tiflonova.hr\/wp\/","title":{"rendered":"Po\u010detna Tiflonova d.o.o."},"content":{"rendered":"<p><strong>Pru\u017eamo<\/strong> kvalitetu, pouzdanost i veliko iskustvo.<\/p>\n<p><strong>Nudimo:<\/strong><\/p>\n<p>Tiflotehni\u010dka pomagala<br \/>\nPrilago\u0111ena ra\u010dunala<br \/>\nMobitele<br \/>\nProizvode s govornom funkcijom<br \/>\nOpremu za \u0161kolu<br \/>\nPribor za doma\u0107instvo<\/p>\n<p>Rje\u0161enja<br \/>\nSavjetovanja<br \/>\nNabava opreme<br \/>\nInstalacija<br \/>\nServis i odr\u017eavanje<br \/>\nPodr\u0161ka<br \/>\nPoduka<\/p>\n<p>Tiskara na Brailleovom pismu<\/p>\n<p>Sve na jednom mjestu. Ovdje smo za Vas da pomognemo svojim znanjem i iskustvom.<\/p>\n<hr>\n<h1><a href=\"https:\/\/tiflonova.hr\/wp\/?page_id=280#content\">Trgovina<\/a><\/h1>\n<p>\u0160irok izbor tiflotehni\u010dkih pomagala i prilago\u0111enih proizvoda za slijepe i slabovidne ljude.<\/p>\n<p>Kvalitetni proizvodi od pouzdanih proizvo\u0111a\u010da iz cijelog svijeta.<\/p>\n<p>Proizvode koje nemamo u web trgovini nabavljamo na upit u najkra\u0107em vremenu.<\/p>\n<p>Za sve proizvode iz ponude pru\u017eamo tehni\u010dku i korisni\u010dku podr\u0161ku.<br \/>\n<a title=\"Web trgovina\" href=\"https:\/\/tiflonova.hr\/wp\/?page_id=280#content\">Otvorite trgovinu&#8230;<\/a><\/p>\n<hr>\n<h1><a href=\"https:\/\/tiflonova.hr\/wp\/?page_id=115#content\">Usluge<\/a><\/h1>\n<p>Tehni\u010dka prilagodba radnog mjesta<br \/>\nTehni\u010dka oprema za \u0161kolovanje i studiranje<br \/>\nInstalacija, podr\u0161ka i odr\u017eavanje<br \/>\nInformati\u010dka poduka<br \/>\nTiflotehni\u010dka poduka<br \/>\n<a href=\"https:\/\/tiflonova.hr\/wp\/?page_id=115#content\">Op\u0161irnije&#8230;<\/a><\/p>\n<hr>\n<h1><a href=\"https:\/\/tiflonova.hr\/wp\/?page_id=118#content\">Braji\u010dna tiskara<\/a><\/h1>\n<p>Prevo\u0111enje sadr\u017eaja na Brailleovo pismo<br \/>\nBraji\u010dne tiskarske usluge i grafi\u010dko oblikovanje<br \/>\nTiskanje Brailleovog sadr\u017eaja na papir<br \/>\nIzrada digitalnih Brailleovih knjiga<br \/>\nObrada teksta za maksimalnu digitalnu pristupa\u010dnost (pdf, epub, web, docx, xlsx&#8230;)<br \/>\nUve\u0107ani tisak<\/p>\n<p>Tiskamo ud\u017ebenike, knjige, bro\u0161ure, letke, jelovnike, \u010destitke, posjetnice i ostale publikacije na Brailleovom pismu.<\/p>\n<p>Izra\u0111ujemo digitalne Brailleove knjige i publikacije za \u010ditanje na elektroni\u010dkim braji\u010dnim ure\u0111ajima za \u010ditanje i pisanje.<br \/>\n<a href=\"https:\/\/tiflonova.hr\/wp\/?page_id=118#content\">Op\u0161irnije&#8230;<\/a><\/p>\n<hr>\n<h1><a href=\"https:\/\/tiflonova.hr\/wp\/?page_id=57#content\">O TVRTKI TIFLONOVA<\/a><\/h1>\n<p>30 godina iskustva u radu s tiflotehni\u010dkim pomagalima, pomagalima za slijepe i slabovidne osobe: programiranje, monta\u017ea, prevo\u0111enje, instalacija, podr\u0161ka, odr\u017eavanje, idealna rje\u0161enja, savjetovanje, poduka.<\/p>\n<p>12 godina rada u obiteljskoj tvrtki za razvoj i prodaju tiflotehni\u010dkih pomagala.<\/p>\n<p>Vi\u0161e od 20 godina prakti\u010dnog iskustva u braji\u010dnoj tiskari &#8211; grafi\u010dko oblikovanje i proizvodnja braji\u010dnih knjiga, ud\u017ebenika, publikacija, bro\u0161ura, letaka, jelovnika, pozivnica&#8230;<br \/>\n<a href=\"https:\/\/tiflonova.hr\/wp\/?page_id=57#content\">Op\u0161irnije&#8230;<\/a><\/p>\n<hr>\n<p><strong>Doktori za pomagala.<\/strong><\/p>\n<p><strong>Veselimo se suradnji!<\/strong><br \/>\nTiflonova team<\/p>\n<p><em>TIFLO = gr\u010d. slijep + NOVA = nove asistivne tehnologije i znanja<\/em><\/p>\n","protected":false},"excerpt":{"rendered":"<p>Pru\u017eamo kvalitetu, pouzdanost i veliko iskustvo. Nudimo: Tiflotehni\u010dka pomagala Prilago\u0111ena ra\u010dunala Mobitele Proizvode s govornom funkcijom Opremu za \u0161kolu Pribor za doma\u0107instvo Rje\u0161enja Savjetovanja Nabava opreme Instalacija Servis i odr\u017eavanje Podr\u0161ka Poduka Tiskara na Brailleovom pismu Sve na jednom mjestu. &hellip; <a href=\"https:\/\/tiflonova.hr\/wp\/\">Nastavi \u010ditati <span class=\"meta-nav\">&rarr;<\/span><\/a><\/p>\n","protected":false},"author":1,"featured_media":0,"parent":0,"menu_order":0,"comment_status":"closed","ping_status":"closed","template":"","meta":{"footnotes":""},"class_list":["post-60","page","type-page","status-publish","hentry"],"_links":{"self":[{"href":"https:\/\/tiflonova.hr\/wp\/index.php?rest_route=\/wp\/v2\/pages\/60","targetHints":{"allow":["GET"]}}],"collection":[{"href":"https:\/\/tiflonova.hr\/wp\/index.php?rest_route=\/wp\/v2\/pages"}],"about":[{"href":"https:\/\/tiflonova.hr\/wp\/index.php?rest_route=\/wp\/v2\/types\/page"}],"author":[{"embeddable":true,"href":"https:\/\/tiflonova.hr\/wp\/index.php?rest_route=\/wp\/v2\/users\/1"}],"replies":[{"embeddable":true,"href":"https:\/\/tiflonova.hr\/wp\/index.php?rest_route=%2Fwp%2Fv2%2Fcomments&post=60"}],"version-history":[{"count":14,"href":"https:\/\/tiflonova.hr\/wp\/index.php?rest_route=\/wp\/v2\/pages\/60\/revisions"}],"predecessor-version":[{"id":635,"href":"https:\/\/tiflonova.hr\/wp\/index.php?rest_route=\/wp\/v2\/pages\/60\/revisions\/635"}],"wp:attachment":[{"href":"https:\/\/tiflonova.hr\/wp\/index.php?rest_route=%2Fwp%2Fv2%2Fmedia&parent=60"}],"curies":[{"name":"wp","href":"https:\/\/api.w.org\/{rel}","templated":true}]}}