{"id":59,"date":"2025-01-22T12:02:47","date_gmt":"2025-01-22T11:02:47","guid":{"rendered":"https:\/\/tiflonova.hr\/wp\/contact\/"},"modified":"2025-01-23T12:46:47","modified_gmt":"2025-01-23T11:46:47","slug":"contact","status":"publish","type":"page","link":"https:\/\/tiflonova.hr\/wp\/?page_id=59","title":{"rendered":"Kontakt"},"content":{"rendered":"<p>Po\u0161aljite nam poruku ako trebate pomo\u0107 pri kupnji, pla\u0107anju, odabiru proizvoda&#8230; Slobodno nam se obratite sa svim Va\u0161im pitanjima.<\/p>\n\n\n<!-- Fast Secure Contact Form plugin 4.0.52 - begin - FastSecureContactForm.com -->\r\n<div style=\"clear:both;\"><\/div>\n<h1>Po\u0161aljite nam poruku<\/h1>\r\n<p>Po\u0161aljite nam poruku, uputite pitanje ili nas obodrite.<\/p>\r\n<div id=\"FSContact2\" style=\"width:99%; max-width:555px;\">\r\n<form action=\"https:\/\/tiflonova.hr\/wp\/index.php?rest_route=%2Fwp%2Fv2%2Fpages%2F59#FSContact2\" id=\"fscf_form2\" method=\"post\">\r\n\n<div id=\"fscf_required2\">\n  <span style=\"text-align:left;\">\u00a0(obavezno)<\/span> <span style=\"text-align:left;\">ozna\u010dava polje koje mora biti popunjeno.<\/span>\n<\/div>\n\n\n<div id=\"fscf_div_clear2_0\" style=\"clear:both;\">\n  <div id=\"fscf_div_field2_0\" style=\"clear:left; float:left; width:99%; max-width:550px; margin-right:10px;\">\r\n    <div style=\"text-align:left; padding-top:5px;\">\n      <label style=\"text-align:left;\" for=\"fscf_f_name2\">Va\u0161e ime:<span style=\"text-align:left;\">\u00a0(obavezno)<\/span><\/label>\n    <\/div>\r\n    <div style=\"text-align:left;\">\r\n\t  <input style=\"text-align:left; margin:0; width:99%; max-width:250px;\" type=\"text\" id=\"fscf_f_name2\" name=\"f_name\" value=\"\"  \/>\r\n    <\/div>\r\n    <div style=\"text-align:left; padding-top:5px;\">\n      <label style=\"text-align:left;\" for=\"fscf_l_name2\">Prezime:<span style=\"text-align:left;\">\u00a0(obavezno)<\/span><\/label>\n    <\/div>\r\n    <div style=\"text-align:left;\">\r\n\t  <input style=\"text-align:left; margin:0; width:99%; max-width:250px;\" type=\"text\" id=\"fscf_l_name2\" name=\"l_name\" value=\"\"  \/>\r\n    <\/div>\r\n  <\/div>\n<\/div>\n\n<div id=\"fscf_div_clear2_1\" style=\"clear:both;\">\n  <div id=\"fscf_div_field2_1\" style=\"clear:left; float:left; width:99%; max-width:550px; margin-right:10px;\">\n    <div style=\"text-align:left; padding-top:5px;\">\n      <label style=\"text-align:left;\" for=\"fscf_email2\">Va\u0161a adresa e-po\u0161te:<span style=\"text-align:left;\">\u00a0(obavezno)<\/span><\/label>\n    <\/div>\n    <div style=\"text-align:left;\">\n      <input style=\"text-align:left; margin:0; width:99%; max-width:250px;\" type=\"text\" id=\"fscf_email2\" name=\"email\" value=\"\"  \/>\n    <\/div>\n  <\/div>\n<\/div>\n\n<div id=\"fscf_div_clear2_9\" style=\"clear:both;\">\n  <div id=\"fscf_div_field2_9\" style=\"clear:left; float:left; width:99%; max-width:550px; margin-right:10px;\">\n    <div  id=\"fscf_label2_9\" style=\"text-align:left; padding-top:5px;\">\r\n      <label style=\"text-align:left;\" for=\"fscf_field2_9\">Telefon:<\/label>\n    <\/div>\n    <div style=\"text-align:left;\">\n      <input style=\"text-align:left; margin:0; width:99%; max-width:250px;\" type=\"text\" id=\"fscf_field2_9\" name=\"telefon\" value=\"\"  maxlength=\"30\" \/>\n    <\/div>\n  <\/div>\n<\/div>\n\n<div id=\"fscf_div_clear2_13\" style=\"clear:both;\">\n  <div id=\"fscf_div_field2_13\" style=\"clear:left; float:left; width:99%; max-width:550px; margin-right:10px;\">\n    <div  id=\"fscf_label2_13\" style=\"text-align:left; padding-top:5px;\">\r\n      <label style=\"text-align:left;\" for=\"fscf_field2_13\">Poruka:<span style=\"text-align:left;\">\u00a0(obavezno)<\/span><\/label>\n    <\/div>\n    <div style=\"text-align:left;\">\n      <textarea style=\"text-align:left; margin:0; width:99%; max-width:250px; height:120px;\" id=\"fscf_field2_13\" name=\"poruka\" cols=\"30\" rows=\"10\" ><\/textarea>\n    <\/div>\n  <\/div>\n<\/div>\n\n<div id=\"fscf_div_clear2_14\" style=\"clear:both;\">\n  <div id=\"fscf_div_field2_14\" style=\"clear:left; float:left; width:99%; max-width:550px; margin-right:10px;\">\n    <div  id=\"fscf_label2_14\" style=\"text-align:left; padding-top:5px;\">\r\n      <label style=\"text-align:left;\" for=\"fscf_field2_14\">Za\u0161tita osobnih podataka<span style=\"text-align:left;\">\u00a0(obavezno)<\/span><\/label>\n    <\/div>\n    <div style=\"text-align:left;\">\n      <span><input type=\"radio\" style=\"width:13px;\" id=\"fscf_field2_14_1\" name=\"zastita_osobnih_podataka\" value=\"1\" \/> <label style=\"display:inline;\" for=\"fscf_field2_14_1\">Da, sla\u017eem se da podatke koje sam utipkao\/la u obrazac tvrtka Tiflonova d.o.o. koristi za obradu zahtjeva i da me kontaktira ako je potrebno<\/label><\/span><br \/>\n      <span><input type=\"radio\" style=\"width:13px;\" id=\"fscf_field2_14_2\" name=\"zastita_osobnih_podataka\" value=\"2\" \/> <label style=\"display:inline;\" for=\"fscf_field2_14_2\">Ne sla\u017eem se (va\u0161 se zahtjev ne\u0107e mo\u0107i obraditi jer \u0107e podatci, koje ste utipkali, biti obrisani)<\/label><\/span>\n    <\/div>\n\n    <div style=\"clear:both;\"><\/div>\n<strong>Napomena:<\/strong><br \/>\r\nSvi prikupljeni podaci bit \u0107e upotrijebljeni da bismo obradili va\u0161 zahtjev u skladu s <a href=\"https:\/\/tiflonova.hr\/wp\/?page_id=3#content\">pravilima privatnosti<\/a> i ne\u0107e biti kori\u0161teni ni u koje druge svrhe.\n\n  <\/div>\n<\/div>\r\n<div style=\"clear:both;\"><\/div>\n\n<div style=\"text-align:left; padding-top:5px;\">\n<\/div>\n<div id=\"fscf_captcha_image_div2\" style=\"width:250px; height:65px; padding-top:2px;\">\n      <img loading=\"lazy\" decoding=\"async\" id=\"fscf_captcha_image2\" style=\"border-style:none; margin:0; padding:0px; padding-right:5px; float:left;\" src=\"https:\/\/tiflonova.hr\/wp\/wp-content\/plugins\/si-contact-form\/captcha\/securimage_show.php?prefix=JPOqgu8fbVBKHDCE\" width=\"175\" height=\"60\" alt=\"Slikovni izazov\" title=\"Slikovni izazov\" \/>\n      <input id=\"fscf_captcha_prefix2\" type=\"hidden\" name=\"fscf_captcha_prefix2\" value=\"JPOqgu8fbVBKHDCE\" \/>\n     <div id=\"fscf_captcha_refresh2\">\n        <a href=\"#\" rel=\"nofollow\" title=\"Osvje\u017ei sliku\" onclick=\"fscf_captcha_refresh('2','\/wp\/wp-content\/plugins\/si-contact-form\/captcha','https:\/\/tiflonova.hr\/wp\/wp-content\/plugins\/si-contact-form\/captcha\/securimage_show.php?prefix='); return false;\">\n        <img loading=\"lazy\" decoding=\"async\" src=\"https:\/\/tiflonova.hr\/wp\/wp-content\/plugins\/si-contact-form\/captcha\/images\/refresh.png\" width=\"22\" height=\"20\" alt=\"Osvje\u017ei sliku\" style=\"border-style:none; margin:0; padding:0px; vertical-align:bottom;\" onclick=\"this.blur();\" \/><\/a>\r\n     <\/div>\r\n<\/div>\r\n\r\n<div id=\"fscf_captcha_field2\" style=\"text-align:left; padding-top:5px;\">\r\n     <label style=\"text-align:left;\" for=\"fscf_captcha_code2\">Znakovi na slici:<span style=\"text-align:left;\">\u00a0(obavezno)<\/span><\/label>\r\n<\/div>\r\n<div style=\"text-align:left;\">\n     <input style=\"text-align:left; margin:0; width:50px;\" type=\"text\" value=\"\" autocomplete=\"off\" id=\"fscf_captcha_code2\" name=\"captcha_code\"  \/>\n<\/div>\n\n<div id=\"fscf_submit_div2\" style=\"text-align:left; clear:both; padding-top:15px;\">\r\n\t\t<input type=\"submit\" id=\"fscf_submit2\" style=\"cursor:pointer; margin:0;\" value=\"Po\u0161alji\"  onclick=\"this.disabled=true; this.value='Slanje...'; this.form.submit();\" \/> \n<\/div>\n\n<input type=\"hidden\" name=\"fscf_submitted\" value=\"0\" \/>\n<input type=\"hidden\" name=\"fs_postonce_2\" value=\"feca9525857475c129007e420bb4c05a,1777275623\" \/>\n<input type=\"hidden\" name=\"si_contact_action\" value=\"send\" \/>\n<input type=\"hidden\" name=\"form_id\" value=\"2\" \/>\n<input type=\"hidden\" name=\"mailto_id\" value=\"1\" \/>\n\n<\/form>\n<\/div>\r\n<div style=\"clear:both;\"><\/div>\n\n<!-- Fast Secure Contact Form plugin 4.0.52 - end - FastSecureContactForm.com -->\n\n<hr>\n<p>Zahvalni smo Vam ako imate nekakvo pitanje, kritiku, pohvalu ili prijedlog jer samim time poma\u017eete u pobolj\u0161anju kvalitete proizvoda i usluge u Tiflonova d.o.o.<\/p>\n<p>Tako\u0111er, slobodni ste uputiti svoju kritiku ili pohvalu za svakog \u010dlana na\u0161e ekipe jer i na taj na\u010din doprinosite kvaliteti i suradnji.<\/p>\n<p>Hvala Vam na svakoj napisanoj rije\u010di.<\/p>\n<p>Tiflonova team<\/p>\n","protected":false},"excerpt":{"rendered":"<p>Po\u0161aljite nam poruku ako trebate pomo\u0107 pri kupnji, pla\u0107anju, odabiru proizvoda&#8230; Slobodno nam se obratite sa svim Va\u0161im pitanjima. Zahvalni smo Vam ako imate nekakvo pitanje, kritiku, pohvalu ili prijedlog jer samim time poma\u017eete u pobolj\u0161anju kvalitete proizvoda i usluge &hellip; <a href=\"https:\/\/tiflonova.hr\/wp\/?page_id=59\">Nastavi \u010ditati <span class=\"meta-nav\">&rarr;<\/span><\/a><\/p>\n","protected":false},"author":1,"featured_media":0,"parent":60,"menu_order":0,"comment_status":"closed","ping_status":"closed","template":"","meta":{"footnotes":""},"class_list":["post-59","page","type-page","status-publish","hentry"],"_links":{"self":[{"href":"https:\/\/tiflonova.hr\/wp\/index.php?rest_route=\/wp\/v2\/pages\/59","targetHints":{"allow":["GET"]}}],"collection":[{"href":"https:\/\/tiflonova.hr\/wp\/index.php?rest_route=\/wp\/v2\/pages"}],"about":[{"href":"https:\/\/tiflonova.hr\/wp\/index.php?rest_route=\/wp\/v2\/types\/page"}],"author":[{"embeddable":true,"href":"https:\/\/tiflonova.hr\/wp\/index.php?rest_route=\/wp\/v2\/users\/1"}],"replies":[{"embeddable":true,"href":"https:\/\/tiflonova.hr\/wp\/index.php?rest_route=%2Fwp%2Fv2%2Fcomments&post=59"}],"version-history":[{"count":6,"href":"https:\/\/tiflonova.hr\/wp\/index.php?rest_route=\/wp\/v2\/pages\/59\/revisions"}],"predecessor-version":[{"id":195,"href":"https:\/\/tiflonova.hr\/wp\/index.php?rest_route=\/wp\/v2\/pages\/59\/revisions\/195"}],"up":[{"embeddable":true,"href":"https:\/\/tiflonova.hr\/wp\/index.php?rest_route=\/wp\/v2\/pages\/60"}],"wp:attachment":[{"href":"https:\/\/tiflonova.hr\/wp\/index.php?rest_route=%2Fwp%2Fv2%2Fmedia&parent=59"}],"curies":[{"name":"wp","href":"https:\/\/api.w.org\/{rel}","templated":true}]}}