{"id":57,"date":"2025-01-22T17:02:47","date_gmt":"2025-01-22T16:02:47","guid":{"rendered":"https:\/\/tiflonova.hr\/wp\/about\/"},"modified":"2025-01-23T17:19:13","modified_gmt":"2025-01-23T16:19:13","slug":"about","status":"publish","type":"page","link":"https:\/\/tiflonova.hr\/wp\/?page_id=57","title":{"rendered":"O nama"},"content":{"rendered":"<p>30 godina iskustva u radu s tiflotehni\u010dkim pomagalima, pomagalima za slijepe i slabovidne osobe: programiranje, monta\u017ea, prevo\u0111enje, instalacija, podr\u0161ka, odr\u017eavanje, idealna rje\u0161enja, savjetovanje, poduka.<\/p>\n<p>12 godina rada u obiteljskoj tvrtki za razvoj i prodaju tiflotehni\u010dkih pomagala.<\/p>\n<p>Vi\u0161e od 20 godina prakti\u010dnog iskustva u braji\u010dnoj tiskari &#8211; grafi\u010dko oblikovanje i proizvodnja braji\u010dnih knjiga, ud\u017ebenika, publikacija, bro\u0161ura, letaka, jelovnika, pozivnica&#8230;<\/p>\n<p>Pru\u017eamo kvalitetu, pouzdanost i veliko iskustvo.<\/p>\n<p>Veselimo se suradnji!<br \/>\nTiflonova team<\/p>\n<hr>\n<h1>Impressum<\/h1>\n<p><strong>Naziv i sjedi\u0161te tvrtke:<\/strong><\/p>\n<p>TIFLONOVA d. o. o.<br \/>\nKalni\u010dka 37<br \/>\n40000 \u010cakovec, Me\u0111imurska<br \/>\nHrvatska \/ Croatia (HR)<\/p>\n<p><strong>Porezni podatci:<\/strong><br \/>\nOIB: 57181434917<br \/>\nMati\u010dni broj poslovnog subjekta: 06042228<br \/>\nEORI broj (PDV ID): HR57181434917<\/p>\n<p><strong>Transakcijski ra\u010dun:<\/strong><br \/>\nPrivredna banka Zagreb d. d.<br \/>\nValenta Morandinija 37, 40000 \u010cakovec, Hrvatska<br \/>\nIBAN: HR4823400091111306346<br \/>\nBIC\/SWIFT: PBZGHR2X<\/p>\n<p><strong>Kontakt podatci:<\/strong><br \/>\nTelefon, Viber, WhatsApp: +385 98 9563 510<br \/>\nE-adresa: <a href=\"mailto:info@tiflonova.hr\">info@tiflonova.hr<\/a>, <a href=\"mailto:tiflonovadoo@gmail.com\">tiflonovadoo@gmail.com<\/a><br \/>\nInternet: <a href=\"https:\/\/tiflonova.hr\">www.tiflonova.hr<\/a><\/p>\n<p><strong>Puni naziv tvrtke:<\/strong><br \/>\nTIFLONOVA dru\u0161tvo s ograni\u010denom odgovorno\u0161\u0107u za trgovinu, usluge i proizvodnju<br \/>\nPravni oblik: dru\u0161tvo s ograni\u010denom odgovorno\u0161\u0107u<br \/>\nTrgova\u010dki sud u Vara\u017edinu: Tt-24\/4661-2<br \/>\nMBS: 070213223<\/p>\n<p>EUID: HRSR.070213223<\/p>\n<p>\u0160ifra djelatnosti prema NKD-u: 47.91 Trgovina na malo preko po\u0161te ili interneta<\/p>\n<p>Temeljni kapital: 2500,00 eura upla\u0107en u cijelosti<\/p>\n<p>\u010clanovi uprave: Zlatko Sobo\u010dan, <a href=\"mailto:zlatko.sobocan@tiflonova.hr\">zlatko.sobocan@tiflonova.hr<\/a><\/p>\n","protected":false},"excerpt":{"rendered":"<p>30 godina iskustva u radu s tiflotehni\u010dkim pomagalima, pomagalima za slijepe i slabovidne osobe: programiranje, monta\u017ea, prevo\u0111enje, instalacija, podr\u0161ka, odr\u017eavanje, idealna rje\u0161enja, savjetovanje, poduka. 12 godina rada u obiteljskoj tvrtki za razvoj i prodaju tiflotehni\u010dkih pomagala. Vi\u0161e od 20 godina &hellip; <a href=\"https:\/\/tiflonova.hr\/wp\/?page_id=57\">Nastavi \u010ditati <span class=\"meta-nav\">&rarr;<\/span><\/a><\/p>\n","protected":false},"author":1,"featured_media":0,"parent":60,"menu_order":0,"comment_status":"closed","ping_status":"closed","template":"","meta":{"footnotes":""},"class_list":["post-57","page","type-page","status-publish","hentry"],"_links":{"self":[{"href":"https:\/\/tiflonova.hr\/wp\/index.php?rest_route=\/wp\/v2\/pages\/57","targetHints":{"allow":["GET"]}}],"collection":[{"href":"https:\/\/tiflonova.hr\/wp\/index.php?rest_route=\/wp\/v2\/pages"}],"about":[{"href":"https:\/\/tiflonova.hr\/wp\/index.php?rest_route=\/wp\/v2\/types\/page"}],"author":[{"embeddable":true,"href":"https:\/\/tiflonova.hr\/wp\/index.php?rest_route=\/wp\/v2\/users\/1"}],"replies":[{"embeddable":true,"href":"https:\/\/tiflonova.hr\/wp\/index.php?rest_route=%2Fwp%2Fv2%2Fcomments&post=57"}],"version-history":[{"count":8,"href":"https:\/\/tiflonova.hr\/wp\/index.php?rest_route=\/wp\/v2\/pages\/57\/revisions"}],"predecessor-version":[{"id":202,"href":"https:\/\/tiflonova.hr\/wp\/index.php?rest_route=\/wp\/v2\/pages\/57\/revisions\/202"}],"up":[{"embeddable":true,"href":"https:\/\/tiflonova.hr\/wp\/index.php?rest_route=\/wp\/v2\/pages\/60"}],"wp:attachment":[{"href":"https:\/\/tiflonova.hr\/wp\/index.php?rest_route=%2Fwp%2Fv2%2Fmedia&parent=57"}],"curies":[{"name":"wp","href":"https:\/\/api.w.org\/{rel}","templated":true}]}}