{"id":534,"date":"2026-02-27T09:01:38","date_gmt":"2026-02-27T08:01:38","guid":{"rendered":"https:\/\/tiflonova.hr\/wp\/?page_id=534"},"modified":"2026-02-27T10:31:47","modified_gmt":"2026-02-27T09:31:47","slug":"mobiteli-s-fizickom-tipkovnicom-i-govornom-funkcijom","status":"publish","type":"page","link":"https:\/\/tiflonova.hr\/wp\/?page_id=534","title":{"rendered":"Mobiteli s tipkovnicom i govornom funkcijom"},"content":{"rendered":"<h1><a href=\"https:\/\/tiflonova.hr\/wp\/?page_id=1187#content\">BlindShell Classic 3 mobitel<\/a><\/h1>\n<p><img loading=\"lazy\" decoding=\"async\" class=\"alignnone size-medium wp-image-1191\" src=\"https:\/\/tiflonova.hr\/wp\/wp-content\/uploads\/2025\/12\/BSC-3-prednja-strana-300x300.png\" alt=\"Mobitel BlindShell Classic 3 s prednje strane\" width=\"300\" height=\"300\" srcset=\"https:\/\/tiflonova.hr\/wp\/wp-content\/uploads\/2025\/12\/BSC-3-prednja-strana-300x300.png 300w, https:\/\/tiflonova.hr\/wp\/wp-content\/uploads\/2025\/12\/BSC-3-prednja-strana-150x150.png 150w, https:\/\/tiflonova.hr\/wp\/wp-content\/uploads\/2025\/12\/BSC-3-prednja-strana.png 360w\" sizes=\"auto, (max-width: 300px) 100vw, 300px\" \/><\/p>\n<p>Najbolji telefon za osobe o\u0161te\u0107ena vida, koji kombinira jednostavno rukovanje s naprednim A. I. zna\u010dajkama.<br \/>\nFizi\u010dka tipkovnica, pametni asistent, glasovno upravljanje i kvalitetan zvu\u010dnik osiguravaju potpuno prilago\u0111eno i udobno kori\u0161tenje za svakoga.<br \/>\nGovorna funkcija \u010dita sve \u0161to je prikazano na zaslonu mobitela i svaku pritisnutu tipku uklj. poruke, dolazni poziv, kontakte, internet stranice&#8230;<br \/>\nBoja oceansko plava, jezik hrvatski<br \/>\n<a href=\"https:\/\/tiflonova.hr\/wp\/?page_id=1187#content\">Op\u0161irnije&#8230;<\/a><\/p>\n<p>Cijena: 649,00 EUR<br \/>\n\u0160ifra za narud\u017ebu: 25030<br \/>\n<a href=\"https:\/\/tiflonova.hr\/wp\/?page_id=177#content\">Naru\u010dite sada&#8230;.<\/a><\/p>\n<hr \/>\n<h1><a href=\"https:\/\/tiflonova.hr\/wp\/?page_id=542#content\">BlindShell Classic 2 mobitel<\/a><\/h1>\n<p><img loading=\"lazy\" decoding=\"async\" class=\"alignnone size-medium wp-image-595\" src=\"https:\/\/tiflonova.hr\/wp\/wp-content\/uploads\/2025\/03\/cerny-telefon-1-200x300.jpg\" alt=\"BlindShell Classic 2 s prednje strane\" width=\"200\" height=\"300\" srcset=\"https:\/\/tiflonova.hr\/wp\/wp-content\/uploads\/2025\/03\/cerny-telefon-1-200x300.jpg 200w, https:\/\/tiflonova.hr\/wp\/wp-content\/uploads\/2025\/03\/cerny-telefon-1-683x1024.jpg 683w, https:\/\/tiflonova.hr\/wp\/wp-content\/uploads\/2025\/03\/cerny-telefon-1-768x1152.jpg 768w, https:\/\/tiflonova.hr\/wp\/wp-content\/uploads\/2025\/03\/cerny-telefon-1-1024x1536.jpg 1024w, https:\/\/tiflonova.hr\/wp\/wp-content\/uploads\/2025\/03\/cerny-telefon-1-1365x2048.jpg 1365w, https:\/\/tiflonova.hr\/wp\/wp-content\/uploads\/2025\/03\/cerny-telefon-1-scaled.jpg 1706w\" sizes=\"auto, (max-width: 200px) 100vw, 200px\" \/><\/p>\n<p>Komunicirajte bez granica!<br \/>\nNova generacija mobitela BlindShell Classic 2 sadr\u017ei kvalitetan hardver, fizi\u010dku tipkovnicu, govornu funkciju na hrvatskom jeziku i glasni zvu\u010dnik.<br \/>\nMobitel za slijepe i slabovidne osobe.<br \/>\nSve mogu\u0107nosti i aplikacije pametnog telefona podr\u017eane su govornom funkcijom.<br \/>\nGovorna funkcija: hrvatski, ugodni prirodni glas<br \/>\nBoja: crna<br \/>\n<a href=\"https:\/\/tiflonova.hr\/wp\/?page_id=542#content\">Op\u0161irnije&#8230;<\/a><\/p>\n<p>Cijena: 529,00 EUR<br \/>\n\u0160ifra za narud\u017ebu: 25020<br \/>\n<a href=\"https:\/\/tiflonova.hr\/wp\/?page_id=177#content\">Naru\u010dite sada&#8230;.<\/a><\/p>\n<hr \/>\n<h1><a href=\"https:\/\/tiflonova.hr\/wp\/?page_id=544#content\">BlindShell Classic 1 &#8211; LITE mobitel<\/a><\/h1>\n<p><img loading=\"lazy\" decoding=\"async\" class=\"alignnone size-medium wp-image-602\" src=\"https:\/\/tiflonova.hr\/wp\/wp-content\/uploads\/2025\/03\/silver-obrazovka-261x300.jpg\" alt=\"BlindShell Classic LITE s prednje strane\" width=\"261\" height=\"300\" srcset=\"https:\/\/tiflonova.hr\/wp\/wp-content\/uploads\/2025\/03\/silver-obrazovka-261x300.jpg 261w, https:\/\/tiflonova.hr\/wp\/wp-content\/uploads\/2025\/03\/silver-obrazovka-889x1024.jpg 889w, https:\/\/tiflonova.hr\/wp\/wp-content\/uploads\/2025\/03\/silver-obrazovka-768x884.jpg 768w, https:\/\/tiflonova.hr\/wp\/wp-content\/uploads\/2025\/03\/silver-obrazovka-1334x1536.jpg 1334w, https:\/\/tiflonova.hr\/wp\/wp-content\/uploads\/2025\/03\/silver-obrazovka-1779x2048.jpg 1779w\" sizes=\"auto, (max-width: 261px) 100vw, 261px\" \/><\/p>\n<p>Najjednostavniji i najpristupa\u010dniji mobitel za slijepe i slabovidne osobe.<br \/>\nFizi\u010dka tipkovnica, glasni zvu\u010dnik, jednostavno rukovanje<br \/>\nBoja: siva, govorna funkcija: hrvatski, ugodni prirodni glas<br \/>\n<a href=\"https:\/\/tiflonova.hr\/wp\/?page_id=544#content\">Op\u0161irnije&#8230;<\/a><\/p>\n<p>Cijena: 269,00 EUR<br \/>\n\u0160ifra za narud\u017ebu: 25010<br \/>\n<a href=\"https:\/\/tiflonova.hr\/wp\/?page_id=177#content\">Naru\u010dite sada&#8230;.<\/a><\/p>\n<hr \/>\n<h1><a href=\"https:\/\/tiflonova.hr\/wp\/?page_id=1184#content\">Pribor za BlindShell Classic 3<\/a><\/h1>\n<p>&nbsp;<\/p>\n<p><img loading=\"lazy\" decoding=\"async\" class=\"alignnone size-medium wp-image-605\" src=\"https:\/\/tiflonova.hr\/wp\/wp-content\/uploads\/2025\/03\/Ocean-Blue-from-the-front-300x300.png\" alt=\"Preklopna futrola za BlindShell Classic 3\" width=\"300\" height=\"300\" srcset=\"https:\/\/tiflonova.hr\/wp\/wp-content\/uploads\/2025\/03\/Ocean-Blue-from-the-front-300x300.png 300w, https:\/\/tiflonova.hr\/wp\/wp-content\/uploads\/2025\/03\/Ocean-Blue-from-the-front-1024x1024.png 1024w, https:\/\/tiflonova.hr\/wp\/wp-content\/uploads\/2025\/03\/Ocean-Blue-from-the-front-150x150.png 150w, https:\/\/tiflonova.hr\/wp\/wp-content\/uploads\/2025\/03\/Ocean-Blue-from-the-front-768x768.png 768w, https:\/\/tiflonova.hr\/wp\/wp-content\/uploads\/2025\/03\/Ocean-Blue-from-the-front.png 1080w\" sizes=\"auto, (max-width: 300px) 100vw, 300px\" \/><\/p>\n<p>Preklopna za\u0161titna futrola, za\u0161titna maska, etikete-naljepnice za ozna\u010davanje predmeta, baterija&#8230;<br \/>\n<a href=\"https:\/\/tiflonova.hr\/wp\/?page_id=1184#content\">Op\u0161irnije&#8230;<\/a><\/p>\n<p>Cijena:<br \/>\n\u0160ifra za narud\u017ebu:<br \/>\n<a href=\"https:\/\/tiflonova.hr\/wp\/?page_id=177#content\">Naru\u010dite sada&#8230;.<\/a><\/p>\n<hr \/>\n<h1><a href=\"https:\/\/tiflonova.hr\/wp\/?page_id=546#content\">Pribor za BlindShell Classic 2<\/a><\/h1>\n<p>&nbsp;<\/p>\n<p><img loading=\"lazy\" decoding=\"async\" class=\"alignnone size-medium wp-image-605\" src=\"https:\/\/tiflonova.hr\/wp\/wp-content\/uploads\/2025\/03\/Ocean-Blue-from-the-front-300x300.png\" alt=\"Preklopna maska za BlindShell Classic 2\" width=\"300\" height=\"300\" srcset=\"https:\/\/tiflonova.hr\/wp\/wp-content\/uploads\/2025\/03\/Ocean-Blue-from-the-front-300x300.png 300w, https:\/\/tiflonova.hr\/wp\/wp-content\/uploads\/2025\/03\/Ocean-Blue-from-the-front-1024x1024.png 1024w, https:\/\/tiflonova.hr\/wp\/wp-content\/uploads\/2025\/03\/Ocean-Blue-from-the-front-150x150.png 150w, https:\/\/tiflonova.hr\/wp\/wp-content\/uploads\/2025\/03\/Ocean-Blue-from-the-front-768x768.png 768w, https:\/\/tiflonova.hr\/wp\/wp-content\/uploads\/2025\/03\/Ocean-Blue-from-the-front.png 1080w\" sizes=\"auto, (max-width: 300px) 100vw, 300px\" \/><\/p>\n<p>Za\u0161titna futrola, za\u0161titna maska, NFC oznake, naljepnice, baterija&#8230;<br \/>\n<a href=\"https:\/\/tiflonova.hr\/wp\/?page_id=546#content\">Op\u0161irnije&#8230;<\/a><\/p>\n<p>Cijena:<br \/>\n\u0160ifra za narud\u017ebu:<br \/>\n<a href=\"https:\/\/tiflonova.hr\/wp\/?page_id=177#content\">Naru\u010dite sada&#8230;.<\/a><\/p>\n<hr \/>\n<h1><a href=\"https:\/\/tiflonova.hr\/wp\/?page_id=548#content\">Pribor za BlindShell Classic 1 &#8211; LITE<\/a><\/h1>\n<p><img loading=\"lazy\" decoding=\"async\" class=\"alignnone size-medium wp-image-594\" src=\"https:\/\/tiflonova.hr\/wp\/wp-content\/uploads\/2025\/03\/baterijaa-lite-225x300.jpg\" alt=\"Baterija za BlindShell Classic LITE\" width=\"225\" height=\"300\" srcset=\"https:\/\/tiflonova.hr\/wp\/wp-content\/uploads\/2025\/03\/baterijaa-lite-225x300.jpg 225w, https:\/\/tiflonova.hr\/wp\/wp-content\/uploads\/2025\/03\/baterijaa-lite-768x1024.jpg 768w, https:\/\/tiflonova.hr\/wp\/wp-content\/uploads\/2025\/03\/baterijaa-lite-1152x1536.jpg 1152w, https:\/\/tiflonova.hr\/wp\/wp-content\/uploads\/2025\/03\/baterijaa-lite-1536x2048.jpg 1536w, https:\/\/tiflonova.hr\/wp\/wp-content\/uploads\/2025\/03\/baterijaa-lite-scaled.jpg 1920w\" sizes=\"auto, (max-width: 225px) 100vw, 225px\" \/><\/p>\n<p>Originalna baterija&#8230;<br \/>\n<a href=\"https:\/\/tiflonova.hr\/wp\/?page_id=548#content\">Op\u0161irnije&#8230;<\/a><\/p>\n<p>Cijena:<br \/>\n\u0160ifra za narud\u017ebu:<br \/>\n<a href=\"https:\/\/tiflonova.hr\/wp\/?page_id=177#content\">Naru\u010dite sada&#8230;.<\/a><\/p>\n<hr \/>\n<h3>Navigacija<\/h3>\n<ul>\n<li><a href=\"https:\/\/tiflonova.hr\/wp\/?page_id=280\">Povratak na po\u010detnu <strong>Web trgovina<\/strong><\/a><\/li>\n<\/ul>\n","protected":false},"excerpt":{"rendered":"<p>BlindShell Classic 3 mobitel Najbolji telefon za osobe o\u0161te\u0107ena vida, koji kombinira jednostavno rukovanje s naprednim A. I. zna\u010dajkama. Fizi\u010dka tipkovnica, pametni asistent, glasovno upravljanje i kvalitetan zvu\u010dnik osiguravaju potpuno prilago\u0111eno i udobno kori\u0161tenje za svakoga. Govorna funkcija \u010dita sve &hellip; <a href=\"https:\/\/tiflonova.hr\/wp\/?page_id=534\">Nastavi \u010ditati <span class=\"meta-nav\">&rarr;<\/span><\/a><\/p>\n","protected":false},"author":1,"featured_media":0,"parent":280,"menu_order":0,"comment_status":"closed","ping_status":"closed","template":"","meta":{"footnotes":""},"class_list":["post-534","page","type-page","status-publish","hentry"],"_links":{"self":[{"href":"https:\/\/tiflonova.hr\/wp\/index.php?rest_route=\/wp\/v2\/pages\/534","targetHints":{"allow":["GET"]}}],"collection":[{"href":"https:\/\/tiflonova.hr\/wp\/index.php?rest_route=\/wp\/v2\/pages"}],"about":[{"href":"https:\/\/tiflonova.hr\/wp\/index.php?rest_route=\/wp\/v2\/types\/page"}],"author":[{"embeddable":true,"href":"https:\/\/tiflonova.hr\/wp\/index.php?rest_route=\/wp\/v2\/users\/1"}],"replies":[{"embeddable":true,"href":"https:\/\/tiflonova.hr\/wp\/index.php?rest_route=%2Fwp%2Fv2%2Fcomments&post=534"}],"version-history":[{"count":17,"href":"https:\/\/tiflonova.hr\/wp\/index.php?rest_route=\/wp\/v2\/pages\/534\/revisions"}],"predecessor-version":[{"id":1317,"href":"https:\/\/tiflonova.hr\/wp\/index.php?rest_route=\/wp\/v2\/pages\/534\/revisions\/1317"}],"up":[{"embeddable":true,"href":"https:\/\/tiflonova.hr\/wp\/index.php?rest_route=\/wp\/v2\/pages\/280"}],"wp:attachment":[{"href":"https:\/\/tiflonova.hr\/wp\/index.php?rest_route=%2Fwp%2Fv2%2Fmedia&parent=534"}],"curies":[{"name":"wp","href":"https:\/\/api.w.org\/{rel}","templated":true}]}}