{"id":527,"date":"2025-05-27T11:51:21","date_gmt":"2025-05-27T09:51:21","guid":{"rendered":"https:\/\/tiflonova.hr\/wp\/?page_id=527"},"modified":"2025-05-27T12:24:18","modified_gmt":"2025-05-27T10:24:18","slug":"jaws-za-windows-citac-zaslona","status":"publish","type":"page","link":"https:\/\/tiflonova.hr\/wp\/?page_id=527","title":{"rendered":"Freedom Scientific JAWS Professional \u010dita\u010d zaslona"},"content":{"rendered":"<h3>Narud\u017eba<\/h3>\n<p><strong>Freedom Scientific JAWS Professional SMA &#8211; trajna licenca<\/strong><\/p>\n<ul>\n<li>Cijena: 1.574,20 EUR *<\/li>\n<li>\u0160ifra za narud\u017ebu: 29101<\/li>\n<li><a href=\"https:\/\/tiflonova.hr\/wp\/?page_id=177#content\">Naru\u010dite sada&#8230;.<\/a><\/li>\n<\/ul>\n<p><strong>Freedom Scientific JAWS Professional, licenca pretplate na jednu godinu za jedno ra\u010dunalo<\/strong><\/p>\n<ul>\n<li>Cijena: 652,63 EUR *<\/li>\n<li>\u0160ifra za narud\u017ebu: 29102<\/li>\n<li><a href=\"https:\/\/tiflonova.hr\/wp\/?page_id=177#content\">Naru\u010dite sada&#8230;.<\/a><\/li>\n<\/ul>\n<p><strong>Freedom Scientific JAWS Professional, licenca pretplate na dvije godine za jedno ra\u010dunalo<\/strong><\/p>\n<ul>\n<li>Cijena: 621,75 EUR *<\/li>\n<li>\u0160ifra za narud\u017ebu: 29103<\/li>\n<li><a href=\"https:\/\/tiflonova.hr\/wp\/?page_id=177#content\">Naru\u010dite sada&#8230;.<\/a><\/li>\n<\/ul>\n<p><em>* Cijena je informativna, promjenjiva i ne predstavlja obvezuju\u0107u ponudu. Raspolo\u017eivost i cijenu potvr\u0111ujemo po primitku i obradi narud\u017ebe.<\/em><\/p>\n<p>Napomena: \u0160to su trajna licenca, JAWS SMA i pretplata, pro\u010ditajte u <a href=\"#lic\">Op\u0107e napomene o licenci<\/a><\/p>\n<hr \/>\n<p>Besplatne dodatne usluge tvrtke Tiflonova:<\/p>\n<ul>\n<li>Pomo\u0107 kod instalacije, licenciranja i po\u010detne konfiguracije<\/li>\n<li>Hrvatske datoteke izgovora znakova interpunkcije i simbola<\/li>\n<li>Datoteka za braji\u010dne zaslone s hrvatskim standardom Brailleovog pisma<\/li>\n<li>Korisni\u010dka podr\u0161ka putem telefona i e-maila<\/li>\n<\/ul>\n<p>Trebate pomo\u0107? Po\u0161aljite nam upit na <a href=\"https:\/\/tiflonova.hr\/wp\/?page_id=59#content\">kontakt.<\/a><\/p>\n<hr \/>\n<p><img loading=\"lazy\" decoding=\"async\" class=\"alignnone size-medium wp-image-583\" src=\"https:\/\/tiflonova.hr\/wp\/wp-content\/uploads\/2025\/03\/JAWS_ZoomText_Fusion_logos_600x-300x170.jpg\" alt=\"JAWS, ZoomText, Fusion-logotip\" width=\"300\" height=\"170\" srcset=\"https:\/\/tiflonova.hr\/wp\/wp-content\/uploads\/2025\/03\/JAWS_ZoomText_Fusion_logos_600x-300x170.jpg 300w, https:\/\/tiflonova.hr\/wp\/wp-content\/uploads\/2025\/03\/JAWS_ZoomText_Fusion_logos_600x-500x283.jpg 500w, https:\/\/tiflonova.hr\/wp\/wp-content\/uploads\/2025\/03\/JAWS_ZoomText_Fusion_logos_600x.jpg 600w\" sizes=\"auto, (max-width: 300px) 100vw, 300px\" \/><\/p>\n<p><strong>JAWS Professional <\/strong><br \/>\n<strong>\u010cita\u010d zaslona za tvrtke s inovacijama razvijanima 30 godina <\/strong><\/p>\n<p>Freedom Scientific JAWS professional ili JAWS Pro je vode\u0107i \u010dita\u010d zaslona u poslovnom svijetu za tvrtke, obrtnike, udruge, obrazovne ustanove i vladine agencije koje trebaju pouzdana, skalabilna rje\u0161enja u pristupa\u010dnosti za svoje slijepe i slabovidne zaposlenike.<\/p>\n<p>\u010cita\u010d zaslona JAWS Professional vode\u0107i je u poslovnom svijetu specijalno dizajniran kako bi pomogao slijepim i slabovidnim osobama da rade samostalno, u\u010dinkovito i u potpunosti se uklju\u010de u dana\u0161nje digitalno radno mjesto.<\/p>\n<p>Dizajniran za upotrebu u udrugama, \u0161kolama i vladinom okru\u017eenju, JAWS Professional podr\u017eava slo\u017eenu IT infrastrukturu &#8211; uklju\u010duju\u0107i Citrix, RDP i virtualne radne povr\u0161ine &#8211; dok korisnicima pru\u017ea alate koji su im potrebni za sudjelovanje u mre\u017enim sastancima, kretanju softvera i pra\u0107enju ostalog dijela razgovora.<\/p>\n<p>Bez obzira je li opremljen jedan korisnik ili cijeli tim, JAWS Professional pru\u017ea fleksibilnost, sigurnost i podr\u0161ku IT timovima, a korisnicima samopouzdanje i produktivnost u obavljanju poslovnih zadataka.<\/p>\n<p>JAWS Professional dobrobiti i prednosti:<\/p>\n<ul>\n<li>Samostalno razumijevanje sadr\u017eaja slike pomo\u0107u transkripcije generirane umjetnom inteligencijom<br \/>\nPicture Smart AI pru\u017ea detaljnu transkripciju slike, omogu\u0107avaju\u0107i korisnicima interpretaciju grafikona, slike proizvoda i dijagrame bez tu\u0111e pomo\u0107i &#8211; ostaju informirani i aktivno doprinose razgovorima i prezentacijama.<\/li>\n<li>Kompatibilnost s velikim brojem braji\u010dnih zaslona<br \/>\nJAWS Professional podr\u017eava \u0161irok raspon braji\u010dnih zaslona i osigurava korisnicima mogu\u0107nost rada s modelom braji\u010dnog elektroni\u010dkog ure\u0111aja za \u010ditanje koji najbolje odgovara njihovim potrebama.<\/li>\n<li>Nau\u010dite br\u017ee i radite mudrije<br \/>\nFSCompanion nudi trening za u\u010denje na zahtjev, AI platformu za JAWS i uredske aplikacije, tako da korisnik mo\u017ee samostalno savladati vje\u0161tine, rje\u0161avanje problema i pove\u0107ati produktivnost bez \u010dekanja IT stru\u010dnjaka ili timova za pomo\u0107 i podr\u0161ku.<\/li>\n<li>Samopouzdano pristupite matemati\u010dkom sadr\u017eaju<br \/>\nMathcat stvara slo\u017eene matemati\u010dke i STEM sadr\u017eaje pristupa\u010dnima pomo\u0107u Nemeth i UEB braji\u010dnog formata, idealnim za financije, obrazovanje ili za tehni\u010dka podru\u010dja.<\/li>\n<li>Ubrzajte \u010ditanje i ure\u0111ivanje teksta koriste\u0107i Brailleovo pismo<br \/>\nSplit Braille omogu\u0107uje korisniku pogled na dva braji\u010dna izlaza teksta jedan pored drugog, \u0161to olak\u0161ava pregledavanje, uspore\u0111ivanje i ure\u0111ivanje sadr\u017eaja br\u017ee i preciznije.<\/li>\n<li>Izgledajte profesionalno na svakom sastanku<br \/>\nFace in View pru\u017ea povratne informacije u stvarnom vremenu o polo\u017eaju lica i dr\u017eanja tijela u odnosu na fokus kamere i informaciju o ja\u010dini osvjetljenjja, poma\u017eu\u0107i korisniku da se samouvjereno predstavi na virtualnim sastancima &#8211; vi\u0161e nije potrebna pomo\u0107 osobe koja vidi.<\/li>\n<li>Potpuna integracija s Microsoft Officeom i Google Workspaceom<br \/>\nU\u017eivajte u glatkom, pouzdanom pristupu aplikacijama Word, Excel, Outlook, Gmail, Google Docs i jo\u0161 mnogo toga &#8211; tako da mo\u017eete raditi i ostati povezani pomo\u0107u dana\u0161njih najpopularnijih digitalnih alata.<\/li>\n<li>Poslovna okru\u017eenja za udaljeni i virtualni rad<br \/>\nCitrix, RDP i VDI podr\u0161ka korisniku omogu\u0107ava pristup pomo\u0107u \u010dita\u010da zaslona JAWS u virtualnom ili udaljenom okru\u017eenju, idealno za enterprise, hibridne i IT-upravljane postavke.<\/li>\n<\/ul>\n<p>Pojedinosti o JAWS Professional:<\/p>\n<ul>\n<li>Namijenjeno: Upotreba u komercijalnim, obrazovnim i vladinim djelatnostima<\/li>\n<li>Licenca: Licenca za jednog korisnika, opcija vi\u0161estruka licenca i Enterprise licenca<\/li>\n<li>Na\u010din licence: Trajna licenca ili pretplata<\/li>\n<li>Upotreba: Idealno za zaposlenike, profesionalce, studente i udruge kojima je potreban pristupa\u010dan alat za rad, u\u010denje ili produktivnost<\/li>\n<li>Podr\u0161ka za radno okru\u017eenje: Puna podr\u0161ka za poslovna okru\u017eenja, uklju\u010duju\u0107i Citrix, Remote Desktop (RDP) i virtualnu radnu infrastrukturu (VDI)<\/li>\n<li>Obuka i korisni\u010dka podr\u0161ka: Dostupni besplatni webinari i op\u0161irna dokumentacija<\/li>\n<li>Trajna licenca: JAWS Professional ostaje trajno aktiviran<\/li>\n<li>SMA (Ugovor o odr\u017eavanju softvera): uklju\u010deno u kupnju trajne licence &#8211; pru\u017ea neograni\u010denu tehni\u010dku podr\u0161ku, pristup novim zna\u010dajkama i sljede\u0107e dvije verzije \u010dita\u010da zaslona JAWS Professional, osiguravaju\u0107i dugoro\u010dnu kompatibilnost i najbolje performanse<\/li>\n<li>Pretplata: licenca pretplate na jednu, dvije ili tri godine<\/li>\n<\/ul>\n<p><strong>\u0160to je \u010dita\u010d zaslona<\/strong><br \/>\n\u010cita\u010d zaslona ra\u010dunalni je program koji omogu\u0107uje slijepoj ili slabovidnoj osobi \u010ditanje teksta prikazanog na zaslonu ra\u010dunala, a sadr\u017eaj zaslona prezentira glasom pomo\u0107u sintetizatora govora ili Brailleovim pismom na <a href=\"https:\/\/tiflonova.hr\/wp\/?page_id=507#content\">braji\u010dnom zaslonu.<\/a> Tako\u0111er, omogu\u0107ava upravljanje ra\u010dunalom i aplikacijama pomo\u0107u tipkovnih pre\u010daca na tipkovnici umjesto ra\u010dunalnog mi\u0161a.<\/p>\n<p><strong>Video prezentacija (Youtube, vanjska poveznica)<\/strong><br \/>\n<iframe loading=\"lazy\" width=\"560\" height=\"315\" src=\"https:\/\/www.youtube.com\/embed\/Xmv6UXku6k4?si=9vOXqOR0P07a-AcQ\" title=\"YouTube video player\" frameborder=\"0\" allow=\"accelerometer; autoplay; clipboard-write; encrypted-media; gyroscope; picture-in-picture; web-share\" referrerpolicy=\"strict-origin-when-cross-origin\" allowfullscreen><\/iframe><\/p>\n<p><strong>Ostale video prezentacije:<\/strong> <a href=\"https:\/\/www.youtube.com\/@FreedomScientificTraining\">Freedom Scientific Training na YouTube (vanjska poveznica)<\/a><\/p>\n<hr \/>\n<h1>Va\u017enije zna\u010dajke<\/h1>\n<ul>\n<li>\u010citanje dokumenata, poruka e-po\u0161te, web-stranica i aplikacija<\/li>\n<li>Intuitivno i lako kretanje po dokumentu<\/li>\n<li>Skeniranje i \u010ditanje dokumenata uklju\u010duju\u0107i slikovni PDF<\/li>\n<li>Jednostavno popunjavanje obrazaca na web stranici<\/li>\n<li>Integrirani DAISY reproduktor za \u010ditanje tekstoalno-zvu\u010dnih knjiga za slijepe<\/li>\n<li>Besplatne JAWS upute u DAISY formatu za uporabu uz vje\u017ebe (engleski jezik)<\/li>\n<li>Stvaranje shema brzog \u010ditanja<\/li>\n<li>Analiza teksta tijekom pisanje ili \u010ditanja<\/li>\n<li>Surfanje internetom pomo\u0107u pristupnih tipki za brzu navigaciju<\/li>\n<li>Dva besplatna vi\u0161ejezi\u010dna sintesajzera govora (TTS): Eloquence i Vocalizer<\/li>\n<li>Ugra\u0111eni upravlja\u010dki programi za sinteze govora drugih proizvo\u0111a\u010da<\/li>\n<li>Ugra\u0111eni upravlja\u010dki programi za sve popularne braji\u010dne zaslone<\/li>\n<li>Vi\u0161ejezi\u010dna OCR zna\u010dajka raspoznavanja teksta za slikovne datoteke ili nepristupa\u010dne PDF dokumente<\/li>\n<li>Usluga umjetne inteligencije za prepoznavanje sadr\u017eaja slika<\/li>\n<li>Glasovno upravljanje (asistent) za izvo\u0111enje \u010desto kori\u0161tenih naredbi (engleski jezik)<\/li>\n<li>Podr\u0161ka za Pearl kameru za izravan pristup tiskanim dokumentima ili knjigama<\/li>\n<li>Puna podr\u0161ka pristupa\u010dnosti za aplikacije iz paketa Microsoft Office, Google Docs te web-preglednicima Chrome, Edge, Firefox i mnogim drugim aplikacijama<\/li>\n<li>Podr\u017eava Windows\u00ae 11, Windows 10, Windows Server\u00ae 2019 i Windows Server 2016<\/li>\n<li>Kompatibilan s ZoomText programskim pove\u0107alom, Fusion i aplikacijom Openbook za skeniranje i \u010ditanje<\/li>\n<\/ul>\n<h1>Napredne zna\u010dajke<\/h1>\n<ul>\n<li>JAWS Tandem Center dostupan besplatno kako bi se pru\u017eila pomo\u0107 u\u017eivo u korisni\u010dkoj podr\u0161ci i treningu<\/li>\n<li>Izborno podr\u0161ka za Tandem Direct, Citrix, Terminal Services i udaljene radne povr\u0161ine<\/li>\n<li>Sna\u017eni skriptni jezik za prilagodbu korisni\u010dkog iskustva na bilo kojoj aplikaciji<\/li>\n<\/ul>\n<hr \/>\n<h1 id=\"lic\">Op\u0107e napomene o licenci<\/h1>\n<p><strong>Single-user license<\/strong> je licenca za jednog korisnika za jedno ra\u010dunalo, a <strong>multi-user license<\/strong> je licenca za vi\u0161e korisnika.<\/p>\n<p><strong>Pretplata<\/strong> &#8211; licenca pretplate na jednu, dvije ili tri godine aktivira puno funkcionalnost \u010dita\u010da zaslona Freedom Scientific JAWS Professional za period trajanja pretplate.<\/p>\n<p><strong>Trajna licenca<\/strong> &#8211; aktualna verzija \u010dita\u010da zaslona JAWS trajno je aktivirana sve dok se mo\u017ee pokrenuti i koristiti na ra\u010dunalu.<\/p>\n<p><strong>SMA (Software Maintenance Agreement\/Ugovor o odr\u017eavanju softvera)<\/strong> &#8211; kupnjom SMA ostvaruje se pravo na nadogradnje i sva a\u017euriranja unutar glavne verzije \u010dita\u010da zaslona JAWS, odnosno za sljede\u0107u verziju od trenutno kori\u0161tene.<\/p>\n<p>Kupnjom <strong>nove trajne licence<\/strong> ostvaruje se pravo na SMA+2 (npr. kupi li se nova trajna licenca za JAWS Professional V.2025, onda se ostvaruje pravo na sva a\u017euriranja i nadogradnje za JAWS Professional V.2025, V.2026 i V.2027).<\/p>\n<p>Kupnjom samo <strong>JAWS Pro SMA<\/strong> ostvaruje se pravo na nadogradnju i sva a\u017euriranja \u010dita\u010da zaslona JAWS za teku\u0107u godinu i\/ili sljede\u0107u.<\/p>\n<p><strong>JAWS nadogradnja<\/strong> podrazumijeva nadogradnju \u010dita\u010da zaslona s licencirane verzije na najnoviju verziju \u010dita\u010da zaslona JAWS. Samo najnovija licencirana verzija omogu\u0107ava kupnju SMA.<\/p>\n<h1>Dodatne opcije<\/h1>\n<p>Za JAWS Professional trajnu licencu, pretplatu, vi\u0161estruku licencu, nadogradnu, SMA ili enterprise licencu, <a href=\"https:\/\/tiflonova.hr\/wp\/?page_id=59#content\">kontaktirajte nas.<\/a><\/p>\n<p>Podr\u0161ku i odr\u017eavanje osigurava Tiflonova d.o.o.<\/p>\n<p>Proizvo\u0111a\u010d: Freedom Scientific<br \/>\nZemlja podrijetla: SAD<\/p>\n<hr \/>\n<h3>Navigacija<\/h3>\n<ul>\n<li><a href=\"https:\/\/tiflonova.hr\/wp\/?page_id=380\">Povratak na <strong>Programska oprema<\/strong><\/a><\/li>\n<\/ul>\n","protected":false},"excerpt":{"rendered":"<p>Narud\u017eba Freedom Scientific JAWS Professional SMA &#8211; trajna licenca Cijena: 1.574,20 EUR * \u0160ifra za narud\u017ebu: 29101 Naru\u010dite sada&#8230;. Freedom Scientific JAWS Professional, licenca pretplate na jednu godinu za jedno ra\u010dunalo Cijena: 652,63 EUR * \u0160ifra za narud\u017ebu: 29102 Naru\u010dite &hellip; <a href=\"https:\/\/tiflonova.hr\/wp\/?page_id=527\">Nastavi \u010ditati <span class=\"meta-nav\">&rarr;<\/span><\/a><\/p>\n","protected":false},"author":1,"featured_media":0,"parent":380,"menu_order":0,"comment_status":"closed","ping_status":"closed","template":"","meta":{"footnotes":""},"class_list":["post-527","page","type-page","status-publish","hentry"],"_links":{"self":[{"href":"https:\/\/tiflonova.hr\/wp\/index.php?rest_route=\/wp\/v2\/pages\/527","targetHints":{"allow":["GET"]}}],"collection":[{"href":"https:\/\/tiflonova.hr\/wp\/index.php?rest_route=\/wp\/v2\/pages"}],"about":[{"href":"https:\/\/tiflonova.hr\/wp\/index.php?rest_route=\/wp\/v2\/types\/page"}],"author":[{"embeddable":true,"href":"https:\/\/tiflonova.hr\/wp\/index.php?rest_route=\/wp\/v2\/users\/1"}],"replies":[{"embeddable":true,"href":"https:\/\/tiflonova.hr\/wp\/index.php?rest_route=%2Fwp%2Fv2%2Fcomments&post=527"}],"version-history":[{"count":10,"href":"https:\/\/tiflonova.hr\/wp\/index.php?rest_route=\/wp\/v2\/pages\/527\/revisions"}],"predecessor-version":[{"id":989,"href":"https:\/\/tiflonova.hr\/wp\/index.php?rest_route=\/wp\/v2\/pages\/527\/revisions\/989"}],"up":[{"embeddable":true,"href":"https:\/\/tiflonova.hr\/wp\/index.php?rest_route=\/wp\/v2\/pages\/380"}],"wp:attachment":[{"href":"https:\/\/tiflonova.hr\/wp\/index.php?rest_route=%2Fwp%2Fv2%2Fmedia&parent=527"}],"curies":[{"name":"wp","href":"https:\/\/api.w.org\/{rel}","templated":true}]}}