{"id":513,"date":"2026-04-02T08:31:35","date_gmt":"2026-04-02T06:31:35","guid":{"rendered":"https:\/\/tiflonova.hr\/wp\/?page_id=513"},"modified":"2026-04-03T09:13:21","modified_gmt":"2026-04-03T07:13:21","slug":"focus-80-blue-generacija-5-brajicni-zaslon","status":"publish","type":"page","link":"https:\/\/tiflonova.hr\/wp\/?page_id=513","title":{"rendered":"Freedom Scientific Focus 80 Blue Generacija 5 braji\u010dni ure\u0111aj"},"content":{"rendered":"<h3>Narud\u017eba<\/h3>\n<ul>\n<li>Cijena: 9.520,95 EUR *<\/li>\n<li>\u0160ifra za narud\u017ebu: 20003<\/li>\n<li><a href=\"https:\/\/tiflonova.hr\/wp\/?page_id=177#content\">Naru\u010dite sada&#8230;.<\/a><\/li>\n<\/ul>\n<p><em>* Cijena je informativna, promjenjiva i ne predstavlja obvezuju\u0107u ponudu. Raspolo\u017eivost i cijenu potvr\u0111ujemo po primitku i obradi narud\u017ebe.<\/em><\/p>\n<hr \/>\n<p><img loading=\"lazy\" decoding=\"async\" class=\"alignnone size-medium wp-image-582\" src=\"https:\/\/tiflonova.hr\/wp\/wp-content\/uploads\/2025\/03\/focus80blue5thgen-300x300.jpg\" alt=\"Focus80blue5thgen prikaz s prednje strane\" width=\"300\" height=\"300\" srcset=\"https:\/\/tiflonova.hr\/wp\/wp-content\/uploads\/2025\/03\/focus80blue5thgen-300x300.jpg 300w, https:\/\/tiflonova.hr\/wp\/wp-content\/uploads\/2025\/03\/focus80blue5thgen-150x150.jpg 150w, https:\/\/tiflonova.hr\/wp\/wp-content\/uploads\/2025\/03\/focus80blue5thgen.jpg 480w\" sizes=\"auto, (max-width: 300px) 100vw, 300px\" \/><\/p>\n<p>FOCUS 80 Blue pete generacije robusni je braji\u010dni zaslon, izdr\u017eljiv i zadovoljava najzahtjevnije standarde.<\/p>\n<p>Ova peta generacija braji\u010dnih zaslona objedinjuje sva najbolja svojstva svih prethodnih generacija ure\u0111aja Focus te ogromnu bazu pozitivnog korisni\u010dkog iskustva, znanja o njegovoj proizvodnji i odr\u017eavanju. Novo ku\u0107i\u0161te napravljeno je od aluminijske legure s \u010deli\u010dnom bazom. Svaka je braji\u010dna \u0107elija fizi\u010dki odvojena od susjedne \u0107elije. Ku\u0107i\u0161te je za\u0161ti\u0107eno odbojnicima koji apsorbiraju udar kada se ure\u0111aj grubo spusti na stol ili se sudari o zid ili o drugi \u010dvrsti predmet.<\/p>\n<p>Braji\u010dna tipkovnica, upravlja\u010dke tipke na prednjoj plohi i suvremene igle za Brailleove to\u010dke pru\u017eaju pouzdani i tihi rad.<\/p>\n<p>Bluetooth povezivanjem s pet ure\u0111aja, aplikacijom Scratchpad, USB-C priklju\u010dkom i izdr\u017eljivim, kompaktnim i robusnim dizajnom, Focus 80 Blue osigurava pouzdan rad u \u0161koli, na radnom mjestu i kod ku\u0107e.<\/p>\n<p>Ploha braji\u010dnog prikaza prekrivena je glatkom povr\u0161inom tako da se osjete samo to\u010dke Brailleovog pisma bez rubova i prijelaza. Posebna je pa\u017enja posve\u0107ena rasporedu tipaka i razmaknice kako bi se postiglo pozitivno korisni\u010dko iskustvo i ugodan rad. Igle za braji\u010dne to\u010dke dizajnirane su na na\u010din da pru\u017ee ergonomski, ujedna\u010deni osje\u0107aj koji daje ugodnu taktilnu informaciju ve\u0107 od prvog \u010ditanja.<\/p>\n<p>Focus 80 Blue 5. generacije profesionalni je braji\u010dni zaslon prije svega namijenjen lektorima, korektorima u braji\u010dnoj tiskari, novinarima, pravnicima i sli\u010dno.<\/p>\n<p><strong>Video prezentacija (Youtube, vanjska poveznica)<\/strong><br \/>\n<iframe loading=\"lazy\" title=\"YouTube video player\" src=\"https:\/\/www.youtube.com\/embed\/lUPZKJ3n3Mk?si=tJMVVCnRdTKp32sQ\" width=\"560\" height=\"315\" frameborder=\"0\" allowfullscreen=\"allowfullscreen\"><\/iframe><\/p>\n<hr \/>\n<h1>Zna\u010dajke<\/h1>\n<ul>\n<li>Izbornici, poruke i obavijesti prevedeni su na hrvatski jezik<\/li>\n<li>Podr\u017ean hrvatski standard Brailleovog pisma<\/li>\n<li>80 braji\u010dnih \u0107elija<\/li>\n<li>8-tipki braji\u010dne tipkovnice<\/li>\n<li>Glatki, ugodni osje\u0107aj na dodir kao da \u010ditate braji\u010dno izdanje na papiru<\/li>\n<li>Funkcionalne tipke za palac i upravljanje pokaziva\u010dem<\/li>\n<li>Ergonomske i prakti\u010dne pregibne tipke za brzu navigaciju po rije\u010di, re\u010denici, odlomku i stranici u dokumentu<\/li>\n<li>Tipka Izbornik za izravni pristup postavkama, tipke upravljanja pokaziva\u010dem iznad svake braji\u010dne \u0107elije, brze tipke za pristup kalendaru, to\u010dnom vremenu, Bluetooth vezi&#8230;<\/li>\n<li>Ugra\u0111ena aplikacija Scratchpad s \u010dita\u010dem BRF dokumenata<\/li>\n<li>Prilagodljive tipke za brzo pomicanje i navigaciju<\/li>\n<li>Prilagodite \u010dvrsto\u0107u braji\u010dnih to\u010daka pomo\u0107u opcije VariBraille<\/li>\n<li>Prikaz datuma i vremena<\/li>\n<\/ul>\n<h1>Kompatibilnost i povezivost<\/h1>\n<ul>\n<li>Bluetooth 4.1 povezivost &#8211; prebacujte izme\u0111u pet Bluetooth ure\u0111aja i jedne USB veze<\/li>\n<li>Potpuna kompatibilnost sa Apple\u00ae iOS i Android ure\u0111ajima<\/li>\n<li>Koristite \u010dita\u010d zaslona JAWS za kombiniranje govornog i braji\u010dnog izlaza<\/li>\n<li>Upotrijebite JAWS mogu\u0107nost na\u010din u\u010denja Brailleovog pisma kao u\u010denik ili u\u010ditelj<\/li>\n<li>Rabite braji\u010dnu tipkovnicu s JAWS BrailleIn\u2122 da biste unosili tekst na OS Windows\u00ae<\/li>\n<\/ul>\n<h1>Specifikacije<\/h1>\n<ul>\n<li>Dimenzije (D x \u0160 x V): 620 x 78 x 19 mm<\/li>\n<li>Masa: 1183 grama<\/li>\n<li>Jamstvo: 24 mjeseci<\/li>\n<li>Produ\u017eeno jamstvo: Dostupno uz doplatu.<\/li>\n<\/ul>\n<h1>Ostale zna\u010dajke proizvoda<\/h1>\n<p><strong>Braji\u010dni izlaz<\/strong><br \/>\nPove\u017eite Focus Blue s kompatibilnim ure\u0111ajem da biste dobili izlaz na Brailleovom pismu<\/p>\n<p><strong>Osje\u0107aj \u010ditanja kao da \u010ditate otisnuto na papiru<\/strong><br \/>\nBraji\u010dne \u0107elije imaju glatku, ugodnu povr\u0161inu koje stvaraju osje\u0107aj pod prstima kao da \u010ditate braji\u010dni tekst otisnut na papiru<\/p>\n<p><strong>Izdr\u017eljiv<\/strong><br \/>\nKu\u0107i\u0161te Focusa Blue s ugra\u0111enim odbojnicima za za\u0161titu ure\u0111aja od sudara s \u010dvrstim predmetima<\/p>\n<p>Podr\u0161ka i odr\u017eanje su osigurani.<\/p>\n<p>Zemlja podrijetla: SAD<\/p>\n<hr \/>\n<h3>Navigacija<\/h3>\n<ul>\n<li><a href=\"https:\/\/tiflonova.hr\/wp\/?page_id=507\">Povratak na <strong>Braji\u010dni elektroni\u010dki ure\u0111aji za \u010ditanje i pisanje<\/strong><\/a><\/li>\n<\/ul>\n","protected":false},"excerpt":{"rendered":"<p>Narud\u017eba Cijena: 9.520,95 EUR * \u0160ifra za narud\u017ebu: 20003 Naru\u010dite sada&#8230;. * Cijena je informativna, promjenjiva i ne predstavlja obvezuju\u0107u ponudu. Raspolo\u017eivost i cijenu potvr\u0111ujemo po primitku i obradi narud\u017ebe. FOCUS 80 Blue pete generacije robusni je braji\u010dni zaslon, izdr\u017eljiv &hellip; <a href=\"https:\/\/tiflonova.hr\/wp\/?page_id=513\">Nastavi \u010ditati <span class=\"meta-nav\">&rarr;<\/span><\/a><\/p>\n","protected":false},"author":1,"featured_media":0,"parent":507,"menu_order":0,"comment_status":"closed","ping_status":"closed","template":"","meta":{"footnotes":""},"class_list":["post-513","page","type-page","status-publish","hentry"],"_links":{"self":[{"href":"https:\/\/tiflonova.hr\/wp\/index.php?rest_route=\/wp\/v2\/pages\/513","targetHints":{"allow":["GET"]}}],"collection":[{"href":"https:\/\/tiflonova.hr\/wp\/index.php?rest_route=\/wp\/v2\/pages"}],"about":[{"href":"https:\/\/tiflonova.hr\/wp\/index.php?rest_route=\/wp\/v2\/types\/page"}],"author":[{"embeddable":true,"href":"https:\/\/tiflonova.hr\/wp\/index.php?rest_route=\/wp\/v2\/users\/1"}],"replies":[{"embeddable":true,"href":"https:\/\/tiflonova.hr\/wp\/index.php?rest_route=%2Fwp%2Fv2%2Fcomments&post=513"}],"version-history":[{"count":6,"href":"https:\/\/tiflonova.hr\/wp\/index.php?rest_route=\/wp\/v2\/pages\/513\/revisions"}],"predecessor-version":[{"id":1343,"href":"https:\/\/tiflonova.hr\/wp\/index.php?rest_route=\/wp\/v2\/pages\/513\/revisions\/1343"}],"up":[{"embeddable":true,"href":"https:\/\/tiflonova.hr\/wp\/index.php?rest_route=\/wp\/v2\/pages\/507"}],"wp:attachment":[{"href":"https:\/\/tiflonova.hr\/wp\/index.php?rest_route=%2Fwp%2Fv2%2Fmedia&parent=513"}],"curies":[{"name":"wp","href":"https:\/\/api.w.org\/{rel}","templated":true}]}}