{"id":507,"date":"2026-04-03T08:01:49","date_gmt":"2026-04-03T06:01:49","guid":{"rendered":"https:\/\/tiflonova.hr\/wp\/?page_id=507"},"modified":"2026-04-03T09:08:50","modified_gmt":"2026-04-03T07:08:50","slug":"brajicni-zasloni-elektronicki-uredaji-za-citanje-na-brailleovom-pismu","status":"publish","type":"page","link":"https:\/\/tiflonova.hr\/wp\/?page_id=507","title":{"rendered":"Braji\u010dni elektroni\u010dki ure\u0111aji za \u010ditanje i pisanje"},"content":{"rendered":"<p>Braji\u010dni elektroni\u010dki ure\u0111aji za \u010ditanje i pisanje samostalni su ure\u0111aji za \u010ditanje digitalnih knjiga i pravljenje bilje\u0161ki, a mogu se koristiti i kao ulazne ili izlazne jedinice ra\u010dunala, mobitela ili tableta.<\/p>\n<hr \/>\n<h1><a href=\"https:\/\/tiflonova.hr\/wp\/?page_id=509#content\">Freedom Scientific Focus 14 Blue Generacija 5<\/a><\/h1>\n<p><img loading=\"lazy\" decoding=\"async\" class=\"alignnone size-medium wp-image-580\" src=\"https:\/\/tiflonova.hr\/wp\/wp-content\/uploads\/2025\/03\/focus14blue5thgen_480x480-300x300.jpg\" alt=\"Focus14blue5thgen prikazan s prednje strane\" width=\"300\" height=\"300\" srcset=\"https:\/\/tiflonova.hr\/wp\/wp-content\/uploads\/2025\/03\/focus14blue5thgen_480x480-300x300.jpg 300w, https:\/\/tiflonova.hr\/wp\/wp-content\/uploads\/2025\/03\/focus14blue5thgen_480x480-150x150.jpg 150w, https:\/\/tiflonova.hr\/wp\/wp-content\/uploads\/2025\/03\/focus14blue5thgen_480x480.jpg 480w\" sizes=\"auto, (max-width: 300px) 100vw, 300px\" \/><\/p>\n<p>Prijenosni braji\u010dni ure\u0111aj, izdr\u017eljiv, kompaktan<br \/>\n14 braji\u010dnih \u0107elija, braji\u010dna tipkovnica, Bluetooth povezivanje s pet ure\u0111aja<br \/>\n\u010cita\u010d digitalnih Brailleovih knjiga, pisanje bilje\u0161ki<br \/>\n<a href=\"https:\/\/tiflonova.hr\/wp\/?page_id=509#content\">Op\u0161irnije&#8230;<\/a><\/p>\n<p>Cijena: 1.545,95 EUR *<br \/>\n\u0160ifra za narud\u017ebu: 20001<br \/>\n<a href=\"https:\/\/tiflonova.hr\/wp\/?page_id=177#content\">Naru\u010dite sada&#8230;.<\/a><\/p>\n<hr \/>\n<h1><a href=\"https:\/\/tiflonova.hr\/wp\/?page_id=511#content\">Freedom Scientific Focus 40 Blue Generacija 5<\/a><\/h1>\n<p><img loading=\"lazy\" decoding=\"async\" class=\"alignnone size-medium wp-image-581\" src=\"https:\/\/tiflonova.hr\/wp\/wp-content\/uploads\/2025\/03\/focus40blue5thgen_480x480-300x300.jpg\" alt=\"Focus40blue5thgen prikaz s prednje strane\" width=\"300\" height=\"300\" srcset=\"https:\/\/tiflonova.hr\/wp\/wp-content\/uploads\/2025\/03\/focus40blue5thgen_480x480-300x300.jpg 300w, https:\/\/tiflonova.hr\/wp\/wp-content\/uploads\/2025\/03\/focus40blue5thgen_480x480-150x150.jpg 150w, https:\/\/tiflonova.hr\/wp\/wp-content\/uploads\/2025\/03\/focus40blue5thgen_480x480.jpg 480w\" sizes=\"auto, (max-width: 300px) 100vw, 300px\" \/><\/p>\n<p>Prijenosni i stolni braji\u010dni ure\u0111aj, izdr\u017eljiv, kompaktan<br \/>\n40 braji\u010dnih \u0107elija, braji\u010dna tipkovnica, Bluetooth povezivanje s pet ure\u0111aja<br \/>\n\u010cita\u010d digitalnih Brailleovih knjiga, pisanje bilje\u0161ki<br \/>\n<a href=\"https:\/\/tiflonova.hr\/wp\/?page_id=511#content\">Op\u0161irnije&#8230;<\/a><\/p>\n<p>Cijena: 3.570,95 EUR *<br \/>\n\u0160ifra za narud\u017ebu: 20002<br \/>\n<a href=\"https:\/\/tiflonova.hr\/wp\/?page_id=177#content\">Naru\u010dite sada&#8230;.<\/a><\/p>\n<hr \/>\n<h1><a href=\"https:\/\/tiflonova.hr\/wp\/?page_id=513#content\">Freedom Scientific Focus 80 Blue Generacija 5<\/a><\/h1>\n<p><img loading=\"lazy\" decoding=\"async\" class=\"alignnone size-medium wp-image-582\" src=\"https:\/\/tiflonova.hr\/wp\/wp-content\/uploads\/2025\/03\/focus80blue5thgen-300x300.jpg\" alt=\"Focus80blue5thgen prikaz s prednje strane\" width=\"300\" height=\"300\" srcset=\"https:\/\/tiflonova.hr\/wp\/wp-content\/uploads\/2025\/03\/focus80blue5thgen-300x300.jpg 300w, https:\/\/tiflonova.hr\/wp\/wp-content\/uploads\/2025\/03\/focus80blue5thgen-150x150.jpg 150w, https:\/\/tiflonova.hr\/wp\/wp-content\/uploads\/2025\/03\/focus80blue5thgen.jpg 480w\" sizes=\"auto, (max-width: 300px) 100vw, 300px\" \/><\/p>\n<p>Profesionalni, stolni braji\u010dni ure\u0111aj, izdr\u017eljiv, robusni<br \/>\n80 braji\u010dnih \u0107elija, braji\u010dna tipkovnica, Bluetooth povezivanje s pet ure\u0111aja<br \/>\n\u010cita\u010d digitalnih Brailleovih knjiga, pisanje bilje\u0161ki<br \/>\n<a href=\"https:\/\/tiflonova.hr\/wp\/?page_id=513#content\">Op\u0161irnije&#8230;<\/a><\/p>\n<p>Cijena: 9.520,95 EUR *<br \/>\n\u0160ifra za narud\u017ebu: 20003<br \/>\n<a href=\"https:\/\/tiflonova.hr\/wp\/?page_id=177#content\">Naru\u010dite sada&#8230;.<\/a><\/p>\n<hr \/>\n<p><em>* Cijena je informativna, promjenjiva i ne predstavlja obvezuju\u0107u ponudu. Raspolo\u017eivost i cijenu potvr\u0111ujemo po primitku i obradi narud\u017ebe.<\/em><\/p>\n<hr \/>\n<h3>Navigacija<\/h3>\n<ul>\n<li><a href=\"https:\/\/tiflonova.hr\/wp\/?page_id=280\">Povratak na po\u010detnu <strong>Web trgovina<\/strong><\/a><\/li>\n<\/ul>\n","protected":false},"excerpt":{"rendered":"<p>Braji\u010dni elektroni\u010dki ure\u0111aji za \u010ditanje i pisanje samostalni su ure\u0111aji za \u010ditanje digitalnih knjiga i pravljenje bilje\u0161ki, a mogu se koristiti i kao ulazne ili izlazne jedinice ra\u010dunala, mobitela ili tableta. Freedom Scientific Focus 14 Blue Generacija 5 Prijenosni braji\u010dni &hellip; <a href=\"https:\/\/tiflonova.hr\/wp\/?page_id=507\">Nastavi \u010ditati <span class=\"meta-nav\">&rarr;<\/span><\/a><\/p>\n","protected":false},"author":1,"featured_media":0,"parent":280,"menu_order":0,"comment_status":"closed","ping_status":"closed","template":"","meta":{"footnotes":""},"class_list":["post-507","page","type-page","status-publish","hentry"],"_links":{"self":[{"href":"https:\/\/tiflonova.hr\/wp\/index.php?rest_route=\/wp\/v2\/pages\/507","targetHints":{"allow":["GET"]}}],"collection":[{"href":"https:\/\/tiflonova.hr\/wp\/index.php?rest_route=\/wp\/v2\/pages"}],"about":[{"href":"https:\/\/tiflonova.hr\/wp\/index.php?rest_route=\/wp\/v2\/types\/page"}],"author":[{"embeddable":true,"href":"https:\/\/tiflonova.hr\/wp\/index.php?rest_route=\/wp\/v2\/users\/1"}],"replies":[{"embeddable":true,"href":"https:\/\/tiflonova.hr\/wp\/index.php?rest_route=%2Fwp%2Fv2%2Fcomments&post=507"}],"version-history":[{"count":9,"href":"https:\/\/tiflonova.hr\/wp\/index.php?rest_route=\/wp\/v2\/pages\/507\/revisions"}],"predecessor-version":[{"id":1340,"href":"https:\/\/tiflonova.hr\/wp\/index.php?rest_route=\/wp\/v2\/pages\/507\/revisions\/1340"}],"up":[{"embeddable":true,"href":"https:\/\/tiflonova.hr\/wp\/index.php?rest_route=\/wp\/v2\/pages\/280"}],"wp:attachment":[{"href":"https:\/\/tiflonova.hr\/wp\/index.php?rest_route=%2Fwp%2Fv2%2Fmedia&parent=507"}],"curies":[{"name":"wp","href":"https:\/\/api.w.org\/{rel}","templated":true}]}}