{"id":367,"date":"2025-04-17T08:11:00","date_gmt":"2025-04-17T06:11:00","guid":{"rendered":"https:\/\/tiflonova.hr\/wp\/?page_id=367"},"modified":"2025-04-17T09:12:14","modified_gmt":"2025-04-17T07:12:14","slug":"dodatni-pribor-za-foxy-reader-govorni-digitalni-obiljezivac","status":"publish","type":"page","link":"https:\/\/tiflonova.hr\/wp\/?page_id=367","title":{"rendered":"Dodatni pribor za Foxy-Reader &#8211; govorni digitalni ozna\u010diva\u010d predmeta"},"content":{"rendered":"<h1>Foxy naljepnice<\/h1>\n<p><img loading=\"lazy\" decoding=\"async\" class=\"alignnone size-medium wp-image-441\" src=\"https:\/\/tiflonova.hr\/wp\/wp-content\/uploads\/2025\/03\/Foxy-Block-1-300x225.jpg\" alt=\"Foxy naljepnice, blok 1.\" width=\"300\" height=\"225\" srcset=\"https:\/\/tiflonova.hr\/wp\/wp-content\/uploads\/2025\/03\/Foxy-Block-1-300x225.jpg 300w, https:\/\/tiflonova.hr\/wp\/wp-content\/uploads\/2025\/03\/Foxy-Block-1-1024x768.jpg 1024w, https:\/\/tiflonova.hr\/wp\/wp-content\/uploads\/2025\/03\/Foxy-Block-1-768x576.jpg 768w, https:\/\/tiflonova.hr\/wp\/wp-content\/uploads\/2025\/03\/Foxy-Block-1-1536x1152.jpg 1536w, https:\/\/tiflonova.hr\/wp\/wp-content\/uploads\/2025\/03\/Foxy-Block-1-400x300.jpg 400w, https:\/\/tiflonova.hr\/wp\/wp-content\/uploads\/2025\/03\/Foxy-Block-1.jpg 1920w\" sizes=\"auto, (max-width: 300px) 100vw, 300px\" \/> <img loading=\"lazy\" decoding=\"async\" class=\"alignnone size-medium wp-image-442\" src=\"https:\/\/tiflonova.hr\/wp\/wp-content\/uploads\/2025\/03\/Foxy-Block-2-300x225.jpg\" alt=\"Foxy naljepnice, blok 2.\" width=\"300\" height=\"225\" srcset=\"https:\/\/tiflonova.hr\/wp\/wp-content\/uploads\/2025\/03\/Foxy-Block-2-300x225.jpg 300w, https:\/\/tiflonova.hr\/wp\/wp-content\/uploads\/2025\/03\/Foxy-Block-2-1024x768.jpg 1024w, https:\/\/tiflonova.hr\/wp\/wp-content\/uploads\/2025\/03\/Foxy-Block-2-768x576.jpg 768w, https:\/\/tiflonova.hr\/wp\/wp-content\/uploads\/2025\/03\/Foxy-Block-2-1536x1152.jpg 1536w, https:\/\/tiflonova.hr\/wp\/wp-content\/uploads\/2025\/03\/Foxy-Block-2-400x300.jpg 400w, https:\/\/tiflonova.hr\/wp\/wp-content\/uploads\/2025\/03\/Foxy-Block-2.jpg 1920w\" sizes=\"auto, (max-width: 300px) 100vw, 300px\" \/> <img loading=\"lazy\" decoding=\"async\" class=\"alignnone size-medium wp-image-443\" src=\"https:\/\/tiflonova.hr\/wp\/wp-content\/uploads\/2025\/03\/Foxy-Block-3-300x225.jpg\" alt=\"Foxy naljepnice, blok 3.\" width=\"300\" height=\"225\" srcset=\"https:\/\/tiflonova.hr\/wp\/wp-content\/uploads\/2025\/03\/Foxy-Block-3-300x225.jpg 300w, https:\/\/tiflonova.hr\/wp\/wp-content\/uploads\/2025\/03\/Foxy-Block-3-1024x768.jpg 1024w, https:\/\/tiflonova.hr\/wp\/wp-content\/uploads\/2025\/03\/Foxy-Block-3-768x576.jpg 768w, https:\/\/tiflonova.hr\/wp\/wp-content\/uploads\/2025\/03\/Foxy-Block-3-1536x1152.jpg 1536w, https:\/\/tiflonova.hr\/wp\/wp-content\/uploads\/2025\/03\/Foxy-Block-3-400x300.jpg 400w, https:\/\/tiflonova.hr\/wp\/wp-content\/uploads\/2025\/03\/Foxy-Block-3.jpg 1920w\" sizes=\"auto, (max-width: 300px) 100vw, 300px\" \/> <img loading=\"lazy\" decoding=\"async\" class=\"alignnone size-medium wp-image-444\" src=\"https:\/\/tiflonova.hr\/wp\/wp-content\/uploads\/2025\/03\/Foxy-Block-4-300x225.jpg\" alt=\"Foxy naljepnice, blok 4.\" width=\"300\" height=\"225\" srcset=\"https:\/\/tiflonova.hr\/wp\/wp-content\/uploads\/2025\/03\/Foxy-Block-4-300x225.jpg 300w, https:\/\/tiflonova.hr\/wp\/wp-content\/uploads\/2025\/03\/Foxy-Block-4-1024x768.jpg 1024w, https:\/\/tiflonova.hr\/wp\/wp-content\/uploads\/2025\/03\/Foxy-Block-4-768x576.jpg 768w, https:\/\/tiflonova.hr\/wp\/wp-content\/uploads\/2025\/03\/Foxy-Block-4-1536x1152.jpg 1536w, https:\/\/tiflonova.hr\/wp\/wp-content\/uploads\/2025\/03\/Foxy-Block-4-400x300.jpg 400w, https:\/\/tiflonova.hr\/wp\/wp-content\/uploads\/2025\/03\/Foxy-Block-4.jpg 1920w\" sizes=\"auto, (max-width: 300px) 100vw, 300px\" \/><\/p>\n<p>Plasti\u010dne, vodootporne naljepnice s reljefnom oznakom i kodom za Foxy-Reader.<br \/>\nSvaki blok sadr\u017ei 240 samoljepljivih naljepnica.<br \/>\n<strong>Primjena<\/strong>: ozna\u010davanje predmeta, kutija, fascikla, hrane (hladnjak i ledenica), dokumenata, lijekova, upravlja\u010dkih tipki itd.<br \/>\nNa svaku se naljepnicu mo\u017ee snimiti, izbrisati i ponovno snimiti glasovna poruka neograni\u010deni broj puta.<\/p>\n<p>Napomena: Foxy-Reader raspoznaje naljepnicu kao npr. &#8220;ID: Naljepnica1 Blok1&#8221; i prema njoj pridru\u017euje va\u0161u glasovnu poruku. Ako se izgubi ili uni\u0161ti odre\u0111ena naljepnica, treba ju nadoknaditi istom ili iz sljede\u0107eg bloka naljepnica.<\/p>\n<p>Cijena: 25,00 EUR<br \/>\n\u0160ifra za narud\u017ebu:<\/p>\n<ul>\n<li>24001-2 Foxy naljepnice blok 2<\/li>\n<li>24001-3 Foxy naljepnice blok 3<\/li>\n<li>24001-4 Foxy naljepnice blok 4<\/li>\n<li>24001-1 Foxy naljepnice blok 1<\/li>\n<\/ul>\n<p><a href=\"https:\/\/tiflonova.hr\/wp\/?page_id=177#content\">Naru\u010dite sada&#8230;.<\/a><\/p>\n<hr \/>\n<h1>Foxy privjesci<\/h1>\n<p><img loading=\"lazy\" decoding=\"async\" class=\"alignnone size-medium wp-image-445\" src=\"https:\/\/tiflonova.hr\/wp\/wp-content\/uploads\/2025\/03\/Foxy-Tags-1-300x225.jpg\" alt=\"Foxy privjesci, blok 1.\" width=\"300\" height=\"225\" srcset=\"https:\/\/tiflonova.hr\/wp\/wp-content\/uploads\/2025\/03\/Foxy-Tags-1-300x225.jpg 300w, https:\/\/tiflonova.hr\/wp\/wp-content\/uploads\/2025\/03\/Foxy-Tags-1-1024x768.jpg 1024w, https:\/\/tiflonova.hr\/wp\/wp-content\/uploads\/2025\/03\/Foxy-Tags-1-768x576.jpg 768w, https:\/\/tiflonova.hr\/wp\/wp-content\/uploads\/2025\/03\/Foxy-Tags-1-1536x1152.jpg 1536w, https:\/\/tiflonova.hr\/wp\/wp-content\/uploads\/2025\/03\/Foxy-Tags-1-400x300.jpg 400w, https:\/\/tiflonova.hr\/wp\/wp-content\/uploads\/2025\/03\/Foxy-Tags-1.jpg 1920w\" sizes=\"auto, (max-width: 300px) 100vw, 300px\" \/> <img loading=\"lazy\" decoding=\"async\" class=\"alignnone size-medium wp-image-446\" src=\"https:\/\/tiflonova.hr\/wp\/wp-content\/uploads\/2025\/03\/Foxy-Tags-2-300x225.jpg\" alt=\"Foxy privjesci, blok 2.\" width=\"300\" height=\"225\" srcset=\"https:\/\/tiflonova.hr\/wp\/wp-content\/uploads\/2025\/03\/Foxy-Tags-2-300x225.jpg 300w, https:\/\/tiflonova.hr\/wp\/wp-content\/uploads\/2025\/03\/Foxy-Tags-2-1024x768.jpg 1024w, https:\/\/tiflonova.hr\/wp\/wp-content\/uploads\/2025\/03\/Foxy-Tags-2-768x576.jpg 768w, https:\/\/tiflonova.hr\/wp\/wp-content\/uploads\/2025\/03\/Foxy-Tags-2-1536x1152.jpg 1536w, https:\/\/tiflonova.hr\/wp\/wp-content\/uploads\/2025\/03\/Foxy-Tags-2-400x300.jpg 400w, https:\/\/tiflonova.hr\/wp\/wp-content\/uploads\/2025\/03\/Foxy-Tags-2.jpg 1920w\" sizes=\"auto, (max-width: 300px) 100vw, 300px\" \/> <img loading=\"lazy\" decoding=\"async\" class=\"alignnone size-medium wp-image-447\" src=\"https:\/\/tiflonova.hr\/wp\/wp-content\/uploads\/2025\/03\/Foxy-Tags-3-300x225.jpg\" alt=\"Foxy privjesci, blok 3.\" width=\"300\" height=\"225\" srcset=\"https:\/\/tiflonova.hr\/wp\/wp-content\/uploads\/2025\/03\/Foxy-Tags-3-300x225.jpg 300w, https:\/\/tiflonova.hr\/wp\/wp-content\/uploads\/2025\/03\/Foxy-Tags-3-1024x768.jpg 1024w, https:\/\/tiflonova.hr\/wp\/wp-content\/uploads\/2025\/03\/Foxy-Tags-3-768x576.jpg 768w, https:\/\/tiflonova.hr\/wp\/wp-content\/uploads\/2025\/03\/Foxy-Tags-3-1536x1152.jpg 1536w, https:\/\/tiflonova.hr\/wp\/wp-content\/uploads\/2025\/03\/Foxy-Tags-3-400x300.jpg 400w, https:\/\/tiflonova.hr\/wp\/wp-content\/uploads\/2025\/03\/Foxy-Tags-3.jpg 1920w\" sizes=\"auto, (max-width: 300px) 100vw, 300px\" \/><\/p>\n<p>Plasti\u010dni, vodootporni privjesci s kodom za Foxy-Reader.<br \/>\nSvaki blok sadr\u017ei 5 privjesaka.<br \/>\n<strong>Primjena:<\/strong> ozna\u010davanje odje\u0107e (privjesci su perivi u perilici rublja).<br \/>\nNa svaki se privjesak mo\u017ee snimiti, izbrisati i ponovno snimiti glasovna poruka neograni\u010deni broj puta.<\/p>\n<p>Napomena: Foxy-Reader raspoznaje privjesak kao npr. &#8220;ID: Privjesak1 blok1&#8221; i prema njemu pridru\u017euje va\u0161u glasovnu poruku. Ako se izgubi ili uni\u0161ti odre\u0111eni privjesak, treba ga nadoknaditi istim ili iz sljede\u0107eg bloka privjesaka.<\/p>\n<p>Cijena: 5,49 EUR<br \/>\n\u0160ifra za narud\u017ebu:<\/p>\n<ul>\n<li>24002-2 Foxy privjesci blok 2<\/li>\n<li>24002-3 Foxy privjesci blok 3<\/li>\n<li>24002-1 Foxy privjesci blok 1<\/li>\n<\/ul>\n<p><a href=\"https:\/\/tiflonova.hr\/wp\/?page_id=177#content\">Naru\u010dite sada&#8230;.<\/a><\/p>\n<hr \/>\n<h1>Foxy igra\u0107e karte<\/h1>\n<p><img loading=\"lazy\" decoding=\"async\" class=\"alignnone size-medium wp-image-448\" src=\"https:\/\/tiflonova.hr\/wp\/wp-content\/uploads\/2025\/03\/Foxy-Cards-300x225.jpg\" alt=\"Foxy igra\u010de karte, pakiranje.\" width=\"300\" height=\"225\" srcset=\"https:\/\/tiflonova.hr\/wp\/wp-content\/uploads\/2025\/03\/Foxy-Cards-300x225.jpg 300w, https:\/\/tiflonova.hr\/wp\/wp-content\/uploads\/2025\/03\/Foxy-Cards-1024x768.jpg 1024w, https:\/\/tiflonova.hr\/wp\/wp-content\/uploads\/2025\/03\/Foxy-Cards-768x576.jpg 768w, https:\/\/tiflonova.hr\/wp\/wp-content\/uploads\/2025\/03\/Foxy-Cards-1536x1152.jpg 1536w, https:\/\/tiflonova.hr\/wp\/wp-content\/uploads\/2025\/03\/Foxy-Cards-400x300.jpg 400w, https:\/\/tiflonova.hr\/wp\/wp-content\/uploads\/2025\/03\/Foxy-Cards.jpg 1920w\" sizes=\"auto, (max-width: 300px) 100vw, 300px\" \/> <img loading=\"lazy\" decoding=\"async\" class=\"alignnone size-medium wp-image-449\" src=\"https:\/\/tiflonova.hr\/wp\/wp-content\/uploads\/2025\/03\/Foxy-Cars-1-300x225.jpg\" alt=\"Foxy igra\u010de karte.\" width=\"300\" height=\"225\" srcset=\"https:\/\/tiflonova.hr\/wp\/wp-content\/uploads\/2025\/03\/Foxy-Cars-1-300x225.jpg 300w, https:\/\/tiflonova.hr\/wp\/wp-content\/uploads\/2025\/03\/Foxy-Cars-1-1024x768.jpg 1024w, https:\/\/tiflonova.hr\/wp\/wp-content\/uploads\/2025\/03\/Foxy-Cars-1-768x576.jpg 768w, https:\/\/tiflonova.hr\/wp\/wp-content\/uploads\/2025\/03\/Foxy-Cars-1-1536x1152.jpg 1536w, https:\/\/tiflonova.hr\/wp\/wp-content\/uploads\/2025\/03\/Foxy-Cars-1-400x300.jpg 400w, https:\/\/tiflonova.hr\/wp\/wp-content\/uploads\/2025\/03\/Foxy-Cars-1.jpg 1920w\" sizes=\"auto, (max-width: 300px) 100vw, 300px\" \/><\/p>\n<p>Internacionalni \u0161pil igra\u0107ih karata (52. karte + 2 jockera) za slijepe, slabovidne i vide\u0107e igra\u0107e s kodom za Foxy-Reader.<\/p>\n<p>Cijena: 19,25 EUR<br \/>\n\u0160ifra za narud\u017ebu: 24003<br \/>\n<a href=\"https:\/\/tiflonova.hr\/wp\/?page_id=177#content\">Naru\u010dite sada&#8230;.<\/a><\/p>\n<hr \/>\n<h1>Strujni adapter s kabelom<\/h1>\n<p>Strujni adapter, EU standard; kabel USB-a na mini USB za napajanje i prijenos podataka<\/p>\n<p>Cijena: 30,00 EUR<br \/>\n\u0160ifra za narud\u017ebu: 24004<br \/>\n<a href=\"https:\/\/tiflonova.hr\/wp\/?page_id=177#content\">Naru\u010dite sada&#8230;.<\/a><\/p>\n<hr \/>\n<h3>Navigacija<\/h3>\n<ul>\n<li><a href=\"https:\/\/tiflonova.hr\/wp\/?page_id=363\">Povratak na <strong>Ozna\u010diva\u010di predmeta i odje\u0107e<\/strong><\/a><\/li>\n<\/ul>\n","protected":false},"excerpt":{"rendered":"<p>Foxy naljepnice Plasti\u010dne, vodootporne naljepnice s reljefnom oznakom i kodom za Foxy-Reader. Svaki blok sadr\u017ei 240 samoljepljivih naljepnica. Primjena: ozna\u010davanje predmeta, kutija, fascikla, hrane (hladnjak i ledenica), dokumenata, lijekova, upravlja\u010dkih tipki itd. Na svaku se naljepnicu mo\u017ee snimiti, izbrisati i &hellip; <a href=\"https:\/\/tiflonova.hr\/wp\/?page_id=367\">Nastavi \u010ditati <span class=\"meta-nav\">&rarr;<\/span><\/a><\/p>\n","protected":false},"author":1,"featured_media":0,"parent":363,"menu_order":0,"comment_status":"closed","ping_status":"closed","template":"","meta":{"footnotes":""},"class_list":["post-367","page","type-page","status-publish","hentry"],"_links":{"self":[{"href":"https:\/\/tiflonova.hr\/wp\/index.php?rest_route=\/wp\/v2\/pages\/367","targetHints":{"allow":["GET"]}}],"collection":[{"href":"https:\/\/tiflonova.hr\/wp\/index.php?rest_route=\/wp\/v2\/pages"}],"about":[{"href":"https:\/\/tiflonova.hr\/wp\/index.php?rest_route=\/wp\/v2\/types\/page"}],"author":[{"embeddable":true,"href":"https:\/\/tiflonova.hr\/wp\/index.php?rest_route=\/wp\/v2\/users\/1"}],"replies":[{"embeddable":true,"href":"https:\/\/tiflonova.hr\/wp\/index.php?rest_route=%2Fwp%2Fv2%2Fcomments&post=367"}],"version-history":[{"count":5,"href":"https:\/\/tiflonova.hr\/wp\/index.php?rest_route=\/wp\/v2\/pages\/367\/revisions"}],"predecessor-version":[{"id":709,"href":"https:\/\/tiflonova.hr\/wp\/index.php?rest_route=\/wp\/v2\/pages\/367\/revisions\/709"}],"up":[{"embeddable":true,"href":"https:\/\/tiflonova.hr\/wp\/index.php?rest_route=\/wp\/v2\/pages\/363"}],"wp:attachment":[{"href":"https:\/\/tiflonova.hr\/wp\/index.php?rest_route=%2Fwp%2Fv2%2Fmedia&parent=367"}],"curies":[{"name":"wp","href":"https:\/\/api.w.org\/{rel}","templated":true}]}}