{"id":363,"date":"2025-05-23T09:11:17","date_gmt":"2025-05-23T07:11:17","guid":{"rendered":"https:\/\/tiflonova.hr\/wp\/?page_id=363"},"modified":"2025-05-23T10:22:18","modified_gmt":"2025-05-23T08:22:18","slug":"obiljezivaci-predmeta-i-odjece","status":"publish","type":"page","link":"https:\/\/tiflonova.hr\/wp\/?page_id=363","title":{"rendered":"Ozna\u010diva\u010di predmeta i odje\u0107e"},"content":{"rendered":"<h1><a href=\"https:\/\/tiflonova.hr\/wp\/?page_id=365#content\">Foxy-Reader &#8211; govorni digitalni ozna\u010diva\u010d (hrvatski jezik)<\/a><\/h1>\n<p><img loading=\"lazy\" decoding=\"async\" class=\"alignnone size-medium wp-image-412\" src=\"https:\/\/tiflonova.hr\/wp\/wp-content\/uploads\/2025\/03\/foxyreader4-scaled-1-300x157.jpg\" alt=\"Foxy Reader o\u010ditava oznaku.\" width=\"300\" height=\"157\" srcset=\"https:\/\/tiflonova.hr\/wp\/wp-content\/uploads\/2025\/03\/foxyreader4-scaled-1-300x157.jpg 300w, https:\/\/tiflonova.hr\/wp\/wp-content\/uploads\/2025\/03\/foxyreader4-scaled-1-1024x537.jpg 1024w, https:\/\/tiflonova.hr\/wp\/wp-content\/uploads\/2025\/03\/foxyreader4-scaled-1-768x403.jpg 768w, https:\/\/tiflonova.hr\/wp\/wp-content\/uploads\/2025\/03\/foxyreader4-scaled-1-1536x805.jpg 1536w, https:\/\/tiflonova.hr\/wp\/wp-content\/uploads\/2025\/03\/foxyreader4-scaled-1-2048x1074.jpg 2048w, https:\/\/tiflonova.hr\/wp\/wp-content\/uploads\/2025\/03\/foxyreader4-scaled-1-500x262.jpg 500w\" sizes=\"auto, (max-width: 300px) 100vw, 300px\" \/><\/p>\n<p>Foxy Reader je digitalni ozna\u010diva\u010d predmeta i odje\u0107e, \u010dita\u010d naljepnica, privjesaka i igra\u0107ih karata, MP3 svira\u010d i snima\u010d veli\u010dine olovke koji govori hrvatski.<br \/>\n<a href=\"https:\/\/tiflonova.hr\/wp\/?page_id=365#content\">Op\u0161irnije&#8230;<\/a><\/p>\n<p>Cijena: 149,50 EUR<br \/>\n\u0160ifra za narud\u017ebu: 24000<br \/>\n<a href=\"https:\/\/tiflonova.hr\/wp\/?page_id=177#content\">Naru\u010dite sada&#8230;.<\/a><\/p>\n<hr \/>\n<h1><a href=\"https:\/\/tiflonova.hr\/wp\/?page_id=367#content\">Dodatni pribor za Foxy-Reader<\/a><\/h1>\n<p><img loading=\"lazy\" decoding=\"async\" class=\"alignnone size-medium wp-image-411\" src=\"https:\/\/tiflonova.hr\/wp\/wp-content\/uploads\/2025\/03\/foxyreader3-300x176.jpg\" alt=\"Foxy privjesci, naljepnice i igra\u010de karte.\" width=\"300\" height=\"176\" srcset=\"https:\/\/tiflonova.hr\/wp\/wp-content\/uploads\/2025\/03\/foxyreader3-300x176.jpg 300w, https:\/\/tiflonova.hr\/wp\/wp-content\/uploads\/2025\/03\/foxyreader3-500x293.jpg 500w, https:\/\/tiflonova.hr\/wp\/wp-content\/uploads\/2025\/03\/foxyreader3.jpg 700w\" sizes=\"auto, (max-width: 300px) 100vw, 300px\" \/><\/p>\n<p>Dodatni blokovi vodootpornih, taktilnih naljepnica i privjesaka s kodom te potro\u0161ni materijal.<br \/>\n<a href=\"https:\/\/tiflonova.hr\/wp\/?page_id=367#content\">Op\u0161irnije&#8230;<\/a><\/p>\n<p>Cijena:<br \/>\n\u0160ifra za narud\u017ebu:<br \/>\n<a href=\"https:\/\/tiflonova.hr\/wp\/?page_id=177#content\">Naru\u010dite sada&#8230;.<\/a><\/p>\n<hr \/>\n<h1>TapeQueen &#8211; pomagalo za izradu braji\u010dnih naljepnica<\/h1>\n<p><img loading=\"lazy\" decoding=\"async\" class=\"alignnone size-medium wp-image-419\" src=\"https:\/\/tiflonova.hr\/wp\/wp-content\/uploads\/2025\/03\/tapequeen2-300x233.png\" alt=\"TapeQueen i Braji\u010dno \u0161ilo.\" width=\"300\" height=\"233\" srcset=\"https:\/\/tiflonova.hr\/wp\/wp-content\/uploads\/2025\/03\/tapequeen2-300x233.png 300w, https:\/\/tiflonova.hr\/wp\/wp-content\/uploads\/2025\/03\/tapequeen2-386x300.png 386w, https:\/\/tiflonova.hr\/wp\/wp-content\/uploads\/2025\/03\/tapequeen2.png 700w\" sizes=\"auto, (max-width: 300px) 100vw, 300px\" \/><img loading=\"lazy\" decoding=\"async\" class=\"alignnone size-medium wp-image-417\" src=\"https:\/\/tiflonova.hr\/wp\/wp-content\/uploads\/2025\/03\/tapequeen_bottom-300x229.png\" alt=\"TapeQueen donja strana s prikazom Brajeve abecede.\" width=\"300\" height=\"229\" srcset=\"https:\/\/tiflonova.hr\/wp\/wp-content\/uploads\/2025\/03\/tapequeen_bottom-300x229.png 300w, https:\/\/tiflonova.hr\/wp\/wp-content\/uploads\/2025\/03\/tapequeen_bottom-393x300.png 393w, https:\/\/tiflonova.hr\/wp\/wp-content\/uploads\/2025\/03\/tapequeen_bottom.png 700w\" sizes=\"auto, (max-width: 300px) 100vw, 300px\" \/> <img loading=\"lazy\" decoding=\"async\" class=\"alignnone size-medium wp-image-418\" src=\"https:\/\/tiflonova.hr\/wp\/wp-content\/uploads\/2025\/03\/tapequeen_corner-300x300.png\" alt=\"TapeQueen Braji\u010dna naljepnica.\" width=\"300\" height=\"300\" srcset=\"https:\/\/tiflonova.hr\/wp\/wp-content\/uploads\/2025\/03\/tapequeen_corner-300x300.png 300w, https:\/\/tiflonova.hr\/wp\/wp-content\/uploads\/2025\/03\/tapequeen_corner-150x150.png 150w, https:\/\/tiflonova.hr\/wp\/wp-content\/uploads\/2025\/03\/tapequeen_corner.png 700w\" sizes=\"auto, (max-width: 300px) 100vw, 300px\" \/><\/p>\n<p>Izradite trajnu naljepnicu na Brailleovom pismu po mjeri prakti\u010dnim pomagalom.<br \/>\nJednoredna braji\u010dna tablica s vodilicom za vrpcu, sigurnim no\u017ei\u0107em i braji\u010dnim \u0161ilom.<br \/>\nU pakiranju, samoljepljiva plasti\u010dna vrpca du\u017eine 3,65m i \u0161irine 12 mm za naljepnice.<br \/>\nNa \u010dvrstu, samoljepljivu vrpcu i otpornu na habanje napi\u0161ite naziv na Brailleovom pismu i zalijepite ju na proizvod, tipku ure\u0111aja, fasciklu, knjigu itd.<\/p>\n<p>Cijena: 30,87 EUR<br \/>\n\u0160ifra za narud\u017ebu: 24010<br \/>\n<a href=\"https:\/\/tiflonova.hr\/wp\/?page_id=177#content\">Naru\u010dite sada&#8230;.<\/a><\/p>\n<hr \/>\n<p><strong>VA\u017dNO<\/strong><\/p>\n<p><strong>\u0160to je ozna\u010diva\u010d predmeta?<\/strong><br \/>\nOzna\u010diva\u010d predmeta na Brailleovom pismu\/digitalnom zapisu je ure\u0111aj namijenjen osobama s o\u0161te\u0107enjem vida, koji omogu\u0107ava ozna\u010davanje i prepoznavanje razli\u010ditih predmeta putem  brajevog pisma\/zvu\u010dnog zapisa. Ovaj ure\u0111aj olak\u0161ava identifikaciju i organizaciju predmeta u  svakodnevnom \u017eivotu, kao \u0161to su knjige, dokumenti, lijekovi i drugi va\u017eni predmeti. <\/p>\n<hr \/>\n<h3>Navigacija<\/h3>\n<ul>\n<li><a href=\"https:\/\/tiflonova.hr\/wp\/?page_id=280\">Povratak na po\u010detnu <strong>Tiflonova trgovina<\/strong><\/a><\/li>\n<\/ul>\n","protected":false},"excerpt":{"rendered":"<p>Foxy-Reader &#8211; govorni digitalni ozna\u010diva\u010d (hrvatski jezik) Foxy Reader je digitalni ozna\u010diva\u010d predmeta i odje\u0107e, \u010dita\u010d naljepnica, privjesaka i igra\u0107ih karata, MP3 svira\u010d i snima\u010d veli\u010dine olovke koji govori hrvatski. Op\u0161irnije&#8230; Cijena: 149,50 EUR \u0160ifra za narud\u017ebu: 24000 Naru\u010dite sada&#8230;. &hellip; <a href=\"https:\/\/tiflonova.hr\/wp\/?page_id=363\">Nastavi \u010ditati <span class=\"meta-nav\">&rarr;<\/span><\/a><\/p>\n","protected":false},"author":1,"featured_media":0,"parent":280,"menu_order":0,"comment_status":"closed","ping_status":"closed","template":"","meta":{"footnotes":""},"class_list":["post-363","page","type-page","status-publish","hentry"],"_links":{"self":[{"href":"https:\/\/tiflonova.hr\/wp\/index.php?rest_route=\/wp\/v2\/pages\/363","targetHints":{"allow":["GET"]}}],"collection":[{"href":"https:\/\/tiflonova.hr\/wp\/index.php?rest_route=\/wp\/v2\/pages"}],"about":[{"href":"https:\/\/tiflonova.hr\/wp\/index.php?rest_route=\/wp\/v2\/types\/page"}],"author":[{"embeddable":true,"href":"https:\/\/tiflonova.hr\/wp\/index.php?rest_route=\/wp\/v2\/users\/1"}],"replies":[{"embeddable":true,"href":"https:\/\/tiflonova.hr\/wp\/index.php?rest_route=%2Fwp%2Fv2%2Fcomments&post=363"}],"version-history":[{"count":10,"href":"https:\/\/tiflonova.hr\/wp\/index.php?rest_route=\/wp\/v2\/pages\/363\/revisions"}],"predecessor-version":[{"id":981,"href":"https:\/\/tiflonova.hr\/wp\/index.php?rest_route=\/wp\/v2\/pages\/363\/revisions\/981"}],"up":[{"embeddable":true,"href":"https:\/\/tiflonova.hr\/wp\/index.php?rest_route=\/wp\/v2\/pages\/280"}],"wp:attachment":[{"href":"https:\/\/tiflonova.hr\/wp\/index.php?rest_route=%2Fwp%2Fv2%2Fmedia&parent=363"}],"curies":[{"name":"wp","href":"https:\/\/api.w.org\/{rel}","templated":true}]}}