{"id":359,"date":"2025-11-08T15:55:10","date_gmt":"2025-11-08T14:55:10","guid":{"rendered":"https:\/\/tiflonova.hr\/wp\/?page_id=359"},"modified":"2025-11-08T21:55:42","modified_gmt":"2025-11-08T20:55:42","slug":"draftsman-standard-geometrijski-pribor-za-slijepe","status":"publish","type":"page","link":"https:\/\/tiflonova.hr\/wp\/?page_id=359","title":{"rendered":"DraftsMan Standard &#8211; geometrijski pribor za slijepe"},"content":{"rendered":"<h3>Narud\u017eba<\/h3>\n<ul>\n<li>Cijena: 149,50 EUR<\/li>\n<li>\u0160ifra za narud\u017ebu: 28200<\/li>\n<li><a href=\"https:\/\/tiflonova.hr\/wp\/?page_id=177#content\">Naru\u010dite sada&#8230;.<\/a><\/li>\n<\/ul>\n<hr \/>\n<p><img loading=\"lazy\" decoding=\"async\" class=\"alignnone size-medium wp-image-420\" src=\"https:\/\/tiflonova.hr\/wp\/wp-content\/uploads\/2025\/03\/DraftsMan-300x225.jpg\" alt=\"DraftsMan crta\u010da plo\u010da.\" width=\"300\" height=\"225\" srcset=\"https:\/\/tiflonova.hr\/wp\/wp-content\/uploads\/2025\/03\/DraftsMan-300x225.jpg 300w, https:\/\/tiflonova.hr\/wp\/wp-content\/uploads\/2025\/03\/DraftsMan-1024x768.jpg 1024w, https:\/\/tiflonova.hr\/wp\/wp-content\/uploads\/2025\/03\/DraftsMan-768x576.jpg 768w, https:\/\/tiflonova.hr\/wp\/wp-content\/uploads\/2025\/03\/DraftsMan-1536x1152.jpg 1536w, https:\/\/tiflonova.hr\/wp\/wp-content\/uploads\/2025\/03\/DraftsMan-400x300.jpg 400w, https:\/\/tiflonova.hr\/wp\/wp-content\/uploads\/2025\/03\/DraftsMan.jpg 1920w\" sizes=\"auto, (max-width: 300px) 100vw, 300px\" \/> <img loading=\"lazy\" decoding=\"async\" class=\"alignnone size-medium wp-image-422\" src=\"https:\/\/tiflonova.hr\/wp\/wp-content\/uploads\/2025\/03\/DraftsMan-2-300x225.jpg\" alt=\"DraftsMan, set geometrijskog pribora.\" width=\"300\" height=\"225\" srcset=\"https:\/\/tiflonova.hr\/wp\/wp-content\/uploads\/2025\/03\/DraftsMan-2-300x225.jpg 300w, https:\/\/tiflonova.hr\/wp\/wp-content\/uploads\/2025\/03\/DraftsMan-2-1024x768.jpg 1024w, https:\/\/tiflonova.hr\/wp\/wp-content\/uploads\/2025\/03\/DraftsMan-2-768x576.jpg 768w, https:\/\/tiflonova.hr\/wp\/wp-content\/uploads\/2025\/03\/DraftsMan-2-1536x1152.jpg 1536w, https:\/\/tiflonova.hr\/wp\/wp-content\/uploads\/2025\/03\/DraftsMan-2-400x300.jpg 400w, https:\/\/tiflonova.hr\/wp\/wp-content\/uploads\/2025\/03\/DraftsMan-2.jpg 1920w\" sizes=\"auto, (max-width: 300px) 100vw, 300px\" \/> <img loading=\"lazy\" decoding=\"async\" class=\"alignnone size-medium wp-image-423\" src=\"https:\/\/tiflonova.hr\/wp\/wp-content\/uploads\/2025\/03\/DraftsMan-3-300x225.jpg\" alt=\"DraftsMan s crte\u017eom geometrijskih likova.\" width=\"300\" height=\"225\" srcset=\"https:\/\/tiflonova.hr\/wp\/wp-content\/uploads\/2025\/03\/DraftsMan-3-300x225.jpg 300w, https:\/\/tiflonova.hr\/wp\/wp-content\/uploads\/2025\/03\/DraftsMan-3-1024x768.jpg 1024w, https:\/\/tiflonova.hr\/wp\/wp-content\/uploads\/2025\/03\/DraftsMan-3-768x576.jpg 768w, https:\/\/tiflonova.hr\/wp\/wp-content\/uploads\/2025\/03\/DraftsMan-3-1536x1152.jpg 1536w, https:\/\/tiflonova.hr\/wp\/wp-content\/uploads\/2025\/03\/DraftsMan-3-400x300.jpg 400w, https:\/\/tiflonova.hr\/wp\/wp-content\/uploads\/2025\/03\/DraftsMan-3.jpg 1964w\" sizes=\"auto, (max-width: 300px) 100vw, 300px\" \/> <img loading=\"lazy\" decoding=\"async\" class=\"alignnone size-medium wp-image-421\" src=\"https:\/\/tiflonova.hr\/wp\/wp-content\/uploads\/2025\/03\/DraftsMan-1-300x225.jpg\" alt=\"DraftsMan ilustracija taktilnog crte\u017ea.\" width=\"300\" height=\"225\" srcset=\"https:\/\/tiflonova.hr\/wp\/wp-content\/uploads\/2025\/03\/DraftsMan-1-300x225.jpg 300w, https:\/\/tiflonova.hr\/wp\/wp-content\/uploads\/2025\/03\/DraftsMan-1-399x300.jpg 399w, https:\/\/tiflonova.hr\/wp\/wp-content\/uploads\/2025\/03\/DraftsMan-1.jpg 700w\" sizes=\"auto, (max-width: 300px) 100vw, 300px\" \/> <img loading=\"lazy\" decoding=\"async\" class=\"alignnone size-medium wp-image-439\" src=\"https:\/\/tiflonova.hr\/wp\/wp-content\/uploads\/2025\/03\/Draftsman-Folie-300x225.jpg\" alt=\"Draftsman folija za reljefno crtanje.\" width=\"300\" height=\"225\" srcset=\"https:\/\/tiflonova.hr\/wp\/wp-content\/uploads\/2025\/03\/Draftsman-Folie-300x225.jpg 300w, https:\/\/tiflonova.hr\/wp\/wp-content\/uploads\/2025\/03\/Draftsman-Folie-1024x768.jpg 1024w, https:\/\/tiflonova.hr\/wp\/wp-content\/uploads\/2025\/03\/Draftsman-Folie-768x576.jpg 768w, https:\/\/tiflonova.hr\/wp\/wp-content\/uploads\/2025\/03\/Draftsman-Folie-1536x1152.jpg 1536w, https:\/\/tiflonova.hr\/wp\/wp-content\/uploads\/2025\/03\/Draftsman-Folie-400x300.jpg 400w, https:\/\/tiflonova.hr\/wp\/wp-content\/uploads\/2025\/03\/Draftsman-Folie.jpg 1920w\" sizes=\"auto, (max-width: 300px) 100vw, 300px\" \/> <img loading=\"lazy\" decoding=\"async\" class=\"alignnone size-medium wp-image-440\" src=\"https:\/\/tiflonova.hr\/wp\/wp-content\/uploads\/2025\/03\/Draftsman-Folie-2-300x225.jpg\" alt=\"Draftsman folija na plo\u010di za crtanje.\" width=\"300\" height=\"225\" srcset=\"https:\/\/tiflonova.hr\/wp\/wp-content\/uploads\/2025\/03\/Draftsman-Folie-2-300x225.jpg 300w, https:\/\/tiflonova.hr\/wp\/wp-content\/uploads\/2025\/03\/Draftsman-Folie-2-1024x768.jpg 1024w, https:\/\/tiflonova.hr\/wp\/wp-content\/uploads\/2025\/03\/Draftsman-Folie-2-768x576.jpg 768w, https:\/\/tiflonova.hr\/wp\/wp-content\/uploads\/2025\/03\/Draftsman-Folie-2-1536x1152.jpg 1536w, https:\/\/tiflonova.hr\/wp\/wp-content\/uploads\/2025\/03\/Draftsman-Folie-2-400x300.jpg 400w, https:\/\/tiflonova.hr\/wp\/wp-content\/uploads\/2025\/03\/Draftsman-Folie-2.jpg 1920w\" sizes=\"auto, (max-width: 300px) 100vw, 300px\" \/><\/p>\n<p>Komplet geometrijskog pribora za reljefno crtanje na braji\u010dnom papiru i plasti\u010dnoj foliji za crtanje namijenjen slijepima.<\/p>\n<h1>Sadr\u017eaj pakiranja<\/h1>\n<ul>\n<li>Plo\u010da s pomi\u010dnim ravnalom za reljefno crtanje<\/li>\n<li>folija za crtanje (25 listova)<\/li>\n<li>torba s patentnim zatvara\u010dem<\/li>\n<li>10 pinova<\/li>\n<li>1 set geometrijskog pribora s taktilnim oznakama (CM)<\/li>\n<\/ul>\n<h1>Tehni\u010dki podatci<\/h1>\n<p><strong>Plo\u010da za reljefno crtanje:<\/strong> podloga za reljefno crtanje i okvir s pomi\u010dnim ravnalom<br \/>\nDimenzije: 321 x 261 x 16 mm<br \/>\nMjerne jedinice: milimetri, centimetri<br \/>\nPomi\u010dno ravnalo: uzdu\u017e brida, pomi\u010dno, s taktilnim mjernim oznakama, mo\u017ee se pri\u010dvrstiti i ukloniti<\/p>\n<p><strong>1 set geometrijskog pribora s taktilnim oznakama<\/strong> sadr\u017ei 5 dijelova: ravnalo, dva razli\u010dita trokuta (pravokutni trokut i jednakostrani\u010dni trokut), kutomjer i\u0161estar<\/p>\n<hr \/>\n<h3>Navigacija<\/h3>\n<ul>\n<li><a href=\"https:\/\/tiflonova.hr\/wp\/?page_id=357\">Povratak na <strong>Pomagala za pisanje, taktilno crtanje i \u0161kolski pribor<\/strong><\/a><\/li>\n<\/ul>\n","protected":false},"excerpt":{"rendered":"<p>Narud\u017eba Cijena: 149,50 EUR \u0160ifra za narud\u017ebu: 28200 Naru\u010dite sada&#8230;. Komplet geometrijskog pribora za reljefno crtanje na braji\u010dnom papiru i plasti\u010dnoj foliji za crtanje namijenjen slijepima. Sadr\u017eaj pakiranja Plo\u010da s pomi\u010dnim ravnalom za reljefno crtanje folija za crtanje (25 listova) &hellip; <a href=\"https:\/\/tiflonova.hr\/wp\/?page_id=359\">Nastavi \u010ditati <span class=\"meta-nav\">&rarr;<\/span><\/a><\/p>\n","protected":false},"author":1,"featured_media":0,"parent":357,"menu_order":0,"comment_status":"closed","ping_status":"closed","template":"","meta":{"footnotes":""},"class_list":["post-359","page","type-page","status-publish","hentry"],"_links":{"self":[{"href":"https:\/\/tiflonova.hr\/wp\/index.php?rest_route=\/wp\/v2\/pages\/359","targetHints":{"allow":["GET"]}}],"collection":[{"href":"https:\/\/tiflonova.hr\/wp\/index.php?rest_route=\/wp\/v2\/pages"}],"about":[{"href":"https:\/\/tiflonova.hr\/wp\/index.php?rest_route=\/wp\/v2\/types\/page"}],"author":[{"embeddable":true,"href":"https:\/\/tiflonova.hr\/wp\/index.php?rest_route=\/wp\/v2\/users\/1"}],"replies":[{"embeddable":true,"href":"https:\/\/tiflonova.hr\/wp\/index.php?rest_route=%2Fwp%2Fv2%2Fcomments&post=359"}],"version-history":[{"count":4,"href":"https:\/\/tiflonova.hr\/wp\/index.php?rest_route=\/wp\/v2\/pages\/359\/revisions"}],"predecessor-version":[{"id":1124,"href":"https:\/\/tiflonova.hr\/wp\/index.php?rest_route=\/wp\/v2\/pages\/359\/revisions\/1124"}],"up":[{"embeddable":true,"href":"https:\/\/tiflonova.hr\/wp\/index.php?rest_route=\/wp\/v2\/pages\/357"}],"wp:attachment":[{"href":"https:\/\/tiflonova.hr\/wp\/index.php?rest_route=%2Fwp%2Fv2%2Fmedia&parent=359"}],"curies":[{"name":"wp","href":"https:\/\/api.w.org\/{rel}","templated":true}]}}