{"id":349,"date":"2026-04-09T07:11:13","date_gmt":"2026-04-09T05:11:13","guid":{"rendered":"https:\/\/tiflonova.hr\/wp\/?page_id=349"},"modified":"2026-04-09T07:41:28","modified_gmt":"2026-04-09T05:41:28","slug":"pribor-za-kalkulatore-serije-doublecheck-i-platon","status":"publish","type":"page","link":"https:\/\/tiflonova.hr\/wp\/?page_id=349","title":{"rendered":"Pribor za kalkulatore serije DoubleCheck i serije Platon"},"content":{"rendered":"<h1>\u017di\u010dane slu\u0161alice s potenciometrom<\/h1>\n<p>\u017di\u010dane slu\u0161alice, potenciometar za glasno\u0107u, utika\u010d standardni 3,5 mm<br \/>\nSlu\u0161alice kompatibilne za govorne kalkulatore DoubleCheck i Platon.<\/p>\n<p>Cijena: 16,50 EUR<br \/>\n\u0160ifra za narud\u017ebu: 27100<br \/>\n<a href=\"https:\/\/tiflonova.hr\/wp\/?page_id=177#content\">Naru\u010dite sada&#8230;.<\/a><\/p>\n<hr \/>\n<h1>Pribor za DoubleCheck &#8211; govorni financijski kalkulator<\/h1>\n<p><strong>Strujni adapter s kabelom, EU standard<\/strong><br \/>\nCijena: 25,00 EUR<br \/>\n\u0160ifra za narud\u017ebu: 28101<br \/>\n<a href=\"https:\/\/tiflonova.hr\/wp\/?page_id=177#content\">Naru\u010dite sada&#8230;.<\/a><\/p>\n<p><strong>Za\u0161titna torbica DoubleCheck<\/strong><br \/>\nCijena: 30,00 EUR<br \/>\n\u0160ifra za narud\u017ebu: 28102<br \/>\n<a href=\"https:\/\/tiflonova.hr\/wp\/?page_id=177#content\">Naru\u010dite sada&#8230;.<\/a><\/p>\n<hr \/>\n<h1>Pribor za DoubleCheck XL &#8211; stolni financijski kalkulator s velikim zaslonom i govorom<\/h1>\n<p><strong>Strujni adapter s kabelom, EU standard<\/strong><br \/>\nCijena: 25,00 EUR<br \/>\n\u0160ifra za narud\u017ebu: 28111<br \/>\n<a href=\"https:\/\/tiflonova.hr\/wp\/?page_id=177#content\">Naru\u010dite sada&#8230;.<\/a><\/p>\n<hr \/>\n<h1>Pribor za Platon &#8211; govorni znanstveni kalkulator<\/h1>\n<p><strong>Strujni adapter s kabelom, EU standard<\/strong><br \/>\nCijena: 25,00 EUR<br \/>\n\u0160ifra za narud\u017ebu: 28121<br \/>\n<a href=\"https:\/\/tiflonova.hr\/wp\/?page_id=177#content\">Naru\u010dite sada&#8230;.<\/a><\/p>\n<p><strong>Za\u0161titna torbica Platon<\/strong><\/p>\n<p><img loading=\"lazy\" decoding=\"async\" class=\"alignnone size-medium wp-image-408\" src=\"https:\/\/tiflonova.hr\/wp\/wp-content\/uploads\/2025\/03\/PlatonWithCase-300x225.webp\" alt=\"Platon u za\u0161titnoj torbici.\" width=\"300\" height=\"225\" srcset=\"https:\/\/tiflonova.hr\/wp\/wp-content\/uploads\/2025\/03\/PlatonWithCase-300x225.webp 300w, https:\/\/tiflonova.hr\/wp\/wp-content\/uploads\/2025\/03\/PlatonWithCase-1024x768.webp 1024w, https:\/\/tiflonova.hr\/wp\/wp-content\/uploads\/2025\/03\/PlatonWithCase-768x576.webp 768w, https:\/\/tiflonova.hr\/wp\/wp-content\/uploads\/2025\/03\/PlatonWithCase-1536x1152.webp 1536w, https:\/\/tiflonova.hr\/wp\/wp-content\/uploads\/2025\/03\/PlatonWithCase-400x300.webp 400w, https:\/\/tiflonova.hr\/wp\/wp-content\/uploads\/2025\/03\/PlatonWithCase.webp 1920w\" sizes=\"auto, (max-width: 300px) 100vw, 300px\" \/><br \/>\nCijena: 30,00 EUR<br \/>\n\u0160ifra za narud\u017ebu: 28122<br \/>\n<a href=\"https:\/\/tiflonova.hr\/wp\/?page_id=177#content\">Naru\u010dite sada&#8230;.<\/a><\/p>\n<hr \/>\n<h1>Pribor za Platon XL &#8211; stolni znanstveni kalkulator s velikim zaslonom i govorom<\/h1>\n<p><strong>Strujni adapter s kabelom, EU standard<\/strong><br \/>\nCijena: 25,00 EUR<br \/>\n\u0160ifra za narud\u017ebu: 28131<br \/>\n<a href=\"https:\/\/tiflonova.hr\/wp\/?page_id=177#content\">Naru\u010dite sada&#8230;.<\/a><\/p>\n<hr \/>\n<h3>Navigacija<\/h3>\n<ul>\n<li><a href=\"https:\/\/tiflonova.hr\/wp\/?page_id=339\">Povratak na <strong>Kalkulatori za slabovidne i slijepe<\/strong><\/a><\/li>\n<\/ul>\n","protected":false},"excerpt":{"rendered":"<p>\u017di\u010dane slu\u0161alice s potenciometrom \u017di\u010dane slu\u0161alice, potenciometar za glasno\u0107u, utika\u010d standardni 3,5 mm Slu\u0161alice kompatibilne za govorne kalkulatore DoubleCheck i Platon. Cijena: 16,50 EUR \u0160ifra za narud\u017ebu: 27100 Naru\u010dite sada&#8230;. Pribor za DoubleCheck &#8211; govorni financijski kalkulator Strujni adapter s &hellip; <a href=\"https:\/\/tiflonova.hr\/wp\/?page_id=349\">Nastavi \u010ditati <span class=\"meta-nav\">&rarr;<\/span><\/a><\/p>\n","protected":false},"author":1,"featured_media":0,"parent":339,"menu_order":0,"comment_status":"closed","ping_status":"closed","template":"","meta":{"footnotes":""},"class_list":["post-349","page","type-page","status-publish","hentry"],"_links":{"self":[{"href":"https:\/\/tiflonova.hr\/wp\/index.php?rest_route=\/wp\/v2\/pages\/349","targetHints":{"allow":["GET"]}}],"collection":[{"href":"https:\/\/tiflonova.hr\/wp\/index.php?rest_route=\/wp\/v2\/pages"}],"about":[{"href":"https:\/\/tiflonova.hr\/wp\/index.php?rest_route=\/wp\/v2\/types\/page"}],"author":[{"embeddable":true,"href":"https:\/\/tiflonova.hr\/wp\/index.php?rest_route=\/wp\/v2\/users\/1"}],"replies":[{"embeddable":true,"href":"https:\/\/tiflonova.hr\/wp\/index.php?rest_route=%2Fwp%2Fv2%2Fcomments&post=349"}],"version-history":[{"count":6,"href":"https:\/\/tiflonova.hr\/wp\/index.php?rest_route=\/wp\/v2\/pages\/349\/revisions"}],"predecessor-version":[{"id":1358,"href":"https:\/\/tiflonova.hr\/wp\/index.php?rest_route=\/wp\/v2\/pages\/349\/revisions\/1358"}],"up":[{"embeddable":true,"href":"https:\/\/tiflonova.hr\/wp\/index.php?rest_route=\/wp\/v2\/pages\/339"}],"wp:attachment":[{"href":"https:\/\/tiflonova.hr\/wp\/index.php?rest_route=%2Fwp%2Fv2%2Fmedia&parent=349"}],"curies":[{"name":"wp","href":"https:\/\/api.w.org\/{rel}","templated":true}]}}