{"id":347,"date":"2026-04-09T07:09:37","date_gmt":"2026-04-09T05:09:37","guid":{"rendered":"https:\/\/tiflonova.hr\/wp\/?page_id=347"},"modified":"2026-04-09T07:37:49","modified_gmt":"2026-04-09T05:37:49","slug":"platon-xl-stolni-znanstveni-kalkulator-s-velikim-zaslonom-i-govorom","status":"publish","type":"page","link":"https:\/\/tiflonova.hr\/wp\/?page_id=347","title":{"rendered":"Platon XL &#8211; stolni znanstveni kalkulator s velikim zaslonom i govorom"},"content":{"rendered":"<h3>Narud\u017eba<\/h3>\n<ul>\n<li>Cijena: 431,95 EUR *<\/li>\n<li>\u0160ifra za narud\u017ebu: 28130<\/li>\n<li><a href=\"https:\/\/tiflonova.hr\/wp\/?page_id=177#content\">Naru\u010dite sada&#8230;.<\/a><\/li>\n<\/ul>\n<p><em>* Cijena je informativna, promjenjiva i ne predstavlja obvezuju\u0107u ponudu. Raspolo\u017eivost i cijenu potvr\u0111ujemo po primitku i obradi narud\u017ebe.<\/em><\/p>\n<hr \/>\n<p><img loading=\"lazy\" decoding=\"async\" class=\"alignnone size-medium wp-image-437\" src=\"https:\/\/tiflonova.hr\/wp\/wp-content\/uploads\/2025\/03\/platonxl-300x225.jpg\" alt=\"Platon XL s prednje strane.\" width=\"300\" height=\"225\" srcset=\"https:\/\/tiflonova.hr\/wp\/wp-content\/uploads\/2025\/03\/platonxl-300x225.jpg 300w, https:\/\/tiflonova.hr\/wp\/wp-content\/uploads\/2025\/03\/platonxl-1024x768.jpg 1024w, https:\/\/tiflonova.hr\/wp\/wp-content\/uploads\/2025\/03\/platonxl-768x576.jpg 768w, https:\/\/tiflonova.hr\/wp\/wp-content\/uploads\/2025\/03\/platonxl-1536x1152.jpg 1536w, https:\/\/tiflonova.hr\/wp\/wp-content\/uploads\/2025\/03\/platonxl-400x300.jpg 400w, https:\/\/tiflonova.hr\/wp\/wp-content\/uploads\/2025\/03\/platonxl.jpg 1920w\" sizes=\"auto, (max-width: 300px) 100vw, 300px\" \/> <img loading=\"lazy\" decoding=\"async\" class=\"alignnone size-medium wp-image-438\" src=\"https:\/\/tiflonova.hr\/wp\/wp-content\/uploads\/2025\/03\/platonxl-talking-300x225.jpg\" alt=\"Platon XL s uti\u010dnicom za slu\u0161alice.\" width=\"300\" height=\"225\" srcset=\"https:\/\/tiflonova.hr\/wp\/wp-content\/uploads\/2025\/03\/platonxl-talking-300x225.jpg 300w, https:\/\/tiflonova.hr\/wp\/wp-content\/uploads\/2025\/03\/platonxl-talking-1024x768.jpg 1024w, https:\/\/tiflonova.hr\/wp\/wp-content\/uploads\/2025\/03\/platonxl-talking-768x576.jpg 768w, https:\/\/tiflonova.hr\/wp\/wp-content\/uploads\/2025\/03\/platonxl-talking-1536x1152.jpg 1536w, https:\/\/tiflonova.hr\/wp\/wp-content\/uploads\/2025\/03\/platonxl-talking-400x300.jpg 400w, https:\/\/tiflonova.hr\/wp\/wp-content\/uploads\/2025\/03\/platonxl-talking.jpg 1920w\" sizes=\"auto, (max-width: 300px) 100vw, 300px\" \/><\/p>\n<p>Platon XL je stolni znanstveni kalkulator s velikim tipkama, velikim zaslonom s pozadinskim osvjetljenjem, velikim znamenkama prikazanima na zaslonu i s govornom funkcijom na hrvatskom jeziku. Kalkulator je namijenjen slabovidnim u\u010denicima i studentima.<\/p>\n<p>Kalkulator ima mogu\u0107nost ra\u010dunanja osnovnih i naprednih aritmeti\u010dkih funkcija (npr. izra\u010dunavanje postotka, kvadriranje, korijenovanje, izra\u010dun recipro\u010dne vrijednosti, potencije, pi, promjene predznaka), znanstvene funkcije (npr. sinus, kosinus, tangens, arkus sinus, arkus kosinus, arkus tangens, hiperbolni sinus, hiperbolni kosinus, hiperbolni tangens, area hiperbolni sinus, area hiperbolni kosinus, area hiperbolni tangens, prirodni logaritam, dekatski logaritam, E na X, 10 na X), prera\u010dunavanje (konverziju) valuta, ra\u010dunanje financijskih funkcija (npr. sastavljanje kamata, neto sada\u0161nje vrijednosti, anuitet, anuitet po\u010detnog kapitala) i statisti\u010dkih funkcija.<\/p>\n<h1>Sadr\u017eaj pakiranja<\/h1>\n<ul>\n<li>Platon XL &#8211; stolni znanstveni kalkulator s govornom funkcijom na hrvatskom jeziku<\/li>\n<li>Punjive 4x baterije type AAA<\/li>\n<li>Korisni\u010dki priru\u010dnik<\/li>\n<\/ul>\n<h1>Tehni\u010dki podatci<\/h1>\n<ul>\n<li>Dimenzije (D x \u0160 x V): 150 x 60 x (12 &#8211; 20) mm<\/li>\n<li>Masa: 130 g (uklju\u010duju\u0107i baterije)<\/li>\n<li>Napajanje: 2x baterije type AAA Mikro od 1,5V ili strujni adapter (nije uklju\u010den u sadr\u017eaj osnovnog pakiranja)<\/li>\n<li>Datum i to\u010dno vrijeme: govorna najava i prikaz na zaslonu<\/li>\n<li>Zaslon: zaslon s o\u0161trim, kontrasnim prikazom<\/li>\n<li>Govor: ugodan, prirodni ljudski glas<\/li>\n<li>Kontrola glasno\u0107e: isklju\u010deno, 6 razina glasno\u0107e<\/li>\n<li>Vanjski zvu\u010dnik: Da<\/li>\n<li>Priklju\u010dak za slu\u0161alice ili slu\u0161ni aparat: Da<\/li>\n<\/ul>\n<h1>Dodatni pribor<\/h1>\n<p>Dodatni pribor isporu\u010duje se posebno na zahtjev kupca.<\/p>\n<ul>\n<li>Strujni adapter s kabelom<\/li>\n<li>Slu\u0161alice<\/li>\n<\/ul>\n<p>Jamstvo: 12 mjeseci<\/p>\n<p>Zemlja podrijetla: Austrija<\/p>\n<hr \/>\n<h3>Navigacija<\/h3>\n<ul>\n<li><a href=\"https:\/\/tiflonova.hr\/wp\/?page_id=339\">Povratak na <strong>Kalkulatori za slabovidne i slijepe<\/strong><\/a><\/li>\n<\/ul>\n","protected":false},"excerpt":{"rendered":"<p>Narud\u017eba Cijena: 431,95 EUR * \u0160ifra za narud\u017ebu: 28130 Naru\u010dite sada&#8230;. * Cijena je informativna, promjenjiva i ne predstavlja obvezuju\u0107u ponudu. Raspolo\u017eivost i cijenu potvr\u0111ujemo po primitku i obradi narud\u017ebe. Platon XL je stolni znanstveni kalkulator s velikim tipkama, velikim &hellip; <a href=\"https:\/\/tiflonova.hr\/wp\/?page_id=347\">Nastavi \u010ditati <span class=\"meta-nav\">&rarr;<\/span><\/a><\/p>\n","protected":false},"author":1,"featured_media":0,"parent":339,"menu_order":0,"comment_status":"closed","ping_status":"closed","template":"","meta":{"footnotes":""},"class_list":["post-347","page","type-page","status-publish","hentry"],"_links":{"self":[{"href":"https:\/\/tiflonova.hr\/wp\/index.php?rest_route=\/wp\/v2\/pages\/347","targetHints":{"allow":["GET"]}}],"collection":[{"href":"https:\/\/tiflonova.hr\/wp\/index.php?rest_route=\/wp\/v2\/pages"}],"about":[{"href":"https:\/\/tiflonova.hr\/wp\/index.php?rest_route=\/wp\/v2\/types\/page"}],"author":[{"embeddable":true,"href":"https:\/\/tiflonova.hr\/wp\/index.php?rest_route=\/wp\/v2\/users\/1"}],"replies":[{"embeddable":true,"href":"https:\/\/tiflonova.hr\/wp\/index.php?rest_route=%2Fwp%2Fv2%2Fcomments&post=347"}],"version-history":[{"count":4,"href":"https:\/\/tiflonova.hr\/wp\/index.php?rest_route=\/wp\/v2\/pages\/347\/revisions"}],"predecessor-version":[{"id":1356,"href":"https:\/\/tiflonova.hr\/wp\/index.php?rest_route=\/wp\/v2\/pages\/347\/revisions\/1356"}],"up":[{"embeddable":true,"href":"https:\/\/tiflonova.hr\/wp\/index.php?rest_route=\/wp\/v2\/pages\/339"}],"wp:attachment":[{"href":"https:\/\/tiflonova.hr\/wp\/index.php?rest_route=%2Fwp%2Fv2%2Fmedia&parent=347"}],"curies":[{"name":"wp","href":"https:\/\/api.w.org\/{rel}","templated":true}]}}