{"id":343,"date":"2026-04-09T07:05:16","date_gmt":"2026-04-09T05:05:16","guid":{"rendered":"https:\/\/tiflonova.hr\/wp\/?page_id=343"},"modified":"2026-04-09T07:33:11","modified_gmt":"2026-04-09T05:33:11","slug":"doublecheck-xl-stolni-financijski-kalkulator-s-velikim-zaslonom-i-govorom","status":"publish","type":"page","link":"https:\/\/tiflonova.hr\/wp\/?page_id=343","title":{"rendered":"DoubleCheck XL &#8211; stolni financijski kalkulator s velikim zaslonom i govorom"},"content":{"rendered":"<h3>Narud\u017eba<\/h3>\n<ul>\n<li>Cijena: 205,99 EUR *<\/li>\n<li>\u0160ifra za narud\u017ebu: 28110<\/li>\n<li><a href=\"https:\/\/tiflonova.hr\/wp\/?page_id=177#content\">Naru\u010dite sada&#8230;.<\/a><\/li>\n<\/ul>\n<p><em>* Cijena je informativna, promjenjiva i ne predstavlja obvezuju\u0107u ponudu. Raspolo\u017eivost i cijenu potvr\u0111ujemo po primitku i obradi narud\u017ebe.<\/em><\/p>\n<hr \/>\n<p><img loading=\"lazy\" decoding=\"async\" class=\"alignnone size-medium wp-image-435\" src=\"https:\/\/tiflonova.hr\/wp\/wp-content\/uploads\/2025\/03\/doublecheck-xl-300x225.jpg\" alt=\"Doublecheck-xl s prednje strane.\" width=\"300\" height=\"225\" srcset=\"https:\/\/tiflonova.hr\/wp\/wp-content\/uploads\/2025\/03\/doublecheck-xl-300x225.jpg 300w, https:\/\/tiflonova.hr\/wp\/wp-content\/uploads\/2025\/03\/doublecheck-xl-1024x768.jpg 1024w, https:\/\/tiflonova.hr\/wp\/wp-content\/uploads\/2025\/03\/doublecheck-xl-768x576.jpg 768w, https:\/\/tiflonova.hr\/wp\/wp-content\/uploads\/2025\/03\/doublecheck-xl-1536x1152.jpg 1536w, https:\/\/tiflonova.hr\/wp\/wp-content\/uploads\/2025\/03\/doublecheck-xl-400x300.jpg 400w, https:\/\/tiflonova.hr\/wp\/wp-content\/uploads\/2025\/03\/doublecheck-xl.jpg 1920w\" sizes=\"auto, (max-width: 300px) 100vw, 300px\" \/> <img loading=\"lazy\" decoding=\"async\" class=\"alignnone size-medium wp-image-436\" src=\"https:\/\/tiflonova.hr\/wp\/wp-content\/uploads\/2025\/03\/DoubleCheckXL-desktop-calculator-300x225.jpg\" alt=\"Doublecheck-xl i matemati\u010dki zadaci.\" width=\"300\" height=\"225\" srcset=\"https:\/\/tiflonova.hr\/wp\/wp-content\/uploads\/2025\/03\/DoubleCheckXL-desktop-calculator-300x225.jpg 300w, https:\/\/tiflonova.hr\/wp\/wp-content\/uploads\/2025\/03\/DoubleCheckXL-desktop-calculator-1024x769.jpg 1024w, https:\/\/tiflonova.hr\/wp\/wp-content\/uploads\/2025\/03\/DoubleCheckXL-desktop-calculator-768x576.jpg 768w, https:\/\/tiflonova.hr\/wp\/wp-content\/uploads\/2025\/03\/DoubleCheckXL-desktop-calculator-1536x1153.jpg 1536w, https:\/\/tiflonova.hr\/wp\/wp-content\/uploads\/2025\/03\/DoubleCheckXL-desktop-calculator-400x300.jpg 400w, https:\/\/tiflonova.hr\/wp\/wp-content\/uploads\/2025\/03\/DoubleCheckXL-desktop-calculator.jpg 1920w\" sizes=\"auto, (max-width: 300px) 100vw, 300px\" \/><\/p>\n<p>DoubleCheck XL je stolni financijski kalkulator s velikim tipkama, velikim zaslonom s pozadinskim osvjetljenjem, velikim znamenkama prikazanima na zaslonu i s govornom funkcijom na hrvatskom jeziku. Kalkulator je namijenjen slabovidnim u\u010denicima i studentima.<\/p>\n<p>Kalkulator ima mogu\u0107nost ra\u010dunanja standardnih aritmeti\u010dkih funkcija i naprednih aritmeti\u010dkih funkcija (npr. izra\u010dunavanje postotka, kvadriranje, korijenovanje, izra\u010dun recipro\u010dne vrijednosti, potencije, pi, promjene predznaka), prera\u010dunavanje (konverziju) valuta i ra\u010dunanje financijskih funkcija (npr. sastavljanje kamata, neto sada\u0161nje vrijednosti, anuitet, anuitet po\u010detnog kapitala).<\/p>\n<h1>Sadr\u017eaj pakiranja<\/h1>\n<ul>\n<li>DoubleCheck XL &#8211; stolni financijski kalkulator s govornom funkcijom na hrvatskom jeziku<\/li>\n<li>4x baterije type AAA<\/li>\n<li>Korisni\u010dki priru\u010dnik<\/li>\n<\/ul>\n<h1>Tehni\u010dki podatci<\/h1>\n<ul>\n<li>Dimenzije (D x \u0160 x V): 210 x 170 x 45 mm<\/li>\n<li>Masa: 487 g uklju\u010duju\u0107i baterije<\/li>\n<li>Napajanje: 4x baterije 1,5V type AAA ili strujni adapter (nije u osnovnom pakiranju)<\/li>\n<li>Datum i to\u010dno vrijeme: govorna najava i prikaz na zaslonu<\/li>\n<li>Zaslon: veliki zaslon s o\u0161trim, kontrasnim prikazom<\/li>\n<li>Govor: ugodan, prirodni ljudski glas<\/li>\n<li>Kontrola glasno\u0107e: isklju\u010deno, 6 razina glasno\u0107e<\/li>\n<li>Vanjski zvu\u010dnik: Da<\/li>\n<li>Priklju\u010dak za slu\u0161alice ili slu\u0161ni aparat: Da<\/li>\n<\/ul>\n<h1>Dodatni pribor<\/h1>\n<p>Dodatni pribor isporu\u010duje se posebno na zahtjev kupca.<\/p>\n<ul>\n<li>Strujni adapter s kabelom<\/li>\n<li>Slu\u0161alice<\/li>\n<\/ul>\n<p>Jamstvo: 12 mjeseci<\/p>\n<p>Zemlja podrijetla: Austrija<\/p>\n<hr \/>\n<h3>Navigacija<\/h3>\n<ul>\n<li><a href=\"https:\/\/tiflonova.hr\/wp\/?page_id=339\">Povratak na <strong>Kalkulatori za slabovidne i slijepe<\/strong><\/a><\/li>\n<\/ul>\n","protected":false},"excerpt":{"rendered":"<p>Narud\u017eba Cijena: 205,99 EUR * \u0160ifra za narud\u017ebu: 28110 Naru\u010dite sada&#8230;. * Cijena je informativna, promjenjiva i ne predstavlja obvezuju\u0107u ponudu. Raspolo\u017eivost i cijenu potvr\u0111ujemo po primitku i obradi narud\u017ebe. DoubleCheck XL je stolni financijski kalkulator s velikim tipkama, velikim &hellip; <a href=\"https:\/\/tiflonova.hr\/wp\/?page_id=343\">Nastavi \u010ditati <span class=\"meta-nav\">&rarr;<\/span><\/a><\/p>\n","protected":false},"author":1,"featured_media":0,"parent":339,"menu_order":0,"comment_status":"closed","ping_status":"closed","template":"","meta":{"footnotes":""},"class_list":["post-343","page","type-page","status-publish","hentry"],"_links":{"self":[{"href":"https:\/\/tiflonova.hr\/wp\/index.php?rest_route=\/wp\/v2\/pages\/343","targetHints":{"allow":["GET"]}}],"collection":[{"href":"https:\/\/tiflonova.hr\/wp\/index.php?rest_route=\/wp\/v2\/pages"}],"about":[{"href":"https:\/\/tiflonova.hr\/wp\/index.php?rest_route=\/wp\/v2\/types\/page"}],"author":[{"embeddable":true,"href":"https:\/\/tiflonova.hr\/wp\/index.php?rest_route=\/wp\/v2\/users\/1"}],"replies":[{"embeddable":true,"href":"https:\/\/tiflonova.hr\/wp\/index.php?rest_route=%2Fwp%2Fv2%2Fcomments&post=343"}],"version-history":[{"count":4,"href":"https:\/\/tiflonova.hr\/wp\/index.php?rest_route=\/wp\/v2\/pages\/343\/revisions"}],"predecessor-version":[{"id":1352,"href":"https:\/\/tiflonova.hr\/wp\/index.php?rest_route=\/wp\/v2\/pages\/343\/revisions\/1352"}],"up":[{"embeddable":true,"href":"https:\/\/tiflonova.hr\/wp\/index.php?rest_route=\/wp\/v2\/pages\/339"}],"wp:attachment":[{"href":"https:\/\/tiflonova.hr\/wp\/index.php?rest_route=%2Fwp%2Fv2%2Fmedia&parent=343"}],"curies":[{"name":"wp","href":"https:\/\/api.w.org\/{rel}","templated":true}]}}