{"id":339,"date":"2026-04-09T07:01:29","date_gmt":"2026-04-09T05:01:29","guid":{"rendered":"https:\/\/tiflonova.hr\/wp\/?page_id=339"},"modified":"2026-04-09T07:44:56","modified_gmt":"2026-04-09T05:44:56","slug":"kalkulatori-za-slijepe-i-slabovidne","status":"publish","type":"page","link":"https:\/\/tiflonova.hr\/wp\/?page_id=339","title":{"rendered":"Kalkulatori za slabovidne i slijepe"},"content":{"rendered":"<h1><a href=\"https:\/\/tiflonova.hr\/wp\/?page_id=341#content\">DoubleCheck &#8211; govorni financijski kalkulator (hrvatski jezik)<\/a><\/h1>\n<p><img loading=\"lazy\" decoding=\"async\" class=\"alignnone size-medium wp-image-434\" src=\"https:\/\/tiflonova.hr\/wp\/wp-content\/uploads\/2025\/03\/doublecheck-300x225.jpg\" alt=\"Doublecheck govorni financijski kalkulator.\" width=\"300\" height=\"225\" srcset=\"https:\/\/tiflonova.hr\/wp\/wp-content\/uploads\/2025\/03\/doublecheck-300x225.jpg 300w, https:\/\/tiflonova.hr\/wp\/wp-content\/uploads\/2025\/03\/doublecheck-1024x769.jpg 1024w, https:\/\/tiflonova.hr\/wp\/wp-content\/uploads\/2025\/03\/doublecheck-768x576.jpg 768w, https:\/\/tiflonova.hr\/wp\/wp-content\/uploads\/2025\/03\/doublecheck-1536x1153.jpg 1536w, https:\/\/tiflonova.hr\/wp\/wp-content\/uploads\/2025\/03\/doublecheck-400x300.jpg 400w, https:\/\/tiflonova.hr\/wp\/wp-content\/uploads\/2025\/03\/doublecheck.jpg 1920w\" sizes=\"auto, (max-width: 300px) 100vw, 300px\" \/><\/p>\n<p>DoubleCheck je financijski kalkulator s govornom funkcijom na hrvatskom jeziku. Ima mogu\u0107nost ra\u010dunanja osnovnih i naprednih aritmeti\u010dkih funkcija, konverziju valuta i ra\u010dunanje financijskih jednad\u017ebi &#8211; sve \u0161to je u\u010deniku potrebno u osnovnoj i srednjoj \u0161koli.<br \/>\n<a href=\"https:\/\/tiflonova.hr\/wp\/?page_id=341#content\">Op\u0161irnije&#8230;<\/a><\/p>\n<p>Cijena: 157,99 EUR *<br \/>\n\u0160ifra za narud\u017ebu: 28100<br \/>\n<a href=\"https:\/\/tiflonova.hr\/wp\/?page_id=177#content\">Naru\u010dite sada&#8230;.<\/a><\/p>\n<hr \/>\n<h1><a href=\"https:\/\/tiflonova.hr\/wp\/?page_id=343#content\">DoubleCheck XL &#8211; stolni financijski kalkulator s velikim zaslonom i govorom<\/a><\/h1>\n<p><img loading=\"lazy\" decoding=\"async\" class=\"alignnone size-medium wp-image-435\" src=\"https:\/\/tiflonova.hr\/wp\/wp-content\/uploads\/2025\/03\/doublecheck-xl-300x225.jpg\" alt=\"Doublecheck-xl s prednje strane.\" width=\"300\" height=\"225\" srcset=\"https:\/\/tiflonova.hr\/wp\/wp-content\/uploads\/2025\/03\/doublecheck-xl-300x225.jpg 300w, https:\/\/tiflonova.hr\/wp\/wp-content\/uploads\/2025\/03\/doublecheck-xl-1024x768.jpg 1024w, https:\/\/tiflonova.hr\/wp\/wp-content\/uploads\/2025\/03\/doublecheck-xl-768x576.jpg 768w, https:\/\/tiflonova.hr\/wp\/wp-content\/uploads\/2025\/03\/doublecheck-xl-1536x1152.jpg 1536w, https:\/\/tiflonova.hr\/wp\/wp-content\/uploads\/2025\/03\/doublecheck-xl-400x300.jpg 400w, https:\/\/tiflonova.hr\/wp\/wp-content\/uploads\/2025\/03\/doublecheck-xl.jpg 1920w\" sizes=\"auto, (max-width: 300px) 100vw, 300px\" \/><\/p>\n<p>DoubleCheck XL je stolni financijski kalkulator s velikim tipkama, velikim zaslonom s pozadinskim osvjetljenjem, velikim znamenkama prikazanima na zaslonu i s govornom funkcijom na hrvatskom jeziku. Ima mogu\u0107nost ra\u010dunanja osnovnih i naprednih aritmeti\u010dkih funkcija, konverziju valuta i ra\u010dunanje financijskih jednad\u017ebi &#8211; sve \u0161to je u\u010deniku potrebno u osnovnoj i srednjoj \u0161koli.<br \/>\n<a href=\"https:\/\/tiflonova.hr\/wp\/?page_id=343#content\">Op\u0161irnije&#8230;<\/a><\/p>\n<p>Cijena: 205,99 EUR *<br \/>\n\u0160ifra za narud\u017ebu: 28110<br \/>\n<a href=\"https:\/\/tiflonova.hr\/wp\/?page_id=177#content\">Naru\u010dite sada&#8230;.<\/a><\/p>\n<hr \/>\n<h1><a href=\"https:\/\/tiflonova.hr\/wp\/?page_id=345#content\">Platon &#8211; govorni znanstveni kalkulator (hrvatski jezik)<\/a><\/h1>\n<p><img loading=\"lazy\" decoding=\"async\" class=\"alignnone size-medium wp-image-405\" src=\"https:\/\/tiflonova.hr\/wp\/wp-content\/uploads\/2025\/03\/platon-300x225.jpg\" alt=\"Platon govorni znanstveni kalkulator.\" width=\"300\" height=\"225\" srcset=\"https:\/\/tiflonova.hr\/wp\/wp-content\/uploads\/2025\/03\/platon-300x225.jpg 300w, https:\/\/tiflonova.hr\/wp\/wp-content\/uploads\/2025\/03\/platon-1024x768.jpg 1024w, https:\/\/tiflonova.hr\/wp\/wp-content\/uploads\/2025\/03\/platon-768x576.jpg 768w, https:\/\/tiflonova.hr\/wp\/wp-content\/uploads\/2025\/03\/platon-1536x1152.jpg 1536w, https:\/\/tiflonova.hr\/wp\/wp-content\/uploads\/2025\/03\/platon-400x300.jpg 400w, https:\/\/tiflonova.hr\/wp\/wp-content\/uploads\/2025\/03\/platon.jpg 1920w\" sizes=\"auto, (max-width: 300px) 100vw, 300px\" \/><\/p>\n<p>Platon je znanstveni kalkulator s govornom funkcijom na hrvatskom jeziku. Ima mogu\u0107nost ra\u010dunanja osnovnih i naprednih aritmeti\u010dkih funkcija, znanstvene funkcije, konverziju valuta, ra\u010dunanje financijskih i statisti\u010dkih jednad\u017ebi &#8211; sve \u0161to je u\u010deniku potrebno u osnovnoj i srednjoj \u0161koli te studentu na fakultetu.<br \/>\n<a href=\"https:\/\/tiflonova.hr\/wp\/?page_id=345#content\">Op\u0161irnije&#8230;<\/a><\/p>\n<p>Cijena: 409,99 EUR *<br \/>\n\u0160ifra za narud\u017ebu: 28120<br \/>\n<a href=\"https:\/\/tiflonova.hr\/wp\/?page_id=177#content\">Naru\u010dite sada&#8230;.<\/a><\/p>\n<hr \/>\n<h1><a href=\"https:\/\/tiflonova.hr\/wp\/?page_id=347#content\">Platon XL &#8211; stolni znanstveni kalkulator s velikim zaslonom i govorom<\/a><\/h1>\n<p><img loading=\"lazy\" decoding=\"async\" class=\"alignnone size-medium wp-image-437\" src=\"https:\/\/tiflonova.hr\/wp\/wp-content\/uploads\/2025\/03\/platonxl-300x225.jpg\" alt=\"Platon XL s prednje strane.\" width=\"300\" height=\"225\" srcset=\"https:\/\/tiflonova.hr\/wp\/wp-content\/uploads\/2025\/03\/platonxl-300x225.jpg 300w, https:\/\/tiflonova.hr\/wp\/wp-content\/uploads\/2025\/03\/platonxl-1024x768.jpg 1024w, https:\/\/tiflonova.hr\/wp\/wp-content\/uploads\/2025\/03\/platonxl-768x576.jpg 768w, https:\/\/tiflonova.hr\/wp\/wp-content\/uploads\/2025\/03\/platonxl-1536x1152.jpg 1536w, https:\/\/tiflonova.hr\/wp\/wp-content\/uploads\/2025\/03\/platonxl-400x300.jpg 400w, https:\/\/tiflonova.hr\/wp\/wp-content\/uploads\/2025\/03\/platonxl.jpg 1920w\" sizes=\"auto, (max-width: 300px) 100vw, 300px\" \/><\/p>\n<p>Platon XL je stolni znanstveni kalkulator s velikim tipkama, velikim zaslonom s pozadinskim osvjetljenjem, velikim znamenkama prikazanima na zaslonu i s govornom funkcijom na hrvatskom jeziku. Ima mogu\u0107nost ra\u010dunanja osnovnih i naprednih aritmeti\u010dkih funkcija, znanstvene funkcije, konverziju valuta, ra\u010dunanje financijskih i statisti\u010dkih jednad\u017ebi &#8211; sve \u0161to je u\u010deniku potrebno u osnovnoj i srednjoj \u0161koli te studentu na fakultetu.<br \/>\n<a href=\"https:\/\/tiflonova.hr\/wp\/?page_id=347#content\">Op\u0161irnije&#8230;<\/a><\/p>\n<p>Cijena: 431,95 EUR *<br \/>\n\u0160ifra za narud\u017ebu: 28130<br \/>\n<a href=\"https:\/\/tiflonova.hr\/wp\/?page_id=177#content\">Naru\u010dite sada&#8230;.<\/a><\/p>\n<hr \/>\n<h1><a href=\"https:\/\/tiflonova.hr\/wp\/?page_id=349#content\">Pribor za kalkulatore serije DoubleCheck i serije Platon<\/a><\/h1>\n<p><img loading=\"lazy\" decoding=\"async\" class=\"alignnone size-medium wp-image-408\" src=\"https:\/\/tiflonova.hr\/wp\/wp-content\/uploads\/2025\/03\/PlatonWithCase-300x225.webp\" alt=\"Platon u za\u0161titnoj torbici.\" width=\"300\" height=\"225\" srcset=\"https:\/\/tiflonova.hr\/wp\/wp-content\/uploads\/2025\/03\/PlatonWithCase-300x225.webp 300w, https:\/\/tiflonova.hr\/wp\/wp-content\/uploads\/2025\/03\/PlatonWithCase-1024x768.webp 1024w, https:\/\/tiflonova.hr\/wp\/wp-content\/uploads\/2025\/03\/PlatonWithCase-768x576.webp 768w, https:\/\/tiflonova.hr\/wp\/wp-content\/uploads\/2025\/03\/PlatonWithCase-1536x1152.webp 1536w, https:\/\/tiflonova.hr\/wp\/wp-content\/uploads\/2025\/03\/PlatonWithCase-400x300.webp 400w, https:\/\/tiflonova.hr\/wp\/wp-content\/uploads\/2025\/03\/PlatonWithCase.webp 1920w\" sizes=\"auto, (max-width: 300px) 100vw, 300px\" \/><\/p>\n<p>Potro\u0161ni materijal i dodatni pribor za kalkulatore: DoubleCheck, DoubleCheck XL, Platon i Platon XL.<br \/>\n<a href=\"https:\/\/tiflonova.hr\/wp\/?page_id=349#content\">Op\u0161irnije&#8230;<\/a><\/p>\n<p>Cijena:<br \/>\n\u0160ifra za narud\u017ebu:<br \/>\n<a href=\"https:\/\/tiflonova.hr\/wp\/?page_id=177#content\">Naru\u010dite sada&#8230;.<\/a><\/p>\n<hr \/>\n<p><em>* Cijena je informativna, promjenjiva i ne predstavlja obvezuju\u0107u ponudu. Raspolo\u017eivost i cijenu potvr\u0111ujemo po primitku i obradi narud\u017ebe.<\/em><\/p>\n<hr \/>\n<h3>Navigacija<\/h3>\n<ul>\n<li><a href=\"https:\/\/tiflonova.hr\/wp\/?page_id=280\">Povratak na po\u010detnu <strong>Web trgovina<\/strong><\/a><\/li>\n<\/ul>\n","protected":false},"excerpt":{"rendered":"<p>DoubleCheck &#8211; govorni financijski kalkulator (hrvatski jezik) DoubleCheck je financijski kalkulator s govornom funkcijom na hrvatskom jeziku. Ima mogu\u0107nost ra\u010dunanja osnovnih i naprednih aritmeti\u010dkih funkcija, konverziju valuta i ra\u010dunanje financijskih jednad\u017ebi &#8211; sve \u0161to je u\u010deniku potrebno u osnovnoj i &hellip; <a href=\"https:\/\/tiflonova.hr\/wp\/?page_id=339\">Nastavi \u010ditati <span class=\"meta-nav\">&rarr;<\/span><\/a><\/p>\n","protected":false},"author":1,"featured_media":0,"parent":280,"menu_order":0,"comment_status":"closed","ping_status":"closed","template":"","meta":{"footnotes":""},"class_list":["post-339","page","type-page","status-publish","hentry"],"_links":{"self":[{"href":"https:\/\/tiflonova.hr\/wp\/index.php?rest_route=\/wp\/v2\/pages\/339","targetHints":{"allow":["GET"]}}],"collection":[{"href":"https:\/\/tiflonova.hr\/wp\/index.php?rest_route=\/wp\/v2\/pages"}],"about":[{"href":"https:\/\/tiflonova.hr\/wp\/index.php?rest_route=\/wp\/v2\/types\/page"}],"author":[{"embeddable":true,"href":"https:\/\/tiflonova.hr\/wp\/index.php?rest_route=\/wp\/v2\/users\/1"}],"replies":[{"embeddable":true,"href":"https:\/\/tiflonova.hr\/wp\/index.php?rest_route=%2Fwp%2Fv2%2Fcomments&post=339"}],"version-history":[{"count":8,"href":"https:\/\/tiflonova.hr\/wp\/index.php?rest_route=\/wp\/v2\/pages\/339\/revisions"}],"predecessor-version":[{"id":1359,"href":"https:\/\/tiflonova.hr\/wp\/index.php?rest_route=\/wp\/v2\/pages\/339\/revisions\/1359"}],"up":[{"embeddable":true,"href":"https:\/\/tiflonova.hr\/wp\/index.php?rest_route=\/wp\/v2\/pages\/280"}],"wp:attachment":[{"href":"https:\/\/tiflonova.hr\/wp\/index.php?rest_route=%2Fwp%2Fv2%2Fmedia&parent=339"}],"curies":[{"name":"wp","href":"https:\/\/api.w.org\/{rel}","templated":true}]}}