{"id":326,"date":"2025-02-18T07:34:50","date_gmt":"2025-02-18T06:34:50","guid":{"rendered":"https:\/\/tiflonova.hr\/wp\/?page_id=326"},"modified":"2025-03-11T10:47:43","modified_gmt":"2025-03-11T09:47:43","slug":"wooffy-taktilni-ispitivac-baterija","status":"publish","type":"page","link":"https:\/\/tiflonova.hr\/wp\/?page_id=326","title":{"rendered":"Wooffy taktilni &#8211; ispitiva\u010d baterija"},"content":{"rendered":"<h3>Narud\u017eba<\/h3>\n<ul>\n<li>Cijena: 71,99 EUR<\/li>\n<li>\u0160ifra za narud\u017ebu: 24211<\/li>\n<li><a href=\"https:\/\/tiflonova.hr\/wp\/?page_id=177#content\">Naru\u010dite sada&#8230;.<\/a><\/li>\n<\/ul>\n<hr \/>\n<p><img loading=\"lazy\" decoding=\"async\" class=\"alignnone size-medium wp-image-416\" src=\"https:\/\/tiflonova.hr\/wp\/wp-content\/uploads\/2025\/03\/Wooffy-T-scaled-1-300x109.jpg\" alt=\"Wooffy prikazan s bo\u010dne strane.\" width=\"300\" height=\"109\" srcset=\"https:\/\/tiflonova.hr\/wp\/wp-content\/uploads\/2025\/03\/Wooffy-T-scaled-1-300x109.jpg 300w, https:\/\/tiflonova.hr\/wp\/wp-content\/uploads\/2025\/03\/Wooffy-T-scaled-1-1024x371.jpg 1024w, https:\/\/tiflonova.hr\/wp\/wp-content\/uploads\/2025\/03\/Wooffy-T-scaled-1-768x278.jpg 768w, https:\/\/tiflonova.hr\/wp\/wp-content\/uploads\/2025\/03\/Wooffy-T-scaled-1-1536x556.jpg 1536w, https:\/\/tiflonova.hr\/wp\/wp-content\/uploads\/2025\/03\/Wooffy-T-scaled-1-2048x742.jpg 2048w, https:\/\/tiflonova.hr\/wp\/wp-content\/uploads\/2025\/03\/Wooffy-T-scaled-1-500x181.jpg 500w\" sizes=\"auto, (max-width: 300px) 100vw, 300px\" \/> <img loading=\"lazy\" decoding=\"async\" class=\"alignnone size-medium wp-image-415\" src=\"https:\/\/tiflonova.hr\/wp\/wp-content\/uploads\/2025\/03\/Wooffy-960x720-1-300x225.webp\" alt=\"Wooffy prikazan s prednje strane.\" width=\"300\" height=\"225\" srcset=\"https:\/\/tiflonova.hr\/wp\/wp-content\/uploads\/2025\/03\/Wooffy-960x720-1-300x225.webp 300w, https:\/\/tiflonova.hr\/wp\/wp-content\/uploads\/2025\/03\/Wooffy-960x720-1-768x576.webp 768w, https:\/\/tiflonova.hr\/wp\/wp-content\/uploads\/2025\/03\/Wooffy-960x720-1-400x300.webp 400w, https:\/\/tiflonova.hr\/wp\/wp-content\/uploads\/2025\/03\/Wooffy-960x720-1.webp 960w\" sizes=\"auto, (max-width: 300px) 100vw, 300px\" \/><\/p>\n<p>Wooffy \u0107e vam pomo\u0107i doznati trenutno stanje napunjenosti baterije. Povratne informacije o stanju baterije dobit \u0107ete taktilnim signalima u obliku vibracija.<\/p>\n<p>Wooffy je ispitiva\u010d baterija za sve 1.5 ili 9 V baterija.<\/p>\n<h1>Sadr\u017eaj pakiranja<\/h1>\n<ul>\n<li>Wooffy taktilni &#8211; ispitiva\u010d baterija<\/li>\n<li>2x baterije type AAA<\/li>\n<li>Upute za uporabu<\/li>\n<\/ul>\n<h1>Tehni\u010dki podatci<\/h1>\n<ul>\n<li>Dimenzije: 115 x 30 x 15 mm<\/li>\n<li>Masa: 65 g, uklju\u010duju\u0107i baterije<\/li>\n<li>Baterije: 2 x 1,5 AAA mikro baterije (alkalne)<\/li>\n<\/ul>\n<p>Jamstvo: 24 mjeseci<\/p>\n<p>Zemlja podrijetla: Austrija<\/p>\n<hr \/>\n<h3>Navigacija<\/h3>\n<ul>\n<li><a href=\"https:\/\/tiflonova.hr\/wp\/?page_id=316\">Povratak na <strong>Razli\u010dita tiflotehni\u010dka pomagala<\/strong><\/a><\/li>\n<\/ul>\n","protected":false},"excerpt":{"rendered":"<p>Narud\u017eba Cijena: 71,99 EUR \u0160ifra za narud\u017ebu: 24211 Naru\u010dite sada&#8230;. Wooffy \u0107e vam pomo\u0107i doznati trenutno stanje napunjenosti baterije. Povratne informacije o stanju baterije dobit \u0107ete taktilnim signalima u obliku vibracija. Wooffy je ispitiva\u010d baterija za sve 1.5 ili 9 &hellip; <a href=\"https:\/\/tiflonova.hr\/wp\/?page_id=326\">Nastavi \u010ditati <span class=\"meta-nav\">&rarr;<\/span><\/a><\/p>\n","protected":false},"author":1,"featured_media":0,"parent":316,"menu_order":0,"comment_status":"closed","ping_status":"closed","template":"","meta":{"footnotes":""},"class_list":["post-326","page","type-page","status-publish","hentry"],"_links":{"self":[{"href":"https:\/\/tiflonova.hr\/wp\/index.php?rest_route=\/wp\/v2\/pages\/326","targetHints":{"allow":["GET"]}}],"collection":[{"href":"https:\/\/tiflonova.hr\/wp\/index.php?rest_route=\/wp\/v2\/pages"}],"about":[{"href":"https:\/\/tiflonova.hr\/wp\/index.php?rest_route=\/wp\/v2\/types\/page"}],"author":[{"embeddable":true,"href":"https:\/\/tiflonova.hr\/wp\/index.php?rest_route=\/wp\/v2\/users\/1"}],"replies":[{"embeddable":true,"href":"https:\/\/tiflonova.hr\/wp\/index.php?rest_route=%2Fwp%2Fv2%2Fcomments&post=326"}],"version-history":[{"count":3,"href":"https:\/\/tiflonova.hr\/wp\/index.php?rest_route=\/wp\/v2\/pages\/326\/revisions"}],"predecessor-version":[{"id":481,"href":"https:\/\/tiflonova.hr\/wp\/index.php?rest_route=\/wp\/v2\/pages\/326\/revisions\/481"}],"up":[{"embeddable":true,"href":"https:\/\/tiflonova.hr\/wp\/index.php?rest_route=\/wp\/v2\/pages\/316"}],"wp:attachment":[{"href":"https:\/\/tiflonova.hr\/wp\/index.php?rest_route=%2Fwp%2Fv2%2Fmedia&parent=326"}],"curies":[{"name":"wp","href":"https:\/\/api.w.org\/{rel}","templated":true}]}}