{"id":322,"date":"2025-02-18T07:28:49","date_gmt":"2025-02-18T06:28:49","guid":{"rendered":"https:\/\/tiflonova.hr\/wp\/?page_id=322"},"modified":"2025-03-11T10:46:25","modified_gmt":"2025-03-11T09:46:25","slug":"tape-king-govorni-metar-kutomjer-i-libela","status":"publish","type":"page","link":"https:\/\/tiflonova.hr\/wp\/?page_id=322","title":{"rendered":"Tape King &#8211; govorni metar, kutomjer i libela"},"content":{"rendered":"<h3>Narud\u017eba<\/h3>\n<ul>\n<li>Cijena: 301,88 EUR<\/li>\n<li>\u0160ifra za narud\u017ebu: 24200<\/li>\n<li><a href=\"https:\/\/tiflonova.hr\/wp\/?page_id=177#content\">Naru\u010dite sada&#8230;.<\/a><\/li>\n<\/ul>\n<hr \/>\n<p><img loading=\"lazy\" decoding=\"async\" class=\"alignnone size-medium wp-image-403\" src=\"https:\/\/tiflonova.hr\/wp\/wp-content\/uploads\/2025\/03\/Tape-King-1-300x225.jpg\" alt=\"TapeKing s kontrastnim prikazom za slabovidne.\" width=\"300\" height=\"225\" srcset=\"https:\/\/tiflonova.hr\/wp\/wp-content\/uploads\/2025\/03\/Tape-King-1-300x225.jpg 300w, https:\/\/tiflonova.hr\/wp\/wp-content\/uploads\/2025\/03\/Tape-King-1-1024x768.jpg 1024w, https:\/\/tiflonova.hr\/wp\/wp-content\/uploads\/2025\/03\/Tape-King-1-768x576.jpg 768w, https:\/\/tiflonova.hr\/wp\/wp-content\/uploads\/2025\/03\/Tape-King-1-1536x1152.jpg 1536w, https:\/\/tiflonova.hr\/wp\/wp-content\/uploads\/2025\/03\/Tape-King-1-400x300.jpg 400w, https:\/\/tiflonova.hr\/wp\/wp-content\/uploads\/2025\/03\/Tape-King-1.jpg 1920w\" sizes=\"auto, (max-width: 300px) 100vw, 300px\" \/> <img loading=\"lazy\" decoding=\"async\" class=\"alignnone size-medium wp-image-404\" src=\"https:\/\/tiflonova.hr\/wp\/wp-content\/uploads\/2025\/03\/TapeKing-2-e1707208931343-300x225.jpg\" alt=\"TapeKing s govornom funkcijom.\" width=\"300\" height=\"225\" srcset=\"https:\/\/tiflonova.hr\/wp\/wp-content\/uploads\/2025\/03\/TapeKing-2-e1707208931343-300x225.jpg 300w, https:\/\/tiflonova.hr\/wp\/wp-content\/uploads\/2025\/03\/TapeKing-2-e1707208931343-1024x767.jpg 1024w, https:\/\/tiflonova.hr\/wp\/wp-content\/uploads\/2025\/03\/TapeKing-2-e1707208931343-768x576.jpg 768w, https:\/\/tiflonova.hr\/wp\/wp-content\/uploads\/2025\/03\/TapeKing-2-e1707208931343-1536x1151.jpg 1536w, https:\/\/tiflonova.hr\/wp\/wp-content\/uploads\/2025\/03\/TapeKing-2-e1707208931343-400x300.jpg 400w, https:\/\/tiflonova.hr\/wp\/wp-content\/uploads\/2025\/03\/TapeKing-2-e1707208931343.jpg 1920w\" sizes=\"auto, (max-width: 300px) 100vw, 300px\" \/><\/p>\n<p>Tape King je mjerni alat, automatski metar milimetarske preciznosti s vrpcom za mjerenje du\u017eine od pet metara, kutomjerom i libelom. Ugra\u0111ena govorna funkcija na hrvatskom jeziku automatski izgovara izmjerene vrijednosti. Zaslon pru\u017ea kristalno jasni, kontrasni prikaz.<\/p>\n<h1>Sadr\u017eaj pakiranja<\/h1>\n<ul>\n<li>Tape King &#8211; metar s vrpcom, kutomjer i libela<\/li>\n<li>Ugra\u0111eni zaslon i govorna funkcija s prirodnim glasom na hrvatskom jeziku<\/li>\n<li>Dr\u017ea\u010d za remen<\/li>\n<li>Za\u0161titna futrola<\/li>\n<li>Baterije 2x type AAA<\/li>\n<li>Upute za uporabu<\/li>\n<\/ul>\n<h1>Zna\u010dajke<\/h1>\n<ul>\n<li>Izmjerena vrijednost izgovara se naglas (Hrvatski jezik) i prikazuje na zaslonu<\/li>\n<li>Mjerenje s ku\u0107i\u0161tem\/mjerenje bez ku\u0107i\u0161ta<\/li>\n<li>Metri\u010dki i imperijalni mjerni sustav<\/li>\n<li>Mjerenje s razlikom &#8211; fiksiranje aktualne vrijednosti mjerenja<\/li>\n<li>Funkcija kutomjera i libele<\/li>\n<li>Ba\u017edarenje libele i kutomjera<\/li>\n<li>Pohranjivanje vrijednosti i funkcije pohranjivanja<\/li>\n<li>Spremi\u0161te za 10 posljednjih izmjerenih vrijednosti<\/li>\n<li>Informacija o stanju baterija<\/li>\n<li>Odabir jezika (samo kod vi\u0161ejezi\u010dnih jedinica)<\/li>\n<\/ul>\n<h1>Tehni\u010dki podatci<\/h1>\n<ul>\n<li>Minimalna duljina mjerenja: 0,1 cm<\/li>\n<li>Maksimalna duljina mjerenja: 5 metara<\/li>\n<li>Tolerancija: 0,2 mm<\/li>\n<li>Napajanje: 2x 1,5 V alkalne ili punjive baterije Tip AAA, LR03 Mikro<\/li>\n<li>Dimenzije: 103 x 75 x 33 mm<\/li>\n<li>Masa: 295 g (s baterijama)<\/li>\n<li>Radna temperatura: 0 \u00b0C do +40 \u00b0C<\/li>\n<li>Skladi\u0161na temperatura: -10 \u00b0C do +50 \u00b0C<\/li>\n<\/ul>\n<h1>Dodatni pribor<\/h1>\n<p>Dodatni pribor isporu\u010duje se posebno na zahtjev kupca.<\/p>\n<ul>\n<li>Strujni adapter s kabelom<\/li>\n<li>Slu\u0161alice<\/li>\n<\/ul>\n<p>Jamstvo: 12 mjeseci<\/p>\n<p>Zemlja podrijetla: Austrija<\/p>\n<hr \/>\n<h3>Navigacija<\/h3>\n<ul>\n<li><a href=\"https:\/\/tiflonova.hr\/wp\/?page_id=316\">Povratak na <strong>Razli\u010dita tiflotehni\u010dka pomagala<\/strong><\/a><\/li>\n<\/ul>\n","protected":false},"excerpt":{"rendered":"<p>Narud\u017eba Cijena: 301,88 EUR \u0160ifra za narud\u017ebu: 24200 Naru\u010dite sada&#8230;. Tape King je mjerni alat, automatski metar milimetarske preciznosti s vrpcom za mjerenje du\u017eine od pet metara, kutomjerom i libelom. Ugra\u0111ena govorna funkcija na hrvatskom jeziku automatski izgovara izmjerene vrijednosti. &hellip; <a href=\"https:\/\/tiflonova.hr\/wp\/?page_id=322\">Nastavi \u010ditati <span class=\"meta-nav\">&rarr;<\/span><\/a><\/p>\n","protected":false},"author":1,"featured_media":0,"parent":316,"menu_order":0,"comment_status":"closed","ping_status":"closed","template":"","meta":{"footnotes":""},"class_list":["post-322","page","type-page","status-publish","hentry"],"_links":{"self":[{"href":"https:\/\/tiflonova.hr\/wp\/index.php?rest_route=\/wp\/v2\/pages\/322","targetHints":{"allow":["GET"]}}],"collection":[{"href":"https:\/\/tiflonova.hr\/wp\/index.php?rest_route=\/wp\/v2\/pages"}],"about":[{"href":"https:\/\/tiflonova.hr\/wp\/index.php?rest_route=\/wp\/v2\/types\/page"}],"author":[{"embeddable":true,"href":"https:\/\/tiflonova.hr\/wp\/index.php?rest_route=\/wp\/v2\/users\/1"}],"replies":[{"embeddable":true,"href":"https:\/\/tiflonova.hr\/wp\/index.php?rest_route=%2Fwp%2Fv2%2Fcomments&post=322"}],"version-history":[{"count":3,"href":"https:\/\/tiflonova.hr\/wp\/index.php?rest_route=\/wp\/v2\/pages\/322\/revisions"}],"predecessor-version":[{"id":479,"href":"https:\/\/tiflonova.hr\/wp\/index.php?rest_route=\/wp\/v2\/pages\/322\/revisions\/479"}],"up":[{"embeddable":true,"href":"https:\/\/tiflonova.hr\/wp\/index.php?rest_route=\/wp\/v2\/pages\/316"}],"wp:attachment":[{"href":"https:\/\/tiflonova.hr\/wp\/index.php?rest_route=%2Fwp%2Fv2%2Fmedia&parent=322"}],"curies":[{"name":"wp","href":"https:\/\/api.w.org\/{rel}","templated":true}]}}