{"id":320,"date":"2025-05-07T09:01:48","date_gmt":"2025-05-07T07:01:48","guid":{"rendered":"https:\/\/tiflonova.hr\/wp\/?page_id=320"},"modified":"2025-05-08T10:48:15","modified_gmt":"2025-05-08T08:48:15","slug":"euro-cashtest","status":"publish","type":"page","link":"https:\/\/tiflonova.hr\/wp\/?page_id=320","title":{"rendered":"EURO CashTest &#8211; identifikator EURO nov\u010danica i kovanica"},"content":{"rendered":"<h3>Narud\u017eba<\/h3>\n<ul>\n<li>Cijena: 14,86 EUR<\/li>\n<li>\u0160ifra za narud\u017ebu: 24302<\/li>\n<li><a href=\"https:\/\/tiflonova.hr\/wp\/?page_id=177#content\">Naru\u010dite sada&#8230;.<\/a><\/li>\n<\/ul>\n<hr \/>\n<p><img loading=\"lazy\" decoding=\"async\" class=\"alignnone size-medium wp-image-428\" src=\"https:\/\/tiflonova.hr\/wp\/wp-content\/uploads\/2025\/03\/CashTest-Euro-300x225.webp\" alt=\"CashTest s Braji\u010dnim oznakama.\" width=\"300\" height=\"225\" srcset=\"https:\/\/tiflonova.hr\/wp\/wp-content\/uploads\/2025\/03\/CashTest-Euro-300x225.webp 300w, https:\/\/tiflonova.hr\/wp\/wp-content\/uploads\/2025\/03\/CashTest-Euro-1024x768.webp 1024w, https:\/\/tiflonova.hr\/wp\/wp-content\/uploads\/2025\/03\/CashTest-Euro-768x576.webp 768w, https:\/\/tiflonova.hr\/wp\/wp-content\/uploads\/2025\/03\/CashTest-Euro-1536x1152.webp 1536w, https:\/\/tiflonova.hr\/wp\/wp-content\/uploads\/2025\/03\/CashTest-Euro-400x300.webp 400w, https:\/\/tiflonova.hr\/wp\/wp-content\/uploads\/2025\/03\/CashTest-Euro.webp 1920w\" sizes=\"auto, (max-width: 300px) 100vw, 300px\" \/><\/p>\n<p>EURO CashTest je \u0161ablona za brzo i jednostavno prepoznavanje Euro nov\u010danica i kovanica svih apoena.<\/p>\n<p>EURO-nov\u010danicu treba presavinuti preko ruba \u0161ablone i o\u010ditati oznaku na kojoj zavr\u0161ava njezin rub.<\/p>\n<p>EURO-kovanicu treba umetnuti u \u017elijeb \u0161ablone i o\u010ditati oznaku na kojoj zavr\u0161ava njezin brid.<\/p>\n<p>Sve su oznake reljefne i lako prepoznatljive na dodir. Uz svaku oznaku pi\u0161e vrijednost na Brailleovom pismu.<\/p>\n<p>Materijal: Plastika<\/p>\n<p>Zemlja podrijetla: Austrija<\/p>\n<hr \/>\n<h3>Navigacija<\/h3>\n<ul>\n<li><a href=\"https:\/\/tiflonova.hr\/wp\/?page_id=316\">Povratak na <strong>Razli\u010dita pomagala<\/strong><\/a><\/li>\n<\/ul>\n","protected":false},"excerpt":{"rendered":"<p>Narud\u017eba Cijena: 14,86 EUR \u0160ifra za narud\u017ebu: 24302 Naru\u010dite sada&#8230;. EURO CashTest je \u0161ablona za brzo i jednostavno prepoznavanje Euro nov\u010danica i kovanica svih apoena. EURO-nov\u010danicu treba presavinuti preko ruba \u0161ablone i o\u010ditati oznaku na kojoj zavr\u0161ava njezin rub. EURO-kovanicu &hellip; <a href=\"https:\/\/tiflonova.hr\/wp\/?page_id=320\">Nastavi \u010ditati <span class=\"meta-nav\">&rarr;<\/span><\/a><\/p>\n","protected":false},"author":1,"featured_media":0,"parent":316,"menu_order":0,"comment_status":"closed","ping_status":"closed","template":"","meta":{"footnotes":""},"class_list":["post-320","page","type-page","status-publish","hentry"],"_links":{"self":[{"href":"https:\/\/tiflonova.hr\/wp\/index.php?rest_route=\/wp\/v2\/pages\/320","targetHints":{"allow":["GET"]}}],"collection":[{"href":"https:\/\/tiflonova.hr\/wp\/index.php?rest_route=\/wp\/v2\/pages"}],"about":[{"href":"https:\/\/tiflonova.hr\/wp\/index.php?rest_route=\/wp\/v2\/types\/page"}],"author":[{"embeddable":true,"href":"https:\/\/tiflonova.hr\/wp\/index.php?rest_route=\/wp\/v2\/users\/1"}],"replies":[{"embeddable":true,"href":"https:\/\/tiflonova.hr\/wp\/index.php?rest_route=%2Fwp%2Fv2%2Fcomments&post=320"}],"version-history":[{"count":8,"href":"https:\/\/tiflonova.hr\/wp\/index.php?rest_route=\/wp\/v2\/pages\/320\/revisions"}],"predecessor-version":[{"id":950,"href":"https:\/\/tiflonova.hr\/wp\/index.php?rest_route=\/wp\/v2\/pages\/320\/revisions\/950"}],"up":[{"embeddable":true,"href":"https:\/\/tiflonova.hr\/wp\/index.php?rest_route=\/wp\/v2\/pages\/316"}],"wp:attachment":[{"href":"https:\/\/tiflonova.hr\/wp\/index.php?rest_route=%2Fwp%2Fv2%2Fmedia&parent=320"}],"curies":[{"name":"wp","href":"https:\/\/api.w.org\/{rel}","templated":true}]}}