{"id":318,"date":"2026-02-13T12:01:55","date_gmt":"2026-02-13T11:01:55","guid":{"rendered":"https:\/\/tiflonova.hr\/wp\/?page_id=318"},"modified":"2026-02-13T12:12:52","modified_gmt":"2026-02-13T11:12:52","slug":"colorino-citac-boja-i-detektor-svjetla","status":"publish","type":"page","link":"https:\/\/tiflonova.hr\/wp\/?page_id=318","title":{"rendered":"COLORINO &#8211; \u010dita\u010d boja i detektor svjetlosti"},"content":{"rendered":"<h3>Narud\u017eba<\/h3>\n<ul>\n<li>Cijena: 218,50 EUR<\/li>\n<li>\u0160ifra za narud\u017ebu: 24100<\/li>\n<li><a href=\"https:\/\/tiflonova.hr\/wp\/?page_id=177#content\">Naru\u010dite sada&#8230;.<\/a><\/li>\n<\/ul>\n<hr \/>\n<p><img loading=\"lazy\" decoding=\"async\" class=\"alignnone size-medium wp-image-413\" src=\"https:\/\/tiflonova.hr\/wp\/wp-content\/uploads\/2025\/03\/colorino-300x225.jpg\" alt=\"Colorino o\u010ditava boje.\" width=\"300\" height=\"225\" srcset=\"https:\/\/tiflonova.hr\/wp\/wp-content\/uploads\/2025\/03\/colorino-300x225.jpg 300w, https:\/\/tiflonova.hr\/wp\/wp-content\/uploads\/2025\/03\/colorino-1024x768.jpg 1024w, https:\/\/tiflonova.hr\/wp\/wp-content\/uploads\/2025\/03\/colorino-768x576.jpg 768w, https:\/\/tiflonova.hr\/wp\/wp-content\/uploads\/2025\/03\/colorino-1536x1152.jpg 1536w, https:\/\/tiflonova.hr\/wp\/wp-content\/uploads\/2025\/03\/colorino-400x300.jpg 400w, https:\/\/tiflonova.hr\/wp\/wp-content\/uploads\/2025\/03\/colorino.jpg 1920w\" sizes=\"auto, (max-width: 300px) 100vw, 300px\" \/> <img loading=\"lazy\" decoding=\"async\" class=\"alignnone size-medium wp-image-414\" src=\"https:\/\/tiflonova.hr\/wp\/wp-content\/uploads\/2025\/03\/colorino-1-960x720-1-300x225.jpg\" alt=\"Colorino o\u010ditava svjetlost.\" width=\"300\" height=\"225\" srcset=\"https:\/\/tiflonova.hr\/wp\/wp-content\/uploads\/2025\/03\/colorino-1-960x720-1-300x225.jpg 300w, https:\/\/tiflonova.hr\/wp\/wp-content\/uploads\/2025\/03\/colorino-1-960x720-1-768x576.jpg 768w, https:\/\/tiflonova.hr\/wp\/wp-content\/uploads\/2025\/03\/colorino-1-960x720-1-400x300.jpg 400w, https:\/\/tiflonova.hr\/wp\/wp-content\/uploads\/2025\/03\/colorino-1-960x720-1.jpg 960w\" sizes=\"auto, (max-width: 300px) 100vw, 300px\" \/><\/p>\n<p>Colorino je mali elektroni\u010dki ure\u0111aj kvadratnog oblika. Sastoji se od ultra osjetljivog senzora, dviju tipaka, zvu\u010dnika, priklju\u010dka za slu\u0161alice i slu\u0161ni aparat.<\/p>\n<p>Colorino je namjenjen slijepim i visoko slabovidnim osobama i osobama slijepima na boje. \u010citanjem boja poma\u017ee im u samostalnosti u odjevanju, organiziranju odje\u0107e, predmeta i vo\u0111enja doma\u0107instva.<\/p>\n<p>Slijepim osobama poma\u017ee u otkrivanju svjetlosti (npr. kako svjetiljka ne bi ostala upaljena bez njihovog znanja), prepoznaje izvor (umjetno ili prirodno svjetlo), detektira smjer iz kojeg dolazi svjetlo i najavljuje intenzitet svjetlosti.<\/p>\n<p>Kombiniranjem \u010ditanja boja i detektiranjem svjetlosti Colorino precizno prijavljuje status LED indikatora na razli\u010ditim ku\u0107anskim ure\u0111ajima.<\/p>\n<h1>Video prezentacija<\/h1>\n<p><iframe loading=\"lazy\" src=\"https:\/\/www.youtube.com\/embed\/BdsUJxS__Fc\" width=\"560\" height=\"315\" frameborder=\"0\" allowfullscreen=\"allowfullscreen\"><\/iframe><\/p>\n<h1>Sadr\u017eaj pakiranja<\/h1>\n<ul>\n<li>Colorino &#8211; \u010cita\u010d boja i detektor svjetla<\/li>\n<li>Govorna funkcija na hrvatskom jeziku<\/li>\n<li>2x baterije type AAA<\/li>\n<li>Za\u0161titna torbica<\/li>\n<li>Upute na hrvatskom jeziku<\/li>\n<\/ul>\n<h1>Tehni\u010dki podatci<\/h1>\n<ul>\n<li>Prepoznavanje boja: ure\u0111aj prepoznaje 100 &#8211; 150 razli\u010ditih nijansi boja<\/li>\n<li>Detekcija svjetlosti: ure\u0111aj prijavljuje vi\u0161e od 10.000 razli\u010ditih razina inteziteta svjetlosti<\/li>\n<li>Govorna funkcija: prirodni, ugodni \u017eenski glas koji govori hrvatski<\/li>\n<li>Tonski signali: visoki ton &#8211; jaki izvor svjetlosti, niski ton &#8211; slabi izvor svjetlosti<\/li>\n<li>Glasno\u0107a: tri razine glasno\u0107e, podesivo<\/li>\n<li>Priklju\u010dak za slu\u0161alice i slu\u0161ni aparat: Da (standardni 3,5 utika\u010d)<\/li>\n<li>Tipke za rukovanje: 2 tipke razli\u010dite boje<\/li>\n<li>Dimenzije (D x \u0160 x V): 110 x (39 &#8211; 50) x (21 &#8211; 25) mm<\/li>\n<li>Masa: 85 grama s baterijama<\/li>\n<li>Baterije: 2x type AAA, 1,5 V, alkalne<\/li>\n<\/ul>\n<h1>Dodatni pribor<\/h1>\n<p>Dodatni pribor isporu\u010duje se posebno na zahtjev kupca.<\/p>\n<ul>\n<li>Strujni adapter s kabelom<\/li>\n<li>Slu\u0161alice<\/li>\n<\/ul>\n<p>Jamstvo: 12 mjeseci<\/p>\n<p>Zemlja podrijetla: Austrija<\/p>\n<hr \/>\n<h3>Navigacija<\/h3>\n<ul>\n<li><a href=\"https:\/\/tiflonova.hr\/wp\/?page_id=316\">Povratak na <strong>Razli\u010dita tiflotehni\u010dka pomagala<\/strong><\/a><\/li>\n<\/ul>\n","protected":false},"excerpt":{"rendered":"<p>Narud\u017eba Cijena: 218,50 EUR \u0160ifra za narud\u017ebu: 24100 Naru\u010dite sada&#8230;. Colorino je mali elektroni\u010dki ure\u0111aj kvadratnog oblika. Sastoji se od ultra osjetljivog senzora, dviju tipaka, zvu\u010dnika, priklju\u010dka za slu\u0161alice i slu\u0161ni aparat. Colorino je namjenjen slijepim i visoko slabovidnim osobama &hellip; <a href=\"https:\/\/tiflonova.hr\/wp\/?page_id=318\">Nastavi \u010ditati <span class=\"meta-nav\">&rarr;<\/span><\/a><\/p>\n","protected":false},"author":1,"featured_media":0,"parent":316,"menu_order":0,"comment_status":"closed","ping_status":"closed","template":"","meta":{"footnotes":""},"class_list":["post-318","page","type-page","status-publish","hentry"],"_links":{"self":[{"href":"https:\/\/tiflonova.hr\/wp\/index.php?rest_route=\/wp\/v2\/pages\/318","targetHints":{"allow":["GET"]}}],"collection":[{"href":"https:\/\/tiflonova.hr\/wp\/index.php?rest_route=\/wp\/v2\/pages"}],"about":[{"href":"https:\/\/tiflonova.hr\/wp\/index.php?rest_route=\/wp\/v2\/types\/page"}],"author":[{"embeddable":true,"href":"https:\/\/tiflonova.hr\/wp\/index.php?rest_route=\/wp\/v2\/users\/1"}],"replies":[{"embeddable":true,"href":"https:\/\/tiflonova.hr\/wp\/index.php?rest_route=%2Fwp%2Fv2%2Fcomments&post=318"}],"version-history":[{"count":6,"href":"https:\/\/tiflonova.hr\/wp\/index.php?rest_route=\/wp\/v2\/pages\/318\/revisions"}],"predecessor-version":[{"id":1268,"href":"https:\/\/tiflonova.hr\/wp\/index.php?rest_route=\/wp\/v2\/pages\/318\/revisions\/1268"}],"up":[{"embeddable":true,"href":"https:\/\/tiflonova.hr\/wp\/index.php?rest_route=\/wp\/v2\/pages\/316"}],"wp:attachment":[{"href":"https:\/\/tiflonova.hr\/wp\/index.php?rest_route=%2Fwp%2Fv2%2Fmedia&parent=318"}],"curies":[{"name":"wp","href":"https:\/\/api.w.org\/{rel}","templated":true}]}}