{"id":316,"date":"2025-12-20T14:01:04","date_gmt":"2025-12-20T13:01:04","guid":{"rendered":"https:\/\/tiflonova.hr\/wp\/?page_id=316"},"modified":"2026-02-13T12:08:51","modified_gmt":"2026-02-13T11:08:51","slug":"razlicita-tiflotehnicka-pomagala","status":"publish","type":"page","link":"https:\/\/tiflonova.hr\/wp\/?page_id=316","title":{"rendered":"Razli\u010dita tiflotehni\u010dka pomagala"},"content":{"rendered":"<h1><a href=\"https:\/\/tiflonova.hr\/wp\/?page_id=318#content\">COLORINO &#8211; \u010dita\u010d boja i detektor svjetlosti<\/a><\/h1>\n<p><img loading=\"lazy\" decoding=\"async\" class=\"alignnone size-medium wp-image-413\" src=\"https:\/\/tiflonova.hr\/wp\/wp-content\/uploads\/2025\/03\/colorino-300x225.jpg\" alt=\"Colorino prepoznaje boje.\" width=\"300\" height=\"225\" srcset=\"https:\/\/tiflonova.hr\/wp\/wp-content\/uploads\/2025\/03\/colorino-300x225.jpg 300w, https:\/\/tiflonova.hr\/wp\/wp-content\/uploads\/2025\/03\/colorino-1024x768.jpg 1024w, https:\/\/tiflonova.hr\/wp\/wp-content\/uploads\/2025\/03\/colorino-768x576.jpg 768w, https:\/\/tiflonova.hr\/wp\/wp-content\/uploads\/2025\/03\/colorino-1536x1152.jpg 1536w, https:\/\/tiflonova.hr\/wp\/wp-content\/uploads\/2025\/03\/colorino-400x300.jpg 400w, https:\/\/tiflonova.hr\/wp\/wp-content\/uploads\/2025\/03\/colorino.jpg 1920w\" sizes=\"auto, (max-width: 300px) 100vw, 300px\" \/><\/p>\n<p>\u010cita\u010d 150 nijansi boja s govornom funkcijom na hrvatskom jeziku<br \/>\nTonski signali za izvor i intenzitet svjetlosti<br \/>\nZa\u0161titna torbica, baterije 2x type AAA<br \/>\n<a href=\"https:\/\/tiflonova.hr\/wp\/?page_id=318#content\">Op\u0161irnije&#8230;<\/a><\/p>\n<p>Cijena: 218,50 EUR<br \/>\n\u0160ifra za narud\u017ebu: 24100<br \/>\n<a href=\"https:\/\/tiflonova.hr\/wp\/?page_id=177#content\">Naru\u010dite sada&#8230;.<\/a><\/p>\n<hr \/>\n<h1>Za\u0161titna torbica za Colorino<\/h1>\n<p>Originalna za\u0161titna torbica za Colorino.<\/p>\n<p>Cijena: 31,63 EUR<br \/>\n\u0160ifra za narud\u017ebu: 24101<br \/>\n<a href=\"https:\/\/tiflonova.hr\/wp\/?page_id=177#content\">Naru\u010dite sada&#8230;.<\/a><\/p>\n<hr \/>\n<h1><a href=\"https:\/\/tiflonova.hr\/wp\/?page_id=1052#content\">MyDegrees vi\u0161enamjenski govorni termometar<\/a><\/h1>\n<p><img loading=\"lazy\" decoding=\"async\" class=\"alignnone size-medium wp-image-1064\" src=\"https:\/\/tiflonova.hr\/wp\/wp-content\/uploads\/2025\/07\/Moj_termometar-300x259.jpg\" alt=\"Moj termometar\" width=\"300\" height=\"259\" srcset=\"https:\/\/tiflonova.hr\/wp\/wp-content\/uploads\/2025\/07\/Moj_termometar-300x259.jpg 300w, https:\/\/tiflonova.hr\/wp\/wp-content\/uploads\/2025\/07\/Moj_termometar-1024x883.jpg 1024w, https:\/\/tiflonova.hr\/wp\/wp-content\/uploads\/2025\/07\/Moj_termometar-768x662.jpg 768w, https:\/\/tiflonova.hr\/wp\/wp-content\/uploads\/2025\/07\/Moj_termometar-1536x1325.jpg 1536w, https:\/\/tiflonova.hr\/wp\/wp-content\/uploads\/2025\/07\/Moj_termometar-2048x1767.jpg 2048w, https:\/\/tiflonova.hr\/wp\/wp-content\/uploads\/2025\/07\/Moj_termometar-348x300.jpg 348w\" sizes=\"auto, (max-width: 300px) 100vw, 300px\" \/><br \/>\nTermometar s govornom funkcijom unutarnje i vanjske temperature i sa senzor-sondom za pe\u010dnicu, hladnjak, zamrziva\u010d, kuhanje, mjerenje tjelesne temperature&#8230;<br \/>\nPrirodni glas, razgovjetan i lako razumljiv<br \/>\n10 razli\u010ditih jezika<br \/>\n<a href=\"https:\/\/tiflonova.hr\/wp\/?page_id=1052#content\">Op\u0161irnije&#8230;<\/a><\/p>\n<p>Cijena: 148,95 EUR<br \/>\n\u0160ifra za narud\u017ebu: 24401<br \/>\n<a href=\"https:\/\/tiflonova.hr\/wp\/?page_id=177#content\">Naru\u010dite sada&#8230;.<\/a><\/p>\n<hr \/>\n<h1><a href=\"https:\/\/tiflonova.hr\/wp\/?page_id=320#content\">EURO CashTest &#8211; identifikator EURO nov\u010danica i kovanica<\/a><\/h1>\n<p><img loading=\"lazy\" decoding=\"async\" class=\"alignnone size-medium wp-image-428\" src=\"https:\/\/tiflonova.hr\/wp\/wp-content\/uploads\/2025\/03\/CashTest-Euro-300x225.webp\" alt=\"CashTest s Braji\u010dnim oznakama.\" width=\"300\" height=\"225\" srcset=\"https:\/\/tiflonova.hr\/wp\/wp-content\/uploads\/2025\/03\/CashTest-Euro-300x225.webp 300w, https:\/\/tiflonova.hr\/wp\/wp-content\/uploads\/2025\/03\/CashTest-Euro-1024x768.webp 1024w, https:\/\/tiflonova.hr\/wp\/wp-content\/uploads\/2025\/03\/CashTest-Euro-768x576.webp 768w, https:\/\/tiflonova.hr\/wp\/wp-content\/uploads\/2025\/03\/CashTest-Euro-1536x1152.webp 1536w, https:\/\/tiflonova.hr\/wp\/wp-content\/uploads\/2025\/03\/CashTest-Euro-400x300.webp 400w, https:\/\/tiflonova.hr\/wp\/wp-content\/uploads\/2025\/03\/CashTest-Euro.webp 1920w\" sizes=\"auto, (max-width: 300px) 100vw, 300px\" \/><\/p>\n<p>\u0160ablona identifikator za brzo i jednostavno prepoznavanje Euro nov\u010danica i kovanica svih apoena.<br \/>\n<a href=\"https:\/\/tiflonova.hr\/wp\/?page_id=320#content\">Op\u0161irnije&#8230;<\/a><\/p>\n<p>Cijena: 14,86 EUR<br \/>\n\u0160ifra za narud\u017ebu: 24302<br \/>\n<a href=\"https:\/\/tiflonova.hr\/wp\/?page_id=177#content\">Naru\u010dite sada&#8230;.<\/a><\/p>\n<hr \/>\n<h1>AMICO EURO nov\u010darka<\/h1>\n<p><img loading=\"lazy\" decoding=\"async\" class=\"alignnone size-full wp-image-427\" src=\"https:\/\/tiflonova.hr\/wp\/wp-content\/uploads\/2025\/03\/amico-scaled-192x192-1.jpg\" alt=\"Amico s prednje strane.\" width=\"192\" height=\"192\" srcset=\"https:\/\/tiflonova.hr\/wp\/wp-content\/uploads\/2025\/03\/amico-scaled-192x192-1.jpg 192w, https:\/\/tiflonova.hr\/wp\/wp-content\/uploads\/2025\/03\/amico-scaled-192x192-1-150x150.jpg 150w\" sizes=\"auto, (max-width: 192px) 100vw, 192px\" \/><\/p>\n<p>Nov\u010darka, organizator EURO kovanica za brzo pronala\u017eenje \u017eeljene vrijednosti.<br \/>\n\u010cvrsta plastika, oznake na Brailleovom pismu.<\/p>\n<p>Cijena: 19,00 EUR<br \/>\n\u0160ifra za narud\u017ebu: 24303<br \/>\n<a href=\"https:\/\/tiflonova.hr\/wp\/?page_id=177#content\">Naru\u010dite sada&#8230;.<\/a><\/p>\n<hr \/>\n<h1>AUTOGRAPH &#8211; okvir za vlastoru\u010dni potpis<\/h1>\n<p><img loading=\"lazy\" decoding=\"async\" class=\"alignnone size-medium wp-image-429\" src=\"https:\/\/tiflonova.hr\/wp\/wp-content\/uploads\/2025\/03\/autograph-1-300x225.jpg\" alt=\"Autograf.\" width=\"300\" height=\"225\" srcset=\"https:\/\/tiflonova.hr\/wp\/wp-content\/uploads\/2025\/03\/autograph-1-300x225.jpg 300w, https:\/\/tiflonova.hr\/wp\/wp-content\/uploads\/2025\/03\/autograph-1-1024x768.jpg 1024w, https:\/\/tiflonova.hr\/wp\/wp-content\/uploads\/2025\/03\/autograph-1-768x576.jpg 768w, https:\/\/tiflonova.hr\/wp\/wp-content\/uploads\/2025\/03\/autograph-1-1536x1152.jpg 1536w, https:\/\/tiflonova.hr\/wp\/wp-content\/uploads\/2025\/03\/autograph-1-400x300.jpg 400w, https:\/\/tiflonova.hr\/wp\/wp-content\/uploads\/2025\/03\/autograph-1.jpg 1920w\" sizes=\"auto, (max-width: 300px) 100vw, 300px\" \/><\/p>\n<p>Vlastoru\u010dno se potpi\u0161ite na gotovo sve formulare na predvi\u0111enu crtu bez muke.<br \/>\n\u0160ablona s prozor\u010di\u0107em i pomi\u010dnom podlogom.<br \/>\nSklopivo, zauzima vrlo malo prostora, stane u svaki nov\u010danik.<\/p>\n<p>Cijena: 6,25 EUR<br \/>\n\u0160ifra za narud\u017ebu: 24301<br \/>\n<a href=\"https:\/\/tiflonova.hr\/wp\/?page_id=177#content\">Naru\u010dite sada&#8230;.<\/a><\/p>\n<hr \/>\n<h1>AuPair &#8211; dr\u017ea\u010di \u010darapa<\/h1>\n<p><img loading=\"lazy\" decoding=\"async\" class=\"alignnone size-medium wp-image-425\" src=\"https:\/\/tiflonova.hr\/wp\/wp-content\/uploads\/2025\/03\/aupair_socks-960x720-1-300x225.jpg\" alt=\"Dr\u017ea\u010d \u010darapa s \u010darapama.\" width=\"300\" height=\"225\" srcset=\"https:\/\/tiflonova.hr\/wp\/wp-content\/uploads\/2025\/03\/aupair_socks-960x720-1-300x225.jpg 300w, https:\/\/tiflonova.hr\/wp\/wp-content\/uploads\/2025\/03\/aupair_socks-960x720-1-768x576.jpg 768w, https:\/\/tiflonova.hr\/wp\/wp-content\/uploads\/2025\/03\/aupair_socks-960x720-1-400x300.jpg 400w, https:\/\/tiflonova.hr\/wp\/wp-content\/uploads\/2025\/03\/aupair_socks-960x720-1.jpg 960w\" sizes=\"auto, (max-width: 300px) 100vw, 300px\" \/><\/p>\n<p>AuPair Va\u0161e \u010darape uvijek dr\u017ei u paru, \u010dak i kod pranja u perilici rublja i su\u0161enja u su\u0161ilici.<br \/>\nPlasti\u010dni materijal otporan na visoke temperature, pra\u0161ak za pranje rublja i omek\u0161iva\u010d.<br \/>\nPakiranje: 10 dr\u017ea\u010da za 10 pari \u010darapa.<\/p>\n<p>Cijena: 6,25 EUR<br \/>\n\u0160ifra za narud\u017ebu: 24300<br \/>\n<a href=\"https:\/\/tiflonova.hr\/wp\/?page_id=177#content\">Naru\u010dite sada&#8230;.<\/a><\/p>\n<hr \/>\n<h1><a href=\"https:\/\/tiflonova.hr\/wp\/?page_id=322#content\">Tape King &#8211; govorni metar, kutomjer i libela<\/a><\/h1>\n<p><img loading=\"lazy\" decoding=\"async\" class=\"alignnone size-medium wp-image-403\" src=\"https:\/\/tiflonova.hr\/wp\/wp-content\/uploads\/2025\/03\/Tape-King-1-300x225.jpg\" alt=\"TapeKing s kontrastnim prikazom za slabovidne.\" width=\"300\" height=\"225\" srcset=\"https:\/\/tiflonova.hr\/wp\/wp-content\/uploads\/2025\/03\/Tape-King-1-300x225.jpg 300w, https:\/\/tiflonova.hr\/wp\/wp-content\/uploads\/2025\/03\/Tape-King-1-1024x768.jpg 1024w, https:\/\/tiflonova.hr\/wp\/wp-content\/uploads\/2025\/03\/Tape-King-1-768x576.jpg 768w, https:\/\/tiflonova.hr\/wp\/wp-content\/uploads\/2025\/03\/Tape-King-1-1536x1152.jpg 1536w, https:\/\/tiflonova.hr\/wp\/wp-content\/uploads\/2025\/03\/Tape-King-1-400x300.jpg 400w, https:\/\/tiflonova.hr\/wp\/wp-content\/uploads\/2025\/03\/Tape-King-1.jpg 1920w\" sizes=\"auto, (max-width: 300px) 100vw, 300px\" \/><\/p>\n<p>Mjerni alat s govornom funkcijom na hrvatskom jeziku.<br \/>\nMjerenje du\u017eine s metalnom vrpcom do 5 metara.<br \/>\nFunkcija kutomjera i libele.<br \/>\n2x baterije type AAA, dr\u017ea\u010d za remen, za\u0161titna futrola.<br \/>\n<a href=\"https:\/\/tiflonova.hr\/wp\/?page_id=322#content\">Op\u0161irnije&#8230;<\/a><\/p>\n<p>Cijena: 301,88 EUR<br \/>\n\u0160ifra za narud\u017ebu: 24200<br \/>\n<a href=\"https:\/\/tiflonova.hr\/wp\/?page_id=177#content\">Naru\u010dite sada&#8230;.<\/a><\/p>\n<hr \/>\n<h1>Za\u0161titna futrola za Tape King<\/h1>\n<p>Originalna za\u0161titna futrola za Tape King &#8211; govorni metar, kutomjer i libela.<\/p>\n<p>Cijena: 30,00 EUR<br \/>\n\u0160ifra za narud\u017ebu: 24201<br \/>\n<a href=\"https:\/\/tiflonova.hr\/wp\/?page_id=177#content\">Naru\u010dite sada&#8230;.<\/a><\/p>\n<hr \/>\n<h1><a href=\"https:\/\/tiflonova.hr\/wp\/?page_id=324#content\">Wooffy akusti\u010dni &#8211; ispitiva\u010d baterija<\/a><\/h1>\n<p><img loading=\"lazy\" decoding=\"async\" class=\"alignnone size-medium wp-image-415\" src=\"https:\/\/tiflonova.hr\/wp\/wp-content\/uploads\/2025\/03\/Wooffy-960x720-1-300x225.webp\" alt=\"Wooffy prikazan s prednje strane.\" width=\"300\" height=\"225\" srcset=\"https:\/\/tiflonova.hr\/wp\/wp-content\/uploads\/2025\/03\/Wooffy-960x720-1-300x225.webp 300w, https:\/\/tiflonova.hr\/wp\/wp-content\/uploads\/2025\/03\/Wooffy-960x720-1-768x576.webp 768w, https:\/\/tiflonova.hr\/wp\/wp-content\/uploads\/2025\/03\/Wooffy-960x720-1-400x300.webp 400w, https:\/\/tiflonova.hr\/wp\/wp-content\/uploads\/2025\/03\/Wooffy-960x720-1.webp 960w\" sizes=\"auto, (max-width: 300px) 100vw, 300px\" \/><\/p>\n<p>za sve 1.5 ili 9 V baterije<br \/>\nPovratne informacije: tonski signali<br \/>\n<a href=\"https:\/\/tiflonova.hr\/wp\/?page_id=324#content\">Op\u0161irnije&#8230;<\/a><\/p>\n<p>Cijena: 64,99 EUR<br \/>\n\u0160ifra za narud\u017ebu: 24210<br \/>\n<a href=\"https:\/\/tiflonova.hr\/wp\/?page_id=177#content\">Naru\u010dite sada&#8230;.<\/a><\/p>\n<hr \/>\n<h1><a href=\"https:\/\/tiflonova.hr\/wp\/?page_id=326#content\">Wooffy taktilni &#8211; ispitiva\u010d baterija<\/a><\/h1>\n<p><img loading=\"lazy\" decoding=\"async\" class=\"alignnone size-medium wp-image-416\" src=\"https:\/\/tiflonova.hr\/wp\/wp-content\/uploads\/2025\/03\/Wooffy-T-scaled-1-300x109.jpg\" alt=\"Wooffy prikazan s bo\u010dne strane.\" width=\"300\" height=\"109\" srcset=\"https:\/\/tiflonova.hr\/wp\/wp-content\/uploads\/2025\/03\/Wooffy-T-scaled-1-300x109.jpg 300w, https:\/\/tiflonova.hr\/wp\/wp-content\/uploads\/2025\/03\/Wooffy-T-scaled-1-1024x371.jpg 1024w, https:\/\/tiflonova.hr\/wp\/wp-content\/uploads\/2025\/03\/Wooffy-T-scaled-1-768x278.jpg 768w, https:\/\/tiflonova.hr\/wp\/wp-content\/uploads\/2025\/03\/Wooffy-T-scaled-1-1536x556.jpg 1536w, https:\/\/tiflonova.hr\/wp\/wp-content\/uploads\/2025\/03\/Wooffy-T-scaled-1-2048x742.jpg 2048w, https:\/\/tiflonova.hr\/wp\/wp-content\/uploads\/2025\/03\/Wooffy-T-scaled-1-500x181.jpg 500w\" sizes=\"auto, (max-width: 300px) 100vw, 300px\" \/><\/p>\n<p>za sve 1.5 ili 9 V baterije<br \/>\nPovratne informacije: taktilni signali u obliku vibracija<br \/>\n<a href=\"https:\/\/tiflonova.hr\/wp\/?page_id=326#content\">Op\u0161irnije&#8230;<\/a><\/p>\n<p>Cijena: 71,99 EUR<br \/>\n\u0160ifra za narud\u017ebu: 24211<br \/>\n<a href=\"https:\/\/tiflonova.hr\/wp\/?page_id=177#content\">Naru\u010dite sada&#8230;.<\/a><\/p>\n<hr \/>\n<h3>Navigacija<\/h3>\n<ul>\n<li><a href=\"https:\/\/tiflonova.hr\/wp\/?page_id=280\">Povratak na po\u010detnu <strong>Web trgovina<\/strong><\/a><\/li>\n<\/ul>\n","protected":false},"excerpt":{"rendered":"<p>COLORINO &#8211; \u010dita\u010d boja i detektor svjetlosti \u010cita\u010d 150 nijansi boja s govornom funkcijom na hrvatskom jeziku Tonski signali za izvor i intenzitet svjetlosti Za\u0161titna torbica, baterije 2x type AAA Op\u0161irnije&#8230; Cijena: 218,50 EUR \u0160ifra za narud\u017ebu: 24100 Naru\u010dite sada&#8230;. &hellip; <a href=\"https:\/\/tiflonova.hr\/wp\/?page_id=316\">Nastavi \u010ditati <span class=\"meta-nav\">&rarr;<\/span><\/a><\/p>\n","protected":false},"author":1,"featured_media":0,"parent":280,"menu_order":0,"comment_status":"closed","ping_status":"closed","template":"","meta":{"footnotes":""},"class_list":["post-316","page","type-page","status-publish","hentry"],"_links":{"self":[{"href":"https:\/\/tiflonova.hr\/wp\/index.php?rest_route=\/wp\/v2\/pages\/316","targetHints":{"allow":["GET"]}}],"collection":[{"href":"https:\/\/tiflonova.hr\/wp\/index.php?rest_route=\/wp\/v2\/pages"}],"about":[{"href":"https:\/\/tiflonova.hr\/wp\/index.php?rest_route=\/wp\/v2\/types\/page"}],"author":[{"embeddable":true,"href":"https:\/\/tiflonova.hr\/wp\/index.php?rest_route=\/wp\/v2\/users\/1"}],"replies":[{"embeddable":true,"href":"https:\/\/tiflonova.hr\/wp\/index.php?rest_route=%2Fwp%2Fv2%2Fcomments&post=316"}],"version-history":[{"count":13,"href":"https:\/\/tiflonova.hr\/wp\/index.php?rest_route=\/wp\/v2\/pages\/316\/revisions"}],"predecessor-version":[{"id":1266,"href":"https:\/\/tiflonova.hr\/wp\/index.php?rest_route=\/wp\/v2\/pages\/316\/revisions\/1266"}],"up":[{"embeddable":true,"href":"https:\/\/tiflonova.hr\/wp\/index.php?rest_route=\/wp\/v2\/pages\/280"}],"wp:attachment":[{"href":"https:\/\/tiflonova.hr\/wp\/index.php?rest_route=%2Fwp%2Fv2%2Fmedia&parent=316"}],"curies":[{"name":"wp","href":"https:\/\/api.w.org\/{rel}","templated":true}]}}