{"id":310,"date":"2025-02-17T12:58:22","date_gmt":"2025-02-17T11:58:22","guid":{"rendered":"https:\/\/tiflonova.hr\/wp\/?page_id=310"},"modified":"2025-03-11T10:36:13","modified_gmt":"2025-03-11T09:36:13","slug":"vivienne-govorna-kuhinjska-vaga-i-vaga-tekucina-hrvatski-jezik","status":"publish","type":"page","link":"https:\/\/tiflonova.hr\/wp\/?page_id=310","title":{"rendered":"VIVIENNE &#8211; govorna kuhinjska vaga i vaga teku\u0107ina (hrvatski jezik)"},"content":{"rendered":"<h3>Narud\u017eba<\/h3>\n<ul>\n<li>Cijena: 169,50 EUR<\/li>\n<li>\u0160ifra za narud\u017ebu: 22010<\/li>\n<li><a href=\"https:\/\/tiflonova.hr\/wp\/?page_id=177#content\">Naru\u010dite sada&#8230;.<\/a><\/li>\n<\/ul>\n<hr \/>\n<p><img loading=\"lazy\" decoding=\"async\" class=\"alignnone size-medium wp-image-400\" src=\"https:\/\/tiflonova.hr\/wp\/wp-content\/uploads\/2025\/03\/Vivienne1920x1440-300x225.webp\" alt=\"Govorna kuhinjska vaga Vivienne, prednja strana.\" width=\"300\" height=\"225\" srcset=\"https:\/\/tiflonova.hr\/wp\/wp-content\/uploads\/2025\/03\/Vivienne1920x1440-300x225.webp 300w, https:\/\/tiflonova.hr\/wp\/wp-content\/uploads\/2025\/03\/Vivienne1920x1440-1024x768.webp 1024w, https:\/\/tiflonova.hr\/wp\/wp-content\/uploads\/2025\/03\/Vivienne1920x1440-768x576.webp 768w, https:\/\/tiflonova.hr\/wp\/wp-content\/uploads\/2025\/03\/Vivienne1920x1440-1536x1152.webp 1536w, https:\/\/tiflonova.hr\/wp\/wp-content\/uploads\/2025\/03\/Vivienne1920x1440-400x300.webp 400w, https:\/\/tiflonova.hr\/wp\/wp-content\/uploads\/2025\/03\/Vivienne1920x1440.webp 1920w\" sizes=\"auto, (max-width: 300px) 100vw, 300px\" \/><\/p>\n<p>Vivienne je precizna kuhinjska vaga s govornom funkcijom na hrvatskom jeziku i velikim zaslonom. Sastoji se od pravokutne plohe za vaganje s povr\u0161inom od oko 180 kvadratnih centimetara. Upravlja\u010dke tipke raspore\u0111ene su u dva bloka. Prvi je smje\u0161ten ispod zaslona, a drugi desno od zaslona u formatu 3&#215;4 za jednostavno i brzo rukovanje. Orijentacijske tipke obilje\u017eene su taktilnim oznakama. Sve tipke su otporne na vla\u017ene prste. Vaga je napravljena od kvalitetnog materijala koji je jednostavan za \u010di\u0161\u0107enje.<\/p>\n<p>Uz standardne funkcije mjerenja te\u017eine &#8211; mjerenje prema referentnoj te\u017eini i mjerenje od referentne te\u017eine, u Vivienne je ugra\u0111ena funkcija najave datuma i to\u010dnog vremena i funkcija odbrojavanje vremena (timer). Vivienne nudi mogu\u0107nost brojanja predmeta po komadu i mjerenje te\u017eine specifi\u010dnih teku\u0107ina (voda, ulje, mlijeko). Ova se kvalitetna vaga odlikuje iznimnom precizno\u0161\u0107u prilikom vaganja i prilikom naknadnog dodavanja.<\/p>\n<h1>Sadr\u017eaj pakiranja<\/h1>\n<ul>\n<li>VIVIENNE &#8211; govorna kuhinjska vaga i vaga teku\u0107ina<\/li>\n<li>4x baterije type AAA mikro od 1,5V<\/li>\n<li>Upute na hrvatskom jeziku<\/li>\n<\/ul>\n<h1>Tehni\u010dki podatci<\/h1>\n<ul>\n<li>Dimenzije (D x \u0160 x V): 220 x 145 x 25,5 &#8211; 26,8 mm<\/li>\n<li>Masa: 636 g s baterijama<\/li>\n<li>Napajanje: 4x baterije type AAA mikro od 1,5V ili strujni adapter (nije u osnovnom pakiranju)<\/li>\n<li>Maksimalna te\u017eina za vaganje: 5 kg<\/li>\n<li>Mjerne jedinice: gram\/dekagram\/kilogram, decilitar\/litra (podesivo), komad<\/li>\n<li>Automatska najava te\u017eine: Da<\/li>\n<li>Dodavanje te\u017eine i automatska najava nove te\u017eine: Da<\/li>\n<li>Funkcija tara (izostavljanje te\u017eine ambala\u017ee iz ukupne te\u017eine): Da<\/li>\n<li>Memoriranje za vaganje od referentne te\u017eine: Da<\/li>\n<li>Govor: hrvatski jezik; ugodni, prirodni glas<\/li>\n<li>Pode\u0161avanje glasno\u0107e: Da<\/li>\n<li>Zaslon: veliki s jasnim, kontrasnim prikazom<\/li>\n<li>Priklju\u010dak za slu\u0161alice ili slu\u0161ni aparat: Da<\/li>\n<\/ul>\n<h1>Dodatni pribor<\/h1>\n<p>Dodatni pribor isporu\u010duje se posebno na zahtjev kupca.<\/p>\n<ul>\n<li>Strujni adapter s kabelom<\/li>\n<li>Slu\u0161alice<\/li>\n<\/ul>\n<p>Jamstvo: 12 mjeseci<\/p>\n<p>Zemlja podrijetla: Austrija<\/p>\n<hr \/>\n<h3>Navigacija<\/h3>\n<ul>\n<li><a href=\"https:\/\/tiflonova.hr\/wp\/?page_id=306#content\">Povratak na <strong>Pomagala za doma\u0107instvo<\/strong><\/a><\/li>\n<\/ul>\n","protected":false},"excerpt":{"rendered":"<p>Narud\u017eba Cijena: 169,50 EUR \u0160ifra za narud\u017ebu: 22010 Naru\u010dite sada&#8230;. Vivienne je precizna kuhinjska vaga s govornom funkcijom na hrvatskom jeziku i velikim zaslonom. Sastoji se od pravokutne plohe za vaganje s povr\u0161inom od oko 180 kvadratnih centimetara. Upravlja\u010dke tipke &hellip; <a href=\"https:\/\/tiflonova.hr\/wp\/?page_id=310\">Nastavi \u010ditati <span class=\"meta-nav\">&rarr;<\/span><\/a><\/p>\n","protected":false},"author":1,"featured_media":0,"parent":306,"menu_order":0,"comment_status":"closed","ping_status":"closed","template":"","meta":{"footnotes":""},"class_list":["post-310","page","type-page","status-publish","hentry"],"_links":{"self":[{"href":"https:\/\/tiflonova.hr\/wp\/index.php?rest_route=\/wp\/v2\/pages\/310","targetHints":{"allow":["GET"]}}],"collection":[{"href":"https:\/\/tiflonova.hr\/wp\/index.php?rest_route=\/wp\/v2\/pages"}],"about":[{"href":"https:\/\/tiflonova.hr\/wp\/index.php?rest_route=\/wp\/v2\/types\/page"}],"author":[{"embeddable":true,"href":"https:\/\/tiflonova.hr\/wp\/index.php?rest_route=\/wp\/v2\/users\/1"}],"replies":[{"embeddable":true,"href":"https:\/\/tiflonova.hr\/wp\/index.php?rest_route=%2Fwp%2Fv2%2Fcomments&post=310"}],"version-history":[{"count":2,"href":"https:\/\/tiflonova.hr\/wp\/index.php?rest_route=\/wp\/v2\/pages\/310\/revisions"}],"predecessor-version":[{"id":469,"href":"https:\/\/tiflonova.hr\/wp\/index.php?rest_route=\/wp\/v2\/pages\/310\/revisions\/469"}],"up":[{"embeddable":true,"href":"https:\/\/tiflonova.hr\/wp\/index.php?rest_route=\/wp\/v2\/pages\/306"}],"wp:attachment":[{"href":"https:\/\/tiflonova.hr\/wp\/index.php?rest_route=%2Fwp%2Fv2%2Fmedia&parent=310"}],"curies":[{"name":"wp","href":"https:\/\/api.w.org\/{rel}","templated":true}]}}