{"id":303,"date":"2026-01-17T15:51:59","date_gmt":"2026-01-17T14:51:59","guid":{"rendered":"https:\/\/tiflonova.hr\/wp\/?page_id=303"},"modified":"2026-01-28T09:01:31","modified_gmt":"2026-01-28T08:01:31","slug":"reproduktori-i-pribor","status":"publish","type":"page","link":"https:\/\/tiflonova.hr\/wp\/?page_id=303","title":{"rendered":"Reproduktori knjiga i pribor"},"content":{"rendered":"<h1><a href=\"https:\/\/tiflonova.hr\/wp\/?page_id=1001#content\">Govorni reproduktor Evo S10 (Super 10) DAISY (2026)<\/a><\/h1>\n<p><img loading=\"lazy\" decoding=\"async\" class=\"alignnone size-medium wp-image-1016\" src=\"https:\/\/tiflonova.hr\/wp\/wp-content\/uploads\/2025\/06\/Evo-S10-DAISY-Player-1-152x300.jpg\" alt=\"Evo S10 DAISY Player 1 prednja strana\" width=\"152\" height=\"300\" srcset=\"https:\/\/tiflonova.hr\/wp\/wp-content\/uploads\/2025\/06\/Evo-S10-DAISY-Player-1-152x300.jpg 152w, https:\/\/tiflonova.hr\/wp\/wp-content\/uploads\/2025\/06\/Evo-S10-DAISY-Player-1-519x1024.jpg 519w, https:\/\/tiflonova.hr\/wp\/wp-content\/uploads\/2025\/06\/Evo-S10-DAISY-Player-1-768x1515.jpg 768w, https:\/\/tiflonova.hr\/wp\/wp-content\/uploads\/2025\/06\/Evo-S10-DAISY-Player-1-779x1536.jpg 779w, https:\/\/tiflonova.hr\/wp\/wp-content\/uploads\/2025\/06\/Evo-S10-DAISY-Player-1-1038x2048.jpg 1038w, https:\/\/tiflonova.hr\/wp\/wp-content\/uploads\/2025\/06\/Evo-S10-DAISY-Player-1.jpg 1280w\" sizes=\"auto, (max-width: 152px) 100vw, 152px\" \/><\/p>\n<p>Vi\u0161ejezi\u010dni govorni reproduktor i snima\u010d zvu\u010dnih knjiga u DAISY formatu za slijepe osobe<br \/>\nReproduktor DAISY knjiga, zvu\u010dnih knjiga, \u010dita\u010d e-knjiga<br \/>\nFM radio, Internet radio, Podcast, Video reproduktor, Reproduktor glazbe i zvu\u010dnih zapisa<br \/>\nSnima\u010d u WAV, MP3, OGG formatu u stereo ili mono zvuku<br \/>\nPohrana: lokalni disk 32 GB te SD kartica i USB stick bez ograni\u010denja u kapacitetu<br \/>\nJezici: hrvatski, engleski, njema\u010dki, talijanski, makedonski, srpski<br \/>\nUgra\u0111eni sintetizator govora temeljen na prirodnom, lako razumljivom ljudskom glasu<br \/>\nTrgovina aplikacija&#8230;<br \/>\n<a href=\"https:\/\/tiflonova.hr\/wp\/?page_id=1001#content\">Op\u0161irnije&#8230;<\/a><\/p>\n<p>Cijena: 315,95 EUR<br \/>\n\u0160ifra za narud\u017ebu: 27001<br \/>\n<a href=\"https:\/\/tiflonova.hr\/wp\/?page_id=177#content\">Naru\u010dite sada&#8230;.<\/a><\/p>\n<hr \/>\n<h1>\u017di\u010dane slu\u0161alice s potenciometrom<\/h1>\n<p>\u017di\u010dane slu\u0161alice, potenciometar za glasno\u0107u, utika\u010d standardni 3,5 mm<br \/>\nSlu\u0161alice za reproduktore zvu\u010dnih knjiga, govorne vage, \u010dita\u010da boja&#8230;<\/p>\n<p>Cijena: 16,50 EUR<br \/>\n\u0160ifra za narud\u017ebu: 27100<br \/>\n<a href=\"https:\/\/tiflonova.hr\/wp\/?page_id=177#content\">Naru\u010dite sada&#8230;.<\/a><\/p>\n<hr \/>\n<h3>Navigacija<\/h3>\n<ul>\n<li><a href=\"https:\/\/tiflonova.hr\/wp\/?page_id=280\">Povratak na po\u010detnu <strong>Tiflonova trgovina<\/strong><\/a><\/li>\n<\/ul>\n","protected":false},"excerpt":{"rendered":"<p>Govorni reproduktor Evo S10 (Super 10) DAISY (2026) Vi\u0161ejezi\u010dni govorni reproduktor i snima\u010d zvu\u010dnih knjiga u DAISY formatu za slijepe osobe Reproduktor DAISY knjiga, zvu\u010dnih knjiga, \u010dita\u010d e-knjiga FM radio, Internet radio, Podcast, Video reproduktor, Reproduktor glazbe i zvu\u010dnih zapisa &hellip; <a href=\"https:\/\/tiflonova.hr\/wp\/?page_id=303\">Nastavi \u010ditati <span class=\"meta-nav\">&rarr;<\/span><\/a><\/p>\n","protected":false},"author":1,"featured_media":0,"parent":280,"menu_order":0,"comment_status":"closed","ping_status":"closed","template":"","meta":{"footnotes":""},"class_list":["post-303","page","type-page","status-publish","hentry"],"_links":{"self":[{"href":"https:\/\/tiflonova.hr\/wp\/index.php?rest_route=\/wp\/v2\/pages\/303","targetHints":{"allow":["GET"]}}],"collection":[{"href":"https:\/\/tiflonova.hr\/wp\/index.php?rest_route=\/wp\/v2\/pages"}],"about":[{"href":"https:\/\/tiflonova.hr\/wp\/index.php?rest_route=\/wp\/v2\/types\/page"}],"author":[{"embeddable":true,"href":"https:\/\/tiflonova.hr\/wp\/index.php?rest_route=\/wp\/v2\/users\/1"}],"replies":[{"embeddable":true,"href":"https:\/\/tiflonova.hr\/wp\/index.php?rest_route=%2Fwp%2Fv2%2Fcomments&post=303"}],"version-history":[{"count":13,"href":"https:\/\/tiflonova.hr\/wp\/index.php?rest_route=\/wp\/v2\/pages\/303\/revisions"}],"predecessor-version":[{"id":1224,"href":"https:\/\/tiflonova.hr\/wp\/index.php?rest_route=\/wp\/v2\/pages\/303\/revisions\/1224"}],"up":[{"embeddable":true,"href":"https:\/\/tiflonova.hr\/wp\/index.php?rest_route=\/wp\/v2\/pages\/280"}],"wp:attachment":[{"href":"https:\/\/tiflonova.hr\/wp\/index.php?rest_route=%2Fwp%2Fv2%2Fmedia&parent=303"}],"curies":[{"name":"wp","href":"https:\/\/api.w.org\/{rel}","templated":true}]}}