{"id":293,"date":"2025-12-10T10:21:48","date_gmt":"2025-12-10T09:21:48","guid":{"rendered":"https:\/\/tiflonova.hr\/wp\/?page_id=293"},"modified":"2025-12-10T10:57:55","modified_gmt":"2025-12-10T09:57:55","slug":"zeitgeist-govorni-dzepni-sat","status":"publish","type":"page","link":"https:\/\/tiflonova.hr\/wp\/?page_id=293","title":{"rendered":"Zeitgeist &#8211; govorni d\u017eepni sat"},"content":{"rendered":"<h3>Narud\u017eba<\/h3>\n<ul>\n<li>Cijena: 142,50 EUR<\/li>\n<li>\u0160ifra za narud\u017ebu: 21401<\/li>\n<li><a href=\"https:\/\/tiflonova.hr\/wp\/?page_id=177#content\">Naru\u010dite sada&#8230;.<\/a><\/li>\n<\/ul>\n<hr \/>\n<p><img loading=\"lazy\" decoding=\"async\" class=\"alignnone  wp-image-432\" src=\"https:\/\/tiflonova.hr\/wp\/wp-content\/uploads\/2025\/03\/zeitgeist1-300x225.jpg\" alt=\"Zeitgeist prikazan s prednje strane.\" width=\"336\" height=\"255\" \/><img loading=\"lazy\" decoding=\"async\" class=\"alignnone  wp-image-433\" src=\"https:\/\/tiflonova.hr\/wp\/wp-content\/uploads\/2025\/03\/zeitgeist2-300x199.png\" alt=\"Zeitgeist s uti\u010dnicom za slu\u0161alice.\" width=\"341\" height=\"231\" \/><\/p>\n<p>Pojednostavite svoj \u017eivot<\/p>\n<p>Zeitgeist je precizni, inteligentni d\u017eepni sat s govornom funkcijom na hrvatskom jeziku i jednostavnim na\u010dinom rukovanja. Dizajniran je prvenstveno za slijepe i slabovidne osobe, ali zbog svoje prakti\u010dnosti omiljen je i kod starijih ljudi.<\/p>\n<p>Zeitgeist u jednom lijepom dizajniranom ku\u0107i\u0161tu u obliku klasi\u010dnog, elegantnog d\u017eepnog sata objedinjuje velik broj zanimljivih funkcija.<\/p>\n<h1>Zna\u010dajke<\/h1>\n<ul>\n<li>Tri tipke, jednostavno upravljanje pomo\u0107u izbornika, izgovor na hrvatskom jeziku<\/li>\n<li>Najava sati, minute i sekunde<\/li>\n<li>Odabir vremenske zone<\/li>\n<li>Automatsko prebacivanje na zimsko i ljetno ra\u010dunanje vremena<\/li>\n<li>Automatsko prilago\u0111avanje prestupnim godinama<\/li>\n<li>Kalendar (datum, dan u tjednu, tjedan u godini, preostali dani do kraja godine)<\/li>\n<li>Najava mjese\u010devih mijena<\/li>\n<li>\u0160toperica za mjerenje vremena do 24 sati<\/li>\n<li>Odbrojavanje vremena, prvo od 60 minuta (npr. za kuhanje) i drugo od 7 dana<\/li>\n<li>Budilica<\/li>\n<li>Punosatna najava glasanjem kukavice<\/li>\n<li>Podsjetnik za ro\u0111endan, jubilarni dan<\/li>\n<li>Osobni organizator s funkcijom podsjetnika za 10 doga\u0111aja, opcionalno dnevno, tjedno, mjese\u010dno ili godi\u0161nje<\/li>\n<li>Uti\u010dnica za slu\u0161alice ili slu\u0161ni aparat<\/li>\n<\/ul>\n<h1>Sadr\u017eaj pakiranja<\/h1>\n<ul>\n<li>Zeitgeist d\u017eepni sat s hrvatskim govorom<\/li>\n<li>2x baterije 1,5V AAA<\/li>\n<li>Vrpca oko vrata<\/li>\n<li>Upute za uporabu<\/li>\n<\/ul>\n<h1>Tehni\u010dki podatci<\/h1>\n<ul>\n<li>Govorna funkcija na hrvatskom jeziku; ugodni, prirodni glas<\/li>\n<li>Priklju\u010dak za slu\u0161alice: 3,5 mm mono\/stereo<\/li>\n<li>Napajanje: 2x baterije 1,5V Atype AA<\/li>\n<li>Strujni adapter s kabelom<\/li>\n<li>Radna temperatura: 0 &#8211; 40 \u00b0C<\/li>\n<li>Dimenzije (D x \u0160 x V): 117 x 34 x 18 mm<\/li>\n<li>Masa: 65 g (uklju\u010duju\u0107i baterije)<\/li>\n<li>Boja: crveno-sme\u0111a<\/li>\n<\/ul>\n<p>Jamstvo: 12 mjeseci<\/p>\n<p>Zemlja podrijetla: Austrija<\/p>\n<hr \/>\n<h3>Navigacija<\/h3>\n<ul>\n<li><a href=\"https:\/\/tiflonova.hr\/wp\/?page_id=289\">Povratak na <strong>Satovi i budilice<\/strong><\/a><\/li>\n<\/ul>\n","protected":false},"excerpt":{"rendered":"<p>Narud\u017eba Cijena: 142,50 EUR \u0160ifra za narud\u017ebu: 21401 Naru\u010dite sada&#8230;. Pojednostavite svoj \u017eivot Zeitgeist je precizni, inteligentni d\u017eepni sat s govornom funkcijom na hrvatskom jeziku i jednostavnim na\u010dinom rukovanja. Dizajniran je prvenstveno za slijepe i slabovidne osobe, ali zbog svoje &hellip; <a href=\"https:\/\/tiflonova.hr\/wp\/?page_id=293\">Nastavi \u010ditati <span class=\"meta-nav\">&rarr;<\/span><\/a><\/p>\n","protected":false},"author":1,"featured_media":0,"parent":289,"menu_order":0,"comment_status":"closed","ping_status":"closed","template":"","meta":{"footnotes":""},"class_list":["post-293","page","type-page","status-publish","hentry"],"_links":{"self":[{"href":"https:\/\/tiflonova.hr\/wp\/index.php?rest_route=\/wp\/v2\/pages\/293","targetHints":{"allow":["GET"]}}],"collection":[{"href":"https:\/\/tiflonova.hr\/wp\/index.php?rest_route=\/wp\/v2\/pages"}],"about":[{"href":"https:\/\/tiflonova.hr\/wp\/index.php?rest_route=\/wp\/v2\/types\/page"}],"author":[{"embeddable":true,"href":"https:\/\/tiflonova.hr\/wp\/index.php?rest_route=\/wp\/v2\/users\/1"}],"replies":[{"embeddable":true,"href":"https:\/\/tiflonova.hr\/wp\/index.php?rest_route=%2Fwp%2Fv2%2Fcomments&post=293"}],"version-history":[{"count":4,"href":"https:\/\/tiflonova.hr\/wp\/index.php?rest_route=\/wp\/v2\/pages\/293\/revisions"}],"predecessor-version":[{"id":1177,"href":"https:\/\/tiflonova.hr\/wp\/index.php?rest_route=\/wp\/v2\/pages\/293\/revisions\/1177"}],"up":[{"embeddable":true,"href":"https:\/\/tiflonova.hr\/wp\/index.php?rest_route=\/wp\/v2\/pages\/289"}],"wp:attachment":[{"href":"https:\/\/tiflonova.hr\/wp\/index.php?rest_route=%2Fwp%2Fv2%2Fmedia&parent=293"}],"curies":[{"name":"wp","href":"https:\/\/api.w.org\/{rel}","templated":true}]}}