{"id":289,"date":"2026-02-27T08:01:52","date_gmt":"2026-02-27T07:01:52","guid":{"rendered":"https:\/\/tiflonova.hr\/wp\/?page_id=289"},"modified":"2026-02-27T09:42:21","modified_gmt":"2026-02-27T08:42:21","slug":"satovi-za-slijepe-slabovidne-i-starije","status":"publish","type":"page","link":"https:\/\/tiflonova.hr\/wp\/?page_id=289","title":{"rendered":"Satovi i budilice"},"content":{"rendered":"<h1><a href=\"https:\/\/tiflonova.hr\/wp\/?page_id=1303#content\">Govorni stolni sat budilica T22 (hrvatski jezik)<\/a><\/h1>\n<p><img loading=\"lazy\" decoding=\"async\" class=\"alignnone size-medium wp-image-1313\" src=\"https:\/\/tiflonova.hr\/wp\/wp-content\/uploads\/2026\/02\/IMG_7356-225x300.jpeg\" alt=\"Prednja strana govornog stolnog sata\" width=\"225\" height=\"300\" srcset=\"https:\/\/tiflonova.hr\/wp\/wp-content\/uploads\/2026\/02\/IMG_7356-225x300.jpeg 225w, https:\/\/tiflonova.hr\/wp\/wp-content\/uploads\/2026\/02\/IMG_7356-768x1024.jpeg 768w, https:\/\/tiflonova.hr\/wp\/wp-content\/uploads\/2026\/02\/IMG_7356-1152x1536.jpeg 1152w, https:\/\/tiflonova.hr\/wp\/wp-content\/uploads\/2026\/02\/IMG_7356-1536x2048.jpeg 1536w, https:\/\/tiflonova.hr\/wp\/wp-content\/uploads\/2026\/02\/IMG_7356-scaled.jpeg 1920w\" sizes=\"auto, (max-width: 225px) 100vw, 225px\" \/><\/p>\n<p>Govorni sat i budilica na hrvatskom jeziku<br \/>\nPosebno dizajniran za slabovidne i slijepe osobe<br \/>\nJednostavno i intuitivno kori\u0161tenje<br \/>\nUgodni prirodni glas<br \/>\nVeliki prednji digitalni zaslon s uve\u0107anim prikazom to\u010dnog vremena i kalendara<br \/>\n<a href=\"https:\/\/tiflonova.hr\/wp\/?page_id=1303#content\">Op\u0161irnije&#8230;<\/a><\/p>\n<p>Cijena: 59,95 EUR<br \/>\n\u0160ifra za narud\u017ebu: 21011<br \/>\n<a href=\"https:\/\/tiflonova.hr\/wp\/?page_id=177#content\">Naru\u010dite sada&#8230;.<\/a><\/p>\n<hr \/>\n<h1><a href=\"https:\/\/tiflonova.hr\/wp\/?page_id=1043#content\">DianaTalks Royal &#8211; govorno-taktilni ru\u010dni sat<\/a><\/h1>\n<p><img loading=\"lazy\" decoding=\"async\" class=\"alignnone size-medium wp-image-1062\" src=\"https:\/\/tiflonova.hr\/wp\/wp-content\/uploads\/2025\/07\/DianaTalkRoyal-216x300.jpg\" alt=\"Diana Talk Royal\" width=\"216\" height=\"300\" srcset=\"https:\/\/tiflonova.hr\/wp\/wp-content\/uploads\/2025\/07\/DianaTalkRoyal-216x300.jpg 216w, https:\/\/tiflonova.hr\/wp\/wp-content\/uploads\/2025\/07\/DianaTalkRoyal-736x1024.jpg 736w, https:\/\/tiflonova.hr\/wp\/wp-content\/uploads\/2025\/07\/DianaTalkRoyal-768x1069.jpg 768w, https:\/\/tiflonova.hr\/wp\/wp-content\/uploads\/2025\/07\/DianaTalkRoyal-1104x1536.jpg 1104w, https:\/\/tiflonova.hr\/wp\/wp-content\/uploads\/2025\/07\/DianaTalkRoyal-1472x2048.jpg 1472w, https:\/\/tiflonova.hr\/wp\/wp-content\/uploads\/2025\/07\/DianaTalkRoyal-scaled.jpg 1840w\" sizes=\"auto, (max-width: 216px) 100vw, 216px\" \/><\/p>\n<p>Ru\u010dni sat za slabovidne i slijepe osobe s broj\u010danikom u visokom kontrastu i prirodnim glasom<br \/>\nUniseks dizajn<br \/>\nPrecizan, elegantan, ko\u017eni remen<br \/>\nPrirodni glas, 10 jezika<br \/>\nAlpsko-bijela pozadina te lako \u010ditljive kazaljke i broj\u010danik<br \/>\nPromjer: 43 mm<br \/>\n<a href=\"https:\/\/tiflonova.hr\/wp\/?page_id=1043#content\">Op\u0161irnije&#8230;<\/a><\/p>\n<p>Cijena: 118,95 EUR<br \/>\n\u0160ifra za narud\u017ebu: 21001<br \/>\n<a href=\"https:\/\/tiflonova.hr\/wp\/?page_id=177#content\">Naru\u010dite sada&#8230;.<\/a><\/p>\n<hr \/>\n<h1><a href=\"https:\/\/tiflonova.hr\/wp\/?page_id=1043#content\">DianaTalks Prime veliki &#8211; govorno-taktilni ru\u010dni sat<\/a><\/h1>\n<p><img loading=\"lazy\" decoding=\"async\" class=\"alignnone size-medium wp-image-1060\" src=\"https:\/\/tiflonova.hr\/wp\/wp-content\/uploads\/2025\/07\/DianaTalkPrimeLarge-200x300.jpg\" alt=\"Diana Talk Prime Large\" width=\"200\" height=\"300\" srcset=\"https:\/\/tiflonova.hr\/wp\/wp-content\/uploads\/2025\/07\/DianaTalkPrimeLarge-200x300.jpg 200w, https:\/\/tiflonova.hr\/wp\/wp-content\/uploads\/2025\/07\/DianaTalkPrimeLarge-683x1024.jpg 683w, https:\/\/tiflonova.hr\/wp\/wp-content\/uploads\/2025\/07\/DianaTalkPrimeLarge-768x1152.jpg 768w, https:\/\/tiflonova.hr\/wp\/wp-content\/uploads\/2025\/07\/DianaTalkPrimeLarge-1024x1536.jpg 1024w, https:\/\/tiflonova.hr\/wp\/wp-content\/uploads\/2025\/07\/DianaTalkPrimeLarge-1366x2048.jpg 1366w, https:\/\/tiflonova.hr\/wp\/wp-content\/uploads\/2025\/07\/DianaTalkPrimeLarge-scaled.jpg 1707w\" sizes=\"auto, (max-width: 200px) 100vw, 200px\" \/><\/p>\n<p>Ru\u010dni sat za slabovidne i slijepe osobe s broj\u010danikom u visokom kontrastu i prirodnim glasom<br \/>\nUniseks dizajn<br \/>\nPrecizan, elegantno-moderan, ko\u017eni remen<br \/>\nPrirodni glas, 10 jezika<br \/>\nAlpsko-bijela pozadina te lako \u010ditljive kazaljke i broj\u010danik<br \/>\nPromjer: 37 mm<br \/>\n<a href=\"https:\/\/tiflonova.hr\/wp\/?page_id=1043#content\">Op\u0161irnije&#8230;<\/a><\/p>\n<p>Cijena: 118,95 EUR<br \/>\n\u0160ifra za narud\u017ebu: 21002<br \/>\n<a href=\"https:\/\/tiflonova.hr\/wp\/?page_id=177#content\">Naru\u010dite sada&#8230;.<\/a><\/p>\n<hr \/>\n<h1><a href=\"https:\/\/tiflonova.hr\/wp\/?page_id=1043#content\">DianaTalks Prime mali &#8211; govorno-taktilni ru\u010dni sat<\/a><\/h1>\n<p><img loading=\"lazy\" decoding=\"async\" class=\"alignnone size-medium wp-image-1061\" src=\"https:\/\/tiflonova.hr\/wp\/wp-content\/uploads\/2025\/07\/DianaTalkPrimeSmall-200x300.jpg\" alt=\"Diana Talk Prime Small\" width=\"200\" height=\"300\" srcset=\"https:\/\/tiflonova.hr\/wp\/wp-content\/uploads\/2025\/07\/DianaTalkPrimeSmall-200x300.jpg 200w, https:\/\/tiflonova.hr\/wp\/wp-content\/uploads\/2025\/07\/DianaTalkPrimeSmall-683x1024.jpg 683w, https:\/\/tiflonova.hr\/wp\/wp-content\/uploads\/2025\/07\/DianaTalkPrimeSmall-768x1152.jpg 768w, https:\/\/tiflonova.hr\/wp\/wp-content\/uploads\/2025\/07\/DianaTalkPrimeSmall-1024x1536.jpg 1024w, https:\/\/tiflonova.hr\/wp\/wp-content\/uploads\/2025\/07\/DianaTalkPrimeSmall-1366x2048.jpg 1366w, https:\/\/tiflonova.hr\/wp\/wp-content\/uploads\/2025\/07\/DianaTalkPrimeSmall-scaled.jpg 1707w\" sizes=\"auto, (max-width: 200px) 100vw, 200px\" \/><\/p>\n<p>Ru\u010dni sat za slabovidne i slijepe osobe s broj\u010danikom u visokom kontrastu i prirodnim glasom<br \/>\nUniseks dizajn<br \/>\nPrecizan, elegantan, ko\u017eni remen<br \/>\nPrirodni glas, 10 jezika<br \/>\nAlpsko-bijela pozadina te lako \u010ditljive kazaljke i broj\u010danik<br \/>\nPromjer: 33 mm<br \/>\n<a href=\"https:\/\/tiflonova.hr\/wp\/?page_id=1043#content\">Op\u0161irnije&#8230;<\/a><\/p>\n<p>Cijena: 118,95 EUR<br \/>\n\u0160ifra za narud\u017ebu: 21003<br \/>\n<a href=\"https:\/\/tiflonova.hr\/wp\/?page_id=177#content\">Naru\u010dite sada&#8230;.<\/a><\/p>\n<hr \/>\n<h1><a href=\"https:\/\/tiflonova.hr\/wp\/?page_id=293#content\">Zeitgeist &#8211; govorni d\u017eepni sat<\/a><\/h1>\n<p><img loading=\"lazy\" decoding=\"async\" class=\"alignnone wp-image-432\" src=\"https:\/\/tiflonova.hr\/wp\/wp-content\/uploads\/2025\/03\/zeitgeist1-300x225.jpg\" alt=\"Zeitgeist prikazan s prednje strane.\" width=\"316\" height=\"240\" \/><\/p>\n<p>Zeitgeist je precizni, inteligentni d\u017eepni sat s govornom funkcijom na hrvatskom jeziku i jednostavnim na\u010dinom rukovanja. Klasi\u010dni, elegantni dizajn.<br \/>\n<a href=\"https:\/\/tiflonova.hr\/wp\/?page_id=293#content\">Op\u0161irnije&#8230;<\/a><\/p>\n<p>Cijena: 142,50 EUR<br \/>\n\u0160ifra za narud\u017ebu: 21401<br \/>\n<a href=\"https:\/\/tiflonova.hr\/wp\/?page_id=177#content\">Naru\u010dite sada&#8230;.<\/a><\/p>\n<hr \/>\n<h1><a href=\"https:\/\/tiflonova.hr\/wp\/?page_id=291#content\">Zeitgeist 2 &#8211; precizni, multifunkcijski govorni d\u017eepni sat<\/a><\/h1>\n<p><img loading=\"lazy\" decoding=\"async\" class=\"alignnone wp-image-397\" src=\"https:\/\/tiflonova.hr\/wp\/wp-content\/uploads\/2025\/03\/Zeitgeist2-CoverPage-300x225.jpg\" alt=\"Zeitgeist 2 prednja strana.\" width=\"316\" height=\"240\" \/><\/p>\n<p>Zeitgeist 2 je napredna verzija Zeitgeista; govorni d\u017eepni sat s automatskom GPS sinkronizacijom vremena i raznim pametnim zna\u010dajkama. Dugotrajna, punjiva baterija.<br \/>\n<a href=\"https:\/\/tiflonova.hr\/wp\/?page_id=291#content\">Op\u0161irnije&#8230;<\/a><\/p>\n<p>Cijena: 269,99 EUR<br \/>\n\u0160ifra za narud\u017ebu: 21402<br \/>\n<a href=\"https:\/\/tiflonova.hr\/wp\/?page_id=177#content\">Naru\u010dite sada&#8230;.<\/a><\/p>\n<hr \/>\n<h1>Strujni adapter za Zeitgeist 2<\/h1>\n<p>Strujni adapter s kabelom za Zeitgeist 2. EU standard.<\/p>\n<p>Cijena: 30,00 EUR<br \/>\n\u0160ifra za narud\u017ebu: 21403<br \/>\n<a href=\"https:\/\/tiflonova.hr\/wp\/?page_id=177#content\">Naru\u010dite sada&#8230;.<\/a><\/p>\n<hr \/>\n<h3>Navigacija<\/h3>\n<ul>\n<li><a href=\"https:\/\/tiflonova.hr\/wp\/?page_id=280\">Povratak na po\u010detnu <strong>Web trgovina<\/strong><\/a><\/li>\n<\/ul>\n","protected":false},"excerpt":{"rendered":"<p>Govorni stolni sat budilica T22 (hrvatski jezik) Govorni sat i budilica na hrvatskom jeziku Posebno dizajniran za slabovidne i slijepe osobe Jednostavno i intuitivno kori\u0161tenje Ugodni prirodni glas Veliki prednji digitalni zaslon s uve\u0107anim prikazom to\u010dnog vremena i kalendara Op\u0161irnije&#8230; &hellip; <a href=\"https:\/\/tiflonova.hr\/wp\/?page_id=289\">Nastavi \u010ditati <span class=\"meta-nav\">&rarr;<\/span><\/a><\/p>\n","protected":false},"author":1,"featured_media":0,"parent":280,"menu_order":0,"comment_status":"closed","ping_status":"closed","template":"","meta":{"footnotes":""},"class_list":["post-289","page","type-page","status-publish","hentry"],"_links":{"self":[{"href":"https:\/\/tiflonova.hr\/wp\/index.php?rest_route=\/wp\/v2\/pages\/289","targetHints":{"allow":["GET"]}}],"collection":[{"href":"https:\/\/tiflonova.hr\/wp\/index.php?rest_route=\/wp\/v2\/pages"}],"about":[{"href":"https:\/\/tiflonova.hr\/wp\/index.php?rest_route=\/wp\/v2\/types\/page"}],"author":[{"embeddable":true,"href":"https:\/\/tiflonova.hr\/wp\/index.php?rest_route=\/wp\/v2\/users\/1"}],"replies":[{"embeddable":true,"href":"https:\/\/tiflonova.hr\/wp\/index.php?rest_route=%2Fwp%2Fv2%2Fcomments&post=289"}],"version-history":[{"count":18,"href":"https:\/\/tiflonova.hr\/wp\/index.php?rest_route=\/wp\/v2\/pages\/289\/revisions"}],"predecessor-version":[{"id":1314,"href":"https:\/\/tiflonova.hr\/wp\/index.php?rest_route=\/wp\/v2\/pages\/289\/revisions\/1314"}],"up":[{"embeddable":true,"href":"https:\/\/tiflonova.hr\/wp\/index.php?rest_route=\/wp\/v2\/pages\/280"}],"wp:attachment":[{"href":"https:\/\/tiflonova.hr\/wp\/index.php?rest_route=%2Fwp%2Fv2%2Fmedia&parent=289"}],"curies":[{"name":"wp","href":"https:\/\/api.w.org\/{rel}","templated":true}]}}