{"id":280,"date":"2025-12-08T12:11:09","date_gmt":"2025-12-08T11:11:09","guid":{"rendered":"https:\/\/tiflonova.hr\/wp\/?page_id=280"},"modified":"2025-12-08T12:28:31","modified_gmt":"2025-12-08T11:28:31","slug":"web-trgovina","status":"publish","type":"page","link":"https:\/\/tiflonova.hr\/wp\/?page_id=280","title":{"rendered":"Tiflonova trgovina"},"content":{"rendered":"<p>Ispod odaberite grupu, zatim proizvod, a potom otvorite poveznicu &quot;Naru\u010dite sada&quot;. Popunite obrazac za narud\u017ebu i na svoju e-mail adresu dobit \u0107ete plativu ponudu s podatcima za pla\u0107anje. Nakon izvr\u0161ene uplate, \u0161aljemo vam kupljeni proizvod.<\/p>\n<ul>\n<li><a title=\"Braji\u010dni elektroni\u010dki ure\u0111aji za \u010ditanje i pisanje\" href=\"https:\/\/tiflonova.hr\/wp\/?page_id=507#content\">Braji\u010dni elektroni\u010dki ure\u0111aji za \u010ditanje i pisanje<\/a><\/li>\n<li><a title=\"Braji\u010dni pisa\u010di i pribor\" href=\"https:\/\/tiflonova.hr\/wp\/?page_id=667#content\">Braji\u010dni pisa\u010di i pribor<\/a><\/li>\n<li><a title=\"Doma\u0107instvo\" href=\"https:\/\/tiflonova.hr\/wp\/?page_id=306#content\">Doma\u0107instvo<\/a><\/li>\n<li>Dugi bijeli \u0161tap za slijepe<\/li>\n<li><a title=\"Govorno-zvu\u010dni signalizatori - mobilitet\" href=\"https:\/\/tiflonova.hr\/wp\/?page_id=1129#content\">Govorno-zvu\u010dni signalizatori &#8211; mobilitet<\/a><\/li>\n<li><a title=\"Igra\u0107e karte\" href=\"https:\/\/tiflonova.hr\/wp\/?page_id=392#content\">Igra\u0107e karte<\/a><\/li>\n<li><a title=\"Kalkulatori\" href=\"https:\/\/tiflonova.hr\/wp\/?page_id=339#content\">Kalkulatori<\/a><\/li>\n<li><a title=\"Mobiteli s tipkovnicom i govornom funkcijom\" href=\"https:\/\/tiflonova.hr\/wp\/?page_id=534#content\">Mobiteli s tipkovnicom i govornom funkcijom<\/a><\/li>\n<li><a title=\"Ozna\u010diva\u010di predmeta i odje\u0107e\" href=\"https:\/\/tiflonova.hr\/wp\/?page_id=363#content\">Ozna\u010diva\u010di predmeta i odje\u0107e<\/a><\/li>\n<li><a title=\"Pomagala za pisanje, taktilno crtanje, papir i \u0161kolski pribor\" href=\"https:\/\/tiflonova.hr\/wp\/?page_id=357#content\">Pomagala za pisanje, taktilno crtanje, papir i \u0161kolski pribor<\/a><\/li>\n<li><a title=\"Pove\u0107ala za slabovidne\" href=\"https:\/\/tiflonova.hr\/wp\/?page_id=764#content\">Pove\u0107ala za slabovidne<\/a><\/li>\n<li><a title=\"Programska oprema (\u010dita\u010d zaslona, programsko pove\u0107alo, tekst u govor, obrada braji\u010dnog teksta, OCR rje\u0161enja)\" href=\"https:\/\/tiflonova.hr\/wp\/?page_id=380#content\">Programska oprema (\u010dita\u010d zaslona, programsko pove\u0107alo, tekst u govor, obrada braji\u010dnog teksta, OCR rje\u0161enja)<\/a><\/li>\n<li><a title=\"Ra\u010dunala i informati\u010dka oprema\" href=\"https:\/\/tiflonova.hr\/wp\/?page_id=376#content\">Ra\u010dunala i informati\u010dka oprema<\/a><\/li>\n<li><a title=\"Razli\u010dita pomagala\" href=\"https:\/\/tiflonova.hr\/wp\/?page_id=316#content\">Razli\u010dita pomagala<\/a><\/li>\n<li><a title=\"Reproduktori knjiga i pribor\" href=\"https:\/\/tiflonova.hr\/wp\/?page_id=303#content\">Reproduktori knjiga i pribor<\/a><\/li>\n<li><a title=\"Satovi i budilice\" href=\"https:\/\/tiflonova.hr\/wp\/?page_id=289#content\">Satovi i budilice<\/a><\/li>\n<li><a title=\"Zdravlje\" href=\"https:\/\/tiflonova.hr\/wp\/?page_id=282#content\">Zdravlje<\/a><\/li>\n<\/ul>\n<p>Proizvode koje nemamo u stalnoj ponudi nabavljamo na upit.<\/p>\n<p>Sigurna kupnja.<\/p>\n<p>Pomagala proizvode specijalizirane tvrtke iz cijelog svijeta za proizvodnju medicinskih proizvoda ili za razvoj tiflotehni\u010dkih pomagala.<\/p>\n<p>Za sve na\u0161e proizvode pru\u017eamo korisni\u010dku podr\u0161ku, poduku i odr\u017eavanje.<\/p>\n<p>Trebate pomo\u0107? Kontaktirajte nas putem <a href=\"https:\/\/tiflonova.hr\/wp\/?page_id=59#content\">kontakt obrasca.<\/a><\/p>\n<p><strong>Hvala \u0161to ste odabrali tvrtku Tiflonova d.o.o.!<\/strong><\/p>\n","protected":false},"excerpt":{"rendered":"<p>Ispod odaberite grupu, zatim proizvod, a potom otvorite poveznicu &quot;Naru\u010dite sada&quot;. Popunite obrazac za narud\u017ebu i na svoju e-mail adresu dobit \u0107ete plativu ponudu s podatcima za pla\u0107anje. Nakon izvr\u0161ene uplate, \u0161aljemo vam kupljeni proizvod. Braji\u010dni elektroni\u010dki ure\u0111aji za \u010ditanje &hellip; <a href=\"https:\/\/tiflonova.hr\/wp\/?page_id=280\">Nastavi \u010ditati <span class=\"meta-nav\">&rarr;<\/span><\/a><\/p>\n","protected":false},"author":1,"featured_media":0,"parent":0,"menu_order":0,"comment_status":"closed","ping_status":"closed","template":"","meta":{"footnotes":""},"class_list":["post-280","page","type-page","status-publish","hentry"],"_links":{"self":[{"href":"https:\/\/tiflonova.hr\/wp\/index.php?rest_route=\/wp\/v2\/pages\/280","targetHints":{"allow":["GET"]}}],"collection":[{"href":"https:\/\/tiflonova.hr\/wp\/index.php?rest_route=\/wp\/v2\/pages"}],"about":[{"href":"https:\/\/tiflonova.hr\/wp\/index.php?rest_route=\/wp\/v2\/types\/page"}],"author":[{"embeddable":true,"href":"https:\/\/tiflonova.hr\/wp\/index.php?rest_route=\/wp\/v2\/users\/1"}],"replies":[{"embeddable":true,"href":"https:\/\/tiflonova.hr\/wp\/index.php?rest_route=%2Fwp%2Fv2%2Fcomments&post=280"}],"version-history":[{"count":36,"href":"https:\/\/tiflonova.hr\/wp\/index.php?rest_route=\/wp\/v2\/pages\/280\/revisions"}],"predecessor-version":[{"id":1168,"href":"https:\/\/tiflonova.hr\/wp\/index.php?rest_route=\/wp\/v2\/pages\/280\/revisions\/1168"}],"wp:attachment":[{"href":"https:\/\/tiflonova.hr\/wp\/index.php?rest_route=%2Fwp%2Fv2%2Fmedia&parent=280"}],"curies":[{"name":"wp","href":"https:\/\/api.w.org\/{rel}","templated":true}]}}