{"id":203,"date":"2025-01-23T17:41:47","date_gmt":"2025-01-23T16:41:47","guid":{"rendered":"https:\/\/tiflonova.hr\/wp\/?page_id=203"},"modified":"2025-01-23T17:46:23","modified_gmt":"2025-01-23T16:46:23","slug":"about-us-english","status":"publish","type":"page","link":"https:\/\/tiflonova.hr\/wp\/?page_id=203","title":{"rendered":"About Us (english)"},"content":{"rendered":"<p>30 years of experience working with assistive technology for blind and visually impaired people: programming, assembly, translation, installation, support, maintenance, tailored solutions, consulting, and training.<\/p>\n<p>12 years of work in a family-owned company specializing in the development and sale of assistive technology.<\/p>\n<p>Over 20 years of hands-on experience in a Braille printing house \u2013 graphic design and production of Braille books, textbooks, publications, brochures, flyers, menus, invitations&#8230;<\/p>\n<p>We offer quality, reliability, and extensive experience.<\/p>\n<p>We look forward to collaborating with you!<br \/>\nTiflonova team<\/p>\n<hr>\n<h1>Impressum<\/h1>\n<p><strong>Company name and address:<\/strong><br \/>\nTIFLONOVA d. o. o.<br \/>\nKalni\u010dka 37<br \/>\n40000 \u010cakovec, Me\u0111imurska<br \/>\nHrvatska \/ Croatia (HR)<\/p>\n<p><strong>Tax data:<\/strong><br \/>\nOIB: 57181434917<br \/>\nMati\u010dni broj poslovnog subjekta: 06042228<br \/>\nPDV ID \/ WAT no.: HR57181434917<\/p>\n<p><strong>Transaction account:<\/strong><br \/>\nPrivredna banka Zagreb d. d.<br \/>\nValenta Morandinija 37, 40000 \u010cakovec, Hrvatska<br \/>\nIBAN: HR4823400091111306346<br \/>\nBIC\/SWIFT: PBZGHR2X<\/p>\n<p><strong>Contact data:<\/strong><br \/>\nTelefon, Viber, WhatsApp: +385 98 9563 510<br \/>\nE-mail: <a href=\"mailto:info@tiflonova.hr\">info@tiflonova.hr<\/a>, <a href=\"mailto:tiflonovadoo@gmail.com\">tiflonovadoo@gmail.com<\/a><br \/>\nInternet: <a href=\"https:\/\/tiflonova.hr\">www.tiflonova.hr<\/a><\/p>\n<p><strong>Full company data:<\/strong><br \/>\nTIFLONOVA dru\u0161tvo s ograni\u010denom odgovorno\u0161\u0107u za trgovinu, usluge i proizvodnju<br \/>\nLegal form: Limited Liability Company<br \/>\nTrgova\u010dki sud u Vara\u017edinu: Tt-24\/4661-2<br \/>\nMBS: 070213223<\/p>\n<p>EUID: HRSR.070213223<\/p>\n<p>Activities Code according to NKD: 47.91 Retail Save over mail or internet<\/p>\n<p>Share capital: \u20ac 2500.00 paid in full<\/p>\n<p>Board members: Zlatko Sobo\u010dan, <a href=\"mailto:zlatko.sobocan@tiflonova.hr\">zlatko.sobocan@tiflonova.hr<\/a><\/p>\n","protected":false},"excerpt":{"rendered":"<p>30 years of experience working with assistive technology for blind and visually impaired people: programming, assembly, translation, installation, support, maintenance, tailored solutions, consulting, and training. 12 years of work in a family-owned company specializing in the development and sale of &hellip; <a href=\"https:\/\/tiflonova.hr\/wp\/?page_id=203\">Nastavi \u010ditati <span class=\"meta-nav\">&rarr;<\/span><\/a><\/p>\n","protected":false},"author":1,"featured_media":0,"parent":60,"menu_order":0,"comment_status":"closed","ping_status":"closed","template":"","meta":{"footnotes":""},"class_list":["post-203","page","type-page","status-publish","hentry"],"_links":{"self":[{"href":"https:\/\/tiflonova.hr\/wp\/index.php?rest_route=\/wp\/v2\/pages\/203","targetHints":{"allow":["GET"]}}],"collection":[{"href":"https:\/\/tiflonova.hr\/wp\/index.php?rest_route=\/wp\/v2\/pages"}],"about":[{"href":"https:\/\/tiflonova.hr\/wp\/index.php?rest_route=\/wp\/v2\/types\/page"}],"author":[{"embeddable":true,"href":"https:\/\/tiflonova.hr\/wp\/index.php?rest_route=\/wp\/v2\/users\/1"}],"replies":[{"embeddable":true,"href":"https:\/\/tiflonova.hr\/wp\/index.php?rest_route=%2Fwp%2Fv2%2Fcomments&post=203"}],"version-history":[{"count":2,"href":"https:\/\/tiflonova.hr\/wp\/index.php?rest_route=\/wp\/v2\/pages\/203\/revisions"}],"predecessor-version":[{"id":205,"href":"https:\/\/tiflonova.hr\/wp\/index.php?rest_route=\/wp\/v2\/pages\/203\/revisions\/205"}],"up":[{"embeddable":true,"href":"https:\/\/tiflonova.hr\/wp\/index.php?rest_route=\/wp\/v2\/pages\/60"}],"wp:attachment":[{"href":"https:\/\/tiflonova.hr\/wp\/index.php?rest_route=%2Fwp%2Fv2%2Fmedia&parent=203"}],"curies":[{"name":"wp","href":"https:\/\/api.w.org\/{rel}","templated":true}]}}