{"id":177,"date":"2025-01-22T10:24:14","date_gmt":"2025-01-22T09:24:14","guid":{"rendered":"https:\/\/tiflonova.hr\/wp\/?page_id=177"},"modified":"2025-02-17T12:00:54","modified_gmt":"2025-02-17T11:00:54","slug":"narudzba","status":"publish","type":"page","link":"https:\/\/tiflonova.hr\/wp\/?page_id=177","title":{"rendered":"Narud\u017eba"},"content":{"rendered":"<p>Popunite sljede\u0107i obrazac da biste naru\u010dili proizvod ili uslugu tvrtke Tiflonova d.o.o., a mi \u0107emo na Va\u0161u e-adresu poslati ponudu za pla\u0107anje.<\/p>\n\n\n<!-- Fast Secure Contact Form plugin 4.0.52 - begin - FastSecureContactForm.com -->\r\n<div style=\"clear:both;\"><\/div>\n<h1>Obrazac za narud\u017ebu<\/h1>\r\n<div id=\"FSContact1\" style=\"width:99%; max-width:555px;\">\r\n<form action=\"https:\/\/tiflonova.hr\/wp\/index.php?rest_route=%2Fwp%2Fv2%2Fpages%2F177#FSContact1\" id=\"fscf_form1\" method=\"post\">\r\n\n<div id=\"fscf_required1\">\n  <span style=\"text-align:left;\">\u00a0(obavezno)<\/span> <span style=\"text-align:left;\">\u00a0ozna\u010dava polje koje mora biti popunjeno.<\/span>\n<\/div>\n\n\n<div id=\"fscf_div_clear1_0\" style=\"clear:both;\">\n  <div id=\"fscf_div_field1_0\" style=\"clear:left; float:left; width:99%; max-width:550px; margin-right:10px;\">\n\n    <div style=\"clear:both;\"><\/div>\n<h2>Osobni podatci<\/h2>\n\r\n    <div style=\"text-align:left; padding-top:5px;\">\n      <label style=\"text-align:left;\" for=\"fscf_f_name1\">Va\u0161e ime:<span style=\"text-align:left;\">\u00a0(obavezno)<\/span><\/label>\n    <\/div>\r\n    <div style=\"text-align:left;\">\r\n\t  <input style=\"text-align:left; margin:0; width:99%; max-width:250px;\" type=\"text\" id=\"fscf_f_name1\" name=\"f_name\" value=\"\"  \/>\r\n    <\/div>\r\n    <div style=\"text-align:left; padding-top:5px;\">\n      <label style=\"text-align:left;\" for=\"fscf_l_name1\">Prezime:<span style=\"text-align:left;\">\u00a0(obavezno)<\/span><\/label>\n    <\/div>\r\n    <div style=\"text-align:left;\">\r\n\t  <input style=\"text-align:left; margin:0; width:99%; max-width:250px;\" type=\"text\" id=\"fscf_l_name1\" name=\"l_name\" value=\"\"  \/>\r\n    <\/div>\r\n  <\/div>\n<\/div>\n\n<div id=\"fscf_div_clear1_1\" style=\"clear:both;\">\n  <div id=\"fscf_div_field1_1\" style=\"clear:left; float:left; width:99%; max-width:550px; margin-right:10px;\">\n    <div style=\"text-align:left; padding-top:5px;\">\n      <label style=\"text-align:left;\" for=\"fscf_email1\">Va\u0161a adresa e-po\u0161te:<span style=\"text-align:left;\">\u00a0(obavezno)<\/span><\/label>\n    <\/div>\n    <div style=\"text-align:left;\">\n      <input style=\"text-align:left; margin:0; width:99%; max-width:250px;\" type=\"text\" id=\"fscf_email1\" name=\"email\" value=\"\"  \/>\n    <\/div>\n  <\/div>\n<\/div>\n\n<div id=\"fscf_div_clear1_6\" style=\"clear:both;\">\n  <div id=\"fscf_div_field1_6\" style=\"clear:left; float:left; width:99%; max-width:550px; margin-right:10px;\">\n    <div  id=\"fscf_label1_6\" style=\"text-align:left; padding-top:5px;\">\r\n      <label style=\"text-align:left;\" for=\"fscf_field1_6\">Ulica i ku\u0107ni broj:<span style=\"text-align:left;\">\u00a0(obavezno)<\/span><\/label>\n    <\/div>\n    <div style=\"text-align:left;\">\n      <input style=\"text-align:left; margin:0; width:99%; max-width:250px;\" type=\"text\" id=\"fscf_field1_6\" name=\"adresa\" value=\"\"  maxlength=\"30\" \/>\n    <\/div>\n  <\/div>\n<\/div>\n\n<div id=\"fscf_div_clear1_7\" style=\"clear:both;\">\n  <div id=\"fscf_div_field1_7\" style=\"clear:left; float:left; width:99%; max-width:550px; margin-right:10px;\">\n    <div  id=\"fscf_label1_7\" style=\"text-align:left; padding-top:5px;\">\r\n      <label style=\"text-align:left;\" for=\"fscf_field1_7\">Po\u0161tanski broj i mjesto:<span style=\"text-align:left;\">\u00a0(obavezno)<\/span><\/label>\n    <\/div>\n    <div style=\"text-align:left;\">\n      <input style=\"text-align:left; margin:0; width:99%; max-width:250px;\" type=\"text\" id=\"fscf_field1_7\" name=\"postanski-broj-i-mjesto\" value=\"\"  maxlength=\"30\" \/>\n    <\/div>\n  <\/div>\n<\/div>\n\n<div id=\"fscf_div_clear1_9\" style=\"clear:both;\">\n  <div id=\"fscf_div_field1_9\" style=\"clear:left; float:left; width:99%; max-width:550px; margin-right:10px;\">\n    <div  id=\"fscf_label1_9\" style=\"text-align:left; padding-top:5px;\">\r\n      <label style=\"text-align:left;\" for=\"fscf_field1_9\">Telefon:<\/label>\n    <\/div>\n    <div style=\"text-align:left;\">\n      <input style=\"text-align:left; margin:0; width:99%; max-width:250px;\" type=\"text\" id=\"fscf_field1_9\" name=\"telefon\" value=\"\"  maxlength=\"30\" \/>\n    <\/div>\n  <\/div>\n<\/div>\n\n<div id=\"fscf_div_clear1_10\" style=\"clear:both;\">\n  <div id=\"fscf_div_field1_10\" style=\"clear:left; float:left; width:99%; max-width:550px; margin-right:10px;\">\n\n    <div style=\"clear:both;\"><\/div>\n<h2>Podatci o proizvodu ili usluzi<\/h2>\n\n    <div  id=\"fscf_label1_10\" style=\"text-align:left; padding-top:5px;\">\r\n      <label style=\"text-align:left;\" for=\"fscf_field1_10\">\u0160ifra za narud\u017ebu ili naziv:<span style=\"text-align:left;\">\u00a0(obavezno)<\/span><\/label>\n    <\/div>\n    <div style=\"text-align:left;\">\n      <input style=\"text-align:left; margin:0; width:99%; max-width:250px;\" type=\"text\" id=\"fscf_field1_10\" name=\"sifra-ili-naziv\" value=\"\"  maxlength=\"50\" \/>\n    <\/div>\n  <\/div>\n<\/div>\n\n<div id=\"fscf_div_clear1_11\" style=\"clear:both;\">\n  <div id=\"fscf_div_field1_11\" style=\"clear:left; float:left; width:99%; max-width:550px; margin-right:10px;\">\n    <div  id=\"fscf_label1_11\" style=\"text-align:left; padding-top:5px;\">\r\n      <label style=\"text-align:left;\" for=\"fscf_field1_11\">Koli\u010dina:<span style=\"text-align:left;\">\u00a0(obavezno)<\/span><\/label>\n    <\/div>\n    <div style=\"text-align:left;\">\n      <input style=\"text-align:left; margin:0; width:99%; max-width:250px;\" type=\"text\" id=\"fscf_field1_11\" name=\"kolicina\" value=\"1\"  maxlength=\"3\" \/>\n    <\/div>\n  <\/div>\n<\/div>\n\n<div id=\"fscf_div_clear1_12\" style=\"clear:both;\">\n  <div id=\"fscf_div_field1_12\" style=\"clear:left; float:left; width:99%; max-width:550px; margin-right:10px;\">\n    <div  id=\"fscf_label1_12\" style=\"text-align:left; padding-top:5px;\">\r\n      <label style=\"text-align:left;\" for=\"fscf_field1_12\">Odaberite na\u010din pla\u0107anja:<span style=\"text-align:left;\">\u00a0(obavezno)<\/span><\/label>\n    <\/div>\n    <div style=\"text-align:left;\">\n      <select style=\"text-align:left;\" id=\"fscf_field1_12\" name=\"nacin-placanja[]\">\n        <option value=\"1\" selected=\"selected\">Pouze\u0107em \/ otkupninom<\/option>\n        <option value=\"2\">Po plativoj ponudi\/predra\u010dunu<\/option>\n      <\/select>\n    <\/div>\n  <\/div>\n<\/div>\n\n<div id=\"fscf_div_clear1_13\" style=\"clear:both;\">\n  <div id=\"fscf_div_field1_13\" style=\"clear:left; float:left; width:99%; max-width:550px; margin-right:10px;\">\n    <div  id=\"fscf_label1_13\" style=\"text-align:left; padding-top:5px;\">\r\n      <label style=\"text-align:left;\" for=\"fscf_field1_13\">Na\u010din dostave:<\/label>\n    <\/div>\n    <div style=\"text-align:left;\">\n      <select style=\"text-align:left;\" id=\"fscf_field1_13\" name=\"nacin-dostave[]\">\n        <option value=\"1\">Dostava na adresu<\/option>\n        <option value=\"2\">Dostava na HP paketomat<\/option>\n      <\/select>\n    <\/div>\n  <\/div>\n<\/div>\n\n<div id=\"fscf_div_clear1_14\" style=\"clear:both;\">\n  <div id=\"fscf_div_field1_14\" style=\"clear:left; float:left; width:99%; max-width:550px; margin-right:10px;\">\n    <div  id=\"fscf_label1_14\" style=\"text-align:left; padding-top:5px;\">\r\n      <label style=\"text-align:left;\" for=\"fscf_field1_14\">Poruka:<\/label>\n    <\/div>\n    <div style=\"text-align:left;\">\n      <textarea style=\"text-align:left; margin:0; width:99%; max-width:250px; height:120px;\" id=\"fscf_field1_14\" name=\"poruka\" cols=\"30\" rows=\"10\" ><\/textarea>\n    <\/div>\n  <\/div>\n<\/div>\n\n<div id=\"fscf_div_clear1_15\" style=\"clear:both;\">\n  <div id=\"fscf_div_field1_15\" style=\"clear:left; float:left; width:99%; max-width:550px; margin-right:10px;\">\n    <div  id=\"fscf_label1_15\" style=\"text-align:left; padding-top:5px;\">\r\n      <label style=\"text-align:left;\" for=\"fscf_field1_15\">Za\u0161tita osobnih podataka<span style=\"text-align:left;\">\u00a0(obavezno)<\/span><\/label>\n    <\/div>\n    <div style=\"text-align:left;\">\n      <span><input type=\"radio\" style=\"width:13px;\" id=\"fscf_field1_15_1\" name=\"zastita_osobnih_podataka01\" value=\"1\" \/> <label style=\"display:inline;\" for=\"fscf_field1_15_1\">Da, sla\u017eem se da podatke koje sam utipkao\/la u obrazac poduze\u0107e Tiflonova d.o.o. koristi za obradu zahtjeva i da me kontaktira ako je potrebno<\/label><\/span><br \/>\n      <span><input type=\"radio\" style=\"width:13px;\" id=\"fscf_field1_15_2\" name=\"zastita_osobnih_podataka01\" value=\"2\" \/> <label style=\"display:inline;\" for=\"fscf_field1_15_2\">Ne sla\u017eem se (va\u0161 se zahtjev ne\u0107e mo\u0107i obraditi jer \u0107e podatci, koje ste utipkali, biti obrisani)<\/label><\/span>\n    <\/div>\n\n    <div style=\"clear:both;\"><\/div>\n<strong>Napomena:<\/strong><br \/>\r\nSvi prikupljeni podaci bit \u0107e upotrijebljeni da bismo obradili va\u0161 zahtjev u skladu s <a href=\"https:\/\/tiflonova.hr\/wp\/?page_id=3#content\">pravilima privatnosti<\/a> i ne\u0107e biti kori\u0161teni ni u koje druge svrhe.\n\n  <\/div>\n<\/div>\r\n<div style=\"clear:both;\"><\/div>\n\n<div id=\"fscf_submit_div1\" style=\"text-align:left; clear:both; padding-top:15px;\">\r\n\t\t<input type=\"submit\" id=\"fscf_submit1\" style=\"cursor:pointer; margin:0;\" value=\"Po\u0161alji\"  onclick=\"this.disabled=true; this.value='Slanje...'; this.form.submit();\" \/> \n<\/div>\n\n<input type=\"hidden\" name=\"fscf_submitted\" value=\"0\" \/>\n<input type=\"hidden\" name=\"fs_postonce_1\" value=\"1264096a3788ac3b50f636d9c1af157c,1777275654\" \/>\n<input type=\"hidden\" name=\"si_contact_action\" value=\"send\" \/>\n<input type=\"hidden\" name=\"form_id\" value=\"1\" \/>\n<input type=\"hidden\" name=\"mailto_id\" value=\"1\" \/>\n\n<\/form>\n<\/div>\r\n<div style=\"clear:both;\"><\/div>\n\n<!-- Fast Secure Contact Form plugin 4.0.52 - end - FastSecureContactForm.com -->\n\n<hr>\n<p>Ili, po\u0161aljite poruku na e-adresu <a href=\"mailto:info@tiflonova.hr\">info@tiflonova.hr<\/a> s podatcima:<\/p>\n<p>\u0161ifra za narud\u017ebu ili naziv proizvoda \/ usluge<br \/>\nkoli\u010dina<br \/>\nva\u0161e puno ime i prezime, ulica i ku\u0107ni broj, po\u0161tanski broj i mjesto<br \/>\nbroj telefona ili mobitela<br \/>\nOIB ako ste tvrtka<br \/>\ninformaciju o na\u010dinu dostave po\u0161iljke ukoliko ne \u017eelite koristiti uslugu Dostava na adresu.<\/p>\n<hr>\n<p>Tijekom radnog dana, ili prvi sljede\u0107i radni dan, poslat \u0107emo Vam ponudu i ostale informacije koje ste zatra\u017eili.<\/p>\n<p>Ponuda sadr\u017ei naziv i cijenu proizvoda ili naziv usluge, cijenu dodatnih tro\u0161kova ukoliko istih ima i podatke za pla\u0107anje (naziv banke, IBAN&#8230;).<\/p>\n<p>Cijena navedena u ponudi puna je cijena za platiti i sadr\u017ei PDV.<\/p>\n<p>Nakon Va\u0161e izvr\u0161ene uplate, kupljeni proizvod \u0161aljemo na nazna\u010denu adresu. Uz proizvod dobit \u0107ete ra\u010dun. Ukoliko u po\u0161iljci nema ra\u010duna, obavezno nas kontaktirajte i zatra\u017eite ga.<\/p>\n<p>Do podmirenja ra\u010duna u cijelosti, proizvod je vlasni\u0161tvo tvrtke Tiflonova d.o.o. <\/p>\n<p>Ako za na\u010din pla\u0107anja odaberete:<\/p>\n<ul>\n<li>pouze\u0107em \/ otkupninom &#8211; onda Vam mi odmah \u0161aljemo naru\u010deni proizvod, a vi ga pla\u0107ate po\u0161taru ili dostavlja\u010du prilikom preuzimanja paketa<\/li>\n<li>po plativoj ponudi &#8211; onda mi na Va\u0161u e-mail adresu u privitku \u0161aljemo ponudu u PDF obliku, a Vi ju pla\u0107ate u banci, internet bankarstvom i sl. Nakon primitka uplate, \u0161aljemo Vam kupljeni proizvod.<\/li>\n<\/ul>\n<p>Naru\u010deni proizvod dostavit \u0107emo na na\u010din opisan u <a href=\"https:\/\/tiflonova.hr\/wp\/?page_id=154#content\">Informacije o dostavi.<\/a><\/p>\n<p>Ukoliko \u017eelite kupljeni proizvod poslati na neko drugo adresu, tada uz svoje podatke, u tijelu poruke navedite adresu primatelja. Mo\u017eete dodati i prigodnu poruku koju \u0107emo prilo\u017eiti u po\u0161iljku.<\/p>\n<p>Potrebno vam je vi\u0161e informacija? Nazovite nas ili po\u0161aljite e-mail poruku.<\/p>\n","protected":false},"excerpt":{"rendered":"<p>Popunite sljede\u0107i obrazac da biste naru\u010dili proizvod ili uslugu tvrtke Tiflonova d.o.o., a mi \u0107emo na Va\u0161u e-adresu poslati ponudu za pla\u0107anje. Ili, po\u0161aljite poruku na e-adresu info@tiflonova.hr s podatcima: \u0161ifra za narud\u017ebu ili naziv proizvoda \/ usluge koli\u010dina va\u0161e &hellip; <a href=\"https:\/\/tiflonova.hr\/wp\/?page_id=177\">Nastavi \u010ditati <span class=\"meta-nav\">&rarr;<\/span><\/a><\/p>\n","protected":false},"author":1,"featured_media":0,"parent":280,"menu_order":0,"comment_status":"closed","ping_status":"closed","template":"","meta":{"footnotes":""},"class_list":["post-177","page","type-page","status-publish","hentry"],"_links":{"self":[{"href":"https:\/\/tiflonova.hr\/wp\/index.php?rest_route=\/wp\/v2\/pages\/177","targetHints":{"allow":["GET"]}}],"collection":[{"href":"https:\/\/tiflonova.hr\/wp\/index.php?rest_route=\/wp\/v2\/pages"}],"about":[{"href":"https:\/\/tiflonova.hr\/wp\/index.php?rest_route=\/wp\/v2\/types\/page"}],"author":[{"embeddable":true,"href":"https:\/\/tiflonova.hr\/wp\/index.php?rest_route=\/wp\/v2\/users\/1"}],"replies":[{"embeddable":true,"href":"https:\/\/tiflonova.hr\/wp\/index.php?rest_route=%2Fwp%2Fv2%2Fcomments&post=177"}],"version-history":[{"count":2,"href":"https:\/\/tiflonova.hr\/wp\/index.php?rest_route=\/wp\/v2\/pages\/177\/revisions"}],"predecessor-version":[{"id":179,"href":"https:\/\/tiflonova.hr\/wp\/index.php?rest_route=\/wp\/v2\/pages\/177\/revisions\/179"}],"up":[{"embeddable":true,"href":"https:\/\/tiflonova.hr\/wp\/index.php?rest_route=\/wp\/v2\/pages\/280"}],"wp:attachment":[{"href":"https:\/\/tiflonova.hr\/wp\/index.php?rest_route=%2Fwp%2Fv2%2Fmedia&parent=177"}],"curies":[{"name":"wp","href":"https:\/\/api.w.org\/{rel}","templated":true}]}}