{"id":167,"date":"2025-01-22T11:02:11","date_gmt":"2025-01-22T10:02:11","guid":{"rendered":"https:\/\/tiflonova.hr\/wp\/?page_id=167"},"modified":"2025-01-23T18:55:54","modified_gmt":"2025-01-23T17:55:54","slug":"korisnicka-podrska","status":"publish","type":"page","link":"https:\/\/tiflonova.hr\/wp\/?page_id=167","title":{"rendered":"Korisni\u010dka podr\u0161ka"},"content":{"rendered":"<p>Zahtjevi za korisni\u010dku podr\u0161ku podnose se isklju\u010divo putem ovog obrasca.<\/p>\n\n\n<!-- Fast Secure Contact Form plugin 4.0.52 - begin - FastSecureContactForm.com -->\r\n<div style=\"clear:both;\"><\/div>\n<h1>Obrazac za korisni\u010dku podr\u0161ku<\/h1>\r\n<div id=\"FSContact4\" style=\"width:99%; max-width:555px;\">\r\n<form action=\"https:\/\/tiflonova.hr\/wp\/index.php?rest_route=%2Fwp%2Fv2%2Fpages%2F167#FSContact4\" id=\"fscf_form4\" method=\"post\">\r\n\n<div id=\"fscf_required4\">\n  <span style=\"text-align:left;\">\u00a0(obavezno)<\/span> <span style=\"text-align:left;\">\u00a0ozna\u010dava polje koje mora biti popunjeno.<\/span>\n<\/div>\n\n\n<div id=\"fscf_div_clear4_0\" style=\"clear:both;\">\n  <div id=\"fscf_div_field4_0\" style=\"clear:left; float:left; width:99%; max-width:550px; margin-right:10px;\">\n\n    <div style=\"clear:both;\"><\/div>\n<h2>Osobni podatci<\/h2>\n\r\n    <div style=\"text-align:left; padding-top:5px;\">\n      <label style=\"text-align:left;\" for=\"fscf_f_name4\">Va\u0161e ime:<span style=\"text-align:left;\">\u00a0(obavezno)<\/span><\/label>\n    <\/div>\r\n    <div style=\"text-align:left;\">\r\n\t  <input style=\"text-align:left; margin:0; width:99%; max-width:250px;\" type=\"text\" id=\"fscf_f_name4\" name=\"f_name\" value=\"\"  \/>\r\n    <\/div>\r\n    <div style=\"text-align:left; padding-top:5px;\">\n      <label style=\"text-align:left;\" for=\"fscf_l_name4\">Prezime:<span style=\"text-align:left;\">\u00a0(obavezno)<\/span><\/label>\n    <\/div>\r\n    <div style=\"text-align:left;\">\r\n\t  <input style=\"text-align:left; margin:0; width:99%; max-width:250px;\" type=\"text\" id=\"fscf_l_name4\" name=\"l_name\" value=\"\"  \/>\r\n    <\/div>\r\n  <\/div>\n<\/div>\n\n<div id=\"fscf_div_clear4_1\" style=\"clear:both;\">\n  <div id=\"fscf_div_field4_1\" style=\"clear:left; float:left; width:99%; max-width:550px; margin-right:10px;\">\n    <div style=\"text-align:left; padding-top:5px;\">\n      <label style=\"text-align:left;\" for=\"fscf_email4\">Va\u0161a adresa e-po\u0161te:<span style=\"text-align:left;\">\u00a0(obavezno)<\/span><\/label>\n    <\/div>\n    <div style=\"text-align:left;\">\n      <input style=\"text-align:left; margin:0; width:99%; max-width:250px;\" type=\"text\" id=\"fscf_email4\" name=\"email\" value=\"\"  \/>\n    <\/div>\n  <\/div>\n<\/div>\n\n<div id=\"fscf_div_clear4_9\" style=\"clear:both;\">\n  <div id=\"fscf_div_field4_9\" style=\"clear:left; float:left; width:99%; max-width:550px; margin-right:10px;\">\n    <div  id=\"fscf_label4_9\" style=\"text-align:left; padding-top:5px;\">\r\n      <label style=\"text-align:left;\" for=\"fscf_field4_9\">Telefon:<\/label>\n    <\/div>\n    <div style=\"text-align:left;\">\n      <input style=\"text-align:left; margin:0; width:99%; max-width:250px;\" type=\"text\" id=\"fscf_field4_9\" name=\"telefon\" value=\"\"  maxlength=\"30\" \/>\n    <\/div>\n  <\/div>\n<\/div>\n\n<div id=\"fscf_div_clear4_10\" style=\"clear:both;\">\n  <div id=\"fscf_div_field4_10\" style=\"clear:left; float:left; width:99%; max-width:550px; margin-right:10px;\">\n\n    <div style=\"clear:both;\"><\/div>\n<h2>Podatci o proizvodu<\/h2>\n\n    <div  id=\"fscf_label4_10\" style=\"text-align:left; padding-top:5px;\">\r\n      <label style=\"text-align:left;\" for=\"fscf_field4_10\">\u0160ifra ili naziv:<span style=\"text-align:left;\">\u00a0(obavezno)<\/span><\/label>\n    <\/div>\n    <div style=\"text-align:left;\">\n      <input style=\"text-align:left; margin:0; width:99%; max-width:250px;\" type=\"text\" id=\"fscf_field4_10\" name=\"sifra-ili-naziv\" value=\"\"  maxlength=\"50\" \/>\n    <\/div>\n  <\/div>\n<\/div>\n\n<div id=\"fscf_div_clear4_11\" style=\"clear:both;\">\n  <div id=\"fscf_div_field4_11\" style=\"clear:left; float:left; width:99%; max-width:550px; margin-right:10px;\">\n    <div  id=\"fscf_label4_11\" style=\"text-align:left; padding-top:5px;\">\r\n      <label style=\"text-align:left;\" for=\"fscf_field4_11\">Broj ra\u010duna:<span style=\"text-align:left;\">\u00a0(obavezno)<\/span><\/label>\n    <\/div>\n    <div style=\"text-align:left;\">\n      <input style=\"text-align:left; margin:0; width:99%; max-width:250px;\" type=\"text\" id=\"fscf_field4_11\" name=\"broj_racuna\" value=\"\"  maxlength=\"30\" \/>\n    <\/div>\n  <\/div>\n<\/div>\n\n<div id=\"fscf_div_clear4_14\" style=\"clear:both;\">\n  <div id=\"fscf_div_field4_14\" style=\"clear:left; float:left; width:99%; max-width:550px; margin-right:10px;\">\n    <div  id=\"fscf_label4_14\" style=\"text-align:left; padding-top:5px;\">\r\n      <label style=\"text-align:left;\" for=\"fscf_field4_14\">Opis problema:<span style=\"text-align:left;\">\u00a0(obavezno)<\/span><\/label>\n    <\/div>\n    <div style=\"text-align:left;\">\n      <textarea style=\"text-align:left; margin:0; width:99%; max-width:250px; height:120px;\" id=\"fscf_field4_14\" name=\"opis_problema\" cols=\"30\" rows=\"10\" ><\/textarea>\n    <\/div>\n  <\/div>\n<\/div>\n\n<div id=\"fscf_div_clear4_15\" style=\"clear:both;\">\n  <div id=\"fscf_div_field4_15\" style=\"clear:left; float:left; width:99%; max-width:550px; margin-right:10px;\">\n    <div  id=\"fscf_label4_15\" style=\"text-align:left; padding-top:5px;\">\r\n      <label style=\"text-align:left;\" for=\"fscf_field4_15\">Za\u0161tita osobnih podataka<span style=\"text-align:left;\">\u00a0(obavezno)<\/span><\/label>\n    <\/div>\n    <div style=\"text-align:left;\">\n      <span><input type=\"radio\" style=\"width:13px;\" id=\"fscf_field4_15_1\" name=\"zastita_osobnih_podataka01\" value=\"1\" \/> <label style=\"display:inline;\" for=\"fscf_field4_15_1\">Da, sla\u017eem se da podatke koje sam utipkao\/la u obrazac poduze\u0107e Tiflonova d.o.o. koristi za obradu zahtjeva i da me kontaktira ako je potrebno<\/label><\/span><br \/>\n      <span><input type=\"radio\" style=\"width:13px;\" id=\"fscf_field4_15_2\" name=\"zastita_osobnih_podataka01\" value=\"2\" \/> <label style=\"display:inline;\" for=\"fscf_field4_15_2\">Ne sla\u017eem se (va\u0161 se zahtjev ne\u0107e mo\u0107i obraditi jer \u0107e podatci, koje ste utipkali, biti obrisani)<\/label><\/span>\n    <\/div>\n\n    <div style=\"clear:both;\"><\/div>\n<strong>Napomena:<\/strong><br \/>\r\nSvi prikupljeni podaci bit \u0107e upotrijebljeni da bismo obradili va\u0161 zahtjev u skladu s <a href=\"https:\/\/tiflonova.hr\/wp\/?page_id=3#content\">pravilima privatnosti<\/a> i ne\u0107e biti kori\u0161teni ni u koje druge svrhe.\n\n  <\/div>\n<\/div>\r\n<div style=\"clear:both;\"><\/div>\n\n<div id=\"fscf_submit_div4\" style=\"text-align:left; clear:both; padding-top:15px;\">\r\n\t\t<input type=\"submit\" id=\"fscf_submit4\" style=\"cursor:pointer; margin:0;\" value=\"Po\u0161alji\"  onclick=\"this.disabled=true; this.value='Slanje...'; this.form.submit();\" \/> \n<\/div>\n\n<input type=\"hidden\" name=\"fscf_submitted\" value=\"0\" \/>\n<input type=\"hidden\" name=\"fs_postonce_4\" value=\"909f6e22dfbb04ff8c41e96ee83e34a1,1777275628\" \/>\n<input type=\"hidden\" name=\"si_contact_action\" value=\"send\" \/>\n<input type=\"hidden\" name=\"form_id\" value=\"4\" \/>\n<input type=\"hidden\" name=\"mailto_id\" value=\"1\" \/>\n\n<\/form>\n<\/div>\r\n<div style=\"clear:both;\"><\/div>\n\n<!-- Fast Secure Contact Form plugin 4.0.52 - end - FastSecureContactForm.com -->\n\n<hr>\n<p>Ili, po\u0161aljite svoje podatke i opis problema na adresu elektroni\u010dke po\u0161te: <a href=\"mailto:info@tiflonova.hr\">info@tiflonova.hr<\/a><\/p>\n<p>Vjerujemo da je e-mail podr\u0161ka znatno efikasnija od podr\u0161ke putem telefona.<\/p>\n<p>Molimo, kod slanja upita slu\u017ebi za podr\u0161ku navedite to\u010dan naziv \/ \u0161ifru proizvoda. Zatim navedite broj ra\u010duna pod kojim je proizvod kupljen i datum kupnje (nalazi se na ra\u010dunu i jamstvenom listu). Problem koji se javlja opi\u0161ite sa \u0161to vi\u0161e pojedinosti.<\/p>\n<ul>\n<li><a href=\"https:\/\/tiflonova.hr\/wp\/?page_id=209#content\">Informacije o radnom vremenu<\/a><\/li>\n<\/ul>\n","protected":false},"excerpt":{"rendered":"<p>Zahtjevi za korisni\u010dku podr\u0161ku podnose se isklju\u010divo putem ovog obrasca. Ili, po\u0161aljite svoje podatke i opis problema na adresu elektroni\u010dke po\u0161te: info@tiflonova.hr Vjerujemo da je e-mail podr\u0161ka znatno efikasnija od podr\u0161ke putem telefona. Molimo, kod slanja upita slu\u017ebi za podr\u0161ku &hellip; <a href=\"https:\/\/tiflonova.hr\/wp\/?page_id=167\">Nastavi \u010ditati <span class=\"meta-nav\">&rarr;<\/span><\/a><\/p>\n","protected":false},"author":1,"featured_media":0,"parent":60,"menu_order":0,"comment_status":"closed","ping_status":"closed","template":"","meta":{"footnotes":""},"class_list":["post-167","page","type-page","status-publish","hentry"],"_links":{"self":[{"href":"https:\/\/tiflonova.hr\/wp\/index.php?rest_route=\/wp\/v2\/pages\/167","targetHints":{"allow":["GET"]}}],"collection":[{"href":"https:\/\/tiflonova.hr\/wp\/index.php?rest_route=\/wp\/v2\/pages"}],"about":[{"href":"https:\/\/tiflonova.hr\/wp\/index.php?rest_route=\/wp\/v2\/types\/page"}],"author":[{"embeddable":true,"href":"https:\/\/tiflonova.hr\/wp\/index.php?rest_route=\/wp\/v2\/users\/1"}],"replies":[{"embeddable":true,"href":"https:\/\/tiflonova.hr\/wp\/index.php?rest_route=%2Fwp%2Fv2%2Fcomments&post=167"}],"version-history":[{"count":5,"href":"https:\/\/tiflonova.hr\/wp\/index.php?rest_route=\/wp\/v2\/pages\/167\/revisions"}],"predecessor-version":[{"id":214,"href":"https:\/\/tiflonova.hr\/wp\/index.php?rest_route=\/wp\/v2\/pages\/167\/revisions\/214"}],"up":[{"embeddable":true,"href":"https:\/\/tiflonova.hr\/wp\/index.php?rest_route=\/wp\/v2\/pages\/60"}],"wp:attachment":[{"href":"https:\/\/tiflonova.hr\/wp\/index.php?rest_route=%2Fwp%2Fv2%2Fmedia&parent=167"}],"curies":[{"name":"wp","href":"https:\/\/api.w.org\/{rel}","templated":true}]}}