{"id":160,"date":"2025-01-20T08:01:42","date_gmt":"2025-01-20T07:01:42","guid":{"rendered":"https:\/\/tiflonova.hr\/wp\/?page_id=160"},"modified":"2025-01-20T10:47:34","modified_gmt":"2025-01-20T09:47:34","slug":"odricanje-od-odgovornosti","status":"publish","type":"page","link":"https:\/\/tiflonova.hr\/wp\/?page_id=160","title":{"rendered":"Op\u0107i uvjeti"},"content":{"rendered":"<h2>Odgovornost za objavljene sadr\u017eaje<\/h2>\n<p>Tvrtka Tiflonova d.o.o. poduzet \u0107e razumne i odgovaraju\u0107e napore kako bi informacije na njezinim internetskim stranicama bile potpune i to\u010dne, ali ne odgovara u slu\u010daju njihove neto\u010dnosti ili nepotpunosti.<br \/>\nTiflonova d.o.o. ne odgovara za \u0161tetu ili povredu koja mo\u017ee biti rezultat kori\u0161tenja ili nemogu\u0107nosti kori\u0161tenja bilo kojeg dijela ove web-lokacije ili ne\u010deg \u0161to je na njoj objavljeno.<\/p>\n<p>Internetske stranice Tiflonova d.o.o. sadr\u017ee i informacije tre\u0107ih osoba i poveznice na druge internetske sadr\u017eaje. Tvrtka Tiflonova d.o.o. ne odgovara za sadr\u017eaje na vanjskim izvorima podataka do kojih mogu voditi poveznice s njezinih internetskih stranica, niti odgovara, niti upu\u0107uje na na\u010din i uvjete kori\u0161tenja tih sadr\u017eaja.<\/p>\n<h2>PRIKAZ PROIZVODA<\/h2>\n<p>Tvrtka Tiflonova d.o.o. zadr\u017eava pravo pogre\u0161ke u opisu i fotografiji, te reklamnom prikazu proizvoda.<\/p>\n<p>Svi podatci (Opisi, upute, fotografije, audio i video) vezani uz proizvod prezentirani su u dobroj namjeri!<br \/>\nTvrtka Tiflonova d.o.o. ne odgovara za eventualne pogre\u0161ke nastale u tim podatcima.<\/p>\n<p>Fotografije tiflotehni\u010dkog pomagala i ostalih proizvoda ilustrativne su prirode. Najve\u0107i broj slika i video prezentacija dobiven je od proizvo\u0111a\u010da ili preuzet s njegove slu\u017ebene stranice, a tek je manji dio napravljen u vlastitoj re\u017eiji.<\/p>\n<p>Tiflonova d.o.o. ne mo\u017ee jam\u010diti da \u0107e najnoviji proizvod u svim pojedinostima biti identi\u010dan proizvodu prikazanom na slici.<\/p>\n<h2>Za\u0161tita autorskog prava<\/h2>\n<p>Svi sadr\u017eaji objavljeni na internetskoj stranici Tiflonova d.o.o. za\u0161ti\u0107eni su autorskim pravom i mogu se koristiti samo pod uvjetima propisanim Zakonom. Sadr\u017eaj nije dozvoljeno tiskati, kopirati ili objavljivati bez pisanog odobrenja tvrtke Tiflonova d.o.o.<\/p>\n<h2>Promjene<\/h2>\n<p>Tvrtka Tiflonova zadr\u017eava pravo izmjene, dopune ili uklanjanja bilo kojeg dijela internetske stranice Tiflonova d.o.o. sa ili bez prethodne najave. Promjene stupaju na snagu njihovim objavljivanjem ili kada su kupci o njima obavije\u0161teni.<\/p>\n","protected":false},"excerpt":{"rendered":"<p>Odgovornost za objavljene sadr\u017eaje Tvrtka Tiflonova d.o.o. poduzet \u0107e razumne i odgovaraju\u0107e napore kako bi informacije na njezinim internetskim stranicama bile potpune i to\u010dne, ali ne odgovara u slu\u010daju njihove neto\u010dnosti ili nepotpunosti. Tiflonova d.o.o. ne odgovara za \u0161tetu ili &hellip; <a href=\"https:\/\/tiflonova.hr\/wp\/?page_id=160\">Nastavi \u010ditati <span class=\"meta-nav\">&rarr;<\/span><\/a><\/p>\n","protected":false},"author":1,"featured_media":0,"parent":60,"menu_order":0,"comment_status":"closed","ping_status":"closed","template":"","meta":{"footnotes":""},"class_list":["post-160","page","type-page","status-publish","hentry"],"_links":{"self":[{"href":"https:\/\/tiflonova.hr\/wp\/index.php?rest_route=\/wp\/v2\/pages\/160","targetHints":{"allow":["GET"]}}],"collection":[{"href":"https:\/\/tiflonova.hr\/wp\/index.php?rest_route=\/wp\/v2\/pages"}],"about":[{"href":"https:\/\/tiflonova.hr\/wp\/index.php?rest_route=\/wp\/v2\/types\/page"}],"author":[{"embeddable":true,"href":"https:\/\/tiflonova.hr\/wp\/index.php?rest_route=\/wp\/v2\/users\/1"}],"replies":[{"embeddable":true,"href":"https:\/\/tiflonova.hr\/wp\/index.php?rest_route=%2Fwp%2Fv2%2Fcomments&post=160"}],"version-history":[{"count":3,"href":"https:\/\/tiflonova.hr\/wp\/index.php?rest_route=\/wp\/v2\/pages\/160\/revisions"}],"predecessor-version":[{"id":171,"href":"https:\/\/tiflonova.hr\/wp\/index.php?rest_route=\/wp\/v2\/pages\/160\/revisions\/171"}],"up":[{"embeddable":true,"href":"https:\/\/tiflonova.hr\/wp\/index.php?rest_route=\/wp\/v2\/pages\/60"}],"wp:attachment":[{"href":"https:\/\/tiflonova.hr\/wp\/index.php?rest_route=%2Fwp%2Fv2%2Fmedia&parent=160"}],"curies":[{"name":"wp","href":"https:\/\/api.w.org\/{rel}","templated":true}]}}