{"id":154,"date":"2025-01-16T14:25:39","date_gmt":"2025-01-16T13:25:39","guid":{"rendered":"https:\/\/tiflonova.hr\/wp\/?page_id=154"},"modified":"2025-01-16T14:25:39","modified_gmt":"2025-01-16T13:25:39","slug":"dostava","status":"publish","type":"page","link":"https:\/\/tiflonova.hr\/wp\/?page_id=154","title":{"rendered":"Dostava"},"content":{"rendered":"<p>Ne trebate brinuti o preno\u0161enju na\u0161ih proizvoda jer \u0107emo vam ih dostaviti u va\u0161 dom, na va\u0161 lokalni po\u0161tanski ured ili na odabrani paketomat kojeg sami odaberete.<\/p>\n<p>Trudimo se isporu\u010diti proizvode \u0161to je prije mogu\u0107e!<\/p>\n<p>Ako proizvod imamo na zalihi, uobi\u010dajeni rok dostave je do 9 radnih dana, osim ako na varijanti proizvoda koji ste odabrali nije pisalo druga\u010dije. U tom \u0107e slu\u010daju dostava ovisiti o najduljem vremenu dostave proizvoda koji se nalazi u ko\u0161arici. O datumu isporuke proizvoda koje trenutno nemamo na zalihi, obavijestit \u0107emo Vas povratnim pozivom putem elektroni\u010dke po\u0161te ili telefona. Mogu\u0107e je da svoju narud\u017ebu zaprimite u vi\u0161e navrata i u vi\u0161e po\u0161iljki. Rok isporuke po\u010dinje te\u0107i po zaprimanju uplate.<\/p>\n<p><strong>Iznimke<\/strong><br \/>\nZa tiflotehni\u010dka pomagala i medicinske proizvode mogu\u0107e je produljenje uobi\u010dajenog roka dostave. Molimo vas za strpljenje, kontaktirat \u0107emo Vas \u010dim proizvodi budu spremni za dostavu.<\/p>\n<p><strong>Na\u010dini dostave<\/strong><br \/>\nProizvode dostavlja Hrvatska po\u0161ta ili dostavna slu\u017eba HP Paket24.<\/p>\n<p>Hrvatska po\u0161ta mo\u017ee dostaviti paket na najbli\u017ei HP paketomat s obzirom na navedenu adresu ili na HP paketomat kojeg sami odredite. Prona\u0111ite HP paketomat <a href=\"https:\/\/www.posta.hr\/pronadite-paketomat\/8812\">Hrvatska po\u0161ta &#8211; Prona\u0111ite paketomat<\/a><\/p>\n<p>Paket mo\u017eete pratiti na poveznici <a title=\"HP tracking\" href=\"https:\/\/posiljka.posta.hr\/\"> Hrvatska Po\u0161ta &#8211; Tracking<\/a><\/p>\n<p>Kupac paket prima isporu\u010den na adresu u skladu s pravilima dostavne slu\u017ebe ili po\u0161tanske slu\u017ebe.<\/p>\n<p><strong>Ponovno slanje<\/strong><br \/>\nRok za preuzimanje paketa je 5 dana. Ako u tom vremenu ne preuzmete paket, paket \u0107e biti vra\u0107en nazad i po\u0161iljka se stornira. Ponovno slanje paketa bit \u0107e napla\u0107eno prema va\u017ee\u0107em cjeniku.<\/p>\n<p><strong>TRO\u0160KOVI DOSTAVE<\/strong><br \/>\nTro\u0161kovi dostave vidljivi su u ko\u0161arici prije nego \u0161to zaklju\u010dite narud\u017ebu i na ponudi\/predra\u010dunu. Uz cijenu proizvoda u koju je uklju\u010den PDV, istaknuti su tro\u0161kovi dostave koji se sastoje od tro\u0161kova po\u0161tarine za svaki proizvod (koja ovisi o masi proizvoda iz narud\u017ebe) i tro\u0161ka pla\u0107anja pouze\u0107em (pla\u0107anje pri preuzimanju proizvoda) koji iznosi dodatnih 1,19 \u20ac.<\/p>\n<p><strong>Dostava u inozemstvo<\/strong><br \/>\nKupljene proizvode u inozemstvo dostavlja Hrvatska po\u0161ta d. d.<\/p>\n<p>Cijena dostave u inozemstvo obra\u010dunava se po aktualnom cjeniku poduze\u0107a <a href=\"https:\/\/www.posta.hr\">Hrvatska po\u0161ta d.d.<\/a><\/p>\n","protected":false},"excerpt":{"rendered":"<p>Ne trebate brinuti o preno\u0161enju na\u0161ih proizvoda jer \u0107emo vam ih dostaviti u va\u0161 dom, na va\u0161 lokalni po\u0161tanski ured ili na odabrani paketomat kojeg sami odaberete. Trudimo se isporu\u010diti proizvode \u0161to je prije mogu\u0107e! Ako proizvod imamo na zalihi, &hellip; <a href=\"https:\/\/tiflonova.hr\/wp\/?page_id=154\">Nastavi \u010ditati <span class=\"meta-nav\">&rarr;<\/span><\/a><\/p>\n","protected":false},"author":1,"featured_media":0,"parent":60,"menu_order":0,"comment_status":"closed","ping_status":"closed","template":"","meta":{"footnotes":""},"class_list":["post-154","page","type-page","status-publish","hentry"],"_links":{"self":[{"href":"https:\/\/tiflonova.hr\/wp\/index.php?rest_route=\/wp\/v2\/pages\/154","targetHints":{"allow":["GET"]}}],"collection":[{"href":"https:\/\/tiflonova.hr\/wp\/index.php?rest_route=\/wp\/v2\/pages"}],"about":[{"href":"https:\/\/tiflonova.hr\/wp\/index.php?rest_route=\/wp\/v2\/types\/page"}],"author":[{"embeddable":true,"href":"https:\/\/tiflonova.hr\/wp\/index.php?rest_route=\/wp\/v2\/users\/1"}],"replies":[{"embeddable":true,"href":"https:\/\/tiflonova.hr\/wp\/index.php?rest_route=%2Fwp%2Fv2%2Fcomments&post=154"}],"version-history":[{"count":1,"href":"https:\/\/tiflonova.hr\/wp\/index.php?rest_route=\/wp\/v2\/pages\/154\/revisions"}],"predecessor-version":[{"id":155,"href":"https:\/\/tiflonova.hr\/wp\/index.php?rest_route=\/wp\/v2\/pages\/154\/revisions\/155"}],"up":[{"embeddable":true,"href":"https:\/\/tiflonova.hr\/wp\/index.php?rest_route=\/wp\/v2\/pages\/60"}],"wp:attachment":[{"href":"https:\/\/tiflonova.hr\/wp\/index.php?rest_route=%2Fwp%2Fv2%2Fmedia&parent=154"}],"curies":[{"name":"wp","href":"https:\/\/api.w.org\/{rel}","templated":true}]}}