{"id":150,"date":"2025-01-16T11:33:15","date_gmt":"2025-01-16T10:33:15","guid":{"rendered":"https:\/\/tiflonova.hr\/wp\/?page_id=150"},"modified":"2025-01-16T11:33:15","modified_gmt":"2025-01-16T10:33:15","slug":"uvjeti-koristenja","status":"publish","type":"page","link":"https:\/\/tiflonova.hr\/wp\/?page_id=150","title":{"rendered":"Uvjeti kori\u0161tenja"},"content":{"rendered":"<h2>Sloboda izbora je u va\u0161im rukama<\/h2>\n<p>Osobne podatke koje proslijedite tvrtki Tiflonova d.o.o. sa sjedi\u0161tem u \u010cakovcu, Kalni\u010dka 37, OIB: 57181434917 nadziru se i \u010duvaju sukladno va\u017ee\u0107oj Op\u0107oj uredbi o za\u0161titi osobnih podataka 2016\/679 Europskog parlamenta i Vije\u0107a. Ako nam date izri\u010diti pristanak za kori\u0161tenje va\u0161ih osobnih podataka putem privola, va\u0161i podaci bit \u0107e pohranjeni i kontinuirano kori\u0161teni u navedene svrhe (npr. slanje e-obavijesti o novim proizvodima), pismena po\u0161ta (npr. slanje tiskanih kataloga\/letaka), telefonski poziv (npr. za istra\u017eivanje zadovoljstvom usluge), e-mail (npr. povodom posebne ponude), tj. putem komunikacijskog kanala kojeg ste prihvatili.<\/p>\n<p>\u0160to su privole i kako obra\u0111ujemo va\u0161e podatke detaljno mo\u017eete prona\u0107i u dijelu <a href=\"https:\/\/tiflonova.hr\/wp\/?page_id=3#content\">Pravila privatnosti.<\/a><\/p>\n<p>Va\u0161e podatke mo\u017eemo upotrijebiti prilikom stvaranja i odr\u017eavanja korisni\u010dkog profila, kojim bismo vam \u017eeljeli osigurati individualno primanje reklama i promocija.<\/p>\n<p>Osobne podatke koje dajete tvrtki Tiflonova d.o.o. kontrolirate sami.<\/p>\n<p>Osobe koje se \u017eele odjaviti od primanja na\u0161eg e-newslettera i ostalih obavijesti, odnosno povu\u0107i svoju privolu, mogu to uvijek u\u010diniti zahtjevom na <a href=\"mailto:info@tiflonova.hr\">info@tiflonova.hr<\/a> ili klikom na poveznicu za odjavu koja se nalazi u svim na\u0161im e-obavijestima i ostalim materijalima koje vam \u0161aljemo e-mailom.<\/p>\n<p>Ako promijenite osobne podatke (mjesto stanovanja, adresu elektroni\u010dke po\u0161te, telefonski broj), a \u017eelite i dalje primati obavijesti, molimo vas da nas o tome obavijestite na <a href=\"mailto:info@tiflonova.hr\">info@tiflonova.hr.<\/a><\/p>\n<h2>AUTOMATSKO BILJE\u017dENJE PODATAKA (NEOSOBNI PODACI)<\/h2>\n<p>Kad pristupite internetskim stranicama Tiflonova d.o.o., op\u0107e, neosobne informacije (upotreba internetskog preglednika, broj posjeta, prosje\u010dno vrijeme posjeta, posje\u0107ene stranice) automatski se bilje\u017ee (ne kao dio prijave). Ove informacije koristimo za mjerenje privla\u010dnosti na\u0161e internetske stranice i pobolj\u0161avanje njenih sadr\u017eaja i funkcionalnosti. Va\u0161i podaci nisu predmet daljnje obrade niti se proslje\u0111uju tre\u0107oj strani.<\/p>\n<h2>KOLA\u010cI\u0106I<\/h2>\n<p>&quot;Kola\u010di\u0107i&quot; nevidljivi su dokumenti koji se privremeno spremaju na va\u0161em tvrdom disku i na\u0161oj stranici, a omogu\u0107avaju prepoznavanje va\u0161eg ra\u010dunala kad sljede\u0107i put posjetite na\u0161e stranice. &quot;Kola\u010di\u0107e&quot; upotrebljavamo samo za prikupljanje informacija koje se ti\u010du upotrebe na\u0161e internetske stranice. Pojedinosti mo\u017eete prona\u0107i <a href=\"https:\/\/tiflonova.hr\/wp\/?page_id=95#content\">ovdje.<\/a><\/p>\n<h2>SIGURNOST<\/h2>\n<p>Tiflonova d.o.o. iznimno pazi na sigurnost osobnih podataka. Va\u0161i osobni podaci za\u0161ti\u0107eni su od gubitka, uni\u0161tenja, krivotvorenja, manipulacije i neautoriziranog pristupa ili neautoriziranog otkrivanja.<\/p>\n<h2>MALOLJETNICI<\/h2>\n<p>Tiflonova d.o.o. preporu\u010duje svim roditeljima i skrbnicima da svoju djecu nau\u010de sigurnom i odgovornom pona\u0161anju s osobnim podacima na Internetu. Maloljetnici ne bi smjeli ostavljati nikakve osobne podatke na internetskoj stranici Tiflonova d.o.o. bez dozvole roditelja ili skrbnika. Tiflonova d.o.o. nikada ne\u0107e svjesno prikupiti osobne podatke od maloljetnika ili ih na ikoji na\u010din koristiti ili proslijediti tre\u0107oj strani bez njihove dozvole.<\/p>\n<h2>POVEZNICE (LINKOVI) NA DRUGE INTERNETSKE STRANICE<\/h2>\n<p>Izjava o \u010duvanju osobnih podataka odnosi se na tvrtku Tiflonova d.o.o. Na\u0161a internetska stranica mo\u017ee sadr\u017eavati poveznice prema dobavlja\u010dima, izvan tvrtke Tiflonova d.o.o., na koje se ne odnosi na\u0161a izjava o \u010duvanju osobnih podataka. Kada napu\u0161tate internetsku stranicu Tiflonova d.o.o., ponovo pro\u010ditajte izjavu o \u010duvanju osobnih podataka svake internetske stranice koja prikuplja osobne identifikacijske podatke.<\/p>\n<h2>PRAVO NA INFORMACIJU &#8211; SLU\u017dBENIK ZA ZA\u0160TITU OSOBNIH PODATAKA (GDPR)<\/h2>\n<p>Ako imate bilo kakvih pitanja u vezi na\u0161e politike \u010duvanja osobnih podataka ili obrade va\u0161ih podataka, slobodno se obratite na\u0161em Slu\u017ebeniku za za\u0161titu osobnih podataka na e-mail: <a href=\"mailto:info@tiflonova.hr\">info@tiflonova.hr.<\/a><\/p>\n<h2>ALTERNATIVNO RJE\u0160AVANJE POTRO\u0160A\u010cKIH SPOROVA (ARPS)<\/h2>\n<p>Od 15. velja\u010de 2016. godine diljem cijele Europske unije sporove vezane uz online kupnju imate pravo i mogu\u0107nost rije\u0161iti u svega nekoliko klikova na ovim stranicama.<br \/>\nEuropska komisija je za takvo rje\u0161avanje sporova osmislila platformu koja je dostupna svim gra\u0111anima Europske unije. Platforma je namijenjena za alternativno (izvansudsko) rje\u0161avanje doma\u0107ih i prekograni\u010dnih sporova koji proizlaze iz ugovora o prodaji ili ugovora o uslugama izme\u0111u trgovaca sa sjedi\u0161tem u Republici Hrvatskoj i potro\u0161a\u010da s prebivali\u0161tem u Europskoj uniji (u daljnjem tekstu: EU) u postupku pred tijelima za alternativno rje\u0161avanje potro\u0161a\u010dkih sporova (u daljnjem tekstu: tijelima za ARPS) koja su ovla\u0161tena provesti mirenje, donijeti neobvezuju\u0107u ili obvezuju\u0107u odluku o sporu.<\/p>\n<p>Kada potro\u0161a\u010di i trgovci podnesu prigovor, tijela za rje\u0161avanje sporova djelovat \u0107e kao posrednici izme\u0111u dviju strana u cilju rje\u0161avanja problema. Nakon \u0161to se postigne dogovor o tome tko \u0107e spor rije\u0161iti, platforma automatski proslje\u0111uje spor tom tijelu koje je du\u017eno u roku od 90 dana rije\u0161iti spor u potpunosti preko Interneta.<\/p>\n<p>Internetska platforma za online alternativno rje\u0161avanje sporova od 15. velja\u010de 2016. godine kao i svim gra\u0111anima Europske unije dostupna vam je <a href=\"https:\/\/ec.europa.eu\/consumers\/odr\/main\/index.cfm?event=main.home.chooseLanguag\">ovdje.<\/a><\/p>\n<h2>Ostale odredbe<\/h2>\n<p>Informacije na internetskoj stranici informativnog su karaktera i nisu zamjena za konzultacije s lije\u010dnikom kod proizvoda za koje je to potrebno. O upotrebi na\u0161ih savjeta i preporuka, u skladu s va\u0161im zdravstvenim stanjem, konzultirajte se sa svojim lije\u010dnikom.<\/p>\n<p>Potrebno vam je vi\u0161e informacija? Kontaktirajte nas, kliknite <a href=\"https:\/\/tiflonova.hr\/wp\/?page_id=59#content\">ovdje.<\/a><\/p>\n","protected":false},"excerpt":{"rendered":"<p>Sloboda izbora je u va\u0161im rukama Osobne podatke koje proslijedite tvrtki Tiflonova d.o.o. sa sjedi\u0161tem u \u010cakovcu, Kalni\u010dka 37, OIB: 57181434917 nadziru se i \u010duvaju sukladno va\u017ee\u0107oj Op\u0107oj uredbi o za\u0161titi osobnih podataka 2016\/679 Europskog parlamenta i Vije\u0107a. Ako nam &hellip; <a href=\"https:\/\/tiflonova.hr\/wp\/?page_id=150\">Nastavi \u010ditati <span class=\"meta-nav\">&rarr;<\/span><\/a><\/p>\n","protected":false},"author":1,"featured_media":0,"parent":60,"menu_order":0,"comment_status":"closed","ping_status":"closed","template":"","meta":{"footnotes":""},"class_list":["post-150","page","type-page","status-publish","hentry"],"_links":{"self":[{"href":"https:\/\/tiflonova.hr\/wp\/index.php?rest_route=\/wp\/v2\/pages\/150","targetHints":{"allow":["GET"]}}],"collection":[{"href":"https:\/\/tiflonova.hr\/wp\/index.php?rest_route=\/wp\/v2\/pages"}],"about":[{"href":"https:\/\/tiflonova.hr\/wp\/index.php?rest_route=\/wp\/v2\/types\/page"}],"author":[{"embeddable":true,"href":"https:\/\/tiflonova.hr\/wp\/index.php?rest_route=\/wp\/v2\/users\/1"}],"replies":[{"embeddable":true,"href":"https:\/\/tiflonova.hr\/wp\/index.php?rest_route=%2Fwp%2Fv2%2Fcomments&post=150"}],"version-history":[{"count":1,"href":"https:\/\/tiflonova.hr\/wp\/index.php?rest_route=\/wp\/v2\/pages\/150\/revisions"}],"predecessor-version":[{"id":151,"href":"https:\/\/tiflonova.hr\/wp\/index.php?rest_route=\/wp\/v2\/pages\/150\/revisions\/151"}],"up":[{"embeddable":true,"href":"https:\/\/tiflonova.hr\/wp\/index.php?rest_route=\/wp\/v2\/pages\/60"}],"wp:attachment":[{"href":"https:\/\/tiflonova.hr\/wp\/index.php?rest_route=%2Fwp%2Fv2%2Fmedia&parent=150"}],"curies":[{"name":"wp","href":"https:\/\/api.w.org\/{rel}","templated":true}]}}